{"id":501,"date":"2015-10-26T22:55:20","date_gmt":"2015-10-27T02:55:20","guid":{"rendered":"https:\/\/humanidades.uprrp.edu\/magac\/?page_id=501"},"modified":"2024-09-25T14:45:12","modified_gmt":"2024-09-25T18:45:12","slug":"asistencia-economica","status":"publish","type":"page","link":"https:\/\/humanidades.uprrp.edu\/magac\/?page_id=501","title":{"rendered":"Asistencia econ\u00f3mica"},"content":{"rendered":"\n<p>Existen&nbsp;&nbsp;varias opciones&nbsp;de asistencia econ\u00f3mica para estudiantes graduados. Recomendamos que visiten las p\u00e1ginas electr\u00f3nicas de la&nbsp;<a href=\"http:\/\/estudiantes.uprrp.edu\/economica\/graduados.php\" target=\"_blank\" rel=\"noreferrer noopener\">Oficina de Asistencia Econ\u00f3mica del Decanato de Estudiantes<\/a>&nbsp;y la del&nbsp;<a href=\"http:\/\/graduados.uprrp.edu\" target=\"_blank\" rel=\"noreferrer noopener\">Decanato de Estudios Graduados e Investigaci\u00f3n<\/a>&nbsp;(DEGI) para informaci\u00f3n m\u00e1s detallada.<\/p>\n\n\n\n<p><strong>Oficina de Asistencia econ\u00f3mica<br><\/strong>Se requiere completar los siguientes formularios para solicitar ayudas econ\u00f3micas:<\/p>\n\n\n\n<ul class=\"wp-block-list\">\n<li>El formulario FAFSA (Free Application Student Aid) que se utiliza para solicitar la ayuda econ\u00f3mica federal que se conoce como Beca PELL. Este formulario debe ser incluido en cada solicitud o entrega en la Oficina de Asistencia Econ\u00f3mica.<\/li>\n\n\n\n<li>El formulario conocido como Solicitud Uniforme de Asistencia Econ\u00f3mica (SUAE).<\/li>\n\n\n\n<li>El formulario de solicitud de pr\u00e9stamo, el cual se puede obtener en la Oficina de Asistencia Econ\u00f3mica.<\/li>\n<\/ul>\n\n\n\n<p>Las solicitudes de ayuda econ\u00f3mica se deben entregar en la Oficina de Asistencia Econ\u00f3mica localizada en el segundo piso de Plaza Universitaria, ave. Ponce de Le\u00f3n. Los estudiantes tienen 15 d\u00edas laborables despu\u00e9s de ser admitidos para entregar la solicitud con los documentos requeridos.<\/p>\n\n\n\n<p>Tipos de ayudas administradas por el Decanato de Estudiantes (Oficina de Asistencia Econ\u00f3mica):<\/p>\n\n\n\n<ul class=\"wp-block-list\">\n<li>Becas con fondos estatales<\/li>\n\n\n\n<li>Programa federal de estudio y trabajo (FWSP)<\/li>\n\n\n\n<li>Pr\u00e9stamos del gobierno federal<\/li>\n\n\n\n<li>Pr\u00e9stamos de emergencia<\/li>\n<\/ul>\n\n\n\n<p><strong>Decanato de Estudios Graduados e Investigaci\u00f3n (DEGI)<br><\/strong>Cada&nbsp;beca&nbsp;tiene requisitos de elegibilidad y fechas l\u00edmite diferentes. Las convocatorias se emiten desde el Decanato de Estudios Graduados e Investigaci\u00f3n.&nbsp;&nbsp;El estudiante debe consultar con este Decanato las fechas y requisitos de cada beca:&nbsp;&nbsp;<a href=\"http:\/\/graduados.uprrp.edu\/\">http:\/\/graduados.uprrp.edu<\/a><\/p>\n\n\n\n<p><strong>Programa de Experiencias Acad\u00e9micas Formativas (PEAF)<br><\/strong>Este programa provee para que los estudiantes graduados puedan desempe\u00f1arse como asistentes graduados en&nbsp;Ayudant\u00edas de C\u00e1tedra e Investigaci\u00f3n.&nbsp;La tarea regular de trabajo de los participantes es de 18 horas semanales. Adem\u00e1s de devengar un estipendio, est\u00e1n exentos del pago de derechos de matr\u00edcula (pero no as\u00ed del pago de cuotas especiales). Para participar en el PEAF, el\/la estudiante debe llevar una carga acad\u00e9mica regular (9 cr\u00e9ditos) desde el semestre anterior al inicio de la experiencia, mantener un \u00edndice acad\u00e9mico de 3.0 \u00f3 m\u00e1s y cumplir plenamente con los requisitos del Programa.<\/p>\n\n\n\n<p><strong>Para informaci\u00f3n sobre otras becas ofrecidas por el DEGI visite el siguiente enlace:<\/strong><\/p>\n\n\n\n<figure class=\"wp-block-embed is-type-wp-embed is-provider-decanato-de-estudios-graduados-e-investigacion wp-block-embed-decanato-de-estudios-graduados-e-investigacion\"><div class=\"wp-block-embed__wrapper\">\nhttps:\/\/graduados.uprrp.edu\/estudiantiles\/becas-y-ayudantias\/\n<\/div><\/figure>\n\n\n\n<h2 class=\"wp-block-heading\"><em>Beca Mellon-Magac<\/em><\/h2>\n\n\n\n<p>La beca Mellon-MAGAC fue creada gracias a una subvenci\u00f3n de cinco a\u00f1os recibida de la Mellon Foundation. La misma cubre los costos de matr\u00edcula a la maestr\u00eda y ofrece un estipendio mensual de $1,500 a lxs becarixs por 18 horas de trabajo semanal como ayudantes de investigaci\u00f3n. Las primeras siete becas fueron otorgadas durante el a\u00f1o acad\u00e9mico 2023-2024. La selecci\u00f3n se hace mediante convocatoria, la cual circula a inicios del segundo semestre de cada a\u00f1o acad\u00e9mico.<\/p>\n","protected":false},"excerpt":{"rendered":"<p>Existen&nbsp;&nbsp;varias opciones&nbsp;de asistencia econ\u00f3mica para estudiantes graduados. Recomendamos que visiten las p\u00e1ginas electr\u00f3nicas de la&nbsp;Oficina de Asistencia Econ\u00f3mica del Decanato de Estudiantes&nbsp;y la del&nbsp;Decanato de Estudios Graduados e Investigaci\u00f3n&nbsp;(DEGI) para informaci\u00f3n m\u00e1s detallada. Oficina de Asistencia econ\u00f3micaSe requiere completar los siguientes formularios para solicitar ayudas econ\u00f3micas: Las solicitudes de ayuda &#8230;<\/p>\n","protected":false},"author":3,"featured_media":0,"parent":0,"menu_order":0,"comment_status":"closed","ping_status":"closed","template":"","meta":{"footnotes":""},"class_list":["post-501","page","type-page","status-publish","hentry","column","twocol"],"_links":{"self":[{"href":"https:\/\/humanidades.uprrp.edu\/magac\/index.php?rest_route=\/wp\/v2\/pages\/501","targetHints":{"allow":["GET"]}}],"collection":[{"href":"https:\/\/humanidades.uprrp.edu\/magac\/index.php?rest_route=\/wp\/v2\/pages"}],"about":[{"href":"https:\/\/humanidades.uprrp.edu\/magac\/index.php?rest_route=\/wp\/v2\/types\/page"}],"author":[{"embeddable":true,"href":"https:\/\/humanidades.uprrp.edu\/magac\/index.php?rest_route=\/wp\/v2\/users\/3"}],"replies":[{"embeddable":true,"href":"https:\/\/humanidades.uprrp.edu\/magac\/index.php?rest_route=%2Fwp%2Fv2%2Fcomments&post=501"}],"version-history":[{"count":6,"href":"https:\/\/humanidades.uprrp.edu\/magac\/index.php?rest_route=\/wp\/v2\/pages\/501\/revisions"}],"predecessor-version":[{"id":1868,"href":"https:\/\/humanidades.uprrp.edu\/magac\/index.php?rest_route=\/wp\/v2\/pages\/501\/revisions\/1868"}],"wp:attachment":[{"href":"https:\/\/humanidades.uprrp.edu\/magac\/index.php?rest_route=%2Fwp%2Fv2%2Fmedia&parent=501"}],"curies":[{"name":"wp","href":"https:\/\/api.w.org\/{rel}","templated":true}]}}