{"id":332,"date":"2015-04-07T09:50:24","date_gmt":"2015-04-07T13:50:24","guid":{"rendered":"https:\/\/humanidades.uprrp.edu\/magac\/?page_id=332"},"modified":"2023-09-18T09:09:06","modified_gmt":"2023-09-18T13:09:06","slug":"admision","status":"publish","type":"page","link":"https:\/\/humanidades.uprrp.edu\/magac\/?page_id=332","title":{"rendered":"Admisiones"},"content":{"rendered":"\n<p>Los requisitos de ingreso a los programas graduados de la Facultad de Humanidades son los siguientes:<\/p>\n\n\n\n<ul class=\"wp-block-list\">\n<li>Grado de bachillerato o su equivalente.<\/li>\n\n\n\n<li>\u00cdndice acad\u00e9mico m\u00ednimo de 3.00 (en un sistema de 4.00 puntos) en el expediente acad\u00e9mico general y en el de especialidad. En casos excepcionales, el Programa podr\u00e1 admitir estudiantes con \u00edndice menor de 3.00.<\/li>\n\n\n\n<li>Conocimiento del espa\u00f1ol y del ingl\u00e9s.<\/li>\n<\/ul>\n\n\n\n<p><strong>Proceso de admisi\u00f3n<\/strong><br>Todas las solicitudes de admisi\u00f3n a MAGAC se har\u00e1n a trav\u00e9s de la plataforma \u201cNext\u201d. Los formularios y las instrucciones para completar la solicitud electr\u00f3nica, as\u00ed como el calendario de admisiones graduadas, se encuentran en:&nbsp;<a href=\"http:\/\/graduados.uprrp.edu\/admisiones\"><strong>http:\/\/graduados.uprrp.edu\/admisiones<\/strong><\/a><\/p>\n\n\n\n<p><strong>Requisitos<br><\/strong>En la solicitud electr\u00f3nica, que incluye sus datos personales, acad\u00e9micos y profesionales, los\/as solicitantes deber\u00e1n asegurarse de incluir los siguientes documentos:<\/p>\n\n\n\n<ul class=\"wp-block-list\">\n<li>Un ensayo de intenci\u00f3n (500 palabras) en el que exponga su inter\u00e9s de cursar estudios de Maestr\u00eda en Gesti\u00f3n y Administraci\u00f3n Cultural, as\u00ed como sus planes acad\u00e9micos y\/o profesionales a largo plazo.<\/li>\n\n\n\n<li>Dos cartas de recomendaci\u00f3n de docentes o de profesionales que puedan proveer informaci\u00f3n sobre el desempe\u00f1o acad\u00e9mico, cualidades intelectuales y otros atributos que faculten al solicitante para los estudios graduados. Al menos una de las cartas debe ser de un\/a ex profesor\/a y dar cuenta del potencial acad\u00e9mico del\/de la estudiante. Al momento de llenar la solicitud, el\/la solicitante debe proveer los correos electr\u00f3nicos de las personas que enviar\u00e1n la recomendaci\u00f3n. \u00c9stos recibir\u00e1n al correo electr\u00f3nico provisto el formulario para someter la recomendaci\u00f3n. Las cartas ser\u00e1n sometidas en l\u00ednea, a trav\u00e9s de \u201cNext\u201d. Es importante que quienes recomienden no se limiten a llenar el formulario requerido e incluyan una carta de recomendaci\u00f3n propiamente dicha.<\/li>\n\n\n\n<li>Dos transcripciones oficiales de cr\u00e9ditos de todos los estudios universitarios realizados hasta la fecha de la solicitud, acreditados por la m\u00e1xima autoridad de dichas instituciones. Al llenar la solicitud el\/la solicitante podr\u00e1 incluir copia de estudiante de su transcripci\u00f3n de cr\u00e9ditos. Sin embargo, es requisito recibir la copia oficial impresa, la cual debe ser enviada a la direcci\u00f3n del Decanato de Estudios Graduados e Investigaci\u00f3n a nombre de Mar\u00eda Castro: (<strong>18 Ave. Universidad Ste. 1801, San Juan PR 00925-2512<\/strong>).<\/li>\n\n\n\n<li><em>Curriculum vitae<\/em>, que incluya aquellas actividades acad\u00e9micas, profesionales o art\u00edsticas que constituyan experiencias relevantes como candidatos\/as a la Maestr\u00eda en Gesti\u00f3n y Administraci\u00f3n Cultural.<\/li>\n<\/ul>\n\n\n\n<p>* &nbsp;&nbsp;&nbsp;&nbsp;&nbsp; No se exige tomar ning\u00fan tipo de prueba de ingreso.<\/p>\n\n\n\n<p>De considerarlo necesario, el comit\u00e9 graduado de MAGAC podr\u00e1 llamar a entrevista a aquellos\/as candidatos\/as que cumplan con los requisitos de admisi\u00f3n a MAGAC.<\/p>\n\n\n\n<p>Es responsabilidad de los\/as solicitantes asegurarse de que los documentos lleguen a tiempo.<\/p>\n\n\n\n<p>El Comit\u00e9 Graduado o equivalente no evaluar\u00e1 ninguna solicitud incompleta.<\/p>\n\n\n\n<p>La fecha l\u00edmite para solicitar ingreso al Programa ser\u00e1 la establecida por el&nbsp;<a href=\"http:\/\/graduados.uprrp.edu\/index.php?option=com_content&amp;view=article&amp;id=106&amp;Itemid=361&amp;lang=es\">Decanato de Estudios Graduados e Investigaci\u00f3n del Recinto de R\u00edo Piedras<\/a>&nbsp;(DEGI).&nbsp;Recomendamos a los\/las solicitantes que visiten regularmente el portal electr\u00f3nico del DEGI para informarse sobre el calendario de admisiones, as\u00ed como de las oportunidades y servicios que la dependencia ofrece a los\/las estudiantes graduados.<\/p>\n","protected":false},"excerpt":{"rendered":"<p>Los requisitos de ingreso a los programas graduados de la Facultad de Humanidades son los siguientes: Proceso de admisi\u00f3nTodas las solicitudes de admisi\u00f3n a MAGAC se har\u00e1n a trav\u00e9s de la plataforma \u201cNext\u201d. Los formularios y las instrucciones para completar la solicitud electr\u00f3nica, as\u00ed como el calendario de admisiones graduadas, &#8230;<\/p>\n","protected":false},"author":3,"featured_media":0,"parent":0,"menu_order":0,"comment_status":"closed","ping_status":"closed","template":"","meta":{"footnotes":""},"class_list":["post-332","page","type-page","status-publish","hentry","column","twocol"],"_links":{"self":[{"href":"https:\/\/humanidades.uprrp.edu\/magac\/index.php?rest_route=\/wp\/v2\/pages\/332","targetHints":{"allow":["GET"]}}],"collection":[{"href":"https:\/\/humanidades.uprrp.edu\/magac\/index.php?rest_route=\/wp\/v2\/pages"}],"about":[{"href":"https:\/\/humanidades.uprrp.edu\/magac\/index.php?rest_route=\/wp\/v2\/types\/page"}],"author":[{"embeddable":true,"href":"https:\/\/humanidades.uprrp.edu\/magac\/index.php?rest_route=\/wp\/v2\/users\/3"}],"replies":[{"embeddable":true,"href":"https:\/\/humanidades.uprrp.edu\/magac\/index.php?rest_route=%2Fwp%2Fv2%2Fcomments&post=332"}],"version-history":[{"count":18,"href":"https:\/\/humanidades.uprrp.edu\/magac\/index.php?rest_route=\/wp\/v2\/pages\/332\/revisions"}],"predecessor-version":[{"id":1824,"href":"https:\/\/humanidades.uprrp.edu\/magac\/index.php?rest_route=\/wp\/v2\/pages\/332\/revisions\/1824"}],"wp:attachment":[{"href":"https:\/\/humanidades.uprrp.edu\/magac\/index.php?rest_route=%2Fwp%2Fv2%2Fmedia&parent=332"}],"curies":[{"name":"wp","href":"https:\/\/api.w.org\/{rel}","templated":true}]}}