{"id":285,"date":"2015-02-24T14:10:48","date_gmt":"2015-02-24T18:10:48","guid":{"rendered":"https:\/\/humanidades.uprrp.edu\/magac\/?page_id=285"},"modified":"2015-03-24T14:48:20","modified_gmt":"2015-03-24T18:48:20","slug":"estudiantes-3","status":"publish","type":"page","link":"https:\/\/humanidades.uprrp.edu\/magac\/?page_id=285","title":{"rendered":"Estudiantes"},"content":{"rendered":"<p><strong>Perfil del Estudiante de Nuevo Ingreso<\/strong><\/p>\n<p><strong>\u00a0<\/strong>El estudiante de nuevo ingreso a la Maestr\u00eda en gesti\u00f3n y administraci\u00f3n cultural deber\u00e1 demostrar:<\/p>\n<ul>\n<li>Inter\u00e9s en el quehacer cultural;<\/li>\n<li>Una noci\u00f3n de lo que abarca la gesti\u00f3n y la administraci\u00f3n cultural como campo profesional y acad\u00e9mico;<\/li>\n<li>Capacidad de visualizar su actuaci\u00f3n dentro del campo de la gesti\u00f3n y administraci\u00f3n cultural en el futuro y de especificar las \u00e1reas en las cuales le gustar\u00eda desempe\u00f1arse;<\/li>\n<li>Conocimiento del espa\u00f1ol y del ingl\u00e9s;<\/li>\n<li>Destrezas de redacci\u00f3n que le permitan expresar claramente sus ideas;<\/li>\n<li>Destrezas en el uso de computadoras;<\/li>\n<li>Un promedio m\u00ednimo de 3.0 en sus estudios de bachillerato;<\/li>\n<li>Experiencias acad\u00e9micas, profesionales o extra-curriculares que le hayan acercado al campo de la gesti\u00f3n y la administraci\u00f3n cultural;<\/li>\n<li>Disposici\u00f3n para el estudio te\u00f3rico de la cultura, la investigaci\u00f3n y la acci\u00f3n pr\u00e1ctica en el campo de la gesti\u00f3n y la administraci\u00f3n cultural.<\/li>\n<\/ul>\n<p><strong>\u00a0<\/strong><\/p>\n","protected":false},"excerpt":{"rendered":"<p>Perfil del Estudiante de Nuevo Ingreso \u00a0El estudiante de nuevo ingreso a la Maestr\u00eda en gesti\u00f3n y administraci\u00f3n cultural deber\u00e1 demostrar: Inter\u00e9s en el quehacer cultural; Una noci\u00f3n de lo que abarca la gesti\u00f3n y la administraci\u00f3n cultural como campo profesional y acad\u00e9mico; Capacidad de visualizar su actuaci\u00f3n dentro del &#8230;<\/p>\n","protected":false},"author":3,"featured_media":0,"parent":0,"menu_order":0,"comment_status":"closed","ping_status":"closed","template":"","meta":{"footnotes":""},"class_list":["post-285","page","type-page","status-publish","hentry","column","twocol"],"_links":{"self":[{"href":"https:\/\/humanidades.uprrp.edu\/magac\/index.php?rest_route=\/wp\/v2\/pages\/285","targetHints":{"allow":["GET"]}}],"collection":[{"href":"https:\/\/humanidades.uprrp.edu\/magac\/index.php?rest_route=\/wp\/v2\/pages"}],"about":[{"href":"https:\/\/humanidades.uprrp.edu\/magac\/index.php?rest_route=\/wp\/v2\/types\/page"}],"author":[{"embeddable":true,"href":"https:\/\/humanidades.uprrp.edu\/magac\/index.php?rest_route=\/wp\/v2\/users\/3"}],"replies":[{"embeddable":true,"href":"https:\/\/humanidades.uprrp.edu\/magac\/index.php?rest_route=%2Fwp%2Fv2%2Fcomments&post=285"}],"version-history":[{"count":2,"href":"https:\/\/humanidades.uprrp.edu\/magac\/index.php?rest_route=\/wp\/v2\/pages\/285\/revisions"}],"predecessor-version":[{"id":321,"href":"https:\/\/humanidades.uprrp.edu\/magac\/index.php?rest_route=\/wp\/v2\/pages\/285\/revisions\/321"}],"wp:attachment":[{"href":"https:\/\/humanidades.uprrp.edu\/magac\/index.php?rest_route=%2Fwp%2Fv2%2Fmedia&parent=285"}],"curies":[{"name":"wp","href":"https:\/\/api.w.org\/{rel}","templated":true}]}}