{"id":254,"date":"2015-02-24T13:35:30","date_gmt":"2015-02-24T17:35:30","guid":{"rendered":"https:\/\/humanidades.uprrp.edu\/magac\/?page_id=254"},"modified":"2024-09-25T14:42:43","modified_gmt":"2024-09-25T18:42:43","slug":"comite-graduado-3","status":"publish","type":"page","link":"https:\/\/humanidades.uprrp.edu\/magac\/?page_id=254","title":{"rendered":"Comit\u00e9 graduado"},"content":{"rendered":"<p><a href=\"https:\/\/humanidades.uprrp.edu\/magac\/?page_id=613\">Dra. Mareia Quintero Rivera<\/a><br \/>\n<a href=\"https:\/\/humanidades.uprrp.edu\/magac\/?page_id=606\">Dr. Dorian Lugo Bertr\u00e1n<\/a><br \/>\n<a href=\"https:\/\/humanidades.uprrp.edu\/magac\/?page_id=609\">Dr. Pedro Reina P\u00e9rez<\/a><br \/>\n<a href=\"https:\/\/humanidades.uprrp.edu\/magac\/?page_id=1855\">Dra. Natasha Sagard\u00eda Beltr\u00e1n<\/a><\/p>\n","protected":false},"excerpt":{"rendered":"<p>Dra. Mareia Quintero Rivera Dr. Dorian Lugo Bertr\u00e1n Dr. Pedro Reina P\u00e9rez Dra. Natasha Sagard\u00eda Beltr\u00e1n<\/p>\n","protected":false},"author":3,"featured_media":0,"parent":0,"menu_order":0,"comment_status":"closed","ping_status":"closed","template":"","meta":{"footnotes":""},"class_list":["post-254","page","type-page","status-publish","hentry","column","twocol"],"_links":{"self":[{"href":"https:\/\/humanidades.uprrp.edu\/magac\/index.php?rest_route=\/wp\/v2\/pages\/254","targetHints":{"allow":["GET"]}}],"collection":[{"href":"https:\/\/humanidades.uprrp.edu\/magac\/index.php?rest_route=\/wp\/v2\/pages"}],"about":[{"href":"https:\/\/humanidades.uprrp.edu\/magac\/index.php?rest_route=\/wp\/v2\/types\/page"}],"author":[{"embeddable":true,"href":"https:\/\/humanidades.uprrp.edu\/magac\/index.php?rest_route=\/wp\/v2\/users\/3"}],"replies":[{"embeddable":true,"href":"https:\/\/humanidades.uprrp.edu\/magac\/index.php?rest_route=%2Fwp%2Fv2%2Fcomments&post=254"}],"version-history":[{"count":13,"href":"https:\/\/humanidades.uprrp.edu\/magac\/index.php?rest_route=\/wp\/v2\/pages\/254\/revisions"}],"predecessor-version":[{"id":1866,"href":"https:\/\/humanidades.uprrp.edu\/magac\/index.php?rest_route=\/wp\/v2\/pages\/254\/revisions\/1866"}],"wp:attachment":[{"href":"https:\/\/humanidades.uprrp.edu\/magac\/index.php?rest_route=%2Fwp%2Fv2%2Fmedia&parent=254"}],"curies":[{"name":"wp","href":"https:\/\/api.w.org\/{rel}","templated":true}]}}