{"id":250,"date":"2015-02-24T13:34:55","date_gmt":"2015-02-24T17:34:55","guid":{"rendered":"https:\/\/humanidades.uprrp.edu\/magac\/?page_id=250"},"modified":"2018-12-04T12:20:29","modified_gmt":"2018-12-04T16:20:29","slug":"facultad-y-personal-2","status":"publish","type":"page","link":"https:\/\/humanidades.uprrp.edu\/magac\/?page_id=250","title":{"rendered":"Facultad y Personal"},"content":{"rendered":"<p><strong>Rector Interino de la UPR, Recinto de R\u00edo Piedras<\/strong><br \/>\nDr. Luis A. Ferrao<\/p>\n<p><strong>Decano de Estudios Graduados e Investigaci\u00f3n<\/strong><br \/>\nDr. Pedro Rodr\u00edguez Esquerdo<\/p>\n<p><strong>Decana Interina de la Facultad de Humanidades<\/strong><br \/>\n<a href=\"agnes.bosch@upr.edu\">Dra.\u00a0Agnes Bosch<\/a><\/p>\n<p><strong>Director del PREI\/ MAGAC<\/strong><br \/>\n<a href=\"dorianlugo1@upr.edu\">Dr. Dorian Lugo<\/a><\/p>\n<p><strong>Coordinador del MAGAC<\/strong><br \/>\n<a href=\"pedroqueen@upr.edu\">Dr. Pedro Reina<\/a><\/p>\n<p><strong>Asesor acad\u00e9mico del PREI<\/strong><br \/>\n<a href=\"conioplik@gmail.com\">Dr. Jorge Gonz\u00e1lez<\/a><\/p>\n<p><strong>Asesora acad\u00e9mica de MAGAC<\/strong><br \/>\n<a href=\"http:\/\/mareiaquintero@yahoo.com\" target=\"_blank\" rel=\"noopener\">Dra.\u00a0Mareia Quintero<\/a><\/p>\n<p><strong>Asistente administrativo<\/strong><br \/>\n<a href=\"http:\/\/magdaly.pastrana@upr.edu\" target=\"_blank\" rel=\"noopener\">Sra. Magdaly Pastrana<\/a><\/p>\n<p>&nbsp;<\/p>\n<p>&nbsp;<\/p>\n","protected":false},"excerpt":{"rendered":"<p>Rector Interino de la UPR, Recinto de R\u00edo Piedras Dr. Luis A. Ferrao Decano de Estudios Graduados e Investigaci\u00f3n Dr. Pedro Rodr\u00edguez Esquerdo Decana Interina de la Facultad de Humanidades Dra.\u00a0Agnes Bosch Director del PREI\/ MAGAC Dr. Dorian Lugo Coordinador del MAGAC Dr. Pedro Reina Asesor acad\u00e9mico del PREI Dr. &#8230;<\/p>\n","protected":false},"author":3,"featured_media":0,"parent":0,"menu_order":0,"comment_status":"closed","ping_status":"closed","template":"","meta":{"footnotes":""},"class_list":["post-250","page","type-page","status-publish","hentry","column","twocol"],"_links":{"self":[{"href":"https:\/\/humanidades.uprrp.edu\/magac\/index.php?rest_route=\/wp\/v2\/pages\/250","targetHints":{"allow":["GET"]}}],"collection":[{"href":"https:\/\/humanidades.uprrp.edu\/magac\/index.php?rest_route=\/wp\/v2\/pages"}],"about":[{"href":"https:\/\/humanidades.uprrp.edu\/magac\/index.php?rest_route=\/wp\/v2\/types\/page"}],"author":[{"embeddable":true,"href":"https:\/\/humanidades.uprrp.edu\/magac\/index.php?rest_route=\/wp\/v2\/users\/3"}],"replies":[{"embeddable":true,"href":"https:\/\/humanidades.uprrp.edu\/magac\/index.php?rest_route=%2Fwp%2Fv2%2Fcomments&post=250"}],"version-history":[{"count":21,"href":"https:\/\/humanidades.uprrp.edu\/magac\/index.php?rest_route=\/wp\/v2\/pages\/250\/revisions"}],"predecessor-version":[{"id":1631,"href":"https:\/\/humanidades.uprrp.edu\/magac\/index.php?rest_route=\/wp\/v2\/pages\/250\/revisions\/1631"}],"wp:attachment":[{"href":"https:\/\/humanidades.uprrp.edu\/magac\/index.php?rest_route=%2Fwp%2Fv2%2Fmedia&parent=250"}],"curies":[{"name":"wp","href":"https:\/\/api.w.org\/{rel}","templated":true}]}}