{"id":234,"date":"2015-02-24T13:26:46","date_gmt":"2015-02-24T17:26:46","guid":{"rendered":"https:\/\/humanidades.uprrp.edu\/magac\/?page_id=234"},"modified":"2023-02-21T14:40:27","modified_gmt":"2023-02-21T18:40:27","slug":"secuencia-curricular-2","status":"publish","type":"page","link":"https:\/\/humanidades.uprrp.edu\/magac\/?page_id=234","title":{"rendered":"Secuencia curricular"},"content":{"rendered":"<p>La siguiente es la secuencia curricular de jornada completa:<\/p>\n<p><strong>Primer a\u00f1o<\/strong><\/p>\n<ul>\n<li><strong>1er semestre (9 crs)<\/strong><strong><br \/>\n<\/strong>3 crs.\u00a0GECU 6005-Fundamentos de la gesti\u00f3n cultural<\/li>\n<\/ul>\n<p style=\"padding-left: 30px;\">3 crs. Administraci\u00f3n estrat\u00e9gica de organizaciones culturales<\/p>\n<p style=\"padding-left: 30px;\">3 crs. Electiva<\/p>\n<ul>\n<li><strong>2do semestre (9 crs.)<\/strong><br \/>\n3 crs.\u00a0GECU 6006- Teor\u00edas culturales<br \/>\n6 crs. Electivas<\/li>\n<\/ul>\n<p><strong>Segundo a\u00f1o<\/strong><\/p>\n<ul>\n<li><strong>1er semestre (9 crs.)<\/strong><br \/>\n6 crs. Electivas<br \/>\n3 crs.\u00a0GECU 6901 Propuesta en gesti\u00f3n y administraci\u00f3n cultural<\/li>\n<li><strong>2do semestre (3 crs.)<\/strong><br \/>\n3 crs. Internado<br \/>\n0 crs. GECU 6901-Proyecto de conclusi\u00f3n<\/li>\n<\/ul>\n<p>La amplitud de las electivas del programa permite a lxs estudiantes explorar una diversidad de campos y enfoques o bien profundizar en alg\u00fan \u00e1rea de sub-especialidad. Si bien estas \u00e1reas no conllevan una certificaci\u00f3n o t\u00edtulo, se incluye -a modo de orientaci\u00f3n- un listado de las mismas con los cursos que se han ofrecido hasta la fecha en el programa.<\/p>\n<p><strong>Posibles \u00e1reas de sub-especialidad con sus respectivos cursos sugeridos:<\/strong><\/p>\n<p>&nbsp;<\/p>\n<p><strong>Gesti\u00f3n de Artes Pl\u00e1sticas:<\/strong><\/p>\n<ul>\n<li>GECU 6105- Introducci\u00f3n a la Museolog\u00eda<\/li>\n<li>GECU 6001- Teor\u00eda y Cr\u00edtica del Arte Contempor\u00e1neo<\/li>\n<li>GECU 6993- Temas en Gesti\u00f3n de las Artes Visuales: Conservaci\u00f3n Sostenible del Legado Cultural Tangible e Intangible<\/li>\n<li>GECU 6993- Temas en Gesti\u00f3n de las Artes Visuales: Curadur\u00eda del Arte Contempor\u00e1neo<\/li>\n<li>GECU 6993- Temas en Gesti\u00f3n de las Artes Visuales: Pol\u00edticas de Administraci\u00f3n y Gesti\u00f3n de Colecciones Culturales<\/li>\n<li>GECU 6993- Temas en Gesti\u00f3n de las Artes Visuales: Tasaci\u00f3n de Arte y Bienes Culturales<\/li>\n<\/ul>\n<p><strong>Gesti\u00f3n de Artes Esc\u00e9nicas:<\/strong><\/p>\n<ul>\n<li>GECU 6115- Modos de Producci\u00f3n en las Artes Esc\u00e9nicas<\/li>\n<li>GECU 6997- Modos de Gesti\u00f3n en el Campo Musical<\/li>\n<li>GECU 1998- Temas en Estudios del Performance<\/li>\n<\/ul>\n<p><strong>Gesti\u00f3n de Informaci\u00f3n, Documentaci\u00f3n y Continuidad Digital<\/strong><\/p>\n<ul>\n<li>GECU 6405- Archivos en acci\u00f3n: mediaciones digitales y redes art\u00edsticas virtuales<\/li>\n<li>GECU 6985- Humanidades digitales: \u201cDesign Thinking\u201d (Pensamiento de Dise\u00f1o)<\/li>\n<li>GECU 6985- Humanidades digitales: Gesti\u00f3n de Proyectos Transmedi\u00e1ticos<\/li>\n<li>GECU 6985- Humanidades digitales: Procesamiento M\u00ednimo de Colecciones Especiales de Patrimonio Cultural<\/li>\n<\/ul>\n<p><strong>Gesti\u00f3n Audiovisual<\/strong><\/p>\n<ul>\n<li>GECU 6002- Teor\u00eda y cr\u00edtica cinematogr\u00e1fica<\/li>\n<li>GECU 6995- Temas en Gesti\u00f3n Cultural y Comunicaci\u00f3n: Producci\u00f3n radial<\/li>\n<li>GECU 6995- Temas en Gesti\u00f3n Cultural y Comunicaci\u00f3n: Producci\u00f3n de cortos y documentales<\/li>\n<li>GECU 6995- Temas en Gesti\u00f3n Cultural y Comunicaci\u00f3n: Producci\u00f3n de televisi\u00f3n y series web<\/li>\n<\/ul>\n<p><strong>Emprendimiento Cultural<\/strong><\/p>\n<ul>\n<li>GECU 6306- Emprendimiento Cultura<\/li>\n<li>GECU 6209- Econom\u00eda de la Cultura<\/li>\n<li>GECU 6007- Cooperativismo y Autogesti\u00f3n Cultural<\/li>\n<li>GECU 6994- Temas en Gesti\u00f3n de Proyectos Culturales: Recaudaci\u00f3n de Fondos<\/li>\n<li>GECU 6994- Temas en Gesti\u00f3n de Proyectos Culturales: Producci\u00f3n de Eventos Culturales<\/li>\n<li>GECU 6994- Temas en Gesti\u00f3n de Proyectos Culturales: Finanzas para Organizaciones Culturales<\/li>\n<li>MECR 6719- Mercadeo de las Artes y Otros Productos Culturales<\/li>\n<\/ul>\n<p>&nbsp;<\/p>\n<p><strong>Gesti\u00f3n cultural y agencia comunitaria<\/strong><\/p>\n<ul>\n<li>GECU 6305- Gesti\u00f3n Cultural y Desarrollo Comunitario<\/li>\n<li>GECU 6994- Temas en Gesti\u00f3n de Proyectos Culturales: Feminismo Comunitario<\/li>\n<li>GECU 6994- Temas en Gesti\u00f3n de Proyectos Culturales: Gesti\u00f3n Cultural y Educaci\u00f3n<\/li>\n<li>GECU 6007- Cooperativismo y Autogesti\u00f3n Cultural<\/li>\n<\/ul>\n<p><strong>Estudios Culturales<\/strong><\/p>\n<ul>\n<li>GECU 6992- Seminario de Investigaci\u00f3n en Estudios Culturales<\/li>\n<li>GECU 6001- Teor\u00eda y Cr\u00edtica del Arte Contempor\u00e1neo<\/li>\n<li>GECU 6001- Teor\u00eda y Cr\u00edtica Cinematogr\u00e1fica<\/li>\n<li>GECU 6207- Pol\u00edticas Culturales<\/li>\n<li>GECU 6209- Econom\u00eda de la Cultura<\/li>\n<li>GECU 6998- Temas en Estudios del Performance<\/li>\n<li>ESIN 6995- Debates Te\u00f3ricos de las Humanidades<\/li>\n<\/ul>\n<p>&nbsp;<\/p>\n<p><strong>Turismo y gesti\u00f3n patrimonial<\/strong><\/p>\n<ul>\n<li>GECU 6996- Temas en Gesti\u00f3n de Patrimonio Cultural: Turismo Sostenible<\/li>\n<li>GECU 6996- Temas en Gesti\u00f3n de Patrimonio Cultural: Turismo de Ocio<\/li>\n<li>GECU 6996- Temas en Gesti\u00f3n de Patrimonio Cultural: Turismo Cultural<\/li>\n<li>GECU 6996- Temas en Gesti\u00f3n de Patrimonio Cultural<strong>: <\/strong>Introducci\u00f3n al Patrimonio intangible, su salvaguardia e impacto en la gesti\u00f3n cultural<\/li>\n<\/ul>\n","protected":false},"excerpt":{"rendered":"<p>La siguiente es la secuencia curricular de jornada completa: Primer a\u00f1o 1er semestre (9 crs) 3 crs.\u00a0GECU 6005-Fundamentos de la gesti\u00f3n cultural 3 crs. Administraci\u00f3n estrat\u00e9gica de organizaciones culturales 3 crs. Electiva 2do semestre (9 crs.) 3 crs.\u00a0GECU 6006- Teor\u00edas culturales 6 crs. Electivas Segundo a\u00f1o 1er semestre (9 crs.) &#8230;<\/p>\n","protected":false},"author":3,"featured_media":0,"parent":0,"menu_order":0,"comment_status":"closed","ping_status":"closed","template":"","meta":{"footnotes":""},"class_list":["post-234","page","type-page","status-publish","hentry","column","twocol"],"_links":{"self":[{"href":"https:\/\/humanidades.uprrp.edu\/magac\/index.php?rest_route=\/wp\/v2\/pages\/234","targetHints":{"allow":["GET"]}}],"collection":[{"href":"https:\/\/humanidades.uprrp.edu\/magac\/index.php?rest_route=\/wp\/v2\/pages"}],"about":[{"href":"https:\/\/humanidades.uprrp.edu\/magac\/index.php?rest_route=\/wp\/v2\/types\/page"}],"author":[{"embeddable":true,"href":"https:\/\/humanidades.uprrp.edu\/magac\/index.php?rest_route=\/wp\/v2\/users\/3"}],"replies":[{"embeddable":true,"href":"https:\/\/humanidades.uprrp.edu\/magac\/index.php?rest_route=%2Fwp%2Fv2%2Fcomments&post=234"}],"version-history":[{"count":81,"href":"https:\/\/humanidades.uprrp.edu\/magac\/index.php?rest_route=\/wp\/v2\/pages\/234\/revisions"}],"predecessor-version":[{"id":1749,"href":"https:\/\/humanidades.uprrp.edu\/magac\/index.php?rest_route=\/wp\/v2\/pages\/234\/revisions\/1749"}],"wp:attachment":[{"href":"https:\/\/humanidades.uprrp.edu\/magac\/index.php?rest_route=%2Fwp%2Fv2%2Fmedia&parent=234"}],"curies":[{"name":"wp","href":"https:\/\/api.w.org\/{rel}","templated":true}]}}