{"id":232,"date":"2015-02-24T13:26:23","date_gmt":"2015-02-24T17:26:23","guid":{"rendered":"https:\/\/humanidades.uprrp.edu\/magac\/?page_id=232"},"modified":"2021-03-12T10:58:32","modified_gmt":"2021-03-12T14:58:32","slug":"requisitos-de-graduacion-2","status":"publish","type":"page","link":"https:\/\/humanidades.uprrp.edu\/magac\/?page_id=232","title":{"rendered":"Requisitos de graduaci\u00f3n"},"content":{"rendered":"<p>La Maestr\u00eda en Gesti\u00f3n y Administraci\u00f3n Cultural comprende un total de\u00a030 cr\u00e9ditos. Los requisitos son los siguientes:<\/p>\n<p><strong>Requisitos de la especialidad (12 cr\u00e9ditos)<\/strong><\/p>\n<ul>\n<li>Fundamentos de la Gesti\u00f3n Cultural (GECU 6005, 3crs)<\/li>\n<li>Teor\u00edas Culturales (GECU 6006, 3crs)<\/li>\n<li>Administraci\u00f3n estrat\u00e9gica de organizaciones culturales (GECU 6205, 3crs)<\/li>\n<li>Internado en gesti\u00f3n y administraci\u00f3n cultural\u00a0(GECU 6999, 3crs)<\/li>\n<li>Propuesta en gesti\u00f3n y administraci\u00f3n cultural (GECU 6901, 3crs)<\/li>\n<li>Proyecto de conclusi\u00f3n (GECU 6902, 0crs)<\/li>\n<\/ul>\n<p><strong>Electivas dirigidas\u00a0(9 cr\u00e9ditos)<br \/>\n<\/strong>Cursos de selecci\u00f3n dirigida de acuerdo con los intereses y necesidades particulares de lxs estudiantes, quienes los seleccionar\u00e1n de la oferta disponible en MAGAC u otros Programas Graduados del Recinto.<\/p>\n<p><strong>Electivas libres\u00a0(6 cr\u00e9ditos)<br \/>\n<\/strong>Cualquier curso de nivel graduado del Recinto de R\u00edo Piedras, del Sistema de la Universidad de Puerto Rico u otra instituci\u00f3n con la que exista convenio.<\/p>\n<p>&nbsp;<\/p>\n","protected":false},"excerpt":{"rendered":"<p>La Maestr\u00eda en Gesti\u00f3n y Administraci\u00f3n Cultural comprende un total de\u00a030 cr\u00e9ditos. Los requisitos son los siguientes: Requisitos de la especialidad (12 cr\u00e9ditos) Fundamentos de la Gesti\u00f3n Cultural (GECU 6005, 3crs) Teor\u00edas Culturales (GECU 6006, 3crs) Administraci\u00f3n estrat\u00e9gica de organizaciones culturales (GECU 6205, 3crs) Internado en gesti\u00f3n y administraci\u00f3n cultural\u00a0(GECU &#8230;<\/p>\n","protected":false},"author":3,"featured_media":0,"parent":0,"menu_order":0,"comment_status":"closed","ping_status":"closed","template":"","meta":{"footnotes":""},"class_list":["post-232","page","type-page","status-publish","hentry","column","twocol"],"_links":{"self":[{"href":"https:\/\/humanidades.uprrp.edu\/magac\/index.php?rest_route=\/wp\/v2\/pages\/232","targetHints":{"allow":["GET"]}}],"collection":[{"href":"https:\/\/humanidades.uprrp.edu\/magac\/index.php?rest_route=\/wp\/v2\/pages"}],"about":[{"href":"https:\/\/humanidades.uprrp.edu\/magac\/index.php?rest_route=\/wp\/v2\/types\/page"}],"author":[{"embeddable":true,"href":"https:\/\/humanidades.uprrp.edu\/magac\/index.php?rest_route=\/wp\/v2\/users\/3"}],"replies":[{"embeddable":true,"href":"https:\/\/humanidades.uprrp.edu\/magac\/index.php?rest_route=%2Fwp%2Fv2%2Fcomments&post=232"}],"version-history":[{"count":6,"href":"https:\/\/humanidades.uprrp.edu\/magac\/index.php?rest_route=\/wp\/v2\/pages\/232\/revisions"}],"predecessor-version":[{"id":1675,"href":"https:\/\/humanidades.uprrp.edu\/magac\/index.php?rest_route=\/wp\/v2\/pages\/232\/revisions\/1675"}],"wp:attachment":[{"href":"https:\/\/humanidades.uprrp.edu\/magac\/index.php?rest_route=%2Fwp%2Fv2%2Fmedia&parent=232"}],"curies":[{"name":"wp","href":"https:\/\/api.w.org\/{rel}","templated":true}]}}