{"id":225,"date":"2015-02-24T13:19:44","date_gmt":"2015-02-24T17:19:44","guid":{"rendered":"https:\/\/humanidades.uprrp.edu\/magac\/?page_id=225"},"modified":"2021-03-12T10:56:27","modified_gmt":"2021-03-12T14:56:27","slug":"perfil-del-egresado-2","status":"publish","type":"page","link":"https:\/\/humanidades.uprrp.edu\/magac\/?page_id=225","title":{"rendered":"Perfil de lxs egresadxs"},"content":{"rendered":"<p>Lxs egresadxs del Programa:<\/p>\n<ul>\n<li>Podr\u00e1n concebir, planear, organizar y evaluar proyectos culturales de distintos alcances.<\/li>\n<li>Propiciar\u00e1n y gestionar\u00e1n el financiamiento de la actividad cultural, sea por v\u00eda del patrocinio p\u00fablico, privado, o de la autogesti\u00f3n.<\/li>\n<li>Podr\u00e1n desempe\u00f1arse como agentes o representantes de artistas, actores y coleccionistas individuales.<\/li>\n<li>Promover\u00e1n y facilitar\u00e1n la participaci\u00f3n cultural m\u00e1s amplia posible de todos los sectores de la comunidad.<\/li>\n<li>Mostrar\u00e1n un compromiso con la conservaci\u00f3n, el enriquecimiento y la difusi\u00f3n del patrimonio cultural puertorrique\u00f1o y mundial, as\u00ed como con la creaci\u00f3n contempor\u00e1nea.<\/li>\n<li>Ejercer\u00e1n liderato para mantener y desarrollar la diversidad cultural, tanto en la actividad tradicional como en la innovadora.<\/li>\n<li>Poseer\u00e1n las destrezas para conceptuar, crear y administrar organizaciones p\u00fablicas y privadas relacionadas con la cultura y las artes tales como oficinas culturales municipales, galer\u00edas, museos, teatros, cines, cooperativas culturales, academias de arte, editoriales, sellos disqueros, entre otras, as\u00ed como asesorar empresas que cuentan con colecciones art\u00edsticas entre sus activos de negocios.<\/li>\n<li>Podr\u00e1n ejercer liderato en la formulaci\u00f3n de pol\u00edtica p\u00fablica relacionada con la cultura, las artes en sus m\u00faltiples manifestaciones y sus creadores.<\/li>\n<li>Actuar\u00e1n a favor del fortalecimiento de los valores culturales multiformes y democr\u00e1ticos.<\/li>\n<li>Sabr\u00e1n obtener el mayor beneficio de las din\u00e1micas de los mercados culturales globales y sus repercusiones en Puerto Rico y el mundo para bien del desarrollo cultural y art\u00edstico.<\/li>\n<li>Reconocer\u00e1n y utilizar\u00e1n las mejores pr\u00e1cticas gerenciales contempor\u00e1neas particulares a las instituciones culturales.<\/li>\n<li>Podr\u00e1n conducir y analizar investigaciones en el campo de la gesti\u00f3n y administraci\u00f3n cultural.<\/li>\n<li>Mantendr\u00e1n una actitud permanente de aprendizaje y actualizaci\u00f3n.<\/li>\n<\/ul>\n<p>&nbsp;<\/p>\n","protected":false},"excerpt":{"rendered":"<p>Lxs egresadxs del Programa: Podr\u00e1n concebir, planear, organizar y evaluar proyectos culturales de distintos alcances. Propiciar\u00e1n y gestionar\u00e1n el financiamiento de la actividad cultural, sea por v\u00eda del patrocinio p\u00fablico, privado, o de la autogesti\u00f3n. Podr\u00e1n desempe\u00f1arse como agentes o representantes de artistas, actores y coleccionistas individuales. Promover\u00e1n y facilitar\u00e1n &#8230;<\/p>\n","protected":false},"author":3,"featured_media":0,"parent":0,"menu_order":0,"comment_status":"closed","ping_status":"closed","template":"","meta":{"footnotes":""},"class_list":["post-225","page","type-page","status-publish","hentry","column","twocol"],"_links":{"self":[{"href":"https:\/\/humanidades.uprrp.edu\/magac\/index.php?rest_route=\/wp\/v2\/pages\/225","targetHints":{"allow":["GET"]}}],"collection":[{"href":"https:\/\/humanidades.uprrp.edu\/magac\/index.php?rest_route=\/wp\/v2\/pages"}],"about":[{"href":"https:\/\/humanidades.uprrp.edu\/magac\/index.php?rest_route=\/wp\/v2\/types\/page"}],"author":[{"embeddable":true,"href":"https:\/\/humanidades.uprrp.edu\/magac\/index.php?rest_route=\/wp\/v2\/users\/3"}],"replies":[{"embeddable":true,"href":"https:\/\/humanidades.uprrp.edu\/magac\/index.php?rest_route=%2Fwp%2Fv2%2Fcomments&post=225"}],"version-history":[{"count":6,"href":"https:\/\/humanidades.uprrp.edu\/magac\/index.php?rest_route=\/wp\/v2\/pages\/225\/revisions"}],"predecessor-version":[{"id":1674,"href":"https:\/\/humanidades.uprrp.edu\/magac\/index.php?rest_route=\/wp\/v2\/pages\/225\/revisions\/1674"}],"wp:attachment":[{"href":"https:\/\/humanidades.uprrp.edu\/magac\/index.php?rest_route=%2Fwp%2Fv2%2Fmedia&parent=225"}],"curies":[{"name":"wp","href":"https:\/\/api.w.org\/{rel}","templated":true}]}}