{"id":1855,"date":"2024-09-25T14:30:04","date_gmt":"2024-09-25T18:30:04","guid":{"rendered":"https:\/\/humanidades.uprrp.edu\/magac\/?page_id=1855"},"modified":"2024-09-25T14:30:04","modified_gmt":"2024-09-25T18:30:04","slug":"natasha-sagardia-beltran-2","status":"publish","type":"page","link":"https:\/\/humanidades.uprrp.edu\/magac\/?page_id=1855","title":{"rendered":"Natasha Sagard\u00eda Beltr\u00e1n"},"content":{"rendered":"\n<p>Doctora en Sociolog\u00eda por la Universidad de Lisboa en Portugal, cuenta tambi\u00e9n con una Maestr\u00eda en Gesti\u00f3n y Administraci\u00f3n Cultural de la UPR, Recinto de R\u00edo Piedras y un Bachillerato en Estudios Iberoamericanos de la UPR, Recinto de Arecibo. Argentina de nacimiento y puertorrique\u00f1a de crianza, Natasha Sagard\u00eda fue campeona mundial del deporte del Bodyboarding representando a la isla y su gesta atl\u00e9tica es parte de una exhibici\u00f3n fija en el Museo del Deporte de Guaynabo. Se ha desempe\u00f1ado como profesora por ocho a\u00f1os para el sistema de la Universidad de Puerto Rico entre los recintos de Arecibo, Utuado y R\u00edo Piedras.&nbsp; Es co-fundadora de la Fundaci\u00f3n Luci\u00e9rnagas, entidad sin fines de lucro en la que dise\u00f1a y gestiona programas educativos, culturales y de emprendimiento tur\u00edstico para comunidades costeras desventajadas en la isla.<\/p>\n\n\n\n<p>Entre sus intereses de investigaci\u00f3n e inspiraci\u00f3n para sus escritos cabe mencionar la cotidianidad, el individuo reflexivo de la contemporaneidad, la interacci\u00f3n social y la agencia c\u00edvica. En el 2019 public\u00f3 su primera colecci\u00f3n de cuentos titulada <em>Bellas Brujas.<\/em> Ha publicado art\u00edculos de car\u00e1cter cient\u00edfico en revistas acad\u00e9micas como <em>El Amauta<\/em> y <em>Forum <\/em>y fue creadora de la columna semanal titulada<em> Del Taco a la Chancleta <\/em>en el peri\u00f3dico<em> Metro <\/em>entre el 2013 y 2014.Recientemente fue galardonada con el reconocimiento de la Catedra por la Paz, por su trabajo pedag\u00f3gico ligado a la estimulaci\u00f3n de la capacidad cr\u00edtica en asuntos de ciudadan\u00eda, iniciativa de la UNESCO, cap\u00edtulo de Puerto Rico del recinto de R\u00edo Piedras.<\/p>\n","protected":false},"excerpt":{"rendered":"<p>Doctora en Sociolog\u00eda por la Universidad de Lisboa en Portugal, cuenta tambi\u00e9n con una Maestr\u00eda en Gesti\u00f3n y Administraci\u00f3n Cultural de la UPR, Recinto de R\u00edo Piedras y un Bachillerato en Estudios Iberoamericanos de la UPR, Recinto de Arecibo. Argentina de nacimiento y puertorrique\u00f1a de crianza, Natasha Sagard\u00eda fue campeona &#8230;<\/p>\n","protected":false},"author":3,"featured_media":0,"parent":0,"menu_order":0,"comment_status":"closed","ping_status":"closed","template":"","meta":{"footnotes":""},"class_list":["post-1855","page","type-page","status-publish","hentry","column","twocol"],"_links":{"self":[{"href":"https:\/\/humanidades.uprrp.edu\/magac\/index.php?rest_route=\/wp\/v2\/pages\/1855","targetHints":{"allow":["GET"]}}],"collection":[{"href":"https:\/\/humanidades.uprrp.edu\/magac\/index.php?rest_route=\/wp\/v2\/pages"}],"about":[{"href":"https:\/\/humanidades.uprrp.edu\/magac\/index.php?rest_route=\/wp\/v2\/types\/page"}],"author":[{"embeddable":true,"href":"https:\/\/humanidades.uprrp.edu\/magac\/index.php?rest_route=\/wp\/v2\/users\/3"}],"replies":[{"embeddable":true,"href":"https:\/\/humanidades.uprrp.edu\/magac\/index.php?rest_route=%2Fwp%2Fv2%2Fcomments&post=1855"}],"version-history":[{"count":1,"href":"https:\/\/humanidades.uprrp.edu\/magac\/index.php?rest_route=\/wp\/v2\/pages\/1855\/revisions"}],"predecessor-version":[{"id":1856,"href":"https:\/\/humanidades.uprrp.edu\/magac\/index.php?rest_route=\/wp\/v2\/pages\/1855\/revisions\/1856"}],"wp:attachment":[{"href":"https:\/\/humanidades.uprrp.edu\/magac\/index.php?rest_route=%2Fwp%2Fv2%2Fmedia&parent=1855"}],"curies":[{"name":"wp","href":"https:\/\/api.w.org\/{rel}","templated":true}]}}