{"id":1781,"date":"2023-02-24T10:40:11","date_gmt":"2023-02-24T14:40:11","guid":{"rendered":"https:\/\/humanidades.uprrp.edu\/magac\/?page_id=1781"},"modified":"2023-02-24T10:40:11","modified_gmt":"2023-02-24T14:40:11","slug":"seminario-de-invierno-harvard-puerto-rico","status":"publish","type":"page","link":"https:\/\/humanidades.uprrp.edu\/magac\/?page_id=1781","title":{"rendered":"Seminario de Invierno Harvard-Puerto Rico"},"content":{"rendered":"<p>Desde 2017, el Harvard Puerto Rico Winter Institute es un seminario graduado organizado por MAGAC con participaci\u00f3n de estudiantes de la Maestr\u00eda en Gesti\u00f3n y Administraci\u00f3n Cultural y de la Escuela de Derecho de la UPR, as\u00ed como de la Universidad de Harvard. Participan tambi\u00e9n docentes de ambas instituciones. Dura dos semanas y explora de manera interdisciplinaria los temas de cada seminario. Los estudiantes se hospedan juntos, y realizan visitas de campo y actividades acad\u00e9micas diversas con la participaci\u00f3n de conferenciantes, artistas y miembros de la comunidad. Como requisito del curso, someten un trabajo de creaci\u00f3n o investigaci\u00f3n enfocado en los temas propuestos. A modo de ejemplo, en 2022 el tema fue \u201cAgro y cultura. Intersecciones para interrogar el presente.\u201d En 2023, el tema fue \u201cDel campo a la mar. Agricultura, pesca y cambio clim\u00e1tico.\u201d Este proyecto comenz\u00f3 con respaldo econ\u00f3mico de la Fundaci\u00f3n Wilbur Marvin. Desde 2024 se realizar\u00e1 con respaldo parcial de la Fundaci\u00f3n Mellon.<\/p>\n","protected":false},"excerpt":{"rendered":"<p>Desde 2017, el Harvard Puerto Rico Winter Institute es un seminario graduado organizado por MAGAC con participaci\u00f3n de estudiantes de la Maestr\u00eda en Gesti\u00f3n y Administraci\u00f3n Cultural y de la Escuela de Derecho de la UPR, as\u00ed como de la Universidad de Harvard. Participan tambi\u00e9n docentes de ambas instituciones. Dura &#8230;<\/p>\n","protected":false},"author":3,"featured_media":0,"parent":0,"menu_order":0,"comment_status":"closed","ping_status":"closed","template":"","meta":{"footnotes":""},"class_list":["post-1781","page","type-page","status-publish","hentry","column","twocol"],"_links":{"self":[{"href":"https:\/\/humanidades.uprrp.edu\/magac\/index.php?rest_route=\/wp\/v2\/pages\/1781","targetHints":{"allow":["GET"]}}],"collection":[{"href":"https:\/\/humanidades.uprrp.edu\/magac\/index.php?rest_route=\/wp\/v2\/pages"}],"about":[{"href":"https:\/\/humanidades.uprrp.edu\/magac\/index.php?rest_route=\/wp\/v2\/types\/page"}],"author":[{"embeddable":true,"href":"https:\/\/humanidades.uprrp.edu\/magac\/index.php?rest_route=\/wp\/v2\/users\/3"}],"replies":[{"embeddable":true,"href":"https:\/\/humanidades.uprrp.edu\/magac\/index.php?rest_route=%2Fwp%2Fv2%2Fcomments&post=1781"}],"version-history":[{"count":1,"href":"https:\/\/humanidades.uprrp.edu\/magac\/index.php?rest_route=\/wp\/v2\/pages\/1781\/revisions"}],"predecessor-version":[{"id":1782,"href":"https:\/\/humanidades.uprrp.edu\/magac\/index.php?rest_route=\/wp\/v2\/pages\/1781\/revisions\/1782"}],"wp:attachment":[{"href":"https:\/\/humanidades.uprrp.edu\/magac\/index.php?rest_route=%2Fwp%2Fv2%2Fmedia&parent=1781"}],"curies":[{"name":"wp","href":"https:\/\/api.w.org\/{rel}","templated":true}]}}