{"id":1767,"date":"2023-02-21T15:05:56","date_gmt":"2023-02-21T19:05:56","guid":{"rendered":"https:\/\/humanidades.uprrp.edu\/magac\/?page_id=1767"},"modified":"2023-02-21T15:05:56","modified_gmt":"2023-02-21T19:05:56","slug":"encuentro-puertorriqueno-de-gestion-cultural-2022","status":"publish","type":"page","link":"https:\/\/humanidades.uprrp.edu\/magac\/?page_id=1767","title":{"rendered":"Encuentro Puertorrique\u00f1o de Gesti\u00f3n Cultural 2022"},"content":{"rendered":"<p>Con el objetivo de contribuir a visibilizar la admirable labor cultural que se hace en todos los rincones de nuestro pa\u00eds, aportando a la democratizaci\u00f3n de las artes, a la preservaci\u00f3n del patrimonio, al desarrollo econ\u00f3mico, a la salud mental y a la felicidad de nuestro pueblo, se llev\u00f3 a cabo este primer Encuentro, dirigido a gestoras y gestores culturales de Puerto Rico y su di\u00e1spora. Celebrado del 10 al 12 de noviembre de 2022 en el Recinto de R\u00edo Piedras, el evento incluy\u00f3 conversatorios, paneles, presentaciones art\u00edsticas y un <a href=\"https:\/\/magacupr.wixsite.com\/encuentromagacupr\/about-1\">acto de recordaci\u00f3n<\/a>.<\/p>\n<p>M\u00e1s informaci\u00f3n:<br \/>\n<a href=\"https:\/\/magacupr.wixsite.com\/encuentromagacupr\/sobre-el-epgc-2022\">https:\/\/magacupr.wixsite.com\/encuentromagacupr\/sobre-el-epgc-2022<\/a><\/p>\n","protected":false},"excerpt":{"rendered":"<p>Con el objetivo de contribuir a visibilizar la admirable labor cultural que se hace en todos los rincones de nuestro pa\u00eds, aportando a la democratizaci\u00f3n de las artes, a la preservaci\u00f3n del patrimonio, al desarrollo econ\u00f3mico, a la salud mental y a la felicidad de nuestro pueblo, se llev\u00f3 a &#8230;<\/p>\n","protected":false},"author":3,"featured_media":0,"parent":0,"menu_order":0,"comment_status":"closed","ping_status":"closed","template":"","meta":{"footnotes":""},"class_list":["post-1767","page","type-page","status-publish","hentry","column","twocol"],"_links":{"self":[{"href":"https:\/\/humanidades.uprrp.edu\/magac\/index.php?rest_route=\/wp\/v2\/pages\/1767","targetHints":{"allow":["GET"]}}],"collection":[{"href":"https:\/\/humanidades.uprrp.edu\/magac\/index.php?rest_route=\/wp\/v2\/pages"}],"about":[{"href":"https:\/\/humanidades.uprrp.edu\/magac\/index.php?rest_route=\/wp\/v2\/types\/page"}],"author":[{"embeddable":true,"href":"https:\/\/humanidades.uprrp.edu\/magac\/index.php?rest_route=\/wp\/v2\/users\/3"}],"replies":[{"embeddable":true,"href":"https:\/\/humanidades.uprrp.edu\/magac\/index.php?rest_route=%2Fwp%2Fv2%2Fcomments&post=1767"}],"version-history":[{"count":1,"href":"https:\/\/humanidades.uprrp.edu\/magac\/index.php?rest_route=\/wp\/v2\/pages\/1767\/revisions"}],"predecessor-version":[{"id":1768,"href":"https:\/\/humanidades.uprrp.edu\/magac\/index.php?rest_route=\/wp\/v2\/pages\/1767\/revisions\/1768"}],"wp:attachment":[{"href":"https:\/\/humanidades.uprrp.edu\/magac\/index.php?rest_route=%2Fwp%2Fv2%2Fmedia&parent=1767"}],"curies":[{"name":"wp","href":"https:\/\/api.w.org\/{rel}","templated":true}]}}