{"id":1765,"date":"2023-02-21T15:05:08","date_gmt":"2023-02-21T19:05:08","guid":{"rendered":"https:\/\/humanidades.uprrp.edu\/magac\/?page_id=1765"},"modified":"2023-02-21T15:05:08","modified_gmt":"2023-02-21T19:05:08","slug":"seminario-clacso-2014","status":"publish","type":"page","link":"https:\/\/humanidades.uprrp.edu\/magac\/?page_id=1765","title":{"rendered":"Seminario CLACSO 2014"},"content":{"rendered":"<p>MAGAC sirvi\u00f3 como anfitri\u00f3n a la celebraci\u00f3n del 5to Seminario Internacional de la <a href=\"https:\/\/magacupr.wixsite.com\/clacso2014\/rec\">Red de Posgrados en Estudios y Pol\u00edticas Culturales<\/a> del Consejo Latinoamericano de Ciencias Sociales (CLACSO). El encuentro tuvo lugar del 9 al 13 de junio de 2014 y tuvo como tema Estudios Culturales y Pol\u00edticas P\u00fablicas. Incluy\u00f3 un seminario graduado, visitas, conversatorios p\u00fablicos y el Simposio <a href=\"https:\/\/www.youtube.com\/watch?v=oDBa43itmxg\"><em>Pol\u00edticas Culturales y Di\u00e1logo Social<\/em><\/a>.<\/p>\n<p>M\u00e1s informaci\u00f3n:<br \/>\n<a href=\"https:\/\/magacupr.wixsite.com\/clacso2014\">https:\/\/magacupr.wixsite.com\/clacso2014<\/a><\/p>\n","protected":false},"excerpt":{"rendered":"<p>MAGAC sirvi\u00f3 como anfitri\u00f3n a la celebraci\u00f3n del 5to Seminario Internacional de la Red de Posgrados en Estudios y Pol\u00edticas Culturales del Consejo Latinoamericano de Ciencias Sociales (CLACSO). El encuentro tuvo lugar del 9 al 13 de junio de 2014 y tuvo como tema Estudios Culturales y Pol\u00edticas P\u00fablicas. Incluy\u00f3 &#8230;<\/p>\n","protected":false},"author":3,"featured_media":0,"parent":0,"menu_order":0,"comment_status":"closed","ping_status":"closed","template":"","meta":{"footnotes":""},"class_list":["post-1765","page","type-page","status-publish","hentry","column","twocol"],"_links":{"self":[{"href":"https:\/\/humanidades.uprrp.edu\/magac\/index.php?rest_route=\/wp\/v2\/pages\/1765","targetHints":{"allow":["GET"]}}],"collection":[{"href":"https:\/\/humanidades.uprrp.edu\/magac\/index.php?rest_route=\/wp\/v2\/pages"}],"about":[{"href":"https:\/\/humanidades.uprrp.edu\/magac\/index.php?rest_route=\/wp\/v2\/types\/page"}],"author":[{"embeddable":true,"href":"https:\/\/humanidades.uprrp.edu\/magac\/index.php?rest_route=\/wp\/v2\/users\/3"}],"replies":[{"embeddable":true,"href":"https:\/\/humanidades.uprrp.edu\/magac\/index.php?rest_route=%2Fwp%2Fv2%2Fcomments&post=1765"}],"version-history":[{"count":1,"href":"https:\/\/humanidades.uprrp.edu\/magac\/index.php?rest_route=\/wp\/v2\/pages\/1765\/revisions"}],"predecessor-version":[{"id":1766,"href":"https:\/\/humanidades.uprrp.edu\/magac\/index.php?rest_route=\/wp\/v2\/pages\/1765\/revisions\/1766"}],"wp:attachment":[{"href":"https:\/\/humanidades.uprrp.edu\/magac\/index.php?rest_route=%2Fwp%2Fv2%2Fmedia&parent=1765"}],"curies":[{"name":"wp","href":"https:\/\/api.w.org\/{rel}","templated":true}]}}