{"id":1750,"date":"2023-02-21T14:41:39","date_gmt":"2023-02-21T18:41:39","guid":{"rendered":"https:\/\/humanidades.uprrp.edu\/magac\/?page_id=1750"},"modified":"2024-09-25T14:28:32","modified_gmt":"2024-09-25T18:28:32","slug":"administracion","status":"publish","type":"page","link":"https:\/\/humanidades.uprrp.edu\/magac\/?page_id=1750","title":{"rendered":"Administraci\u00f3n"},"content":{"rendered":"<p><strong>Dra. Sunny Cabrera Salcedo<br \/>\n<\/strong>Directora del Programa de Estudios Interdisciplinarios<\/p>\n<p><strong>Dra. Mareia Quintero Rivera<br \/>\n<\/strong>Coordinadora de la Maestr\u00eda en Gesti\u00f3n y Administraci\u00f3n Cultural<\/p>\n<p><strong>Magdaly Pastrana Pastor<br \/>\n<\/strong>Asistente Administrativa del PREI\/MAGAC<\/p>\n","protected":false},"excerpt":{"rendered":"<p>Dra. Sunny Cabrera Salcedo Directora del Programa de Estudios Interdisciplinarios Dra. Mareia Quintero Rivera Coordinadora de la Maestr\u00eda en Gesti\u00f3n y Administraci\u00f3n Cultural Magdaly Pastrana Pastor Asistente Administrativa del PREI\/MAGAC<\/p>\n","protected":false},"author":3,"featured_media":0,"parent":0,"menu_order":0,"comment_status":"closed","ping_status":"closed","template":"","meta":{"footnotes":""},"class_list":["post-1750","page","type-page","status-publish","hentry","column","twocol"],"_links":{"self":[{"href":"https:\/\/humanidades.uprrp.edu\/magac\/index.php?rest_route=\/wp\/v2\/pages\/1750","targetHints":{"allow":["GET"]}}],"collection":[{"href":"https:\/\/humanidades.uprrp.edu\/magac\/index.php?rest_route=\/wp\/v2\/pages"}],"about":[{"href":"https:\/\/humanidades.uprrp.edu\/magac\/index.php?rest_route=\/wp\/v2\/types\/page"}],"author":[{"embeddable":true,"href":"https:\/\/humanidades.uprrp.edu\/magac\/index.php?rest_route=\/wp\/v2\/users\/3"}],"replies":[{"embeddable":true,"href":"https:\/\/humanidades.uprrp.edu\/magac\/index.php?rest_route=%2Fwp%2Fv2%2Fcomments&post=1750"}],"version-history":[{"count":2,"href":"https:\/\/humanidades.uprrp.edu\/magac\/index.php?rest_route=\/wp\/v2\/pages\/1750\/revisions"}],"predecessor-version":[{"id":1853,"href":"https:\/\/humanidades.uprrp.edu\/magac\/index.php?rest_route=\/wp\/v2\/pages\/1750\/revisions\/1853"}],"wp:attachment":[{"href":"https:\/\/humanidades.uprrp.edu\/magac\/index.php?rest_route=%2Fwp%2Fv2%2Fmedia&parent=1750"}],"curies":[{"name":"wp","href":"https:\/\/api.w.org\/{rel}","templated":true}]}}