{"id":1741,"date":"2022-07-22T15:48:26","date_gmt":"2022-07-22T19:48:26","guid":{"rendered":"https:\/\/humanidades.uprrp.edu\/magac\/?page_id=1741"},"modified":"2022-07-22T15:48:26","modified_gmt":"2022-07-22T19:48:26","slug":"maria-estelle-picouto","status":"publish","type":"page","link":"https:\/\/humanidades.uprrp.edu\/magac\/?page_id=1741","title":{"rendered":"Mar\u00eda Estelle Picouto"},"content":{"rendered":"<figure id=\"attachment_1700\" aria-describedby=\"caption-attachment-1700\" style=\"width: 1520px\" class=\"wp-caption aligncenter\"><a href=\"https:\/\/humanidades.uprrp.edu\/magac\/wp-content\/uploads\/2022\/07\/POSTER_Picouto-Maria-Estelle-e1658516574221.jpg\"><img loading=\"lazy\" decoding=\"async\" class=\"size-full wp-image-1700\" src=\"https:\/\/humanidades.uprrp.edu\/magac\/wp-content\/uploads\/2022\/07\/POSTER_Picouto-Maria-Estelle-e1658516574221.jpg\" alt=\"\" width=\"1520\" height=\"1953\" srcset=\"https:\/\/humanidades.uprrp.edu\/magac\/wp-content\/uploads\/2022\/07\/POSTER_Picouto-Maria-Estelle-e1658516574221.jpg 1520w, https:\/\/humanidades.uprrp.edu\/magac\/wp-content\/uploads\/2022\/07\/POSTER_Picouto-Maria-Estelle-e1658516574221-233x300.jpg 233w, https:\/\/humanidades.uprrp.edu\/magac\/wp-content\/uploads\/2022\/07\/POSTER_Picouto-Maria-Estelle-e1658516574221-768x987.jpg 768w, https:\/\/humanidades.uprrp.edu\/magac\/wp-content\/uploads\/2022\/07\/POSTER_Picouto-Maria-Estelle-e1658516574221-797x1024.jpg 797w, https:\/\/humanidades.uprrp.edu\/magac\/wp-content\/uploads\/2022\/07\/POSTER_Picouto-Maria-Estelle-e1658516574221-700x899.jpg 700w\" sizes=\"auto, (max-width: 1520px) 100vw, 1520px\" \/><\/a><figcaption id=\"caption-attachment-1700\" class=\"wp-caption-text\">Mar\u00eda Estelle Picouto<\/figcaption><\/figure>\n<p>Mar\u00eda Estelle Picouto es egresada de la Universidad de Puerto Rico, con t\u00edtulos en Antropolog\u00eda, Sociolog\u00eda con subespecialidades en educaci\u00f3n, problemas sociales y arqueolog\u00eda. Tambi\u00e9n posee un posgrado en Creatividad Cultural y Emprendimiento, y una Maestr\u00eda en Gesti\u00f3n y Administraci\u00f3n Cultural. Sus proyectos han obtenido reconocimientos internacionales como el Europe Telemedicine Award, en Espa\u00f1a y el Innovative Public Health Award, en Sydney, Australia. En el 2016 fue galardonada por la Universidad de Puerto Rico con la distinci\u00f3n del mejor proyecto dirigido a la comunidad. \u00a0En 2017 fue seleccionada como profesora destacada del County College of Morris en Nueva Jersey. Es, tambi\u00e9n, la autora de <em>Estelita<\/em>, una novela hist\u00f3rica galardonada con el primer lugar en el International Latino Books Awards y el Premio Nacional de Novela de Pen de Puerto Rico Internacional. Debido a su experiencia interdisciplinaria y su amor por la ense\u00f1anza, tiene una gran pasi\u00f3n por compartir sus conocimientos con las generaciones m\u00e1s j\u00f3venes. Como profesora, ha dise\u00f1ado y ofrecido cursos en temas como Investigaci\u00f3n Geneal\u00f3gica, Comunicaci\u00f3n Intercultural, Radio Comunitaria, Cultura y Educaci\u00f3n, Asuntos Culturales, Cultura Creativa, Cultura y Emprendimiento, Innovaci\u00f3n y Dise\u00f1o e Implementaci\u00f3n de Proyectos Comunitarios de Alto Impacto.<\/p>\n","protected":false},"excerpt":{"rendered":"<p>Mar\u00eda Estelle Picouto es egresada de la Universidad de Puerto Rico, con t\u00edtulos en Antropolog\u00eda, Sociolog\u00eda con subespecialidades en educaci\u00f3n, problemas sociales y arqueolog\u00eda. Tambi\u00e9n posee un posgrado en Creatividad Cultural y Emprendimiento, y una Maestr\u00eda en Gesti\u00f3n y Administraci\u00f3n Cultural. Sus proyectos han obtenido reconocimientos internacionales como el Europe &#8230;<\/p>\n","protected":false},"author":3,"featured_media":0,"parent":0,"menu_order":0,"comment_status":"closed","ping_status":"closed","template":"","meta":{"footnotes":""},"class_list":["post-1741","page","type-page","status-publish","hentry","column","twocol"],"_links":{"self":[{"href":"https:\/\/humanidades.uprrp.edu\/magac\/index.php?rest_route=\/wp\/v2\/pages\/1741","targetHints":{"allow":["GET"]}}],"collection":[{"href":"https:\/\/humanidades.uprrp.edu\/magac\/index.php?rest_route=\/wp\/v2\/pages"}],"about":[{"href":"https:\/\/humanidades.uprrp.edu\/magac\/index.php?rest_route=\/wp\/v2\/types\/page"}],"author":[{"embeddable":true,"href":"https:\/\/humanidades.uprrp.edu\/magac\/index.php?rest_route=\/wp\/v2\/users\/3"}],"replies":[{"embeddable":true,"href":"https:\/\/humanidades.uprrp.edu\/magac\/index.php?rest_route=%2Fwp%2Fv2%2Fcomments&post=1741"}],"version-history":[{"count":1,"href":"https:\/\/humanidades.uprrp.edu\/magac\/index.php?rest_route=\/wp\/v2\/pages\/1741\/revisions"}],"predecessor-version":[{"id":1742,"href":"https:\/\/humanidades.uprrp.edu\/magac\/index.php?rest_route=\/wp\/v2\/pages\/1741\/revisions\/1742"}],"wp:attachment":[{"href":"https:\/\/humanidades.uprrp.edu\/magac\/index.php?rest_route=%2Fwp%2Fv2%2Fmedia&parent=1741"}],"curies":[{"name":"wp","href":"https:\/\/api.w.org\/{rel}","templated":true}]}}