{"id":1735,"date":"2022-07-22T15:46:06","date_gmt":"2022-07-22T19:46:06","guid":{"rendered":"https:\/\/humanidades.uprrp.edu\/magac\/?page_id=1735"},"modified":"2022-07-22T15:46:06","modified_gmt":"2022-07-22T19:46:06","slug":"graciela-m-torres-colon","status":"publish","type":"page","link":"https:\/\/humanidades.uprrp.edu\/magac\/?page_id=1735","title":{"rendered":"Graciela M. Torres Col\u00f3n"},"content":{"rendered":"<figure id=\"attachment_1705\" aria-describedby=\"caption-attachment-1705\" style=\"width: 1521px\" class=\"wp-caption aligncenter\"><a href=\"https:\/\/humanidades.uprrp.edu\/magac\/wp-content\/uploads\/2022\/07\/POSTER_Torres-Colon-Graciela-e1658516718585.jpg\"><img loading=\"lazy\" decoding=\"async\" class=\"size-full wp-image-1705\" src=\"https:\/\/humanidades.uprrp.edu\/magac\/wp-content\/uploads\/2022\/07\/POSTER_Torres-Colon-Graciela-e1658516718585.jpg\" alt=\"\" width=\"1521\" height=\"1950\" srcset=\"https:\/\/humanidades.uprrp.edu\/magac\/wp-content\/uploads\/2022\/07\/POSTER_Torres-Colon-Graciela-e1658516718585.jpg 1521w, https:\/\/humanidades.uprrp.edu\/magac\/wp-content\/uploads\/2022\/07\/POSTER_Torres-Colon-Graciela-e1658516718585-234x300.jpg 234w, https:\/\/humanidades.uprrp.edu\/magac\/wp-content\/uploads\/2022\/07\/POSTER_Torres-Colon-Graciela-e1658516718585-768x985.jpg 768w, https:\/\/humanidades.uprrp.edu\/magac\/wp-content\/uploads\/2022\/07\/POSTER_Torres-Colon-Graciela-e1658516718585-799x1024.jpg 799w, https:\/\/humanidades.uprrp.edu\/magac\/wp-content\/uploads\/2022\/07\/POSTER_Torres-Colon-Graciela-e1658516718585-700x897.jpg 700w\" sizes=\"auto, (max-width: 1521px) 100vw, 1521px\" \/><\/a><figcaption id=\"caption-attachment-1705\" class=\"wp-caption-text\">Graciela M. Torres Col\u00f3n<\/figcaption><\/figure>\n<p>Graciela M. Torres Col\u00f3n es m\u00fasico y cantante puertorrique\u00f1a. Posee un bachillerato en Drama con una segunda concentraci\u00f3n en Gerencia de Recursos Humanos de la Universidad de Puerto Rico en R\u00edo Piedras. Durante sus a\u00f1os universitarios perteneci\u00f3 a la agrupaci\u00f3n musical la Tuna de la UPR. Continu\u00f3 sus estudios en la Universidad de Puerto Rico, donde complet\u00f3 el grado de Maestr\u00eda en Gesti\u00f3n y Administraci\u00f3n Cultural. Su proyecto titulado: <em>La m\u00fasica y el teatro como complemento pedag\u00f3gico en la educaci\u00f3n preescolar: una experiencia de Gesti\u00f3n Cultural en el Centro de Desarrollo Preescolar de la Universidad de Puerto Rico<\/em> pretendi\u00f3 valorar el uso de las bellas artes en los curr\u00edculos de ense\u00f1anza desde la temprana edad, sugiriendo otros m\u00e9todos de ense\u00f1anza fuera del sal\u00f3n de clases. Actualmente, Graciela es Oficial Administrativo en el Centro de Recursos de Investigaci\u00f3n Interdisciplinaria y Aprendizaje Subgraduado (CRiiAS), lugar donde se promueve la investigaci\u00f3n interdisciplinaria a nivel subgraduado y en donde colabora con estudiantes y docentes del Recinto de R\u00edo Piedras. Adem\u00e1s, pertenece a Gira Criolla, agrupaci\u00f3n musical que promueve la m\u00fasica puertorrique\u00f1a, como la plena, bomba, salsa y la danza.<\/p>\n","protected":false},"excerpt":{"rendered":"<p>Graciela M. Torres Col\u00f3n es m\u00fasico y cantante puertorrique\u00f1a. Posee un bachillerato en Drama con una segunda concentraci\u00f3n en Gerencia de Recursos Humanos de la Universidad de Puerto Rico en R\u00edo Piedras. Durante sus a\u00f1os universitarios perteneci\u00f3 a la agrupaci\u00f3n musical la Tuna de la UPR. Continu\u00f3 sus estudios en &#8230;<\/p>\n","protected":false},"author":3,"featured_media":0,"parent":0,"menu_order":0,"comment_status":"closed","ping_status":"closed","template":"","meta":{"footnotes":""},"class_list":["post-1735","page","type-page","status-publish","hentry","column","twocol"],"_links":{"self":[{"href":"https:\/\/humanidades.uprrp.edu\/magac\/index.php?rest_route=\/wp\/v2\/pages\/1735","targetHints":{"allow":["GET"]}}],"collection":[{"href":"https:\/\/humanidades.uprrp.edu\/magac\/index.php?rest_route=\/wp\/v2\/pages"}],"about":[{"href":"https:\/\/humanidades.uprrp.edu\/magac\/index.php?rest_route=\/wp\/v2\/types\/page"}],"author":[{"embeddable":true,"href":"https:\/\/humanidades.uprrp.edu\/magac\/index.php?rest_route=\/wp\/v2\/users\/3"}],"replies":[{"embeddable":true,"href":"https:\/\/humanidades.uprrp.edu\/magac\/index.php?rest_route=%2Fwp%2Fv2%2Fcomments&post=1735"}],"version-history":[{"count":1,"href":"https:\/\/humanidades.uprrp.edu\/magac\/index.php?rest_route=\/wp\/v2\/pages\/1735\/revisions"}],"predecessor-version":[{"id":1736,"href":"https:\/\/humanidades.uprrp.edu\/magac\/index.php?rest_route=\/wp\/v2\/pages\/1735\/revisions\/1736"}],"wp:attachment":[{"href":"https:\/\/humanidades.uprrp.edu\/magac\/index.php?rest_route=%2Fwp%2Fv2%2Fmedia&parent=1735"}],"curies":[{"name":"wp","href":"https:\/\/api.w.org\/{rel}","templated":true}]}}