{"id":1733,"date":"2022-07-22T15:44:38","date_gmt":"2022-07-22T19:44:38","guid":{"rendered":"https:\/\/humanidades.uprrp.edu\/magac\/?page_id=1733"},"modified":"2022-07-22T15:44:38","modified_gmt":"2022-07-22T19:44:38","slug":"wilmarilis-sanchez-romeu","status":"publish","type":"page","link":"https:\/\/humanidades.uprrp.edu\/magac\/?page_id=1733","title":{"rendered":"Wilmarilis S\u00e1nchez Romeu"},"content":{"rendered":"<figure id=\"attachment_1704\" aria-describedby=\"caption-attachment-1704\" style=\"width: 1524px\" class=\"wp-caption aligncenter\"><a href=\"https:\/\/humanidades.uprrp.edu\/magac\/wp-content\/uploads\/2022\/07\/POSTER_Sanchez-Romeu-Wilmarilis-e1658516679533.jpg\"><img loading=\"lazy\" decoding=\"async\" class=\"size-full wp-image-1704\" src=\"https:\/\/humanidades.uprrp.edu\/magac\/wp-content\/uploads\/2022\/07\/POSTER_Sanchez-Romeu-Wilmarilis-e1658516679533.jpg\" alt=\"\" width=\"1524\" height=\"2010\" srcset=\"https:\/\/humanidades.uprrp.edu\/magac\/wp-content\/uploads\/2022\/07\/POSTER_Sanchez-Romeu-Wilmarilis-e1658516679533.jpg 1524w, https:\/\/humanidades.uprrp.edu\/magac\/wp-content\/uploads\/2022\/07\/POSTER_Sanchez-Romeu-Wilmarilis-e1658516679533-227x300.jpg 227w, https:\/\/humanidades.uprrp.edu\/magac\/wp-content\/uploads\/2022\/07\/POSTER_Sanchez-Romeu-Wilmarilis-e1658516679533-768x1013.jpg 768w, https:\/\/humanidades.uprrp.edu\/magac\/wp-content\/uploads\/2022\/07\/POSTER_Sanchez-Romeu-Wilmarilis-e1658516679533-776x1024.jpg 776w, https:\/\/humanidades.uprrp.edu\/magac\/wp-content\/uploads\/2022\/07\/POSTER_Sanchez-Romeu-Wilmarilis-e1658516679533-700x923.jpg 700w\" sizes=\"auto, (max-width: 1524px) 100vw, 1524px\" \/><\/a><figcaption id=\"caption-attachment-1704\" class=\"wp-caption-text\">Wilmarilis S\u00e1nchez Romeu<\/figcaption><\/figure>\n<p>Wilmarilis S\u00e1nchez Romeu, egresada de la Maestr\u00eda en Gesti\u00f3n y Administraci\u00f3n Cultural, es amante de las comunicaciones y la cultura. Se distingue como relacionista profesional licenciada, publicista, periodista y gestora cultural. Ha trabajado en campa\u00f1as de relaciones p\u00fablicas y publicidad a nivel nacional e internacional para empresas, organizaciones sin fines de lucro y dependencias gubernamentales, destac\u00e1ndose en las estrategias, campa\u00f1as pol\u00edticas y manejo de prensa. Cree en el poder de las comunicaciones para cambiar el mundo. Entre sus pasiones se encuentran las artes, el turismo, la cultura, escribir, dibujar y pintar. Actualmente, es Ejecutiva de Cuentas Senior en IB Communication Consulting, agencia que trabaja las comunicaciones integradas de sindicatos, pol\u00edticos, municipios y empresas privadas.<\/p>\n","protected":false},"excerpt":{"rendered":"<p>Wilmarilis S\u00e1nchez Romeu, egresada de la Maestr\u00eda en Gesti\u00f3n y Administraci\u00f3n Cultural, es amante de las comunicaciones y la cultura. Se distingue como relacionista profesional licenciada, publicista, periodista y gestora cultural. Ha trabajado en campa\u00f1as de relaciones p\u00fablicas y publicidad a nivel nacional e internacional para empresas, organizaciones sin fines &#8230;<\/p>\n","protected":false},"author":3,"featured_media":0,"parent":0,"menu_order":0,"comment_status":"closed","ping_status":"closed","template":"","meta":{"footnotes":""},"class_list":["post-1733","page","type-page","status-publish","hentry","column","twocol"],"_links":{"self":[{"href":"https:\/\/humanidades.uprrp.edu\/magac\/index.php?rest_route=\/wp\/v2\/pages\/1733","targetHints":{"allow":["GET"]}}],"collection":[{"href":"https:\/\/humanidades.uprrp.edu\/magac\/index.php?rest_route=\/wp\/v2\/pages"}],"about":[{"href":"https:\/\/humanidades.uprrp.edu\/magac\/index.php?rest_route=\/wp\/v2\/types\/page"}],"author":[{"embeddable":true,"href":"https:\/\/humanidades.uprrp.edu\/magac\/index.php?rest_route=\/wp\/v2\/users\/3"}],"replies":[{"embeddable":true,"href":"https:\/\/humanidades.uprrp.edu\/magac\/index.php?rest_route=%2Fwp%2Fv2%2Fcomments&post=1733"}],"version-history":[{"count":1,"href":"https:\/\/humanidades.uprrp.edu\/magac\/index.php?rest_route=\/wp\/v2\/pages\/1733\/revisions"}],"predecessor-version":[{"id":1734,"href":"https:\/\/humanidades.uprrp.edu\/magac\/index.php?rest_route=\/wp\/v2\/pages\/1733\/revisions\/1734"}],"wp:attachment":[{"href":"https:\/\/humanidades.uprrp.edu\/magac\/index.php?rest_route=%2Fwp%2Fv2%2Fmedia&parent=1733"}],"curies":[{"name":"wp","href":"https:\/\/api.w.org\/{rel}","templated":true}]}}