{"id":1730,"date":"2022-07-22T15:43:21","date_gmt":"2022-07-22T19:43:21","guid":{"rendered":"https:\/\/humanidades.uprrp.edu\/magac\/?page_id=1730"},"modified":"2022-07-22T15:43:21","modified_gmt":"2022-07-22T19:43:21","slug":"sheila-marie-burgos-santiago","status":"publish","type":"page","link":"https:\/\/humanidades.uprrp.edu\/magac\/?page_id=1730","title":{"rendered":"Sheila Marie Burgos Santiago"},"content":{"rendered":"<figure id=\"attachment_1699\" aria-describedby=\"caption-attachment-1699\" style=\"width: 1509px\" class=\"wp-caption aligncenter\"><a href=\"https:\/\/humanidades.uprrp.edu\/magac\/wp-content\/uploads\/2022\/07\/POSTER_Burgos-Santiago-Sheila-e1658516558643.jpg\"><img loading=\"lazy\" decoding=\"async\" class=\"size-full wp-image-1699\" src=\"https:\/\/humanidades.uprrp.edu\/magac\/wp-content\/uploads\/2022\/07\/POSTER_Burgos-Santiago-Sheila-e1658516558643.jpg\" alt=\"\" width=\"1509\" height=\"1884\" srcset=\"https:\/\/humanidades.uprrp.edu\/magac\/wp-content\/uploads\/2022\/07\/POSTER_Burgos-Santiago-Sheila-e1658516558643.jpg 1509w, https:\/\/humanidades.uprrp.edu\/magac\/wp-content\/uploads\/2022\/07\/POSTER_Burgos-Santiago-Sheila-e1658516558643-240x300.jpg 240w, https:\/\/humanidades.uprrp.edu\/magac\/wp-content\/uploads\/2022\/07\/POSTER_Burgos-Santiago-Sheila-e1658516558643-768x959.jpg 768w, https:\/\/humanidades.uprrp.edu\/magac\/wp-content\/uploads\/2022\/07\/POSTER_Burgos-Santiago-Sheila-e1658516558643-820x1024.jpg 820w, https:\/\/humanidades.uprrp.edu\/magac\/wp-content\/uploads\/2022\/07\/POSTER_Burgos-Santiago-Sheila-e1658516558643-700x874.jpg 700w\" sizes=\"auto, (max-width: 1509px) 100vw, 1509px\" \/><\/a><figcaption id=\"caption-attachment-1699\" class=\"wp-caption-text\">Sheila Marie Burgos Santiago<\/figcaption><\/figure>\n<p>Sheila Marie Burgos Santiago es una profesional luquillence destacada en el campo de la investigaci\u00f3n-acci\u00f3n, la gesti\u00f3n cultural y el mundo del bienestar. Cuenta con m\u00e1s de 15 a\u00f1os de experiencia trabajando en proyectos sociales, organizaciones sin fines de lucro y en iniciativas con agencias gubernamentales enfocadas en los derechos humanos, la prevenci\u00f3n de violencia y el desarrollo social. Con un toque muy detallado y energ\u00e9tico, ha coordinado eventos y actividades de gran escala para entidades tanto p\u00fablicas como privadas. Tambi\u00e9n ha facilitado espacios y brindado servicios en temas de bienestar, mindfulness y autocuidado para todo tipo de p\u00fablico y edades, trabajando espec\u00edficamente con la salud emocional y f\u00edsica de familias y participantes con el objetivo de manejar procesos de trauma, de sanaci\u00f3n y transformaci\u00f3n personal<\/p>\n","protected":false},"excerpt":{"rendered":"<p>Sheila Marie Burgos Santiago es una profesional luquillence destacada en el campo de la investigaci\u00f3n-acci\u00f3n, la gesti\u00f3n cultural y el mundo del bienestar. Cuenta con m\u00e1s de 15 a\u00f1os de experiencia trabajando en proyectos sociales, organizaciones sin fines de lucro y en iniciativas con agencias gubernamentales enfocadas en los derechos &#8230;<\/p>\n","protected":false},"author":3,"featured_media":0,"parent":0,"menu_order":0,"comment_status":"closed","ping_status":"closed","template":"","meta":{"footnotes":""},"class_list":["post-1730","page","type-page","status-publish","hentry","column","twocol"],"_links":{"self":[{"href":"https:\/\/humanidades.uprrp.edu\/magac\/index.php?rest_route=\/wp\/v2\/pages\/1730","targetHints":{"allow":["GET"]}}],"collection":[{"href":"https:\/\/humanidades.uprrp.edu\/magac\/index.php?rest_route=\/wp\/v2\/pages"}],"about":[{"href":"https:\/\/humanidades.uprrp.edu\/magac\/index.php?rest_route=\/wp\/v2\/types\/page"}],"author":[{"embeddable":true,"href":"https:\/\/humanidades.uprrp.edu\/magac\/index.php?rest_route=\/wp\/v2\/users\/3"}],"replies":[{"embeddable":true,"href":"https:\/\/humanidades.uprrp.edu\/magac\/index.php?rest_route=%2Fwp%2Fv2%2Fcomments&post=1730"}],"version-history":[{"count":1,"href":"https:\/\/humanidades.uprrp.edu\/magac\/index.php?rest_route=\/wp\/v2\/pages\/1730\/revisions"}],"predecessor-version":[{"id":1731,"href":"https:\/\/humanidades.uprrp.edu\/magac\/index.php?rest_route=\/wp\/v2\/pages\/1730\/revisions\/1731"}],"wp:attachment":[{"href":"https:\/\/humanidades.uprrp.edu\/magac\/index.php?rest_route=%2Fwp%2Fv2%2Fmedia&parent=1730"}],"curies":[{"name":"wp","href":"https:\/\/api.w.org\/{rel}","templated":true}]}}