{"id":1727,"date":"2022-07-22T15:41:45","date_gmt":"2022-07-22T19:41:45","guid":{"rendered":"https:\/\/humanidades.uprrp.edu\/magac\/?page_id=1727"},"modified":"2022-07-22T15:41:45","modified_gmt":"2022-07-22T19:41:45","slug":"germarilis-ruiz-galloza","status":"publish","type":"page","link":"https:\/\/humanidades.uprrp.edu\/magac\/?page_id=1727","title":{"rendered":"Germarilis Ruiz Galloza"},"content":{"rendered":"<figure id=\"attachment_1702\" aria-describedby=\"caption-attachment-1702\" style=\"width: 1518px\" class=\"wp-caption aligncenter\"><a href=\"https:\/\/humanidades.uprrp.edu\/magac\/wp-content\/uploads\/2022\/07\/POSTER_Ruiz-Galloza-Germarilis-e1658516628769.jpg\"><img loading=\"lazy\" decoding=\"async\" class=\"size-full wp-image-1702\" src=\"https:\/\/humanidades.uprrp.edu\/magac\/wp-content\/uploads\/2022\/07\/POSTER_Ruiz-Galloza-Germarilis-e1658516628769.jpg\" alt=\"\" width=\"1518\" height=\"1794\" srcset=\"https:\/\/humanidades.uprrp.edu\/magac\/wp-content\/uploads\/2022\/07\/POSTER_Ruiz-Galloza-Germarilis-e1658516628769.jpg 1518w, https:\/\/humanidades.uprrp.edu\/magac\/wp-content\/uploads\/2022\/07\/POSTER_Ruiz-Galloza-Germarilis-e1658516628769-254x300.jpg 254w, https:\/\/humanidades.uprrp.edu\/magac\/wp-content\/uploads\/2022\/07\/POSTER_Ruiz-Galloza-Germarilis-e1658516628769-768x908.jpg 768w, https:\/\/humanidades.uprrp.edu\/magac\/wp-content\/uploads\/2022\/07\/POSTER_Ruiz-Galloza-Germarilis-e1658516628769-866x1024.jpg 866w, https:\/\/humanidades.uprrp.edu\/magac\/wp-content\/uploads\/2022\/07\/POSTER_Ruiz-Galloza-Germarilis-e1658516628769-700x827.jpg 700w\" sizes=\"auto, (max-width: 1518px) 100vw, 1518px\" \/><\/a><figcaption id=\"caption-attachment-1702\" class=\"wp-caption-text\">Germarilis Ruiz Galloza<\/figcaption><\/figure>\n<p>Germarilis Ruiz Galloza es arquitecta en entrenamiento, dise\u00f1adora multidisciplinaria, gestora cultural y educadora. Obtuvo un bachillerato en Arquitectura, con un grado menor en Representaci\u00f3n Arquitect\u00f3nica, de la Escuela de Arquitectura de la Pontificia Universidad Cat\u00f3lica, Ponce. Complet\u00f3, adem\u00e1s, una Maestr\u00eda en Gesti\u00f3n y Administraci\u00f3n Cultural de la Universidad de Puerto Rico. Ha colaborado en el fortalecimiento de la oferta acad\u00e9micas y desarrollo de programas como el Bachillerato de Desarrollo Sostenible de la Universidad del Sagrado Coraz\u00f3n, dise\u00f1o de oferta acad\u00e9mica en Emprendimiento, dise\u00f1o del programa de verano La Cepita y ha apoyado a participantes de los programas empresariales La CEPA y La Resi, parte de Nuestro Barrio. Dada su preparaci\u00f3n acad\u00e9mica, colabora en el desarrollo de productos y fabricaci\u00f3n de prototipos tangibles, utilizando m\u00e1quinas especializadas como: 3D Printer, Laser Cutter, Roland Milling Machine, Shopbot CNC, en el Laboratorio de Fabricaci\u00f3n (FabLab) de Neeuko. Actualmente, dirige el Centro de Innovaci\u00f3n Colaborativa de la Universidad del Sagrado Coraz\u00f3n, Neeuko, donde tambi\u00e9n se desempe\u00f1\u00f3 como Coordinadora de Cultura de Innovaci\u00f3n y Emprendimiento.<\/p>\n","protected":false},"excerpt":{"rendered":"<p>Germarilis Ruiz Galloza es arquitecta en entrenamiento, dise\u00f1adora multidisciplinaria, gestora cultural y educadora. Obtuvo un bachillerato en Arquitectura, con un grado menor en Representaci\u00f3n Arquitect\u00f3nica, de la Escuela de Arquitectura de la Pontificia Universidad Cat\u00f3lica, Ponce. Complet\u00f3, adem\u00e1s, una Maestr\u00eda en Gesti\u00f3n y Administraci\u00f3n Cultural de la Universidad de Puerto &#8230;<\/p>\n","protected":false},"author":3,"featured_media":0,"parent":0,"menu_order":0,"comment_status":"closed","ping_status":"closed","template":"","meta":{"footnotes":""},"class_list":["post-1727","page","type-page","status-publish","hentry","column","twocol"],"_links":{"self":[{"href":"https:\/\/humanidades.uprrp.edu\/magac\/index.php?rest_route=\/wp\/v2\/pages\/1727","targetHints":{"allow":["GET"]}}],"collection":[{"href":"https:\/\/humanidades.uprrp.edu\/magac\/index.php?rest_route=\/wp\/v2\/pages"}],"about":[{"href":"https:\/\/humanidades.uprrp.edu\/magac\/index.php?rest_route=\/wp\/v2\/types\/page"}],"author":[{"embeddable":true,"href":"https:\/\/humanidades.uprrp.edu\/magac\/index.php?rest_route=\/wp\/v2\/users\/3"}],"replies":[{"embeddable":true,"href":"https:\/\/humanidades.uprrp.edu\/magac\/index.php?rest_route=%2Fwp%2Fv2%2Fcomments&post=1727"}],"version-history":[{"count":1,"href":"https:\/\/humanidades.uprrp.edu\/magac\/index.php?rest_route=\/wp\/v2\/pages\/1727\/revisions"}],"predecessor-version":[{"id":1728,"href":"https:\/\/humanidades.uprrp.edu\/magac\/index.php?rest_route=\/wp\/v2\/pages\/1727\/revisions\/1728"}],"wp:attachment":[{"href":"https:\/\/humanidades.uprrp.edu\/magac\/index.php?rest_route=%2Fwp%2Fv2%2Fmedia&parent=1727"}],"curies":[{"name":"wp","href":"https:\/\/api.w.org\/{rel}","templated":true}]}}