{"id":1724,"date":"2022-07-22T15:40:20","date_gmt":"2022-07-22T19:40:20","guid":{"rendered":"https:\/\/humanidades.uprrp.edu\/magac\/?page_id=1724"},"modified":"2022-07-22T15:40:20","modified_gmt":"2022-07-22T19:40:20","slug":"natasha-sagardia-beltran","status":"publish","type":"page","link":"https:\/\/humanidades.uprrp.edu\/magac\/?page_id=1724","title":{"rendered":"Natasha Sagardia Beltr\u00e1n"},"content":{"rendered":"<figure id=\"attachment_1703\" aria-describedby=\"caption-attachment-1703\" style=\"width: 1516px\" class=\"wp-caption aligncenter\"><a href=\"https:\/\/humanidades.uprrp.edu\/magac\/wp-content\/uploads\/2022\/07\/POSTER_Sagardia-Natasha-e1658516647110.jpg\"><img loading=\"lazy\" decoding=\"async\" class=\"size-full wp-image-1703\" src=\"https:\/\/humanidades.uprrp.edu\/magac\/wp-content\/uploads\/2022\/07\/POSTER_Sagardia-Natasha-e1658516647110.jpg\" alt=\"\" width=\"1516\" height=\"1902\" srcset=\"https:\/\/humanidades.uprrp.edu\/magac\/wp-content\/uploads\/2022\/07\/POSTER_Sagardia-Natasha-e1658516647110.jpg 1516w, https:\/\/humanidades.uprrp.edu\/magac\/wp-content\/uploads\/2022\/07\/POSTER_Sagardia-Natasha-e1658516647110-239x300.jpg 239w, https:\/\/humanidades.uprrp.edu\/magac\/wp-content\/uploads\/2022\/07\/POSTER_Sagardia-Natasha-e1658516647110-768x964.jpg 768w, https:\/\/humanidades.uprrp.edu\/magac\/wp-content\/uploads\/2022\/07\/POSTER_Sagardia-Natasha-e1658516647110-816x1024.jpg 816w, https:\/\/humanidades.uprrp.edu\/magac\/wp-content\/uploads\/2022\/07\/POSTER_Sagardia-Natasha-e1658516647110-700x878.jpg 700w\" sizes=\"auto, (max-width: 1516px) 100vw, 1516px\" \/><\/a><figcaption id=\"caption-attachment-1703\" class=\"wp-caption-text\">Natasha Sagard\u00eda Beltr\u00e1n<\/figcaption><\/figure>\n<p>De formaci\u00f3n multidisciplinaria e intereses variados, Natasha Sagardia se enfoca en incentivar la capacidad c\u00edvica de los individuos a trav\u00e9s de sus proyectos. Ha desarrollado programas educativos comunitarios enfocados en el deporte, la recreaci\u00f3n y la consciencia ambiental, festivales culturales y deportivos internacionales, y rutas de turismo sostenible entre diversos sectores. Adem\u00e1s de gestora cultural, es profesora de la Universidad de Puerto Rico en Arecibo y R\u00edo Piedras, donde imparte cursos a nivel subgraduado y graduado. Actualmente, est\u00e1 culminando un doctorado en Sociolog\u00eda. Le apasiona la capacidad reflexiva de los individuos, lo cotidiano, la agencia social y la acci\u00f3n c\u00edvica.<\/p>\n","protected":false},"excerpt":{"rendered":"<p>De formaci\u00f3n multidisciplinaria e intereses variados, Natasha Sagardia se enfoca en incentivar la capacidad c\u00edvica de los individuos a trav\u00e9s de sus proyectos. Ha desarrollado programas educativos comunitarios enfocados en el deporte, la recreaci\u00f3n y la consciencia ambiental, festivales culturales y deportivos internacionales, y rutas de turismo sostenible entre diversos &#8230;<\/p>\n","protected":false},"author":3,"featured_media":0,"parent":0,"menu_order":0,"comment_status":"closed","ping_status":"closed","template":"","meta":{"footnotes":""},"class_list":["post-1724","page","type-page","status-publish","hentry","column","twocol"],"_links":{"self":[{"href":"https:\/\/humanidades.uprrp.edu\/magac\/index.php?rest_route=\/wp\/v2\/pages\/1724","targetHints":{"allow":["GET"]}}],"collection":[{"href":"https:\/\/humanidades.uprrp.edu\/magac\/index.php?rest_route=\/wp\/v2\/pages"}],"about":[{"href":"https:\/\/humanidades.uprrp.edu\/magac\/index.php?rest_route=\/wp\/v2\/types\/page"}],"author":[{"embeddable":true,"href":"https:\/\/humanidades.uprrp.edu\/magac\/index.php?rest_route=\/wp\/v2\/users\/3"}],"replies":[{"embeddable":true,"href":"https:\/\/humanidades.uprrp.edu\/magac\/index.php?rest_route=%2Fwp%2Fv2%2Fcomments&post=1724"}],"version-history":[{"count":1,"href":"https:\/\/humanidades.uprrp.edu\/magac\/index.php?rest_route=\/wp\/v2\/pages\/1724\/revisions"}],"predecessor-version":[{"id":1725,"href":"https:\/\/humanidades.uprrp.edu\/magac\/index.php?rest_route=\/wp\/v2\/pages\/1724\/revisions\/1725"}],"wp:attachment":[{"href":"https:\/\/humanidades.uprrp.edu\/magac\/index.php?rest_route=%2Fwp%2Fv2%2Fmedia&parent=1724"}],"curies":[{"name":"wp","href":"https:\/\/api.w.org\/{rel}","templated":true}]}}