{"id":1714,"date":"2022-07-22T15:31:09","date_gmt":"2022-07-22T19:31:09","guid":{"rendered":"https:\/\/humanidades.uprrp.edu\/magac\/?page_id=1714"},"modified":"2022-07-22T15:31:09","modified_gmt":"2022-07-22T19:31:09","slug":"gabriela-gonzalez-izquierdo","status":"publish","type":"page","link":"https:\/\/humanidades.uprrp.edu\/magac\/?page_id=1714","title":{"rendered":"Gabriela Gonz\u00e1lez Izquierdo"},"content":{"rendered":"<figure id=\"attachment_1697\" aria-describedby=\"caption-attachment-1697\" style=\"width: 1521px\" class=\"wp-caption aligncenter\"><a href=\"https:\/\/humanidades.uprrp.edu\/magac\/wp-content\/uploads\/2022\/07\/POSTER_-Izquierdo-Gabriela-e1658516742594.jpg\"><img loading=\"lazy\" decoding=\"async\" class=\"wp-image-1697 size-full\" src=\"https:\/\/humanidades.uprrp.edu\/magac\/wp-content\/uploads\/2022\/07\/POSTER_-Izquierdo-Gabriela-e1658516742594.jpg\" alt=\"\" width=\"1521\" height=\"1911\" srcset=\"https:\/\/humanidades.uprrp.edu\/magac\/wp-content\/uploads\/2022\/07\/POSTER_-Izquierdo-Gabriela-e1658516742594.jpg 1521w, https:\/\/humanidades.uprrp.edu\/magac\/wp-content\/uploads\/2022\/07\/POSTER_-Izquierdo-Gabriela-e1658516742594-239x300.jpg 239w, https:\/\/humanidades.uprrp.edu\/magac\/wp-content\/uploads\/2022\/07\/POSTER_-Izquierdo-Gabriela-e1658516742594-768x965.jpg 768w, https:\/\/humanidades.uprrp.edu\/magac\/wp-content\/uploads\/2022\/07\/POSTER_-Izquierdo-Gabriela-e1658516742594-815x1024.jpg 815w, https:\/\/humanidades.uprrp.edu\/magac\/wp-content\/uploads\/2022\/07\/POSTER_-Izquierdo-Gabriela-e1658516742594-700x879.jpg 700w\" sizes=\"auto, (max-width: 1521px) 100vw, 1521px\" \/><\/a><figcaption id=\"caption-attachment-1697\" class=\"wp-caption-text\">Gabriela Gonz\u00e1lez Izquierdo<\/figcaption><\/figure>\n<p>Tras culminar la Maestr\u00eda en Gesti\u00f3n y Administraci\u00f3n Cultural, Gabriela Gonz\u00e1lez continu\u00f3 laborando como profesional de las comunicaciones dentro del sector sin fines de lucro y cultural, algo que lleva haciendo por m\u00e1s de 12 a\u00f1os. En el 2015, se traslad\u00f3 al estado de New Jersey, donde trabaj\u00f3 como Gerente de Comunicaciones de una organizaci\u00f3n cultural que se dedica a la educaci\u00f3n musical y a la producci\u00f3n anual del Festival de Jazz de Montclair.<\/p>\n<p>Actualmente, Gabriela se desempe\u00f1a como Vice Presidenta de Comunicaciones y Desarrollo en Acacia Network, una organizaci\u00f3n de base puertorrique\u00f1a con sede en la ciudad de Nueva York, cuyos programas en las \u00e1reas de vivienda, salud primaria y mental, servicios sociales, educaci\u00f3n, desarrollo econ\u00f3mico, y arte y cultura atienden a m\u00e1s de 150,000 personas de todas las edades. Entre otras gestiones culturales, Gabriela trabaja junto al equipo de Acacia y organizaciones locales de base comunitaria para organizar las Ferias de Salud FERIARTE en Puerto Rico, as\u00ed como el Festival Cultural LOISAIDA en Nueva York.<\/p>\n","protected":false},"excerpt":{"rendered":"<p>Tras culminar la Maestr\u00eda en Gesti\u00f3n y Administraci\u00f3n Cultural, Gabriela Gonz\u00e1lez continu\u00f3 laborando como profesional de las comunicaciones dentro del sector sin fines de lucro y cultural, algo que lleva haciendo por m\u00e1s de 12 a\u00f1os. En el 2015, se traslad\u00f3 al estado de New Jersey, donde trabaj\u00f3 como Gerente &#8230;<\/p>\n","protected":false},"author":3,"featured_media":0,"parent":0,"menu_order":0,"comment_status":"closed","ping_status":"closed","template":"","meta":{"footnotes":""},"class_list":["post-1714","page","type-page","status-publish","hentry","column","twocol"],"_links":{"self":[{"href":"https:\/\/humanidades.uprrp.edu\/magac\/index.php?rest_route=\/wp\/v2\/pages\/1714","targetHints":{"allow":["GET"]}}],"collection":[{"href":"https:\/\/humanidades.uprrp.edu\/magac\/index.php?rest_route=\/wp\/v2\/pages"}],"about":[{"href":"https:\/\/humanidades.uprrp.edu\/magac\/index.php?rest_route=\/wp\/v2\/types\/page"}],"author":[{"embeddable":true,"href":"https:\/\/humanidades.uprrp.edu\/magac\/index.php?rest_route=\/wp\/v2\/users\/3"}],"replies":[{"embeddable":true,"href":"https:\/\/humanidades.uprrp.edu\/magac\/index.php?rest_route=%2Fwp%2Fv2%2Fcomments&post=1714"}],"version-history":[{"count":1,"href":"https:\/\/humanidades.uprrp.edu\/magac\/index.php?rest_route=\/wp\/v2\/pages\/1714\/revisions"}],"predecessor-version":[{"id":1715,"href":"https:\/\/humanidades.uprrp.edu\/magac\/index.php?rest_route=\/wp\/v2\/pages\/1714\/revisions\/1715"}],"wp:attachment":[{"href":"https:\/\/humanidades.uprrp.edu\/magac\/index.php?rest_route=%2Fwp%2Fv2%2Fmedia&parent=1714"}],"curies":[{"name":"wp","href":"https:\/\/api.w.org\/{rel}","templated":true}]}}