{"id":1707,"date":"2022-07-22T15:10:21","date_gmt":"2022-07-22T19:10:21","guid":{"rendered":"https:\/\/humanidades.uprrp.edu\/magac\/?page_id=1707"},"modified":"2022-07-22T15:10:21","modified_gmt":"2022-07-22T19:10:21","slug":"ruth-e-torres-hernandez","status":"publish","type":"page","link":"https:\/\/humanidades.uprrp.edu\/magac\/?page_id=1707","title":{"rendered":"Ruth E. Torres Hern\u00e1ndez"},"content":{"rendered":"<figure id=\"attachment_1698\" aria-describedby=\"caption-attachment-1698\" style=\"width: 1518px\" class=\"wp-caption alignnone\"><a href=\"https:\/\/humanidades.uprrp.edu\/magac\/wp-content\/uploads\/2022\/07\/POSTER_-Torres-Hernandez-Ruth-e1658516541715.jpg\"><img loading=\"lazy\" decoding=\"async\" class=\"size-full wp-image-1698\" src=\"https:\/\/humanidades.uprrp.edu\/magac\/wp-content\/uploads\/2022\/07\/POSTER_-Torres-Hernandez-Ruth-e1658516541715.jpg\" alt=\"\" width=\"1518\" height=\"1893\" srcset=\"https:\/\/humanidades.uprrp.edu\/magac\/wp-content\/uploads\/2022\/07\/POSTER_-Torres-Hernandez-Ruth-e1658516541715.jpg 1518w, https:\/\/humanidades.uprrp.edu\/magac\/wp-content\/uploads\/2022\/07\/POSTER_-Torres-Hernandez-Ruth-e1658516541715-241x300.jpg 241w, https:\/\/humanidades.uprrp.edu\/magac\/wp-content\/uploads\/2022\/07\/POSTER_-Torres-Hernandez-Ruth-e1658516541715-768x958.jpg 768w, https:\/\/humanidades.uprrp.edu\/magac\/wp-content\/uploads\/2022\/07\/POSTER_-Torres-Hernandez-Ruth-e1658516541715-821x1024.jpg 821w, https:\/\/humanidades.uprrp.edu\/magac\/wp-content\/uploads\/2022\/07\/POSTER_-Torres-Hernandez-Ruth-e1658516541715-700x873.jpg 700w\" sizes=\"auto, (max-width: 1518px) 100vw, 1518px\" \/><\/a><figcaption id=\"caption-attachment-1698\" class=\"wp-caption-text\">Ruth E. Torres Hern\u00e1ndez<\/figcaption><\/figure>\n<p>Ruth E. Torres Hern\u00e1ndez se ha desempe\u00f1ado en el \u00e1rea art\u00edstica y cultural desde diversas pr\u00e1cticas como la actuaci\u00f3n, el baile, los zancos, las relaciones p\u00fablicas y el trabajo comunitario. Cuenta con dos bachilleratos: uno en Relaciones P\u00fablicas y Publicidad y otro en Franc\u00e9s, m\u00e1s una maestr\u00eda en Gesti\u00f3n y Administraci\u00f3n Cultural, todos de la Universidad de Puerto Rico, Recinto de R\u00edo Piedras. Su inter\u00e9s por buscar alternativas viables para proyectos culturales la llevan a realizar su internado en la Liga de Cooperativas, que sent\u00f3 las bases para su tesis titulada <em>Las cooperativas culturales: entre el arte y la rentabilidad &#8211; Estudio de las cooperativas juveniles de bellas artes en Puerto Rico<\/em>.<\/p>\n<p>Trabaj\u00f3 como gestora cultural y relacionista licenciada para la compa\u00f1\u00eda art\u00edstica, Producciones Arte Zanquia\u2019o y fue coordinadora regional del programa de bellas artes, Taller Cien: La Nueva DivEdCo en cinco escuelas intermedias del \u00e1rea oeste de Puerto Rico. Asimismo, ha ofrecido talleres de teatro y cooperativismo a j\u00f3venes en comunidades marginalizadas. Actualmente, estudia su grado doctoral en filosof\u00eda en Estudios Culturales en la Universidad Ana G. M\u00e9ndez, Recinto de Gurabo y es la directora de la Unidad de Eventos de la UPRRP, encargada de los eventos culturales, sociales, recreativos e institucionales del primer centro docente del Pa\u00eds.<\/p>\n","protected":false},"excerpt":{"rendered":"<p>Ruth E. Torres Hern\u00e1ndez se ha desempe\u00f1ado en el \u00e1rea art\u00edstica y cultural desde diversas pr\u00e1cticas como la actuaci\u00f3n, el baile, los zancos, las relaciones p\u00fablicas y el trabajo comunitario. Cuenta con dos bachilleratos: uno en Relaciones P\u00fablicas y Publicidad y otro en Franc\u00e9s, m\u00e1s una maestr\u00eda en Gesti\u00f3n y &#8230;<\/p>\n","protected":false},"author":3,"featured_media":0,"parent":0,"menu_order":0,"comment_status":"closed","ping_status":"closed","template":"","meta":{"footnotes":""},"class_list":["post-1707","page","type-page","status-publish","hentry","column","twocol"],"_links":{"self":[{"href":"https:\/\/humanidades.uprrp.edu\/magac\/index.php?rest_route=\/wp\/v2\/pages\/1707","targetHints":{"allow":["GET"]}}],"collection":[{"href":"https:\/\/humanidades.uprrp.edu\/magac\/index.php?rest_route=\/wp\/v2\/pages"}],"about":[{"href":"https:\/\/humanidades.uprrp.edu\/magac\/index.php?rest_route=\/wp\/v2\/types\/page"}],"author":[{"embeddable":true,"href":"https:\/\/humanidades.uprrp.edu\/magac\/index.php?rest_route=\/wp\/v2\/users\/3"}],"replies":[{"embeddable":true,"href":"https:\/\/humanidades.uprrp.edu\/magac\/index.php?rest_route=%2Fwp%2Fv2%2Fcomments&post=1707"}],"version-history":[{"count":1,"href":"https:\/\/humanidades.uprrp.edu\/magac\/index.php?rest_route=\/wp\/v2\/pages\/1707\/revisions"}],"predecessor-version":[{"id":1708,"href":"https:\/\/humanidades.uprrp.edu\/magac\/index.php?rest_route=\/wp\/v2\/pages\/1707\/revisions\/1708"}],"wp:attachment":[{"href":"https:\/\/humanidades.uprrp.edu\/magac\/index.php?rest_route=%2Fwp%2Fv2%2Fmedia&parent=1707"}],"curies":[{"name":"wp","href":"https:\/\/api.w.org\/{rel}","templated":true}]}}