{"id":1695,"date":"2022-07-22T15:09:04","date_gmt":"2022-07-22T19:09:04","guid":{"rendered":"https:\/\/humanidades.uprrp.edu\/magac\/?page_id=1695"},"modified":"2023-03-07T10:10:27","modified_gmt":"2023-03-07T14:10:27","slug":"despues-de-magac","status":"publish","type":"page","link":"https:\/\/humanidades.uprrp.edu\/magac\/?page_id=1695","title":{"rendered":"Despu\u00e9s de MAGAC &#8211; Primera Temporada"},"content":{"rendered":"<p>\u201cDespu\u00e9s de MAGAC\u201d es una iniciativa dirigida a conocer las trayectorias y logros de les estudiantes luego de graduarse de la Maestr\u00eda en Gesti\u00f3n y Administraci\u00f3n Cultural (MAGAC). Con esta iniciativa buscamos compartir con la comunidad estudiantil y cultural las aportaciones actuales de nuestres egresades, quienes, con su riqueza y diversidad de saberes, siguen aportando a la gesta creativa en nuestra sociedad.<\/p>\n<table>\n<tbody>\n<tr>\n<td width=\"125\">\n<p><figure id=\"attachment_1698\" aria-describedby=\"caption-attachment-1698\" style=\"width: 150px\" class=\"wp-caption aligncenter\"><a href=\"https:\/\/humanidades.uprrp.edu\/magac\/?page_id=1707\"><img loading=\"lazy\" decoding=\"async\" class=\"wp-image-1698 size-thumbnail\" src=\"https:\/\/humanidades.uprrp.edu\/magac\/wp-content\/uploads\/2022\/07\/POSTER_-Torres-Hernandez-Ruth-e1658516541715-150x150.jpg\" alt=\"\" width=\"150\" height=\"150\" srcset=\"https:\/\/humanidades.uprrp.edu\/magac\/wp-content\/uploads\/2022\/07\/POSTER_-Torres-Hernandez-Ruth-e1658516541715-150x150.jpg 150w, https:\/\/humanidades.uprrp.edu\/magac\/wp-content\/uploads\/2022\/07\/POSTER_-Torres-Hernandez-Ruth-e1658516541715-432x432.jpg 432w, https:\/\/humanidades.uprrp.edu\/magac\/wp-content\/uploads\/2022\/07\/POSTER_-Torres-Hernandez-Ruth-e1658516541715-268x268.jpg 268w\" sizes=\"auto, (max-width: 150px) 100vw, 150px\" \/><\/a><figcaption id=\"caption-attachment-1698\" class=\"wp-caption-text\">Ruth E. Torres Hern\u00e1ndez<\/figcaption><\/figure><\/td>\n<td width=\"125\">\n<p><figure id=\"attachment_1697\" aria-describedby=\"caption-attachment-1697\" style=\"width: 150px\" class=\"wp-caption aligncenter\"><a href=\"https:\/\/humanidades.uprrp.edu\/magac\/?page_id=1714\"><img loading=\"lazy\" decoding=\"async\" class=\"size-thumbnail wp-image-1697\" src=\"https:\/\/humanidades.uprrp.edu\/magac\/wp-content\/uploads\/2022\/07\/POSTER_-Izquierdo-Gabriela-e1658516742594-150x150.jpg\" alt=\"\" width=\"150\" height=\"150\" srcset=\"https:\/\/humanidades.uprrp.edu\/magac\/wp-content\/uploads\/2022\/07\/POSTER_-Izquierdo-Gabriela-e1658516742594-150x150.jpg 150w, https:\/\/humanidades.uprrp.edu\/magac\/wp-content\/uploads\/2022\/07\/POSTER_-Izquierdo-Gabriela-e1658516742594-432x432.jpg 432w, https:\/\/humanidades.uprrp.edu\/magac\/wp-content\/uploads\/2022\/07\/POSTER_-Izquierdo-Gabriela-e1658516742594-268x268.jpg 268w\" sizes=\"auto, (max-width: 150px) 100vw, 150px\" \/><\/a><figcaption id=\"caption-attachment-1697\" class=\"wp-caption-text\">Gabriela Gonz\u00e1lez Izquierdo<\/figcaption><\/figure><\/td>\n<td width=\"125\">\n<p><figure id=\"attachment_1696\" aria-describedby=\"caption-attachment-1696\" style=\"width: 150px\" class=\"wp-caption aligncenter\"><a href=\"https:\/\/humanidades.uprrp.edu\/magac\/?page_id=1718\"><img loading=\"lazy\" decoding=\"async\" class=\"wp-image-1696 size-thumbnail\" src=\"https:\/\/humanidades.uprrp.edu\/magac\/wp-content\/uploads\/2022\/07\/POSTER_-Cosme-Windy-e1658516761831-150x150.jpg\" alt=\"\" width=\"150\" height=\"150\" srcset=\"https:\/\/humanidades.uprrp.edu\/magac\/wp-content\/uploads\/2022\/07\/POSTER_-Cosme-Windy-e1658516761831-150x150.jpg 150w, https:\/\/humanidades.uprrp.edu\/magac\/wp-content\/uploads\/2022\/07\/POSTER_-Cosme-Windy-e1658516761831-432x432.jpg 432w, https:\/\/humanidades.uprrp.edu\/magac\/wp-content\/uploads\/2022\/07\/POSTER_-Cosme-Windy-e1658516761831-268x268.jpg 268w\" sizes=\"auto, (max-width: 150px) 100vw, 150px\" \/><\/a><figcaption id=\"caption-attachment-1696\" class=\"wp-caption-text\">Windy Marie Cosme Rosario<\/figcaption><\/figure><\/td>\n<td width=\"125\">\n<p><figure id=\"attachment_1703\" aria-describedby=\"caption-attachment-1703\" style=\"width: 150px\" class=\"wp-caption aligncenter\"><a href=\"https:\/\/humanidades.uprrp.edu\/magac\/?page_id=1724\"><img loading=\"lazy\" decoding=\"async\" class=\"wp-image-1703 size-thumbnail\" src=\"https:\/\/humanidades.uprrp.edu\/magac\/wp-content\/uploads\/2022\/07\/POSTER_Sagardia-Natasha-e1658516647110-150x150.jpg\" alt=\"\" width=\"150\" height=\"150\" srcset=\"https:\/\/humanidades.uprrp.edu\/magac\/wp-content\/uploads\/2022\/07\/POSTER_Sagardia-Natasha-e1658516647110-150x150.jpg 150w, https:\/\/humanidades.uprrp.edu\/magac\/wp-content\/uploads\/2022\/07\/POSTER_Sagardia-Natasha-e1658516647110-432x432.jpg 432w, https:\/\/humanidades.uprrp.edu\/magac\/wp-content\/uploads\/2022\/07\/POSTER_Sagardia-Natasha-e1658516647110-268x268.jpg 268w\" sizes=\"auto, (max-width: 150px) 100vw, 150px\" \/><\/a><figcaption id=\"caption-attachment-1703\" class=\"wp-caption-text\">Natasha Sagard\u00eda Beltr\u00e1n<\/figcaption><\/figure><\/td>\n<\/tr>\n<tr>\n<td width=\"125\">\n<p><figure id=\"attachment_1702\" aria-describedby=\"caption-attachment-1702\" style=\"width: 150px\" class=\"wp-caption aligncenter\"><a href=\"https:\/\/humanidades.uprrp.edu\/magac\/?page_id=1727\"><img loading=\"lazy\" decoding=\"async\" class=\"size-thumbnail wp-image-1702\" src=\"https:\/\/humanidades.uprrp.edu\/magac\/wp-content\/uploads\/2022\/07\/POSTER_Ruiz-Galloza-Germarilis-e1658516628769-150x150.jpg\" alt=\"\" width=\"150\" height=\"150\" srcset=\"https:\/\/humanidades.uprrp.edu\/magac\/wp-content\/uploads\/2022\/07\/POSTER_Ruiz-Galloza-Germarilis-e1658516628769-150x150.jpg 150w, https:\/\/humanidades.uprrp.edu\/magac\/wp-content\/uploads\/2022\/07\/POSTER_Ruiz-Galloza-Germarilis-e1658516628769-432x432.jpg 432w, https:\/\/humanidades.uprrp.edu\/magac\/wp-content\/uploads\/2022\/07\/POSTER_Ruiz-Galloza-Germarilis-e1658516628769-268x268.jpg 268w\" sizes=\"auto, (max-width: 150px) 100vw, 150px\" \/><\/a><figcaption id=\"caption-attachment-1702\" class=\"wp-caption-text\">Germarilis Ruiz Galloza<\/figcaption><\/figure><\/td>\n<td width=\"125\">\n<p><figure id=\"attachment_1699\" aria-describedby=\"caption-attachment-1699\" style=\"width: 150px\" class=\"wp-caption aligncenter\"><a href=\"https:\/\/humanidades.uprrp.edu\/magac\/?page_id=1730\"><img loading=\"lazy\" decoding=\"async\" class=\"size-thumbnail wp-image-1699\" src=\"https:\/\/humanidades.uprrp.edu\/magac\/wp-content\/uploads\/2022\/07\/POSTER_Burgos-Santiago-Sheila-e1658516558643-150x150.jpg\" alt=\"\" width=\"150\" height=\"150\" srcset=\"https:\/\/humanidades.uprrp.edu\/magac\/wp-content\/uploads\/2022\/07\/POSTER_Burgos-Santiago-Sheila-e1658516558643-150x150.jpg 150w, https:\/\/humanidades.uprrp.edu\/magac\/wp-content\/uploads\/2022\/07\/POSTER_Burgos-Santiago-Sheila-e1658516558643-432x432.jpg 432w, https:\/\/humanidades.uprrp.edu\/magac\/wp-content\/uploads\/2022\/07\/POSTER_Burgos-Santiago-Sheila-e1658516558643-268x268.jpg 268w\" sizes=\"auto, (max-width: 150px) 100vw, 150px\" \/><\/a><figcaption id=\"caption-attachment-1699\" class=\"wp-caption-text\">Sheila Marie Burgos Santiago<\/figcaption><\/figure><\/td>\n<td width=\"125\">\n<p><figure id=\"attachment_1704\" aria-describedby=\"caption-attachment-1704\" style=\"width: 150px\" class=\"wp-caption aligncenter\"><a href=\"https:\/\/humanidades.uprrp.edu\/magac\/?page_id=1733\"><img loading=\"lazy\" decoding=\"async\" class=\"size-thumbnail wp-image-1704\" src=\"https:\/\/humanidades.uprrp.edu\/magac\/wp-content\/uploads\/2022\/07\/POSTER_Sanchez-Romeu-Wilmarilis-e1658516679533-150x150.jpg\" alt=\"\" width=\"150\" height=\"150\" srcset=\"https:\/\/humanidades.uprrp.edu\/magac\/wp-content\/uploads\/2022\/07\/POSTER_Sanchez-Romeu-Wilmarilis-e1658516679533-150x150.jpg 150w, https:\/\/humanidades.uprrp.edu\/magac\/wp-content\/uploads\/2022\/07\/POSTER_Sanchez-Romeu-Wilmarilis-e1658516679533-432x432.jpg 432w, https:\/\/humanidades.uprrp.edu\/magac\/wp-content\/uploads\/2022\/07\/POSTER_Sanchez-Romeu-Wilmarilis-e1658516679533-268x268.jpg 268w\" sizes=\"auto, (max-width: 150px) 100vw, 150px\" \/><\/a><figcaption id=\"caption-attachment-1704\" class=\"wp-caption-text\">Wilmarilis S\u00e1nchez Romeu<\/figcaption><\/figure><\/td>\n<td width=\"125\">\n<p><figure id=\"attachment_1705\" aria-describedby=\"caption-attachment-1705\" style=\"width: 150px\" class=\"wp-caption aligncenter\"><a href=\"https:\/\/humanidades.uprrp.edu\/magac\/?page_id=1735http:\/\/\"><img loading=\"lazy\" decoding=\"async\" class=\"size-thumbnail wp-image-1705\" src=\"https:\/\/humanidades.uprrp.edu\/magac\/wp-content\/uploads\/2022\/07\/POSTER_Torres-Colon-Graciela-e1658516718585-150x150.jpg\" alt=\"\" width=\"150\" height=\"150\" srcset=\"https:\/\/humanidades.uprrp.edu\/magac\/wp-content\/uploads\/2022\/07\/POSTER_Torres-Colon-Graciela-e1658516718585-150x150.jpg 150w, https:\/\/humanidades.uprrp.edu\/magac\/wp-content\/uploads\/2022\/07\/POSTER_Torres-Colon-Graciela-e1658516718585-432x432.jpg 432w, https:\/\/humanidades.uprrp.edu\/magac\/wp-content\/uploads\/2022\/07\/POSTER_Torres-Colon-Graciela-e1658516718585-268x268.jpg 268w\" sizes=\"auto, (max-width: 150px) 100vw, 150px\" \/><\/a><figcaption id=\"caption-attachment-1705\" class=\"wp-caption-text\">Graciela M. Torres Col\u00f3n<\/figcaption><\/figure><\/td>\n<\/tr>\n<tr>\n<td width=\"125\">\n<p><figure id=\"attachment_1701\" aria-describedby=\"caption-attachment-1701\" style=\"width: 150px\" class=\"wp-caption aligncenter\"><a href=\"https:\/\/humanidades.uprrp.edu\/magac\/?page_id=1738\"><img loading=\"lazy\" decoding=\"async\" class=\"size-thumbnail wp-image-1701\" src=\"https:\/\/humanidades.uprrp.edu\/magac\/wp-content\/uploads\/2022\/07\/POSTER_Rivera-Lebron-Sonia-e1658516594571-150x150.jpg\" alt=\"\" width=\"150\" height=\"150\" srcset=\"https:\/\/humanidades.uprrp.edu\/magac\/wp-content\/uploads\/2022\/07\/POSTER_Rivera-Lebron-Sonia-e1658516594571-150x150.jpg 150w, https:\/\/humanidades.uprrp.edu\/magac\/wp-content\/uploads\/2022\/07\/POSTER_Rivera-Lebron-Sonia-e1658516594571-432x432.jpg 432w, https:\/\/humanidades.uprrp.edu\/magac\/wp-content\/uploads\/2022\/07\/POSTER_Rivera-Lebron-Sonia-e1658516594571-268x268.jpg 268w\" sizes=\"auto, (max-width: 150px) 100vw, 150px\" \/><\/a><figcaption id=\"caption-attachment-1701\" class=\"wp-caption-text\">Sonia Edith Rivera Lebr\u00f3n<\/figcaption><\/figure><\/td>\n<td width=\"125\">\n<p><figure id=\"attachment_1700\" aria-describedby=\"caption-attachment-1700\" style=\"width: 150px\" class=\"wp-caption aligncenter\"><a href=\"https:\/\/humanidades.uprrp.edu\/magac\/?page_id=1741\"><img loading=\"lazy\" decoding=\"async\" class=\"size-thumbnail wp-image-1700\" src=\"https:\/\/humanidades.uprrp.edu\/magac\/wp-content\/uploads\/2022\/07\/POSTER_Picouto-Maria-Estelle-e1658516574221-150x150.jpg\" alt=\"\" width=\"150\" height=\"150\" srcset=\"https:\/\/humanidades.uprrp.edu\/magac\/wp-content\/uploads\/2022\/07\/POSTER_Picouto-Maria-Estelle-e1658516574221-150x150.jpg 150w, https:\/\/humanidades.uprrp.edu\/magac\/wp-content\/uploads\/2022\/07\/POSTER_Picouto-Maria-Estelle-e1658516574221-432x432.jpg 432w, https:\/\/humanidades.uprrp.edu\/magac\/wp-content\/uploads\/2022\/07\/POSTER_Picouto-Maria-Estelle-e1658516574221-268x268.jpg 268w\" sizes=\"auto, (max-width: 150px) 100vw, 150px\" \/><\/a><figcaption id=\"caption-attachment-1700\" class=\"wp-caption-text\">Mar\u00eda Estelle Picouto<\/figcaption><\/figure><\/td>\n<td width=\"125\"><\/td>\n<td width=\"125\"><\/td>\n<\/tr>\n<\/tbody>\n<\/table>\n<table>\n<tbody>\n<tr>\n<td width=\"125\"><\/td>\n<td width=\"125\"><\/td>\n<td width=\"125\"><\/td>\n<td width=\"125\"><\/td>\n<td width=\"125\"><\/td>\n<\/tr>\n<tr>\n<td width=\"125\"><\/td>\n<td width=\"125\"><\/td>\n<td width=\"125\"><\/td>\n<td width=\"125\"><\/td>\n<td width=\"125\"><\/td>\n<\/tr>\n<\/tbody>\n<\/table>\n","protected":false},"excerpt":{"rendered":"<p>\u201cDespu\u00e9s de MAGAC\u201d es una iniciativa dirigida a conocer las trayectorias y logros de les estudiantes luego de graduarse de la Maestr\u00eda en Gesti\u00f3n y Administraci\u00f3n Cultural (MAGAC). Con esta iniciativa buscamos compartir con la comunidad estudiantil y cultural las aportaciones actuales de nuestres egresades, quienes, con su riqueza y &#8230;<\/p>\n","protected":false},"author":3,"featured_media":0,"parent":0,"menu_order":0,"comment_status":"closed","ping_status":"closed","template":"","meta":{"footnotes":""},"class_list":["post-1695","page","type-page","status-publish","hentry","column","twocol"],"_links":{"self":[{"href":"https:\/\/humanidades.uprrp.edu\/magac\/index.php?rest_route=\/wp\/v2\/pages\/1695","targetHints":{"allow":["GET"]}}],"collection":[{"href":"https:\/\/humanidades.uprrp.edu\/magac\/index.php?rest_route=\/wp\/v2\/pages"}],"about":[{"href":"https:\/\/humanidades.uprrp.edu\/magac\/index.php?rest_route=\/wp\/v2\/types\/page"}],"author":[{"embeddable":true,"href":"https:\/\/humanidades.uprrp.edu\/magac\/index.php?rest_route=\/wp\/v2\/users\/3"}],"replies":[{"embeddable":true,"href":"https:\/\/humanidades.uprrp.edu\/magac\/index.php?rest_route=%2Fwp%2Fv2%2Fcomments&post=1695"}],"version-history":[{"count":16,"href":"https:\/\/humanidades.uprrp.edu\/magac\/index.php?rest_route=\/wp\/v2\/pages\/1695\/revisions"}],"predecessor-version":[{"id":1804,"href":"https:\/\/humanidades.uprrp.edu\/magac\/index.php?rest_route=\/wp\/v2\/pages\/1695\/revisions\/1804"}],"wp:attachment":[{"href":"https:\/\/humanidades.uprrp.edu\/magac\/index.php?rest_route=%2Fwp%2Fv2%2Fmedia&parent=1695"}],"curies":[{"name":"wp","href":"https:\/\/api.w.org\/{rel}","templated":true}]}}