{"id":1312,"date":"2016-05-09T16:29:03","date_gmt":"2016-05-09T20:29:03","guid":{"rendered":"https:\/\/humanidades.uprrp.edu\/magac\/?page_id=1312"},"modified":"2016-06-27T18:31:22","modified_gmt":"2016-06-27T22:31:22","slug":"defensas","status":"publish","type":"page","link":"https:\/\/humanidades.uprrp.edu\/magac\/?page_id=1312","title":{"rendered":"Defensas"},"content":{"rendered":"<p>Si quiere ver algunas defensas de nuestros egresados, puede hacer clic en los siguientes\u00a0enlaces\/fotograf\u00edas\u00a0y ser\u00e1 referido a un video de 14 minutos por\u00a0defensa. Si requiere ver el material completo, por favor comun\u00edquese con la oficina de MAGAC.<\/p>\n<p><a href=\"https:\/\/www.youtube.com\/watch?v=Fv5-x6iee00\"><img loading=\"lazy\" decoding=\"async\" class=\"alignnone size-medium wp-image-1293\" src=\"https:\/\/humanidades.uprrp.edu\/magac\/wp-content\/uploads\/2016\/05\/ana-ivelisse--300x167.jpg\" alt=\"ana ivelisse\" width=\"300\" height=\"167\" srcset=\"https:\/\/humanidades.uprrp.edu\/magac\/wp-content\/uploads\/2016\/05\/ana-ivelisse--300x167.jpg 300w, https:\/\/humanidades.uprrp.edu\/magac\/wp-content\/uploads\/2016\/05\/ana-ivelisse--1024x570.jpg 1024w, https:\/\/humanidades.uprrp.edu\/magac\/wp-content\/uploads\/2016\/05\/ana-ivelisse--700x393.jpg 700w, https:\/\/humanidades.uprrp.edu\/magac\/wp-content\/uploads\/2016\/05\/ana-ivelisse-.jpg 1680w\" sizes=\"auto, (max-width: 300px) 100vw, 300px\" \/><\/a><br \/>\n<a href=\"https:\/\/www.youtube.com\/watch?v=Fv5-x6iee00\">Ana Ivelisse Feliciano: Blik TV televisi\u00f3n cul-<br \/>\ntural en internet<\/a><\/p>\n<p><a href=\"https:\/\/www.youtube.com\/watch?v=0BDPZldVn4s\"><img loading=\"lazy\" decoding=\"async\" class=\"alignnone size-medium wp-image-1295\" src=\"https:\/\/humanidades.uprrp.edu\/magac\/wp-content\/uploads\/2016\/05\/ana-ivelisse-1-300x167.jpg\" alt=\"ana ivelisse\" width=\"300\" height=\"167\" srcset=\"https:\/\/humanidades.uprrp.edu\/magac\/wp-content\/uploads\/2016\/05\/ana-ivelisse-1-300x167.jpg 300w, https:\/\/humanidades.uprrp.edu\/magac\/wp-content\/uploads\/2016\/05\/ana-ivelisse-1-1024x569.jpg 1024w, https:\/\/humanidades.uprrp.edu\/magac\/wp-content\/uploads\/2016\/05\/ana-ivelisse-1-700x393.jpg 700w, https:\/\/humanidades.uprrp.edu\/magac\/wp-content\/uploads\/2016\/05\/ana-ivelisse-1.jpg 1680w\" sizes=\"auto, (max-width: 300px) 100vw, 300px\" \/><\/a><br \/>\n<a href=\"https:\/\/www.youtube.com\/watch?v=0BDPZldVn4s\">Adriana Pantoja, La creaci\u00f3n de la biblioteca<br \/>\nteatral Cisne<\/a><\/p>\n<p><a href=\"https:\/\/www.youtube.com\/watch?v=VDpZ57p7f7k\"><img loading=\"lazy\" decoding=\"async\" class=\"alignnone size-medium wp-image-1298\" src=\"https:\/\/humanidades.uprrp.edu\/magac\/wp-content\/uploads\/2016\/05\/amanda-alonso-300x163.jpg\" alt=\"amanda alonso\" width=\"300\" height=\"163\" srcset=\"https:\/\/humanidades.uprrp.edu\/magac\/wp-content\/uploads\/2016\/05\/amanda-alonso-300x163.jpg 300w, https:\/\/humanidades.uprrp.edu\/magac\/wp-content\/uploads\/2016\/05\/amanda-alonso-1024x556.jpg 1024w, https:\/\/humanidades.uprrp.edu\/magac\/wp-content\/uploads\/2016\/05\/amanda-alonso-700x380.jpg 700w, https:\/\/humanidades.uprrp.edu\/magac\/wp-content\/uploads\/2016\/05\/amanda-alonso.jpg 1673w\" sizes=\"auto, (max-width: 300px) 100vw, 300px\" \/><\/a><br \/>\n<a href=\"https:\/\/www.youtube.com\/watch?v=VDpZ57p7f7k\">Amanda Alonso, Exhibiciones de Artes: Gu\u00eda<br \/>\nPr\u00e1ctica<\/a><\/p>\n<p><a href=\"https:\/\/www.youtube.com\/watch?v=7L68lngvndY\"><img loading=\"lazy\" decoding=\"async\" class=\"alignnone size-medium wp-image-1299\" src=\"https:\/\/humanidades.uprrp.edu\/magac\/wp-content\/uploads\/2016\/05\/paloma-300x167.jpg\" alt=\"paloma\" width=\"300\" height=\"167\" srcset=\"https:\/\/humanidades.uprrp.edu\/magac\/wp-content\/uploads\/2016\/05\/paloma-300x167.jpg 300w, https:\/\/humanidades.uprrp.edu\/magac\/wp-content\/uploads\/2016\/05\/paloma-1024x571.jpg 1024w, https:\/\/humanidades.uprrp.edu\/magac\/wp-content\/uploads\/2016\/05\/paloma-700x393.jpg 700w, https:\/\/humanidades.uprrp.edu\/magac\/wp-content\/uploads\/2016\/05\/paloma.jpg 1678w\" sizes=\"auto, (max-width: 300px) 100vw, 300px\" \/><\/a><br \/>\n<a href=\"https:\/\/www.youtube.com\/watch?v=7L68lngvndY\">Paloma Rivera Zarate, Programa de Artes para<br \/>\nla edad de oro<\/a><\/p>\n<p><a href=\"https:\/\/www.youtube.com\/watch?v=nMdRoOLTBes\"><img loading=\"lazy\" decoding=\"async\" class=\"alignnone size-medium wp-image-1301\" src=\"https:\/\/humanidades.uprrp.edu\/magac\/wp-content\/uploads\/2016\/05\/ernesto-300x167.jpg\" alt=\"ernesto\" width=\"300\" height=\"167\" srcset=\"https:\/\/humanidades.uprrp.edu\/magac\/wp-content\/uploads\/2016\/05\/ernesto-300x167.jpg 300w, https:\/\/humanidades.uprrp.edu\/magac\/wp-content\/uploads\/2016\/05\/ernesto-1024x571.jpg 1024w, https:\/\/humanidades.uprrp.edu\/magac\/wp-content\/uploads\/2016\/05\/ernesto-700x393.jpg 700w, https:\/\/humanidades.uprrp.edu\/magac\/wp-content\/uploads\/2016\/05\/ernesto.jpg 1678w\" sizes=\"auto, (max-width: 300px) 100vw, 300px\" \/><\/a><br \/>\n<a href=\"https:\/\/www.youtube.com\/watch?v=nMdRoOLTBes\">Ernesto Hern\u00e1ndez, El rol educativo de los<br \/>\nmuseos: la accesibilidad y adaptaci\u00f3n de la<br \/>\nprogramaci\u00f3n para la poblaci\u00f3n con impedi-<br \/>\nmentos visuales<\/a><a href=\"https:\/\/www.youtube.com\/watch?v=nMdRoOLTBes\"><br \/>\n<\/a><\/p>\n<p><a href=\"https:\/\/www.youtube.com\/watch?v=Rp_kpixlez0\"><img loading=\"lazy\" decoding=\"async\" class=\"alignnone size-medium wp-image-1302\" src=\"https:\/\/humanidades.uprrp.edu\/magac\/wp-content\/uploads\/2016\/05\/omar-guzman-300x167.jpg\" alt=\"omar guzman\" width=\"300\" height=\"167\" srcset=\"https:\/\/humanidades.uprrp.edu\/magac\/wp-content\/uploads\/2016\/05\/omar-guzman-300x167.jpg 300w, https:\/\/humanidades.uprrp.edu\/magac\/wp-content\/uploads\/2016\/05\/omar-guzman-1024x570.jpg 1024w, https:\/\/humanidades.uprrp.edu\/magac\/wp-content\/uploads\/2016\/05\/omar-guzman-700x393.jpg 700w, https:\/\/humanidades.uprrp.edu\/magac\/wp-content\/uploads\/2016\/05\/omar-guzman.jpg 1674w\" sizes=\"auto, (max-width: 300px) 100vw, 300px\" \/><\/a><br \/>\n<a href=\"https:\/\/www.youtube.com\/watch?v=Rp_kpixlez0\">Omar Guzman, Recorriendo El Velorio:<\/a><br \/>\n<a href=\"https:\/\/www.youtube.com\/watch?v=Rp_kpixlez0\">Pod-tour por un patrimonio cultural<\/a><\/p>\n<p><a href=\"https:\/\/www.youtube.com\/watch?v=K3F6f13Wbmw\"><img loading=\"lazy\" decoding=\"async\" class=\"alignnone size-medium wp-image-1307\" src=\"https:\/\/humanidades.uprrp.edu\/magac\/wp-content\/uploads\/2016\/05\/monica-300x167.jpg\" alt=\"monica\" width=\"300\" height=\"167\" srcset=\"https:\/\/humanidades.uprrp.edu\/magac\/wp-content\/uploads\/2016\/05\/monica-300x167.jpg 300w, https:\/\/humanidades.uprrp.edu\/magac\/wp-content\/uploads\/2016\/05\/monica-1024x570.jpg 1024w, https:\/\/humanidades.uprrp.edu\/magac\/wp-content\/uploads\/2016\/05\/monica-700x393.jpg 700w, https:\/\/humanidades.uprrp.edu\/magac\/wp-content\/uploads\/2016\/05\/monica.jpg 1670w\" sizes=\"auto, (max-width: 300px) 100vw, 300px\" \/><\/a><br \/>\n<a href=\"https:\/\/www.youtube.com\/watch?v=K3F6f13Wbmw\">M\u00f3nica Hernandez, Propuesta de ley para<\/a><br \/>\n<a href=\"https:\/\/www.youtube.com\/watch?v=K3F6f13Wbmw\">el fomento para el desarrollo cinematogr\u00e1-<\/a><br \/>\n<a href=\"https:\/\/www.youtube.com\/watch?v=K3F6f13Wbmw\">fico en Puerto Rico<\/a><\/p>\n<p><a href=\"https:\/\/www.youtube.com\/watch?v=S2Vj-5aQUQI\"><img loading=\"lazy\" decoding=\"async\" class=\"alignnone size-medium wp-image-1309\" src=\"https:\/\/humanidades.uprrp.edu\/magac\/wp-content\/uploads\/2016\/05\/coai-300x168.jpg\" alt=\"coai\" width=\"300\" height=\"168\" srcset=\"https:\/\/humanidades.uprrp.edu\/magac\/wp-content\/uploads\/2016\/05\/coai-300x168.jpg 300w, https:\/\/humanidades.uprrp.edu\/magac\/wp-content\/uploads\/2016\/05\/coai-1024x574.jpg 1024w, https:\/\/humanidades.uprrp.edu\/magac\/wp-content\/uploads\/2016\/05\/coai-700x393.jpg 700w, https:\/\/humanidades.uprrp.edu\/magac\/wp-content\/uploads\/2016\/05\/coai.jpg 1674w\" sizes=\"auto, (max-width: 300px) 100vw, 300px\" \/><\/a><br \/>\n<a href=\"https:\/\/www.youtube.com\/watch?v=S2Vj-5aQUQI\">Vanessa Coa\u00ed Rodr\u00edguez, Curadur\u00eda en co-<\/a><br \/>\n<a href=\"https:\/\/www.youtube.com\/watch?v=S2Vj-5aQUQI\">creaci\u00f3n: Experiencia en la Casa de Cultura <\/a><br \/>\n<a href=\"https:\/\/www.youtube.com\/watch?v=S2Vj-5aQUQI\">Ruth Hern\u00e1ndez Torres<\/a><\/p>\n","protected":false},"excerpt":{"rendered":"<p>Si quiere ver algunas defensas de nuestros egresados, puede hacer clic en los siguientes\u00a0enlaces\/fotograf\u00edas\u00a0y ser\u00e1 referido a un video de 14 minutos por\u00a0defensa. Si requiere ver el material completo, por favor comun\u00edquese con la oficina de MAGAC. Ana Ivelisse Feliciano: Blik TV televisi\u00f3n cul- tural en internet Adriana Pantoja, La &#8230;<\/p>\n","protected":false},"author":3,"featured_media":0,"parent":0,"menu_order":0,"comment_status":"closed","ping_status":"closed","template":"","meta":{"footnotes":""},"class_list":["post-1312","page","type-page","status-publish","hentry","column","twocol"],"_links":{"self":[{"href":"https:\/\/humanidades.uprrp.edu\/magac\/index.php?rest_route=\/wp\/v2\/pages\/1312","targetHints":{"allow":["GET"]}}],"collection":[{"href":"https:\/\/humanidades.uprrp.edu\/magac\/index.php?rest_route=\/wp\/v2\/pages"}],"about":[{"href":"https:\/\/humanidades.uprrp.edu\/magac\/index.php?rest_route=\/wp\/v2\/types\/page"}],"author":[{"embeddable":true,"href":"https:\/\/humanidades.uprrp.edu\/magac\/index.php?rest_route=\/wp\/v2\/users\/3"}],"replies":[{"embeddable":true,"href":"https:\/\/humanidades.uprrp.edu\/magac\/index.php?rest_route=%2Fwp%2Fv2%2Fcomments&post=1312"}],"version-history":[{"count":3,"href":"https:\/\/humanidades.uprrp.edu\/magac\/index.php?rest_route=\/wp\/v2\/pages\/1312\/revisions"}],"predecessor-version":[{"id":1360,"href":"https:\/\/humanidades.uprrp.edu\/magac\/index.php?rest_route=\/wp\/v2\/pages\/1312\/revisions\/1360"}],"wp:attachment":[{"href":"https:\/\/humanidades.uprrp.edu\/magac\/index.php?rest_route=%2Fwp%2Fv2%2Fmedia&parent=1312"}],"curies":[{"name":"wp","href":"https:\/\/api.w.org\/{rel}","templated":true}]}}