{"id":1266,"date":"2016-05-05T10:42:23","date_gmt":"2016-05-05T14:42:23","guid":{"rendered":"https:\/\/humanidades.uprrp.edu\/magac\/?page_id=1266"},"modified":"2016-05-05T10:42:31","modified_gmt":"2016-05-05T14:42:31","slug":"temas-en-gestion-de-proyectos-culturales-educacion-en-organizaciones-culturales","status":"publish","type":"page","link":"https:\/\/humanidades.uprrp.edu\/magac\/?page_id=1266","title":{"rendered":"Temas en gesti\u00f3n de proyectos culturales: Educaci\u00f3n en organizaciones  culturales"},"content":{"rendered":"<p>Partiendo de las nociones del siglo XIX, donde espacios como el museo eran vistos como complemento\u00a0pr\u00e1ctico a la teor\u00eda aprendida en las aulas, se reflexionar\u00e1 sobre como el inter\u00e9s por los procesos de\u00a0aprendizaje en las organizaciones cultura les ha tenido un desarrollo acelerado hasta convertirse en el\u00a0pilar de sus misiones y oferta program\u00e1tica. Se analizar\u00e1n programas y herramientas did\u00e1cticas dirigidas\u00a0a diversos p\u00fablicos en donde se apliquen metodolog\u00edas de la educaci\u00f3n formal, no formal e informal, as\u00ed como el perfil de los educadores que las implementan.<\/p>\n<p>El curso incluye un componente pr\u00e1ctico en\u00a0donde los estudiantes crear\u00e1n programas educativos, basados en estudios de p\u00fablico, donde tomen en\u00a0consideraci\u00f3n la multiplicidad de inteligencias, la accesibilidad, la diversidad, la interculturalidad y los\u00a0contextos comunitarios.<\/p>\n","protected":false},"excerpt":{"rendered":"<p>Partiendo de las nociones del siglo XIX, donde espacios como el museo eran vistos como complemento\u00a0pr\u00e1ctico a la teor\u00eda aprendida en las aulas, se reflexionar\u00e1 sobre como el inter\u00e9s por los procesos de\u00a0aprendizaje en las organizaciones cultura les ha tenido un desarrollo acelerado hasta convertirse en el\u00a0pilar de sus misiones &#8230;<\/p>\n","protected":false},"author":3,"featured_media":0,"parent":0,"menu_order":0,"comment_status":"closed","ping_status":"closed","template":"","meta":{"footnotes":""},"class_list":["post-1266","page","type-page","status-publish","hentry","column","twocol"],"_links":{"self":[{"href":"https:\/\/humanidades.uprrp.edu\/magac\/index.php?rest_route=\/wp\/v2\/pages\/1266","targetHints":{"allow":["GET"]}}],"collection":[{"href":"https:\/\/humanidades.uprrp.edu\/magac\/index.php?rest_route=\/wp\/v2\/pages"}],"about":[{"href":"https:\/\/humanidades.uprrp.edu\/magac\/index.php?rest_route=\/wp\/v2\/types\/page"}],"author":[{"embeddable":true,"href":"https:\/\/humanidades.uprrp.edu\/magac\/index.php?rest_route=\/wp\/v2\/users\/3"}],"replies":[{"embeddable":true,"href":"https:\/\/humanidades.uprrp.edu\/magac\/index.php?rest_route=%2Fwp%2Fv2%2Fcomments&post=1266"}],"version-history":[{"count":2,"href":"https:\/\/humanidades.uprrp.edu\/magac\/index.php?rest_route=\/wp\/v2\/pages\/1266\/revisions"}],"predecessor-version":[{"id":1268,"href":"https:\/\/humanidades.uprrp.edu\/magac\/index.php?rest_route=\/wp\/v2\/pages\/1266\/revisions\/1268"}],"wp:attachment":[{"href":"https:\/\/humanidades.uprrp.edu\/magac\/index.php?rest_route=%2Fwp%2Fv2%2Fmedia&parent=1266"}],"curies":[{"name":"wp","href":"https:\/\/api.w.org\/{rel}","templated":true}]}}