{"id":1262,"date":"2019-02-26T15:23:29","date_gmt":"2019-02-26T19:23:29","guid":{"rendered":"https:\/\/humanidades.uprrp.edu\/magac\/?page_id=1262"},"modified":"2019-02-26T15:23:29","modified_gmt":"2019-02-26T19:23:29","slug":"temas-en-gestion-cultural-y-comunicacion-modos-de-produccion-de-radio","status":"publish","type":"page","link":"https:\/\/humanidades.uprrp.edu\/magac\/?page_id=1262","title":{"rendered":"Temas en gesti\u00f3n cultural y comunicaci\u00f3n: Modos de producci\u00f3n de radio"},"content":{"rendered":"<p>Este curso explora la producci\u00f3n y gesti\u00f3n de proyectos radiales, especialmente en formatos relevantes\u00a0al \u00e1mbito cultural y de la autogesti\u00f3n, desde los episodios en serie hasta los programas informativos, de\u00a0entrevistas, c\u00e1psulas, anuncios o proyectos de servicio p\u00fablico, as\u00ed como formatos especiales, y procura\u00a0un entendimiento de las peculiaridades t\u00e9cnicas y econ\u00f3micas de cada formato.<\/p>\n<p>Veremos experiencias\u00a0reales y exitosas de radio en Puerto Rico que van del periodismo comunitario a la cr\u00f3nica cultural, el\u00a0podcast o la estaci\u00f3n en internet, del programa de periodismo investigativo al espacio informativo\u00a0tradicional y comercial. Experimentaremos con varias herramientas digitales para la gesti\u00f3n radial y\u00a0estudiaremos formatos de libreto y estructuras de producci\u00f3n y narrativas, con el fin de lograr un\u00a0proyecto final que sirva a los objetivos de nuestro emprendimiento.<\/p>\n","protected":false},"excerpt":{"rendered":"<p>Este curso explora la producci\u00f3n y gesti\u00f3n de proyectos radiales, especialmente en formatos relevantes\u00a0al \u00e1mbito cultural y de la autogesti\u00f3n, desde los episodios en serie hasta los programas informativos, de\u00a0entrevistas, c\u00e1psulas, anuncios o proyectos de servicio p\u00fablico, as\u00ed como formatos especiales, y procura\u00a0un entendimiento de las peculiaridades t\u00e9cnicas y econ\u00f3micas &#8230;<\/p>\n","protected":false},"author":3,"featured_media":0,"parent":0,"menu_order":0,"comment_status":"closed","ping_status":"closed","template":"","meta":{"footnotes":""},"class_list":["post-1262","page","type-page","status-publish","hentry","column","twocol"],"_links":{"self":[{"href":"https:\/\/humanidades.uprrp.edu\/magac\/index.php?rest_route=\/wp\/v2\/pages\/1262","targetHints":{"allow":["GET"]}}],"collection":[{"href":"https:\/\/humanidades.uprrp.edu\/magac\/index.php?rest_route=\/wp\/v2\/pages"}],"about":[{"href":"https:\/\/humanidades.uprrp.edu\/magac\/index.php?rest_route=\/wp\/v2\/types\/page"}],"author":[{"embeddable":true,"href":"https:\/\/humanidades.uprrp.edu\/magac\/index.php?rest_route=\/wp\/v2\/users\/3"}],"replies":[{"embeddable":true,"href":"https:\/\/humanidades.uprrp.edu\/magac\/index.php?rest_route=%2Fwp%2Fv2%2Fcomments&post=1262"}],"version-history":[{"count":2,"href":"https:\/\/humanidades.uprrp.edu\/magac\/index.php?rest_route=\/wp\/v2\/pages\/1262\/revisions"}],"predecessor-version":[{"id":1264,"href":"https:\/\/humanidades.uprrp.edu\/magac\/index.php?rest_route=\/wp\/v2\/pages\/1262\/revisions\/1264"}],"wp:attachment":[{"href":"https:\/\/humanidades.uprrp.edu\/magac\/index.php?rest_route=%2Fwp%2Fv2%2Fmedia&parent=1262"}],"curies":[{"name":"wp","href":"https:\/\/api.w.org\/{rel}","templated":true}]}}