{"id":1247,"date":"2016-04-25T15:46:09","date_gmt":"2016-04-25T19:46:09","guid":{"rendered":"https:\/\/humanidades.uprrp.edu\/magac\/?page_id=1247"},"modified":"2016-04-25T15:46:45","modified_gmt":"2016-04-25T19:46:45","slug":"produccion-de-eventos-culturales","status":"publish","type":"page","link":"https:\/\/humanidades.uprrp.edu\/magac\/?page_id=1247","title":{"rendered":"Producci\u00f3n de eventos culturales"},"content":{"rendered":"<p>A trav\u00e9s de ejercicios pr\u00e1cticos y de an\u00e1lisis te\u00f3ricos de eventos culturales locales e internacionales, este curso tiene el objetivo de formar en la producci\u00f3n del campo de la gesti\u00f3n cultural, tomando en consideraci\u00f3n la viabilidad art\u00edstica y t\u00e9cnica de un proyecto. Se analizar\u00e1n particularidades en organizaci\u00f3n de espect\u00e1culos, festivales, ferias, exposiciones, conciertos y actividades multitudinarias, entre otros. Se desarrollar\u00e1n conocimientos en los campos de: planificaci\u00f3n, elaboraci\u00f3n y gesti\u00f3n de presupuesto, levantamiento de fondos, supervisi\u00f3n de equipo y contrataci\u00f3n, comunicaci\u00f3n, relaciones p\u00fablicas y colaboraciones internacionales.<\/p>\n","protected":false},"excerpt":{"rendered":"<p>A trav\u00e9s de ejercicios pr\u00e1cticos y de an\u00e1lisis te\u00f3ricos de eventos culturales locales e internacionales, este curso tiene el objetivo de formar en la producci\u00f3n del campo de la gesti\u00f3n cultural, tomando en consideraci\u00f3n la viabilidad art\u00edstica y t\u00e9cnica de un proyecto. Se analizar\u00e1n particularidades en organizaci\u00f3n de espect\u00e1culos, festivales, &#8230;<\/p>\n","protected":false},"author":3,"featured_media":0,"parent":0,"menu_order":0,"comment_status":"closed","ping_status":"closed","template":"","meta":{"footnotes":""},"class_list":["post-1247","page","type-page","status-publish","hentry","column","twocol"],"_links":{"self":[{"href":"https:\/\/humanidades.uprrp.edu\/magac\/index.php?rest_route=\/wp\/v2\/pages\/1247","targetHints":{"allow":["GET"]}}],"collection":[{"href":"https:\/\/humanidades.uprrp.edu\/magac\/index.php?rest_route=\/wp\/v2\/pages"}],"about":[{"href":"https:\/\/humanidades.uprrp.edu\/magac\/index.php?rest_route=\/wp\/v2\/types\/page"}],"author":[{"embeddable":true,"href":"https:\/\/humanidades.uprrp.edu\/magac\/index.php?rest_route=\/wp\/v2\/users\/3"}],"replies":[{"embeddable":true,"href":"https:\/\/humanidades.uprrp.edu\/magac\/index.php?rest_route=%2Fwp%2Fv2%2Fcomments&post=1247"}],"version-history":[{"count":1,"href":"https:\/\/humanidades.uprrp.edu\/magac\/index.php?rest_route=\/wp\/v2\/pages\/1247\/revisions"}],"predecessor-version":[{"id":1248,"href":"https:\/\/humanidades.uprrp.edu\/magac\/index.php?rest_route=\/wp\/v2\/pages\/1247\/revisions\/1248"}],"wp:attachment":[{"href":"https:\/\/humanidades.uprrp.edu\/magac\/index.php?rest_route=%2Fwp%2Fv2%2Fmedia&parent=1247"}],"curies":[{"name":"wp","href":"https:\/\/api.w.org\/{rel}","templated":true}]}}