{"id":1111,"date":"2016-02-05T16:45:32","date_gmt":"2016-02-05T20:45:32","guid":{"rendered":"https:\/\/humanidades.uprrp.edu\/magac\/?page_id=1111"},"modified":"2016-02-05T16:45:32","modified_gmt":"2016-02-05T20:45:32","slug":"introduccion-a-la-propiedad-intelectual","status":"publish","type":"page","link":"https:\/\/humanidades.uprrp.edu\/magac\/?page_id=1111","title":{"rendered":"Introducci\u00f3n a la Propiedad Intelectual"},"content":{"rendered":"<p>Curso dise\u00f1ado para familiarizar al estudiante con los conceptos y doctrinas b\u00e1sicas para la protecci\u00f3n de propiedad intelectual incluyendo patentes, marcas, derechos de autor, derecho a la imagen propia y secretos comerciales.\u00a0 El curso est\u00e1 dirigido a estudiantes que desean exponerse al derecho de la propiedad intelectual y el impacto que tiene dicha protecci\u00f3n con otros intereses como la libre competencia y la libertad de expresi\u00f3n.<\/p>\n","protected":false},"excerpt":{"rendered":"<p>Curso dise\u00f1ado para familiarizar al estudiante con los conceptos y doctrinas b\u00e1sicas para la protecci\u00f3n de propiedad intelectual incluyendo patentes, marcas, derechos de autor, derecho a la imagen propia y secretos comerciales.\u00a0 El curso est\u00e1 dirigido a estudiantes que desean exponerse al derecho de la propiedad intelectual y el impacto &#8230;<\/p>\n","protected":false},"author":3,"featured_media":0,"parent":0,"menu_order":0,"comment_status":"closed","ping_status":"closed","template":"","meta":{"footnotes":""},"class_list":["post-1111","page","type-page","status-publish","hentry","column","twocol"],"_links":{"self":[{"href":"https:\/\/humanidades.uprrp.edu\/magac\/index.php?rest_route=\/wp\/v2\/pages\/1111","targetHints":{"allow":["GET"]}}],"collection":[{"href":"https:\/\/humanidades.uprrp.edu\/magac\/index.php?rest_route=\/wp\/v2\/pages"}],"about":[{"href":"https:\/\/humanidades.uprrp.edu\/magac\/index.php?rest_route=\/wp\/v2\/types\/page"}],"author":[{"embeddable":true,"href":"https:\/\/humanidades.uprrp.edu\/magac\/index.php?rest_route=\/wp\/v2\/users\/3"}],"replies":[{"embeddable":true,"href":"https:\/\/humanidades.uprrp.edu\/magac\/index.php?rest_route=%2Fwp%2Fv2%2Fcomments&post=1111"}],"version-history":[{"count":1,"href":"https:\/\/humanidades.uprrp.edu\/magac\/index.php?rest_route=\/wp\/v2\/pages\/1111\/revisions"}],"predecessor-version":[{"id":1112,"href":"https:\/\/humanidades.uprrp.edu\/magac\/index.php?rest_route=\/wp\/v2\/pages\/1111\/revisions\/1112"}],"wp:attachment":[{"href":"https:\/\/humanidades.uprrp.edu\/magac\/index.php?rest_route=%2Fwp%2Fv2%2Fmedia&parent=1111"}],"curies":[{"name":"wp","href":"https:\/\/api.w.org\/{rel}","templated":true}]}}