{"id":1041,"date":"2016-02-03T13:13:38","date_gmt":"2016-02-03T17:13:38","guid":{"rendered":"https:\/\/humanidades.uprrp.edu\/magac\/?page_id=1041"},"modified":"2016-02-03T13:13:38","modified_gmt":"2016-02-03T17:13:38","slug":"lowell-fiet","status":"publish","type":"page","link":"https:\/\/humanidades.uprrp.edu\/magac\/?page_id=1041","title":{"rendered":"Lowell Fiet"},"content":{"rendered":"<p><span class=\"texto\">Lowell Fiet es profesor de literatura y teatro en la Universidad de Puerto Rico, Recinto de R\u00edo Piedras y obtuvo su t\u00edtulo\u00a0doctoral en la Universidad de Wisconsin-Madison. Ha sido director del grupo estudiantil de teatro Taller de Im\u00e1genes, fundador y editor de la revista SARGASSO, y cr\u00edtico de teatro del semanario CLARIDAD. <\/span><\/p>\n<p>Entre sus haberes acad\u00e9micos se destacan\u00a0<span class=\"texto\">ensayos cr\u00edticos sobre el teatro y la cultura del Caribe hispano, la literatura, el lenguaje y la cultura de las regiones angl\u00f3fonas y franc\u00f3fonas de la cuenca caribe\u00f1a, que han sido publicados en revistas profesionales de Puerto Rico, Barbados, Jamaica, Estados Unidos, Holanda y Espa\u00f1a. Tambi\u00e9n ha sido editor varios vol\u00famenes de ensayos sobre arte, culturas caribe\u00f1as y performance. <\/span><\/p>\n","protected":false},"excerpt":{"rendered":"<p>Lowell Fiet es profesor de literatura y teatro en la Universidad de Puerto Rico, Recinto de R\u00edo Piedras y obtuvo su t\u00edtulo\u00a0doctoral en la Universidad de Wisconsin-Madison. Ha sido director del grupo estudiantil de teatro Taller de Im\u00e1genes, fundador y editor de la revista SARGASSO, y cr\u00edtico de teatro del &#8230;<\/p>\n","protected":false},"author":3,"featured_media":0,"parent":0,"menu_order":0,"comment_status":"closed","ping_status":"closed","template":"","meta":{"footnotes":""},"class_list":["post-1041","page","type-page","status-publish","hentry","column","twocol"],"_links":{"self":[{"href":"https:\/\/humanidades.uprrp.edu\/magac\/index.php?rest_route=\/wp\/v2\/pages\/1041","targetHints":{"allow":["GET"]}}],"collection":[{"href":"https:\/\/humanidades.uprrp.edu\/magac\/index.php?rest_route=\/wp\/v2\/pages"}],"about":[{"href":"https:\/\/humanidades.uprrp.edu\/magac\/index.php?rest_route=\/wp\/v2\/types\/page"}],"author":[{"embeddable":true,"href":"https:\/\/humanidades.uprrp.edu\/magac\/index.php?rest_route=\/wp\/v2\/users\/3"}],"replies":[{"embeddable":true,"href":"https:\/\/humanidades.uprrp.edu\/magac\/index.php?rest_route=%2Fwp%2Fv2%2Fcomments&post=1041"}],"version-history":[{"count":1,"href":"https:\/\/humanidades.uprrp.edu\/magac\/index.php?rest_route=\/wp\/v2\/pages\/1041\/revisions"}],"predecessor-version":[{"id":1042,"href":"https:\/\/humanidades.uprrp.edu\/magac\/index.php?rest_route=\/wp\/v2\/pages\/1041\/revisions\/1042"}],"wp:attachment":[{"href":"https:\/\/humanidades.uprrp.edu\/magac\/index.php?rest_route=%2Fwp%2Fv2%2Fmedia&parent=1041"}],"curies":[{"name":"wp","href":"https:\/\/api.w.org\/{rel}","templated":true}]}}