{"id":84,"date":"2025-04-07T15:04:36","date_gmt":"2025-04-07T19:04:36","guid":{"rendered":"https:\/\/humanidades.uprrp.edu\/lspr\/?page_id=84"},"modified":"2025-05-14T11:10:23","modified_gmt":"2025-05-14T15:10:23","slug":"miembros-del-equipo","status":"publish","type":"page","link":"https:\/\/humanidades.uprrp.edu\/lspr\/miembros-del-equipo\/","title":{"rendered":"Miembros del equipo"},"content":{"rendered":"<div class=\"wp-block-image\">\n<figure class=\"alignleft size-medium\"><img fetchpriority=\"high\" decoding=\"async\" width=\"300\" height=\"300\" src=\"https:\/\/humanidades.uprrp.edu\/lspr\/wp-content\/uploads\/sites\/14\/2025\/04\/Ricardo-Pe\u0301rez-Burgos-300x300.jpg\" alt=\"\" class=\"wp-image-108\" srcset=\"https:\/\/humanidades.uprrp.edu\/lspr\/wp-content\/uploads\/sites\/14\/2025\/04\/Ricardo-Pe\u0301rez-Burgos-300x300.jpg 300w, https:\/\/humanidades.uprrp.edu\/lspr\/wp-content\/uploads\/sites\/14\/2025\/04\/Ricardo-Pe\u0301rez-Burgos-150x150.jpg 150w, https:\/\/humanidades.uprrp.edu\/lspr\/wp-content\/uploads\/sites\/14\/2025\/04\/Ricardo-Pe\u0301rez-Burgos-175x175.jpg 175w, https:\/\/humanidades.uprrp.edu\/lspr\/wp-content\/uploads\/sites\/14\/2025\/04\/Ricardo-Pe\u0301rez-Burgos-85x85.jpg 85w, https:\/\/humanidades.uprrp.edu\/lspr\/wp-content\/uploads\/sites\/14\/2025\/04\/Ricardo-Pe\u0301rez-Burgos-100x100.jpg 100w, https:\/\/humanidades.uprrp.edu\/lspr\/wp-content\/uploads\/sites\/14\/2025\/04\/Ricardo-Pe\u0301rez-Burgos.jpg 395w\" sizes=\"(max-width: 300px) 100vw, 300px\" \/><\/figure>\n<\/div>\n\n\n<h5 class=\"wp-block-heading\"><strong>Ricardo J. P\u00e9rez Burgos<br>Universidad de Puerto Rico-R\u00edo Piedras:&nbsp;<\/strong><\/h5>\n\n\n\n<p>Obtuvo una Certificaci\u00f3n en Ciencias de ASL de la Universidad de Georgetown. Al presente, completa una Maestr\u00eda en Ling\u00fc\u00edstica en la Universidad de Puerto Rico. Ha publicado en la revista Voz de Voces, de Coordinadora Paz para la Mujer, varias entrevistas realizadas a mujeres sordas en torno a la violencia dom\u00e9stica.&nbsp;<br><\/p>\n\n\n\n<div style=\"height:54px\" aria-hidden=\"true\" class=\"wp-block-spacer\"><\/div>\n\n\n\n<hr class=\"wp-block-separator has-alpha-channel-opacity\"\/>\n\n\n\n<p><\/p>\n\n\n<div class=\"wp-block-image\">\n<figure class=\"alignleft size-medium is-resized\"><img decoding=\"async\" width=\"300\" height=\"270\" src=\"https:\/\/humanidades.uprrp.edu\/lspr\/wp-content\/uploads\/sites\/14\/2025\/04\/Marina-Marti\u0301nez-Cora-300x270.png\" alt=\"\" class=\"wp-image-107\" style=\"width:283px;height:auto\" srcset=\"https:\/\/humanidades.uprrp.edu\/lspr\/wp-content\/uploads\/sites\/14\/2025\/04\/Marina-Marti\u0301nez-Cora-300x270.png 300w, https:\/\/humanidades.uprrp.edu\/lspr\/wp-content\/uploads\/sites\/14\/2025\/04\/Marina-Marti\u0301nez-Cora.png 465w\" sizes=\"(max-width: 300px) 100vw, 300px\" \/><\/figure>\n<\/div>\n\n\n<h5 class=\"wp-block-heading\"><strong>Marina Mart\u00ednez Cora<br>Universidad de Puerto Rico-R\u00edo Piedras<\/strong><\/h5>\n\n\n\n<p>Candidata doctoral de la Universidad de Puerto Rico y directora de finanzas del \u201cRegistro de Int\u00e9rpretes para Sordos de Puerto Rico, Inc.\u201d. Estudia las lenguas de se\u00f1as, su fonolog\u00eda y adquisici\u00f3n entre hijos de sordos. Es int\u00e9rprete, se\u00f1ante nativa, quien trabaja para empoderar a la comunidad sorda sobre su educaci\u00f3n y oportunidades.<\/p>\n\n\n\n<p><\/p>\n\n\n\n<div style=\"height:34px\" aria-hidden=\"true\" class=\"wp-block-spacer\"><\/div>\n\n\n\n<hr class=\"wp-block-separator has-alpha-channel-opacity\"\/>\n\n\n<div class=\"wp-block-image\">\n<figure class=\"alignleft size-medium is-resized\"><img decoding=\"async\" width=\"300\" height=\"300\" src=\"https:\/\/humanidades.uprrp.edu\/lspr\/wp-content\/uploads\/sites\/14\/2025\/05\/person-icon-symbol-design-illustration-vector-300x300.jpg\" alt=\"\" class=\"wp-image-380\" style=\"width:310px;height:auto\" srcset=\"https:\/\/humanidades.uprrp.edu\/lspr\/wp-content\/uploads\/sites\/14\/2025\/05\/person-icon-symbol-design-illustration-vector-300x300.jpg 300w, https:\/\/humanidades.uprrp.edu\/lspr\/wp-content\/uploads\/sites\/14\/2025\/05\/person-icon-symbol-design-illustration-vector-150x150.jpg 150w, https:\/\/humanidades.uprrp.edu\/lspr\/wp-content\/uploads\/sites\/14\/2025\/05\/person-icon-symbol-design-illustration-vector-768x768.jpg 768w, https:\/\/humanidades.uprrp.edu\/lspr\/wp-content\/uploads\/sites\/14\/2025\/05\/person-icon-symbol-design-illustration-vector-175x175.jpg 175w, https:\/\/humanidades.uprrp.edu\/lspr\/wp-content\/uploads\/sites\/14\/2025\/05\/person-icon-symbol-design-illustration-vector-85x85.jpg 85w, https:\/\/humanidades.uprrp.edu\/lspr\/wp-content\/uploads\/sites\/14\/2025\/05\/person-icon-symbol-design-illustration-vector-600x600.jpg 600w, https:\/\/humanidades.uprrp.edu\/lspr\/wp-content\/uploads\/sites\/14\/2025\/05\/person-icon-symbol-design-illustration-vector-100x100.jpg 100w, https:\/\/humanidades.uprrp.edu\/lspr\/wp-content\/uploads\/sites\/14\/2025\/05\/person-icon-symbol-design-illustration-vector.jpg 980w\" sizes=\"(max-width: 300px) 100vw, 300px\" \/><\/figure>\n<\/div>\n\n\n<p><\/p>\n\n\n\n<p><\/p>\n\n\n\n<h5 class=\"wp-block-heading\"><strong>Danarangelys Lac\u00e9n Manso <br>Universidad de Puerto Rico:<\/strong><\/h5>\n\n\n\n<p>Es estudiante de primer a\u00f1o de Trabajo Social en la Universidad de Puerto Rico. En el proyecto, se encarga de identificar las se\u00f1as en los videos para editarlos, adem\u00e1s de recopilar informaci\u00f3n valiosa para el desarrollo del proyecto.<br><br><br><br><br><br><br><br><br><\/p>\n\n\n\n<p><\/p>\n\n\n\n<hr class=\"wp-block-separator has-alpha-channel-opacity\"\/>\n\n\n<div class=\"wp-block-image\">\n<figure class=\"alignleft size-medium\"><img loading=\"lazy\" decoding=\"async\" width=\"297\" height=\"300\" src=\"https:\/\/humanidades.uprrp.edu\/lspr\/wp-content\/uploads\/sites\/14\/2025\/04\/Yolanda-Rivera-Castillo-297x300.png\" alt=\"\" class=\"wp-image-109\" srcset=\"https:\/\/humanidades.uprrp.edu\/lspr\/wp-content\/uploads\/sites\/14\/2025\/04\/Yolanda-Rivera-Castillo-297x300.png 297w, https:\/\/humanidades.uprrp.edu\/lspr\/wp-content\/uploads\/sites\/14\/2025\/04\/Yolanda-Rivera-Castillo-85x85.png 85w, https:\/\/humanidades.uprrp.edu\/lspr\/wp-content\/uploads\/sites\/14\/2025\/04\/Yolanda-Rivera-Castillo-100x100.png 100w, https:\/\/humanidades.uprrp.edu\/lspr\/wp-content\/uploads\/sites\/14\/2025\/04\/Yolanda-Rivera-Castillo.png 426w\" sizes=\"(max-width: 297px) 100vw, 297px\" \/><\/figure>\n<\/div>\n\n\n<p><\/p>\n\n\n\n<h5 class=\"wp-block-heading\"><strong>Yolanda Rivera Castillo<br>Universidad de Puerto Rico-R\u00edo<\/strong> <strong>Piedras<\/strong>:<\/h5>\n\n\n\n<p>Nace en Puerto Rico. Se desempe\u00f1a como profesora en la Universidad de Puerto Rico. Ha publicado un libro y numerosos art\u00edculos sobre lenguas criollas y el espa\u00f1ol de Puerto Rico. Al presente, investiga las lenguas de se\u00f1as de Puerto Rico para documentarlas y facilitar la educaci\u00f3n de las personas se\u00f1antes.<br><br><br><br><\/p>\n\n\n\n<div style=\"height:65px\" aria-hidden=\"true\" class=\"wp-block-spacer\"><\/div>\n\n\n\n<hr class=\"wp-block-separator has-alpha-channel-opacity\"\/>\n","protected":false},"excerpt":{"rendered":"<p>Ricardo J. P\u00e9rez BurgosUniversidad de Puerto Rico-R\u00edo Piedras:&nbsp; Obtuvo una Certificaci\u00f3n en Ciencias de ASL de la Universidad de Georgetown. Al presente, completa una Maestr\u00eda en Ling\u00fc\u00edstica en la Universidad de Puerto Rico. Ha publicado en la revista Voz de Voces, de Coordinadora Paz para la Mujer, varias entrevistas realizadas a mujeres sordas en torno a la violencia dom\u00e9stica.&nbsp; Marina Mart\u00ednez CoraUniversidad de Puerto Rico-R\u00edo Piedras Candidata doctoral de la Universidad de Puerto Rico y directora de finanzas del \u201cRegistro<\/p>\n","protected":false},"author":2,"featured_media":0,"parent":0,"menu_order":0,"comment_status":"closed","ping_status":"closed","template":"template-fullwidth.php","meta":{"_eb_attr":"","_monsterinsights_skip_tracking":false,"_monsterinsights_sitenote_active":false,"_monsterinsights_sitenote_note":"","_monsterinsights_sitenote_category":0,"footnotes":""},"class_list":["post-84","page","type-page","status-publish","hentry"],"_links":{"self":[{"href":"https:\/\/humanidades.uprrp.edu\/lspr\/wp-json\/wp\/v2\/pages\/84","targetHints":{"allow":["GET"]}}],"collection":[{"href":"https:\/\/humanidades.uprrp.edu\/lspr\/wp-json\/wp\/v2\/pages"}],"about":[{"href":"https:\/\/humanidades.uprrp.edu\/lspr\/wp-json\/wp\/v2\/types\/page"}],"author":[{"embeddable":true,"href":"https:\/\/humanidades.uprrp.edu\/lspr\/wp-json\/wp\/v2\/users\/2"}],"replies":[{"embeddable":true,"href":"https:\/\/humanidades.uprrp.edu\/lspr\/wp-json\/wp\/v2\/comments?post=84"}],"version-history":[{"count":28,"href":"https:\/\/humanidades.uprrp.edu\/lspr\/wp-json\/wp\/v2\/pages\/84\/revisions"}],"predecessor-version":[{"id":399,"href":"https:\/\/humanidades.uprrp.edu\/lspr\/wp-json\/wp\/v2\/pages\/84\/revisions\/399"}],"wp:attachment":[{"href":"https:\/\/humanidades.uprrp.edu\/lspr\/wp-json\/wp\/v2\/media?parent=84"}],"curies":[{"name":"wp","href":"https:\/\/api.w.org\/{rel}","templated":true}]}}