{"id":80,"date":"2025-04-07T15:03:33","date_gmt":"2025-04-07T19:03:33","guid":{"rendered":"https:\/\/humanidades.uprrp.edu\/lspr\/?page_id=80"},"modified":"2025-05-15T08:00:13","modified_gmt":"2025-05-15T12:00:13","slug":"otras-lenguas-de-senas-ls","status":"publish","type":"page","link":"https:\/\/humanidades.uprrp.edu\/lspr\/otras-lenguas-de-senas-ls\/","title":{"rendered":"Otras lenguas de se\u00f1as (LS)"},"content":{"rendered":"\n<figure class=\"wp-block-table\"><table class=\"has-fixed-layout\"><tbody><tr><td><strong>\u00bfDe qu\u00e9 trata?\u00a0<\/strong><\/td><td><strong>Enlaces<\/strong><\/td><\/tr><tr><td><strong>Wikisigns<\/strong> Plataforma colaborativa y pluriling\u00fce donde voluntarios comparten diccionarios de lenguas de se\u00f1as, incluyendo las de M\u00e9xico, Espa\u00f1a, Guatemala y otras.<\/td><td><a href=\"https:\/\/www.wikisigns.org\/\">https:\/\/www.wikisigns.org\/<\/a><\/td><\/tr><tr><td><strong>SpreadTheSign<\/strong> Diccionario multiling\u00fce que re\u00fane se\u00f1as de diferentes lenguas de todo el mundo. *Se divide por grupos, frases (buscador inteligente), alfabeto, entre otros.<\/td><td><a href=\"https:\/\/spreadthesign.com\/es.es\/search\/\">https:\/\/spreadthesign.com\/es.es\/search\/<\/a><\/td><\/tr><tr><td><strong>Diccionario de Lengua de Se\u00f1as Ecuatoriana \u201cGabriel Rom\u00e1n\u201d<\/strong> Recurso en l\u00ednea que ofrece se\u00f1as de la Lengua de Se\u00f1as Ecuatoriana, con gr\u00e1ficos y videos explicativos.<\/td><td><a href=\"https:\/\/www.consejodiscapacidades.gob.ec\/diccionario-de-lengua-de-senas-ecuatoriano-gabriel-roman\/\">https:\/\/www.consejodiscapacidades.gob.ec\/diccionario-de-lengua-de-senas-ecuatoriano-gabriel-roman\/<\/a><\/td><\/tr><tr><td><strong>Diccionario de la Lengua de Signos Espa\u00f1ola (Fundaci\u00f3n CNSE-DILSE)<\/strong> Sitio dedicado a la lengua de se\u00f1as espa\u00f1ola, donde se puede consultar, descargar y compartir fotos y videos de se\u00f1as.<\/td><td><a href=\"https:\/\/fundacioncnse-dilse.org\/\">https:\/\/fundacioncnse-dilse.org\/<\/a><\/td><\/tr><tr><td><strong>Diccionario Espa\u00f1ol \u2013 Lengua de Se\u00f1as Mexicana (AULEX)<\/strong> Recurso en l\u00ednea para aprender la lengua de se\u00f1as mexicana, incluyendo vocabulario y gram\u00e1tica.<\/td><td><a href=\"https:\/\/aulex.org\/lsm\/\">https:\/\/aulex.org\/lsm\/<\/a><\/td><\/tr><tr><td><strong>Diccionario Electr\u00f3nico de la Lengua a Se\u00f1as Mexicana<\/strong> Otra opci\u00f3n para explorar la lengua de se\u00f1as mexicana, presentado en formato digital (con espacio para comentarios).<\/td><td><a href=\"https:\/\/delsm.wordpress.com\/\">https:\/\/delsm.wordpress.com\/<\/a><\/td><\/tr><tr><td><strong>Diccionario de Lengua de Se\u00f1as (Colombia)<\/strong> Plataforma que recopila se\u00f1as utilizadas en el \u00e1mbito m\u00e9dico.<\/td><td><a href=\"https:\/\/diccionariolsc.ces.edu.co\/diccionario-completo\/\">https:\/\/diccionariolsc.ces.edu.co\/diccionario-completo\/<\/a><\/td><\/tr><tr><td><strong>SIGN-HUB<a><\/a><\/strong> Es una plataforma innovadora <a><\/a>e inclusiva dedicada a la documentaci\u00f3n ling\u00fc\u00edstica, hist\u00f3rica y cultural de las lenguas de se\u00f1as europeas y el patrimonio de sus comunidades sordas. Aunque su enfoque principal es Europa, puede ser un recurso valioso para investigadores y personas interesadas en la diversidad de las lenguas de se\u00f1as.<\/td><td>&nbsp; <a href=\"https:\/\/thesignhub.eu\/\">https:\/\/thesignhub.eu\/<\/a> &nbsp;<\/td><\/tr><tr><td><strong>HandSpeak<\/strong> Ofrece un diccionario en l\u00ednea, tutoriales, informaci\u00f3n gramatical y recursos culturales relacionados con el American Sign Language. \u200b<\/td><td>&nbsp; <a href=\"https:\/\/www.handspeak.com\/\">https:\/\/www.handspeak.com\/<\/a><\/td><\/tr><tr><td><strong>Lifeprint<\/strong> Proporciona lecciones gratuitas, incluyendo un diccionario de ASL y videos demostrativos.<\/td><td><a href=\"https:\/\/www.lifeprint.com\/\">https:\/\/www.lifeprint.com\/<\/a><\/td><\/tr><tr><td><strong>Diccionario Biling\u00fce Lengua de Se\u00f1as Chilenas &#8211; espa\u00f1ol<\/strong> El Diccionario de Lengua de Se\u00f1as Chilena (LSCh) proporciona una gu\u00eda comprensiva de las se\u00f1as empleadas en Chile para su difusi\u00f3n y el aprendizaje de la LSCh. \u200b<\/td><td><a href=\"https:\/\/especial.mineduc.cl\/wp-content\/uploads\/sites\/31\/2018\/07\/Diccionario_LSCh_A-H.pdf\">https:\/\/especial.mineduc.cl\/wp-content\/uploads\/sites\/31\/2018\/07\/Diccionario_LSCh_A-H.pdf<\/a><\/td><\/tr><tr><td><strong>Glottolog<\/strong> Aunque su enfoque es global, Glottolog es una base de datos bibliogr\u00e1fica que incluye informaci\u00f3n sobre lenguas de se\u00f1as de Am\u00e9rica Latina y el Caribe, incluyendo referencias y clasificaciones \u00fatiles para investigadores.\u200b<\/td><td><a href=\"https:\/\/glottolog.org\/glottolog?name=espanol&amp;namequerytype=part#1\/19\/141\">https:\/\/glottolog.org\/glottolog?name=espanol&amp;namequerytype=part#1\/19\/141<\/a><\/td><\/tr><tr><td><strong>(LESCO &#8211; CENAREC)<a><\/a><\/strong> El Proyecto de Descripci\u00f3n B\u00e1sica de la Lengua de Se\u00f1as Costarricense &#8211; LESCO<\/td><td><a href=\"https:\/\/lesco.cenarec.go.cr\/index.php\/diccionariolesco\">https:\/\/lesco.cenarec.go.cr\/index.php\/diccionariolesco<\/a><\/td><\/tr><tr><td><strong>LENGUA DE SE\u00d1AS<\/strong> <strong>PANAME\u00d1AS<a><\/a><\/strong> El libro de la Lengua<a><\/a> de Se\u00f1as Paname\u00f1as. La finalidad de este trabajo es lograr que la comunicaci\u00f3n entre sordos y oyentes <a><\/a>sea m\u00e1s f\u00e1cil.<\/td><td><a href=\"https:\/\/www.senadis.gob.pa\/pdf\/LENGUA_DE_SENAS-web.pdf\">https:\/\/www.senadis.gob.pa\/pdf\/LENGUA_DE_SENAS-web.pdf<\/a><\/td><\/tr><tr><td><strong>Oc\u00e9ano en Se\u00f1as<a><\/a><\/strong> \u00abOc\u00e9ano en Se\u00f1as\u00bb es un proyecto pionero en Colombia, liderado por INVEMAR. Su objetivo es crear un vocabulario de t\u00e9rminos relacionados con el oc\u00e9ano en Lengua de Se\u00f1as Colombiana. Hasta el momento, se han publicado alrededor de 120 videos en YouTube.<\/td><td><a href=\"https:\/\/youtube.com\/playlist?list=PLoD5grkTNh4_wGGn0NQuhWXMaXKPFi78s&amp;si=yKqJNb5qftLdw9B9\">https:\/\/youtube.com\/playlist?list=PLoD5grkTNh4_wGGn0NQuhWXMaXKPFi78s&amp;si=yKqJNb5qftLdw9B9<\/a> &nbsp;<\/td><\/tr><\/tbody><\/table><\/figure>\n\n\n\n<p><\/p>\n","protected":false},"excerpt":{"rendered":"<p>\u00bfDe qu\u00e9 trata?\u00a0 Enlaces Wikisigns Plataforma colaborativa y pluriling\u00fce donde voluntarios comparten diccionarios de lenguas de se\u00f1as, incluyendo las de M\u00e9xico, Espa\u00f1a, Guatemala y otras. https:\/\/www.wikisigns.org\/ SpreadTheSign Diccionario multiling\u00fce que re\u00fane se\u00f1as de diferentes lenguas de todo el mundo. *Se divide por grupos, frases (buscador inteligente), alfabeto, entre otros. https:\/\/spreadthesign.com\/es.es\/search\/ Diccionario de Lengua de Se\u00f1as Ecuatoriana \u201cGabriel Rom\u00e1n\u201d Recurso en l\u00ednea que ofrece se\u00f1as de la Lengua de Se\u00f1as Ecuatoriana, con gr\u00e1ficos y videos explicativos. https:\/\/www.consejodiscapacidades.gob.ec\/diccionario-de-lengua-de-senas-ecuatoriano-gabriel-roman\/ Diccionario de la Lengua<\/p>\n","protected":false},"author":2,"featured_media":0,"parent":0,"menu_order":0,"comment_status":"closed","ping_status":"closed","template":"template-fullwidth.php","meta":{"_eb_attr":"","_monsterinsights_skip_tracking":false,"_monsterinsights_sitenote_active":false,"_monsterinsights_sitenote_note":"","_monsterinsights_sitenote_category":0,"footnotes":""},"class_list":["post-80","page","type-page","status-publish","hentry"],"_links":{"self":[{"href":"https:\/\/humanidades.uprrp.edu\/lspr\/wp-json\/wp\/v2\/pages\/80","targetHints":{"allow":["GET"]}}],"collection":[{"href":"https:\/\/humanidades.uprrp.edu\/lspr\/wp-json\/wp\/v2\/pages"}],"about":[{"href":"https:\/\/humanidades.uprrp.edu\/lspr\/wp-json\/wp\/v2\/types\/page"}],"author":[{"embeddable":true,"href":"https:\/\/humanidades.uprrp.edu\/lspr\/wp-json\/wp\/v2\/users\/2"}],"replies":[{"embeddable":true,"href":"https:\/\/humanidades.uprrp.edu\/lspr\/wp-json\/wp\/v2\/comments?post=80"}],"version-history":[{"count":1,"href":"https:\/\/humanidades.uprrp.edu\/lspr\/wp-json\/wp\/v2\/pages\/80\/revisions"}],"predecessor-version":[{"id":82,"href":"https:\/\/humanidades.uprrp.edu\/lspr\/wp-json\/wp\/v2\/pages\/80\/revisions\/82"}],"wp:attachment":[{"href":"https:\/\/humanidades.uprrp.edu\/lspr\/wp-json\/wp\/v2\/media?parent=80"}],"curies":[{"name":"wp","href":"https:\/\/api.w.org\/{rel}","templated":true}]}}