{"id":78,"date":"2025-04-07T15:02:09","date_gmt":"2025-04-07T19:02:09","guid":{"rendered":"https:\/\/humanidades.uprrp.edu\/lspr\/?page_id=78"},"modified":"2025-05-15T11:14:17","modified_gmt":"2025-05-15T15:14:17","slug":"clasificadores","status":"publish","type":"page","link":"https:\/\/humanidades.uprrp.edu\/lspr\/clasificadores\/","title":{"rendered":"Clasificadores"},"content":{"rendered":"\n<div class=\"wp-block-columns is-layout-flex wp-container-core-columns-is-layout-9d6595d7 wp-block-columns-is-layout-flex\">\n<div class=\"wp-block-column is-layout-flow wp-block-column-is-layout-flow\" style=\"flex-basis:50%\">\n<figure class=\"wp-block-embed aligncenter is-type-video is-provider-youtube wp-block-embed-youtube wp-embed-aspect-16-9 wp-has-aspect-ratio\"><div class=\"wp-block-embed__wrapper\">\n<iframe title=\"Clasificadores\" width=\"785\" height=\"442\" src=\"https:\/\/www.youtube.com\/embed\/sZIrYcMfnTs?feature=oembed\" frameborder=\"0\" allow=\"accelerometer; autoplay; clipboard-write; encrypted-media; gyroscope; picture-in-picture; web-share\" referrerpolicy=\"strict-origin-when-cross-origin\" allowfullscreen><\/iframe>\n<\/div><\/figure>\n<\/div>\n\n\n\n<div class=\"wp-block-column is-layout-flow wp-block-column-is-layout-flow\" style=\"flex-basis:50%\">\n<p class=\"has-text-align-left\">Los clasificadores son morfemas que clasifican sustantivos de acuerdo con los criterios sem\u00e1nticos. Aronoff, Meir, Padden, y Sandler (2003, p. 63) afirman que: \u00abWe consider the label \u2018classifiers\u2019 to be acceptable for the sign language forms in question, according to the generally accepted definition of such forms: morphemes that classify nouns according to semantic criteria (see Senft, 2000a, 2000b).\u201d<\/p>\n\n\n\n<p class=\"has-text-align-left\">Un clasificador en una lengua de se\u00f1as es un morfema que muestra de manera visual ciertas propiedades de un referente y consiste en la forma de la mano combinada con ciertos tipos de expresiones verbales. SignGram Blueprint (2017, p. 802) afirma que: \u00abGenerally, a classifier is a morpheme that reflects certain semantic properties of a referent; for sign languages, a classifier is a visually motivated (iconically based) lexical\/grammatical category, mostly a handshape that combines with certain types of predicates.\u201d<\/p>\n\n\n\n<p>Herrero (2004) describe varios criterios para determinar qu\u00e9 es un clasificador: formar parte de una construcci\u00f3n gramatical, ser identificable, poder eliminarse o sustituirse; con respecto al nombre al que modifica, debe estar motivado por la sem\u00e1ntica de este, producirse con frecuencia en conjunto, y el clasificador puede sustituirlo (Herrero, 2004, p. 153):<\/p>\n<\/div>\n<\/div>\n\n\n\n<p>[\u2026]cuando hablamos de un clasificador estamos refiri\u00e9ndonos a un morfema dentro de una construcci\u00f3n, que podemos llamar por eso construcci\u00f3n clasificatoria, y que tiene los requisitos de ser abierto (overt), es decir, identificable, de formar parte de un subsistema gramatical que est\u00e1 sem\u00e1nticamente motivado por los nombres sobre los que incide o sustituye, de actuar anaf\u00f3ricamente respecto a estos nombres, y de poderse suprimir o cambiar por razones discursivas o pragm\u00e1ticas (Grinevald, 1996; Aikhenvald, 2000).<\/p>\n\n\n\n<p>Herrero (2004) propone otra terminolog\u00eda para la clasificaci\u00f3n de estos morfemas (nombres clasificatorios y clasificadores flexivos); que sigue a otros an\u00e1lisis. Sin embargo, en nuestro proyecto (<em>Clasificadores en la Lengua de Se\u00f1as de Puerto Rico<\/em>), partimos de una clasificaci\u00f3n que incluye morfemas clasificatorios de FORMA (<em>shape<\/em>) y morfemas de AGARRE (<em>handling<\/em>) (Brentari, Branchini, Fenlon, Horton, &amp; Tang, 2015, p. 48). En ambas definiciones, los clasificadores modifican los nombres y cumplen funciones para los argumentos del verbo.<\/p>\n\n\n\n<p>Algunos ejemplos de la combinaci\u00f3n de nombres y clasificadores en nuestros datos incluyen:<\/p>\n\n\n\n<p>Palma = \u00c1RBOL + (#)COCO<\/p>\n\n\n\n<p>Bistur\u00ed = CUCHILLO + OPERACI\u00d3N\/CIRUG\u00cdA<\/p>\n\n\n\n<p>Volky = CARRO + INSECTO<\/p>\n\n\n\n<p>Ejemplos de clasificadores (configuraciones clasificatorias) en la Lengua de Se\u00f1as de Puerto Rico (LSPR) que hemos identificado, incluyen:<\/p>\n\n\n\n<p>A.&nbsp;&nbsp;&nbsp;&nbsp;&nbsp;&nbsp;&nbsp; Clasificadores en la LSPR muestran que se maneja un objeto (<em>handling<\/em>):<\/p>\n\n\n\n<ol class=\"wp-block-list\">\n<li>La m\u00e1quina de recortar (Figura 1)<\/li>\n\n\n\n<li>El cepillo de peinarse (Figura 2)<\/li>\n\n\n\n<li>La cuchara para comer (Figura 3)<\/li>\n\n\n\n<li>El cepillo de dientes (Figura 4)<\/li>\n\n\n\n<li>Instrumento para bajar cocos (<a href=\"https:\/\/youtu.be\/ZQcyM_goMT4\">V\u00eddeo 1<\/a>)<\/li>\n<\/ol>\n\n\n\n<div class=\"wp-block-columns is-layout-flex wp-container-core-columns-is-layout-9d6595d7 wp-block-columns-is-layout-flex\">\n<div class=\"wp-block-column is-layout-flow wp-block-column-is-layout-flow\"><div class=\"wp-block-image\">\n<figure class=\"aligncenter size-full\"><img fetchpriority=\"high\" decoding=\"async\" width=\"548\" height=\"403\" src=\"https:\/\/humanidades.uprrp.edu\/lspr\/wp-content\/uploads\/sites\/14\/2025\/04\/Figura-1-Ma\u0301quina-de-recortar.png\" alt=\"m\u00e1quina de recortar\" class=\"wp-image-153\" style=\"aspect-ratio:4\/3;object-fit:cover\" title=\"maquina de recortar\" srcset=\"https:\/\/humanidades.uprrp.edu\/lspr\/wp-content\/uploads\/sites\/14\/2025\/04\/Figura-1-Ma\u0301quina-de-recortar.png 548w, https:\/\/humanidades.uprrp.edu\/lspr\/wp-content\/uploads\/sites\/14\/2025\/04\/Figura-1-Ma\u0301quina-de-recortar-300x221.png 300w\" sizes=\"(max-width: 548px) 100vw, 548px\" \/><figcaption class=\"wp-element-caption\">Figura 1 &#8211; m\u00e1quina de recortar<\/figcaption><\/figure>\n<\/div><\/div>\n\n\n\n<div class=\"wp-block-column is-layout-flow wp-block-column-is-layout-flow\"><div class=\"wp-block-image\">\n<figure class=\"aligncenter size-full\"><img decoding=\"async\" width=\"548\" height=\"428\" src=\"https:\/\/humanidades.uprrp.edu\/lspr\/wp-content\/uploads\/sites\/14\/2025\/04\/Figura-2-Cepillo-para-peinarse.png\" alt=\"\" class=\"wp-image-154\" style=\"aspect-ratio:4\/3;object-fit:cover\" srcset=\"https:\/\/humanidades.uprrp.edu\/lspr\/wp-content\/uploads\/sites\/14\/2025\/04\/Figura-2-Cepillo-para-peinarse.png 548w, https:\/\/humanidades.uprrp.edu\/lspr\/wp-content\/uploads\/sites\/14\/2025\/04\/Figura-2-Cepillo-para-peinarse-300x234.png 300w\" sizes=\"(max-width: 548px) 100vw, 548px\" \/><figcaption class=\"wp-element-caption\">Figura 2 &#8211; cepillo de peinarse<\/figcaption><\/figure>\n<\/div><\/div>\n\n\n\n<div class=\"wp-block-column is-layout-flow wp-block-column-is-layout-flow\"><div class=\"wp-block-image\">\n<figure class=\"aligncenter size-full\"><img decoding=\"async\" width=\"483\" height=\"410\" src=\"https:\/\/humanidades.uprrp.edu\/lspr\/wp-content\/uploads\/sites\/14\/2025\/04\/Figura-3-Cuchara-de-comer.png\" alt=\"\" class=\"wp-image-155\" style=\"aspect-ratio:4\/3;object-fit:cover\" srcset=\"https:\/\/humanidades.uprrp.edu\/lspr\/wp-content\/uploads\/sites\/14\/2025\/04\/Figura-3-Cuchara-de-comer.png 483w, https:\/\/humanidades.uprrp.edu\/lspr\/wp-content\/uploads\/sites\/14\/2025\/04\/Figura-3-Cuchara-de-comer-300x255.png 300w\" sizes=\"(max-width: 483px) 100vw, 483px\" \/><figcaption class=\"wp-element-caption\">Figura 3 -cuchara para comer<\/figcaption><\/figure>\n<\/div><\/div>\n<\/div>\n\n\n\n<div class=\"wp-block-columns is-layout-flex wp-container-core-columns-is-layout-9d6595d7 wp-block-columns-is-layout-flex\">\n<div class=\"wp-block-column is-layout-flow wp-block-column-is-layout-flow\">\n<div class=\"wp-block-group is-nowrap is-layout-flex wp-container-core-group-is-layout-ad2f72ca wp-block-group-is-layout-flex\">\n<figure class=\"wp-block-image size-full\"><img loading=\"lazy\" decoding=\"async\" width=\"483\" height=\"442\" src=\"https:\/\/humanidades.uprrp.edu\/lspr\/wp-content\/uploads\/sites\/14\/2025\/04\/Figura-4-Cepillo-de-dientes.png\" alt=\"\" class=\"wp-image-156\" style=\"aspect-ratio:4\/3;object-fit:cover\" srcset=\"https:\/\/humanidades.uprrp.edu\/lspr\/wp-content\/uploads\/sites\/14\/2025\/04\/Figura-4-Cepillo-de-dientes.png 483w, https:\/\/humanidades.uprrp.edu\/lspr\/wp-content\/uploads\/sites\/14\/2025\/04\/Figura-4-Cepillo-de-dientes-300x275.png 300w\" sizes=\"(max-width: 483px) 100vw, 483px\" \/><figcaption class=\"wp-element-caption\">Figura 4 &#8211; cepillo de dientes<\/figcaption><\/figure>\n<\/div>\n<\/div>\n\n\n\n<div class=\"wp-block-column is-vertically-aligned-center is-layout-flow wp-block-column-is-layout-flow\">\n<figure class=\"wp-block-video\"><video height=\"720\" style=\"aspect-ratio: 1280 \/ 720;\" width=\"1280\" controls src=\"https:\/\/humanidades.uprrp.edu\/lspr\/wp-content\/uploads\/sites\/14\/2025\/04\/Video-1-instrumento-para-bajar-cocos.mp4\"><\/video><\/figure>\n\n\n\n<h5 class=\"wp-block-heading has-text-align-center\">V\u00eddeo 1  &#8211; Instrumento para bajar cocos<\/h5>\n<\/div>\n<\/div>\n\n\n\n<p>B.&nbsp;&nbsp;&nbsp;&nbsp;&nbsp;&nbsp;&nbsp; Clasificadores en la LSPR se refieren a la forma de los argumentos del verbo (los objetos modificados por el verbo o <em>shape<\/em>):<\/p>\n\n\n\n<ul class=\"wp-block-list\">\n<li>La cama, mesa y otros objetos (Figura 5)<\/li>\n\n\n\n<li>Cuchillos de diferentes tipos u objetos que cortan (Figuras 6 y 7)<\/li>\n\n\n\n<li>Veh\u00edculos (<a href=\"https:\/\/youtu.be\/Io83P4RLoio\">v\u00eddeo 2<\/a> y  <a href=\"https:\/\/youtu.be\/shr6VAeoFM8\">v\u00eddeo 3<\/a>)<\/li>\n\n\n\n<li>Palma de cocos (<a href=\"https:\/\/youtu.be\/YhXsnR-mhpE\">Videos 4<\/a>)<\/li>\n<\/ul>\n\n\n\n<div class=\"wp-block-columns is-layout-flex wp-container-core-columns-is-layout-9d6595d7 wp-block-columns-is-layout-flex\">\n<div class=\"wp-block-column is-layout-flow wp-block-column-is-layout-flow\">\n<figure class=\"wp-block-video aligncenter\"><video height=\"720\" style=\"aspect-ratio: 1280 \/ 720;\" width=\"1280\" controls src=\"https:\/\/humanidades.uprrp.edu\/lspr\/wp-content\/uploads\/sites\/14\/2025\/04\/Video-2-Vehiculo.mp4\"><\/video><figcaption class=\"wp-element-caption\">V\u00eddeo 2 &#8211; Veh\u00edculos<\/figcaption><\/figure>\n<\/div>\n\n\n\n<div class=\"wp-block-column is-layout-flow wp-block-column-is-layout-flow\">\n<figure class=\"wp-block-video aligncenter\"><video height=\"720\" style=\"aspect-ratio: 1280 \/ 720;\" width=\"1280\" controls src=\"https:\/\/humanidades.uprrp.edu\/lspr\/wp-content\/uploads\/sites\/14\/2025\/04\/Video-3-Vehiculo.mp4\"><\/video><figcaption class=\"wp-element-caption\">V\u00eddeo 3 &#8211; Veh\u00edculos<\/figcaption><\/figure>\n<\/div>\n\n\n\n<div class=\"wp-block-column is-layout-flow wp-block-column-is-layout-flow\">\n<figure class=\"wp-block-video aligncenter\"><video height=\"720\" style=\"aspect-ratio: 1280 \/ 720;\" width=\"1280\" controls src=\"https:\/\/humanidades.uprrp.edu\/lspr\/wp-content\/uploads\/sites\/14\/2025\/04\/Video-4-Palma-de-cocos.mp4\"><\/video><figcaption class=\"wp-element-caption\">V\u00eddeo 4 &#8211; Palma de coco<\/figcaption><\/figure>\n<\/div>\n<\/div>\n\n\n\n<p>Los clasificadores, con algunas excepciones, son muy comunes en las lenguas de se\u00f1as.<\/p>\n\n\n\n<p><strong>Referencias:<\/strong><\/p>\n\n\n\n<p>Aronoff, M., I. Meir, &amp; W. Sandler. (2005). The paradox of Sign Language morphology. <em>Language<\/em>, 81(2), 301-344. https:\/\/doi.org\/ 10.1353\/lan.2005.0043<\/p>\n\n\n\n<p>Brentari, Dianne, Chiara Branchini, Jordan Fenlon, Laura Horton, &amp; Gladys Tang. (2015). Typology in Sign Languages: Can it be predictive? <em>Proceedings of CSL 51,<\/em> 47-65.<\/p>\n\n\n\n<p>Herrero, \u00c1. (2004). Una aproximaci\u00f3n morfol\u00f3gica a las construcciones clasificatorias en la lengua de signos espa\u00f1ola. ELUA. <em>Estudios de Ling\u00fc\u00edstica<\/em>, 18, pp. 151-167.<\/p>\n\n\n\n<p>Quer, J., C. Cecceheto, C. Donati, C. Geraci, M. Kelepir, R. Pfau, &amp; M. Steinbach (Eds.). (2017). <em>SignGram Blueprint<\/em>. Mouton de Gruyter.<\/p>\n","protected":false},"excerpt":{"rendered":"<p>Los clasificadores son morfemas que clasifican sustantivos de acuerdo con los criterios sem\u00e1nticos. Aronoff, Meir, Padden, y Sandler (2003, p. 63) afirman que: \u00abWe consider the label \u2018classifiers\u2019 to be acceptable for the sign language forms in question, according to the generally accepted definition of such forms: morphemes that classify nouns according to semantic criteria (see Senft, 2000a, 2000b).\u201d Un clasificador en una lengua de se\u00f1as es un morfema que muestra de manera visual ciertas propiedades de un referente y<\/p>\n","protected":false},"author":2,"featured_media":0,"parent":0,"menu_order":0,"comment_status":"closed","ping_status":"closed","template":"template-fullwidth.php","meta":{"_eb_attr":"","_monsterinsights_skip_tracking":false,"_monsterinsights_sitenote_active":false,"_monsterinsights_sitenote_note":"","_monsterinsights_sitenote_category":0,"footnotes":""},"class_list":["post-78","page","type-page","status-publish","hentry"],"_links":{"self":[{"href":"https:\/\/humanidades.uprrp.edu\/lspr\/wp-json\/wp\/v2\/pages\/78","targetHints":{"allow":["GET"]}}],"collection":[{"href":"https:\/\/humanidades.uprrp.edu\/lspr\/wp-json\/wp\/v2\/pages"}],"about":[{"href":"https:\/\/humanidades.uprrp.edu\/lspr\/wp-json\/wp\/v2\/types\/page"}],"author":[{"embeddable":true,"href":"https:\/\/humanidades.uprrp.edu\/lspr\/wp-json\/wp\/v2\/users\/2"}],"replies":[{"embeddable":true,"href":"https:\/\/humanidades.uprrp.edu\/lspr\/wp-json\/wp\/v2\/comments?post=78"}],"version-history":[{"count":23,"href":"https:\/\/humanidades.uprrp.edu\/lspr\/wp-json\/wp\/v2\/pages\/78\/revisions"}],"predecessor-version":[{"id":461,"href":"https:\/\/humanidades.uprrp.edu\/lspr\/wp-json\/wp\/v2\/pages\/78\/revisions\/461"}],"wp:attachment":[{"href":"https:\/\/humanidades.uprrp.edu\/lspr\/wp-json\/wp\/v2\/media?parent=78"}],"curies":[{"name":"wp","href":"https:\/\/api.w.org\/{rel}","templated":true}]}}