{"id":70,"date":"2025-04-07T14:58:18","date_gmt":"2025-04-07T18:58:18","guid":{"rendered":"https:\/\/humanidades.uprrp.edu\/lspr\/?page_id=70"},"modified":"2026-01-27T13:38:49","modified_gmt":"2026-01-27T17:38:49","slug":"prueba","status":"publish","type":"page","link":"https:\/\/humanidades.uprrp.edu\/lspr\/","title":{"rendered":"Historia"},"content":{"rendered":"\t\t<div data-elementor-type=\"wp-page\" data-elementor-id=\"70\" class=\"elementor elementor-70\">\n\t\t\t\t<div class=\"elementor-element elementor-element-d2858df e-flex e-con-boxed e-con e-parent\" data-id=\"d2858df\" data-element_type=\"container\" data-e-type=\"container\">\n\t\t\t\t\t<div class=\"e-con-inner\">\n\t\t\t\t<div class=\"elementor-element elementor-element-793c13c elementor-widget elementor-widget-heading\" data-id=\"793c13c\" data-element_type=\"widget\" data-e-type=\"widget\" data-widget_type=\"heading.default\">\n\t\t\t\t<div class=\"elementor-widget-container\">\n\t\t\t\t\t<h2 class=\"elementor-heading-title elementor-size-default\">Historia del proyecto<\/h2>\t\t\t\t<\/div>\n\t\t\t\t<\/div>\n\t\t\t\t<div class=\"elementor-element elementor-element-f86c752 elementor-widget__width-initial elementor-widget elementor-widget-text-editor\" data-id=\"f86c752\" data-element_type=\"widget\" data-e-type=\"widget\" data-widget_type=\"text-editor.default\">\n\t\t\t\t<div class=\"elementor-widget-container\">\n\t\t\t\t\t\t\t\t\t<p>El proyecto <em><strong>Clasificadores en la Lengua de Se\u00f1as de Puerto Rico<\/strong><\/em> fue subvencionado por el Fondo Institucional para la Investigaci\u00f3n (FIPI) del Decanato de Estudios Graduados e Investigaci\u00f3n (DEGI) de la Universidad de Puerto Rico Recinto de R\u00edo Piedras (UPR-RP). Comenz\u00f3 en el primer semestre del a\u00f1o acad\u00e9mico 2023-2024 con el dise\u00f1o de los materiales e instrumentos de investigaci\u00f3n. Durante esa etapa inicial, se llev\u00f3 a cabo, con \u00e9xito, un periodo de prueba que permiti\u00f3 continuar con la investigaci\u00f3n de la lengua de se\u00f1as de Puerto Rico (LSPR). Se presentaron los resultados preliminares en la Jornada Cient\u00edfica Latinoamericana del Centro Nacional de Superaci\u00f3n y Desarrollo del Sordo (CENDSOR) en 2023. A principios del a\u00f1o siguiente (2024), se presentaron consideraciones importantes a la hora de investigar con personas sordas en <em>Caribbean Without Borders<\/em> (CWB). Luego, a finales de ese mismo a\u00f1o (2024), se divulgaron los resultados que se obtuvieron de la investigaci\u00f3n de los clasificadores. Dicha presentaci\u00f3n se realiz\u00f3 en la conferencia <em>Sign 10<\/em>, auspiciada por la <em>University of West Indies<\/em> en Trinidad y Togabo. El proyecto culmina el segundo semestre del a\u00f1o acad\u00e9mico 2024-2025, pero se continuar\u00e1 analizando la lengua de se\u00f1as de Puerto Rico.\u00a0<\/p><p><!-- \/wp:paragraph --><\/p>\t\t\t\t\t\t\t\t<\/div>\n\t\t\t\t<\/div>\n\t\t\t\t\t<\/div>\n\t\t\t\t<\/div>\n\t\t<div class=\"elementor-element elementor-element-47c1da0 e-grid e-con-boxed e-con e-parent\" data-id=\"47c1da0\" data-element_type=\"container\" data-e-type=\"container\">\n\t\t\t\t\t<div class=\"e-con-inner\">\n\t\t\t\t<div class=\"elementor-element elementor-element-a4b1305 elementor-widget elementor-widget-video\" data-id=\"a4b1305\" data-element_type=\"widget\" data-e-type=\"widget\" data-settings=\"{&quot;youtube_url&quot;:&quot;https:\\\/\\\/youtu.be\\\/qsqXSNvOYmM&quot;,&quot;video_type&quot;:&quot;youtube&quot;,&quot;controls&quot;:&quot;yes&quot;}\" data-widget_type=\"video.default\">\n\t\t\t\t<div class=\"elementor-widget-container\">\n\t\t\t\t\t\t\t<div class=\"elementor-wrapper elementor-open-inline\">\n\t\t\t<div class=\"elementor-video\"><\/div>\t\t<\/div>\n\t\t\t\t\t\t<\/div>\n\t\t\t\t<\/div>\n\t\t\t\t<div class=\"elementor-element elementor-element-d6c87b6 elementor-widget elementor-widget-video\" data-id=\"d6c87b6\" data-element_type=\"widget\" data-e-type=\"widget\" data-settings=\"{&quot;youtube_url&quot;:&quot;https:\\\/\\\/youtu.be\\\/2g9NtMcXfAo&quot;,&quot;video_type&quot;:&quot;youtube&quot;,&quot;controls&quot;:&quot;yes&quot;}\" data-widget_type=\"video.default\">\n\t\t\t\t<div class=\"elementor-widget-container\">\n\t\t\t\t\t\t\t<div class=\"elementor-wrapper elementor-open-inline\">\n\t\t\t<div class=\"elementor-video\"><\/div>\t\t<\/div>\n\t\t\t\t\t\t<\/div>\n\t\t\t\t<\/div>\n\t\t\t\t\t<\/div>\n\t\t\t\t<\/div>\n\t\t<div class=\"elementor-element elementor-element-b74c66a e-flex e-con-boxed e-con e-parent\" data-id=\"b74c66a\" data-element_type=\"container\" data-e-type=\"container\">\n\t\t\t\t\t<div class=\"e-con-inner\">\n\t\t\t\t<div class=\"elementor-element elementor-element-1751f63 elementor-widget elementor-widget-heading\" data-id=\"1751f63\" data-element_type=\"widget\" data-e-type=\"widget\" data-widget_type=\"heading.default\">\n\t\t\t\t<div class=\"elementor-widget-container\">\n\t\t\t\t\t<h2 class=\"elementor-heading-title elementor-size-default\">Recomendaciones para investigaciones sobre lengua de se\u00f1as:<\/h2>\t\t\t\t<\/div>\n\t\t\t\t<\/div>\n\t\t\t\t\t<\/div>\n\t\t\t\t<\/div>\n\t\t<div class=\"elementor-element elementor-element-202b720 e-flex e-con-boxed e-con e-parent\" data-id=\"202b720\" data-element_type=\"container\" data-e-type=\"container\">\n\t\t\t\t\t<div class=\"e-con-inner\">\n\t\t<div class=\"elementor-element elementor-element-11effae e-con-full e-flex e-con e-child\" data-id=\"11effae\" data-element_type=\"container\" data-e-type=\"container\">\n\t\t\t\t<div class=\"elementor-element elementor-element-171ceef elementor-widget elementor-widget-text-editor\" data-id=\"171ceef\" data-element_type=\"widget\" data-e-type=\"widget\" data-widget_type=\"text-editor.default\">\n\t\t\t\t<div class=\"elementor-widget-container\">\n\t\t\t\t\t\t\t\t\t<p><strong><span style=\"color: #3366ff;\">Antes de la investigaci\u00f3n:<\/span><\/strong><\/p><p><strong>Investigaci\u00f3n comprometida con la comunidad (Community-engaged research [CEnR]):<\/strong>Tener una persona sorda en el equipo de investigaci\u00f3n.<\/p><p><strong>Acceso ling\u00fc\u00edstico: <\/strong>Contactar a los futuros participantes sordos en su lengua materna. Una segunda opci\u00f3n es tener un se\u00f1ante oyente o un int\u00e9rprete de LS.<\/p><p><strong>Perspectiva sorda dentro del dise\u00f1o de investigaci\u00f3n: <\/strong>Colaborador\/investigador sordo.<\/p><p>\u00a0<\/p><p><span style=\"color: #3366ff;\"><strong>Durante la investigaci\u00f3n:<\/strong><\/span><\/p><p><strong>Formularios de consentimiento informado: <\/strong>Debe ser accesible para los participantes sordos en su lengua de se\u00f1as materna para garantizar una comprensi\u00f3n completa.<\/p><p><strong>Investigador \/ entrevistador se\u00f1ante: <\/strong>Acceso completo en lengua de se\u00f1as.<\/p><p><strong>Pruebas piloto: <\/strong>Mejorar las din\u00e1micas investigador-participante.<\/p><p>\u00a0<\/p><p><span style=\"color: #3366ff;\"><strong>Despu\u00e9s de la investigaci\u00f3n:<\/strong><\/span><\/p><p><strong>Difundir los resultados: <\/strong>Haga que los hallazgos est\u00e9n accesibles en lengua de se\u00f1as. Presente en conferencias y simposios locales, y eventos de ONGs de sordos.<\/p><p><strong>Reconocimiento de los participantes: <\/strong>No revele caracter\u00edsticas espec\u00edficas de los participantes; pero reconozca su participaci\u00f3n.<\/p><p><strong>Gesti\u00f3n de redes: <\/strong>Construya relaciones m\u00e1s s\u00f3lidas con las comunidades sordas. Anime a los profesionales sordos a realizar investigaciones.<\/p>\t\t\t\t\t\t\t\t<\/div>\n\t\t\t\t<\/div>\n\t\t\t\t<\/div>\n\t\t<div class=\"elementor-element elementor-element-a0ff5d2 e-con-full e-flex e-con e-child\" data-id=\"a0ff5d2\" data-element_type=\"container\" data-e-type=\"container\">\n\t\t\t\t<div class=\"elementor-element elementor-element-a0db3c8 elementor-widget elementor-widget-text-editor\" data-id=\"a0db3c8\" data-element_type=\"widget\" data-e-type=\"widget\" data-widget_type=\"text-editor.default\">\n\t\t\t\t<div class=\"elementor-widget-container\">\n\t\t\t\t\t\t\t\t\t<p><strong><span style=\"color: #3366ff;\">Beneficios para las comunidades sordas:<\/span><\/strong><\/p><p style=\"padding-left: 40px;\">Experiencia en investigaci\u00f3n<\/p><p style=\"padding-left: 40px;\">Oportunidades para publicar<\/p><p style=\"padding-left: 40px;\">Auto investigaci\u00f3n<\/p><p style=\"padding-left: 40px;\">Activismo<\/p><p style=\"padding-left: 40px;\">Acad\u00e9micos sordos<\/p><p style=\"padding-left: 40px;\">Cultura acad\u00e9mica sorda<\/p><p style=\"padding-left: 40px;\">Mentor\u00eda para estudiantes sordos<\/p><p>\u00a0<\/p><p><span style=\"color: #3366ff;\"><strong>Beneficios para las comunidades oyente y acad\u00e9mica:<\/strong><\/span><\/p><p style=\"padding-left: 40px;\">Disminuir las din\u00e1micas de poder<\/p><p style=\"padding-left: 40px;\">Pr\u00e1ctica \u00e9tica<\/p><p style=\"padding-left: 40px;\">Justicia social y ling\u00fc\u00edstica<\/p><p style=\"padding-left: 40px;\">Validaci\u00f3n de investigaciones por parte de las comunidades<\/p><p style=\"padding-left: 40px;\">Apoyo a las comunidades sordas<\/p>\t\t\t\t\t\t\t\t<\/div>\n\t\t\t\t<\/div>\n\t\t\t\t<div class=\"elementor-element elementor-element-be7b0d5 elementor-widget elementor-widget-text-editor\" data-id=\"be7b0d5\" data-element_type=\"widget\" data-e-type=\"widget\" data-widget_type=\"text-editor.default\">\n\t\t\t\t<div class=\"elementor-widget-container\">\n\t\t\t\t\t\t\t\t\t<p><span style=\"color: #3366ff;\"><strong>Referencias:<\/strong><\/span><\/p><p><strong>\u00a0<\/strong><\/p><p>Gierdowski, D. C., Eisenhauer, K., &amp; He, P. (2022). Designing and Conducting Inclusive Research: How a Global Technology Company and an Online Research Platform Partnered to Explore the Technology Experiences of Users Who Are Deaf and Hard of Hearing<em>.<\/em>In Nardi, Letizia &amp; Gigi Taylor (Eds.),<em> Ethnographic Praxis in Industry Conference Proceedings<\/em>, 2022(1), 176-192. <a href=\"https:\/\/www.epicpeople.org\/epic\">https:\/\/www.epicpeople.org\/epic<\/a><\/p><p>\u00a0<\/p><p>Kusters, A., De Meulder, M., &amp; O\u2019Brien, D. (2017). Innovations in deaf studies: Critically mapping the field. <em>Innovations in deaf studies: The role of deaf scholars<\/em>, 1-90.<\/p><p>\u00a0<\/p><p>Napier, J., Lloyd, K., Skinner, R., Turner, G.H. &amp; Wheatley, M. (2018). Using video technology to engage deaf sign language users in survey research: An example from the Insign project. <em>Translation and Interpreting: the International Journal of Translation and Interpreting Research<\/em>, <em>10<\/em>(2), 101-121. <a href=\"https:\/\/doi.org\/10.12807\/ti.110202.2018.a08\">https:\/\/doi.org\/10.12807\/ti.110202.2018.a08<\/a><\/p><p>\u00a0<\/p><p>Rohatyn-Martin, N., Van Vliet, K. J., Cundy, L. J., &amp; Hayward, D. V. (2023). Considerations for Best Practice When Conducting Qualitative Research with Deaf and Hard of Hearing Participants. Alberta Journal of Educational Research, 69(4), 459-472.<\/p><p>\u00a0<\/p><p>Singleton, J. L., Martin, A. J., &amp; Morgan, G. (2015). Ethics, Deaf-Friendly Research, and Good Practice When Studying Sign Languages. En E. Orfanidou, B. Woll y G. Morgan (Eds), Research Methods in Sign Language Studies: A Practical Guide (pp. 7-20). John Wiley &amp; Sons, Inc.<\/p>\t\t\t\t\t\t\t\t<\/div>\n\t\t\t\t<\/div>\n\t\t\t\t<\/div>\n\t\t\t\t\t<\/div>\n\t\t\t\t<\/div>\n\t\t<div class=\"elementor-element elementor-element-8b44d53 e-flex e-con-boxed e-con e-parent\" data-id=\"8b44d53\" data-element_type=\"container\" data-e-type=\"container\">\n\t\t\t\t\t<div class=\"e-con-inner\">\n\t\t\t\t<div class=\"elementor-element elementor-element-8cabc3f elementor-widget elementor-widget-heading\" data-id=\"8cabc3f\" data-element_type=\"widget\" data-e-type=\"widget\" data-widget_type=\"heading.default\">\n\t\t\t\t<div class=\"elementor-widget-container\">\n\t\t\t\t\t<h6 class=\"elementor-heading-title elementor-size-default\">Esta informaci\u00f3n es un resumen de la presentaci\u00f3n del equipo del proyecto en Caribbean Without Borders (CWB) edici\u00f3n 2024<\/h6>\t\t\t\t<\/div>\n\t\t\t\t<\/div>\n\t\t\t\t\t<\/div>\n\t\t\t\t<\/div>\n\t\t<div class=\"elementor-element elementor-element-eaafcd1 e-flex e-con-boxed e-con e-parent\" data-id=\"eaafcd1\" data-element_type=\"container\" data-e-type=\"container\">\n\t\t\t\t\t<div class=\"e-con-inner\">\n\t\t\t\t\t<\/div>\n\t\t\t\t<\/div>\n\t\t<div class=\"elementor-element elementor-element-fbe6ac3 e-grid e-con-boxed e-con e-parent\" data-id=\"fbe6ac3\" data-element_type=\"container\" data-e-type=\"container\">\n\t\t\t\t\t<div class=\"e-con-inner\">\n\t\t\t\t<div class=\"elementor-element elementor-element-28fe4f9 elementor-widget elementor-widget-image\" data-id=\"28fe4f9\" data-element_type=\"widget\" data-e-type=\"widget\" data-widget_type=\"image.default\">\n\t\t\t\t<div class=\"elementor-widget-container\">\n\t\t\t\t\t\t\t\t\t\t\t\t\t\t\t<img decoding=\"async\" width=\"300\" height=\"105\" src=\"https:\/\/humanidades.uprrp.edu\/lspr\/wp-content\/uploads\/sites\/14\/2025\/05\/logo-uprrp-Converted-01-300x105.png\" class=\"attachment-medium size-medium wp-image-357\" alt=\"\" srcset=\"https:\/\/humanidades.uprrp.edu\/lspr\/wp-content\/uploads\/sites\/14\/2025\/05\/logo-uprrp-Converted-01-300x105.png 300w, https:\/\/humanidades.uprrp.edu\/lspr\/wp-content\/uploads\/sites\/14\/2025\/05\/logo-uprrp-Converted-01-1024x359.png 1024w, https:\/\/humanidades.uprrp.edu\/lspr\/wp-content\/uploads\/sites\/14\/2025\/05\/logo-uprrp-Converted-01-768x269.png 768w, https:\/\/humanidades.uprrp.edu\/lspr\/wp-content\/uploads\/sites\/14\/2025\/05\/logo-uprrp-Converted-01-1536x538.png 1536w, https:\/\/humanidades.uprrp.edu\/lspr\/wp-content\/uploads\/sites\/14\/2025\/05\/logo-uprrp-Converted-01-2048x717.png 2048w, https:\/\/humanidades.uprrp.edu\/lspr\/wp-content\/uploads\/sites\/14\/2025\/05\/logo-uprrp-Converted-01-600x210.png 600w\" sizes=\"(max-width: 300px) 100vw, 300px\" \/>\t\t\t\t\t\t\t\t\t\t\t\t\t\t\t<\/div>\n\t\t\t\t<\/div>\n\t\t\t\t<div class=\"elementor-element elementor-element-c650f29 elementor-widget elementor-widget-image\" data-id=\"c650f29\" data-element_type=\"widget\" data-e-type=\"widget\" data-widget_type=\"image.default\">\n\t\t\t\t<div class=\"elementor-widget-container\">\n\t\t\t\t\t\t\t\t\t\t\t\t\t\t\t<img decoding=\"async\" width=\"150\" height=\"150\" src=\"https:\/\/humanidades.uprrp.edu\/lspr\/wp-content\/uploads\/sites\/14\/2025\/05\/logo-humanidades-300x300-1-150x150.png\" class=\"attachment-thumbnail size-thumbnail wp-image-365\" alt=\"\" srcset=\"https:\/\/humanidades.uprrp.edu\/lspr\/wp-content\/uploads\/sites\/14\/2025\/05\/logo-humanidades-300x300-1-150x150.png 150w, https:\/\/humanidades.uprrp.edu\/lspr\/wp-content\/uploads\/sites\/14\/2025\/05\/logo-humanidades-300x300-1-300x300.png 300w, https:\/\/humanidades.uprrp.edu\/lspr\/wp-content\/uploads\/sites\/14\/2025\/05\/logo-humanidades-300x300-1-1024x1024.png 1024w, https:\/\/humanidades.uprrp.edu\/lspr\/wp-content\/uploads\/sites\/14\/2025\/05\/logo-humanidades-300x300-1-768x768.png 768w, https:\/\/humanidades.uprrp.edu\/lspr\/wp-content\/uploads\/sites\/14\/2025\/05\/logo-humanidades-300x300-1-175x175.png 175w, https:\/\/humanidades.uprrp.edu\/lspr\/wp-content\/uploads\/sites\/14\/2025\/05\/logo-humanidades-300x300-1-85x85.png 85w, https:\/\/humanidades.uprrp.edu\/lspr\/wp-content\/uploads\/sites\/14\/2025\/05\/logo-humanidades-300x300-1-600x600.png 600w, https:\/\/humanidades.uprrp.edu\/lspr\/wp-content\/uploads\/sites\/14\/2025\/05\/logo-humanidades-300x300-1-100x100.png 100w, https:\/\/humanidades.uprrp.edu\/lspr\/wp-content\/uploads\/sites\/14\/2025\/05\/logo-humanidades-300x300-1.png 1250w\" sizes=\"(max-width: 150px) 100vw, 150px\" \/>\t\t\t\t\t\t\t\t\t\t\t\t\t\t\t<\/div>\n\t\t\t\t<\/div>\n\t\t\t\t<div class=\"elementor-element elementor-element-e6278e5 elementor-widget elementor-widget-image\" data-id=\"e6278e5\" data-element_type=\"widget\" data-e-type=\"widget\" data-widget_type=\"image.default\">\n\t\t\t\t<div class=\"elementor-widget-container\">\n\t\t\t\t\t\t\t\t\t\t\t\t\t\t\t<img decoding=\"async\" width=\"150\" height=\"150\" src=\"https:\/\/humanidades.uprrp.edu\/lspr\/wp-content\/uploads\/sites\/14\/2025\/05\/logo-linguistica-01-150x150.png\" class=\"attachment-thumbnail size-thumbnail wp-image-356\" alt=\"\" srcset=\"https:\/\/humanidades.uprrp.edu\/lspr\/wp-content\/uploads\/sites\/14\/2025\/05\/logo-linguistica-01-150x150.png 150w, https:\/\/humanidades.uprrp.edu\/lspr\/wp-content\/uploads\/sites\/14\/2025\/05\/logo-linguistica-01-175x175.png 175w, https:\/\/humanidades.uprrp.edu\/lspr\/wp-content\/uploads\/sites\/14\/2025\/05\/logo-linguistica-01-85x85.png 85w, https:\/\/humanidades.uprrp.edu\/lspr\/wp-content\/uploads\/sites\/14\/2025\/05\/logo-linguistica-01-300x300.png 300w, https:\/\/humanidades.uprrp.edu\/lspr\/wp-content\/uploads\/sites\/14\/2025\/05\/logo-linguistica-01-100x100.png 100w\" sizes=\"(max-width: 150px) 100vw, 150px\" \/>\t\t\t\t\t\t\t\t\t\t\t\t\t\t\t<\/div>\n\t\t\t\t<\/div>\n\t\t\t\t<div class=\"elementor-element elementor-element-91e00a0 elementor-widget elementor-widget-image\" data-id=\"91e00a0\" data-element_type=\"widget\" data-e-type=\"widget\" data-widget_type=\"image.default\">\n\t\t\t\t<div class=\"elementor-widget-container\">\n\t\t\t\t\t\t\t\t\t\t\t\t\t\t\t<img loading=\"lazy\" decoding=\"async\" width=\"375\" height=\"124\" src=\"https:\/\/humanidades.uprrp.edu\/lspr\/wp-content\/uploads\/sites\/14\/2025\/05\/cropped-cropped-weblogoingles-e1700073006560.png\" class=\"attachment-large size-large wp-image-369\" alt=\"\" srcset=\"https:\/\/humanidades.uprrp.edu\/lspr\/wp-content\/uploads\/sites\/14\/2025\/05\/cropped-cropped-weblogoingles-e1700073006560.png 375w, https:\/\/humanidades.uprrp.edu\/lspr\/wp-content\/uploads\/sites\/14\/2025\/05\/cropped-cropped-weblogoingles-e1700073006560-300x99.png 300w\" sizes=\"(max-width: 375px) 100vw, 375px\" \/>\t\t\t\t\t\t\t\t\t\t\t\t\t\t\t<\/div>\n\t\t\t\t<\/div>\n\t\t\t\t<div class=\"elementor-element elementor-element-816ff12 elementor-widget elementor-widget-image\" data-id=\"816ff12\" data-element_type=\"widget\" data-e-type=\"widget\" data-widget_type=\"image.default\">\n\t\t\t\t<div class=\"elementor-widget-container\">\n\t\t\t\t\t\t\t\t\t\t\t\t\t\t\t<img loading=\"lazy\" decoding=\"async\" width=\"599\" height=\"152\" src=\"https:\/\/humanidades.uprrp.edu\/lspr\/wp-content\/uploads\/sites\/14\/2026\/01\/Screenshot-2026-01-27-at-1.36.36-PM.png\" class=\"attachment-large size-large wp-image-486\" alt=\"\" srcset=\"https:\/\/humanidades.uprrp.edu\/lspr\/wp-content\/uploads\/sites\/14\/2026\/01\/Screenshot-2026-01-27-at-1.36.36-PM.png 599w, https:\/\/humanidades.uprrp.edu\/lspr\/wp-content\/uploads\/sites\/14\/2026\/01\/Screenshot-2026-01-27-at-1.36.36-PM-300x76.png 300w\" sizes=\"(max-width: 599px) 100vw, 599px\" \/>\t\t\t\t\t\t\t\t\t\t\t\t\t\t\t<\/div>\n\t\t\t\t<\/div>\n\t\t\t\t\t<\/div>\n\t\t\t\t<\/div>\n\t\t\t\t<\/div>\n\t\t","protected":false},"excerpt":{"rendered":"<p>Historia del proyecto El proyecto Clasificadores en la Lengua de Se\u00f1as de Puerto Rico fue subvencionado por el Fondo Institucional para la Investigaci\u00f3n (FIPI) del Decanato de Estudios Graduados e Investigaci\u00f3n (DEGI) de la Universidad de Puerto Rico Recinto de R\u00edo Piedras (UPR-RP). Comenz\u00f3 en el primer semestre del a\u00f1o acad\u00e9mico 2023-2024 con el dise\u00f1o de los materiales e instrumentos de investigaci\u00f3n. Durante esa etapa inicial, se llev\u00f3 a cabo, con \u00e9xito, un periodo de prueba que permiti\u00f3 continuar con<\/p>\n","protected":false},"author":2,"featured_media":0,"parent":0,"menu_order":0,"comment_status":"closed","ping_status":"closed","template":"elementor_header_footer","meta":{"_eb_attr":"","_monsterinsights_skip_tracking":false,"_monsterinsights_sitenote_active":false,"_monsterinsights_sitenote_note":"","_monsterinsights_sitenote_category":0,"footnotes":""},"class_list":["post-70","page","type-page","status-publish","hentry"],"_links":{"self":[{"href":"https:\/\/humanidades.uprrp.edu\/lspr\/wp-json\/wp\/v2\/pages\/70","targetHints":{"allow":["GET"]}}],"collection":[{"href":"https:\/\/humanidades.uprrp.edu\/lspr\/wp-json\/wp\/v2\/pages"}],"about":[{"href":"https:\/\/humanidades.uprrp.edu\/lspr\/wp-json\/wp\/v2\/types\/page"}],"author":[{"embeddable":true,"href":"https:\/\/humanidades.uprrp.edu\/lspr\/wp-json\/wp\/v2\/users\/2"}],"replies":[{"embeddable":true,"href":"https:\/\/humanidades.uprrp.edu\/lspr\/wp-json\/wp\/v2\/comments?post=70"}],"version-history":[{"count":137,"href":"https:\/\/humanidades.uprrp.edu\/lspr\/wp-json\/wp\/v2\/pages\/70\/revisions"}],"predecessor-version":[{"id":492,"href":"https:\/\/humanidades.uprrp.edu\/lspr\/wp-json\/wp\/v2\/pages\/70\/revisions\/492"}],"wp:attachment":[{"href":"https:\/\/humanidades.uprrp.edu\/lspr\/wp-json\/wp\/v2\/media?parent=70"}],"curies":[{"name":"wp","href":"https:\/\/api.w.org\/{rel}","templated":true}]}}