{"id":229,"date":"2025-05-06T16:08:59","date_gmt":"2025-05-06T20:08:59","guid":{"rendered":"https:\/\/humanidades.uprrp.edu\/lspr\/?page_id=229"},"modified":"2025-05-15T08:00:48","modified_gmt":"2025-05-15T12:00:48","slug":"terminologia-2","status":"publish","type":"page","link":"https:\/\/humanidades.uprrp.edu\/lspr\/terminologia-2\/","title":{"rendered":"Terminolog\u00eda"},"content":{"rendered":"\n<h4 class=\"wp-block-heading has-vivid-red-color has-text-color has-link-color wp-elements-08ebcfa6438952c4f9b54d1b9a816ddf\"><strong>Sordo (con S may\u00fascula)<\/strong><\/h4>\n\n\n\n<p class=\"has-black-color has-text-color has-link-color wp-elements-f11fcae1618018c788f5fc65df194c7c\">Persona con alg\u00fan nivel de p\u00e9rdida auditiva, pero con una afiliaci\u00f3n a la comunidad Sorda. Es una clasificaci\u00f3n sociocultural. No es mutuamente excluyente con \u201csordo\u201d (Woodward &amp; Horejes, 2016).<\/p>\n\n\n\n<h4 class=\"wp-block-heading has-vivid-red-color has-text-color has-link-color wp-elements-7160ab68c71242152fc134307c997bc7\"><strong>sordo (con s min\u00fascula)<\/strong><\/h4>\n\n\n\n<p>Persona con alg\u00fan nivel de p\u00e9rdida auditiva. Es una clasificaci\u00f3n m\u00e9dica (Woodward &amp; Horejes, 2016<\/p>\n\n\n\n<h4 class=\"wp-block-heading has-vivid-red-color has-text-color has-link-color wp-elements-acfb7a5cfa9d1063af786c66c5e70883\"><strong>Sordo parcial <\/strong><\/h4>\n\n\n\n<p>Persona con un nivel de p\u00e9rdida auditiva media (26-40 dB), moderada (41-55 dB) o moderada-severa (56-70 dB) que puede escuchar algo con o sin la asistencia de equipo tecnol\u00f3gico (Clark, 1981, p. 497; Leigh, 2010).<\/p>\n\n\n\n<h4 class=\"wp-block-heading has-vivid-red-color has-text-color has-link-color wp-elements-bb9d3eb43dd1579b9e8bca798eaa37de\"><strong>Sordo profundo<\/strong> <\/h4>\n\n\n\n<p>Persona con un nivel de p\u00e9rdida auditiva severo (71-90 dB) o profundo (91+ dB) que no puede escuchar nada o casi nada incluso con la asistencia de equipo tecnol\u00f3gico (Clark, 1981, p. 497; Leigh, 2010).<\/p>\n\n\n\n<h4 class=\"wp-block-heading has-vivid-red-color has-text-color has-link-color wp-elements-06ef43207d33aa86213d249f71fc6ddb\"><strong>SordoCiego<\/strong><\/h4>\n\n\n\n<p>Persona con alg\u00fan nivel de p\u00e9rdida auditiva y visual (Hersh, 2013, p. 1; seg\u00fan citado por Simcock, 2017, p. 817)<\/p>\n\n\n\n<h4 class=\"wp-block-heading has-vivid-red-color has-text-color has-link-color wp-elements-34329ca4af3e31119b4a425eb080a5c5\"><strong>Sordomudo<\/strong><\/h4>\n\n\n\n<p>T\u00e9rmino utilizado previamente para denominar a las personas sordas y que estas rechazan al presente (Herrero, 2006, p. 238). La comunidad sorda considera que es un t\u00e9rmino incorrecto y ofensivo.<\/p>\n\n\n\n<h4 class=\"wp-block-heading has-vivid-red-color has-text-color has-link-color wp-elements-30b9588d45d159a2ba3dfce7e227b4e9\"><strong>Sordito, mudito (diminutivos)<\/strong><\/h4>\n\n\n\n<p>Es el uso de los diminutivos que tiene el efecto de ofender (Arsuaga, 2023). Por lo tanto, es errado referirse a las personas sordas o con cualquier otra persona con diversidad funcional con un diminutivo, ya que los presenta con valoraci\u00f3n disminuida. Ellos se sienten orgullosos de quienes son; por eso, los m\u00e1s adecuado es llamarlos por los t\u00e9rminos con los que se identifican.<\/p>\n\n\n\n<h4 class=\"wp-block-heading has-vivid-red-color has-text-color has-link-color wp-elements-ed53859b799a48c05a8ee22f071021cf\"><strong>Oyente<\/strong><\/h4>\n\n\n\n<p>Cualquier persona que pueda o\u00edr y que hable (Herrero, 2006, p. 230).<\/p>\n\n\n\n<h4 class=\"wp-block-heading has-vivid-red-color has-text-color has-link-color wp-elements-b36e9b497d2dd9720acced02067e1483\"><strong>Vidente<\/strong><\/h4>\n\n\n\n<p>Cualquier persona que pueda ver (RAE, s.f., Definici\u00f3n 1), que no sea una persona ciega ni con poca visi\u00f3n.<\/p>\n\n\n\n<h4 class=\"wp-block-heading has-vivid-red-color has-text-color has-link-color wp-elements-ed38cc727f90db5621d4141be167d134\"><strong>Impedimento auditivo<\/strong><\/h4>\n\n\n\n<p>T\u00e9rmino utilizado usualmente en el gobierno o el campo jur\u00eddico para referirse a la sordera.<\/p>\n\n\n\n<h4 class=\"wp-block-heading has-vivid-red-color has-text-color has-link-color wp-elements-60c7685b3757d569a0b33f09e27e6b40\"><strong>P\u00e9rdida auditiva<\/strong><\/h4>\n\n\n\n<p>\u201cLa p\u00e9rdida de audici\u00f3n se define como la disminuci\u00f3n parcial o completa de la habilidad de escuchar como consecuencia de una anomal\u00eda en cualquier lugar del sistema auditivo\u201d (Carta de Derechos de la Comunidad Escolar Sorda o con Impedimento Auditivo en Puerto Rico, 2018).<\/p>\n\n\n\n<h4 class=\"wp-block-heading has-vivid-red-color has-text-color has-link-color wp-elements-edbc1dae96c96aaa1e3c7b4c9ef9f155\"><strong>Aud\u00edfono<\/strong><\/h4>\n\n\n\n<p>Dispositivo electr\u00f3nico que se coloca en la oreja, utilizado por algunas personas sordas parciales para amplificar los sonidos que puedan escuchar (NIDCD, 2022). Algunas personas los utilizan para mejorar el balance.<\/p>\n\n\n\n<h4 class=\"wp-block-heading has-vivid-red-color has-text-color has-link-color wp-elements-e522ab2b74032d1bb20d79819efdd0cd\"><strong>Implante coclear<\/strong><\/h4>\n\n\n\n<p>Dispositivo electr\u00f3nico que consta principalmente de dos partes, una externa que se coloca en la oreja, y otra interna que se coloca bajo la piel de la cabeza. Es utilizado solo personas sordas con una p\u00e9rdida auditiva severa o profunda (NIDCD, 2024).<\/p>\n\n\n\n<h4 class=\"wp-block-heading has-vivid-red-color has-text-color has-link-color wp-elements-5fc739a77097788be75f859f8b15f862\"><strong>Lengua de se\u00f1as<\/strong><\/h4>\n\n\n\n<p>Lengua con una gram\u00e1tica funcional utilizada como principal sistema de comunicaci\u00f3n por un grupo de personas sordas en distintos aspectos de su vida como la educaci\u00f3n, socializaci\u00f3n, entretenimiento, entre otros (consolidaci\u00f3n de definiciones de lengua de se\u00f1as emergente y lengua de se\u00f1as madura de Brentari &amp; Coppola, 2012).<\/p>\n\n\n\n<h4 class=\"wp-block-heading has-vivid-red-color has-text-color has-link-color wp-elements-eb079cfc1d0ba9b1355ec38ae4858e02\"><strong>Prot\u00e1ctil (PT)<\/strong><\/h4>\n\n\n\n<p>Lengua t\u00e1ctil creada por adultos SordoCiegos. Este sistema gira en torno a la experiencia de las personas SordoCiegas; por eso, est\u00e1 elaborado de tal manera que les posibilita experimentar el mundo de manera natural a trav\u00e9s del tacto. No solo se concibe como una lengua, sino como una filosof\u00eda y un movimiento de la comunidad SordoCiega (Wolsey, 2017, p. 2072).<\/p>\n\n\n\n<h4 class=\"wp-block-heading has-vivid-red-color has-text-color has-link-color wp-elements-07895bbfe1e17ead3a2023241b12c150\"><strong>Se\u00f1as caseras u hogare\u00f1as<\/strong><\/h4>\n\n\n\n<p>Sistema de comunicaci\u00f3n b\u00e1sico basado en gestos y creado por individuos sordos que no est\u00e1n expuestos a una comunidad ling\u00fc\u00edstica (Goldin-Meadow, 2003, seg\u00fan citado por Brentari &amp; Coppola, 2012).<\/p>\n\n\n\n<h4 class=\"wp-block-heading has-vivid-red-color has-text-color has-link-color wp-elements-0a4c2c37772021edc018e8551740495b\"><strong>Braille<\/strong><\/h4>\n\n\n\n<p>Sistema o c\u00f3digo de escritura utilizado por las personas ciegas y sordociegas que consiste en peque\u00f1os puntos elevados que se combinan para formar palabras. Deben ser sentidos con la punta o yema de los dedos para entender su significado (Wolsey, 2017, p. 2071).<\/p>\n\n\n\n<h4 class=\"wp-block-heading has-vivid-red-color has-text-color has-link-color wp-elements-fc4e929c36a0f2bd7581092593eab354\"><strong>Comunidad sorda<\/strong><\/h4>\n\n\n\n<p>Comunidad constituida por un conjunto de personas sordas con intereses y caracter\u00edsticas en com\u00fan. Puede haber m\u00e1s de una comunidad sorda en un mismo pa\u00eds (Padden, s. f.).<\/p>\n\n\n\n<h4 class=\"wp-block-heading has-vivid-red-color has-text-color has-link-color wp-elements-b92f3ed7a7bb1e0edd48956cc942942e\"><strong>Cultura sorda<\/strong><\/h4>\n\n\n\n<p>Conjunto de pr\u00e1cticas, actuaciones y visiones de una comunidad sorda. Existen elementos compartidos por las personas sordas a nivel internacional o mundial, pero tambi\u00e9n elementos locales propios de una comunidad nacional o regional (Padden, s. f.).<\/p>\n\n\n\n<h4 class=\"wp-block-heading has-vivid-red-color has-text-color has-link-color wp-elements-6c4f87f639390a72555fc0826e3fc21f\"><strong>CODA \/ HOPS<\/strong><\/h4>\n\n\n\n<p>|Children of Deaf Adults (CODA) \/ Hijos Oyentes de Padres Sordos (HOPS) \u2013 Son oyentes cuyos padres (uno o ambos) son sordos. La lengua de se\u00f1as es su primera lengua y comparten la cultura de sus padres. Se cr\u00edan dentro de la comunidad sorda (Padden, s. f.).<\/p>\n\n\n\n<h4 class=\"wp-block-heading\"><strong>Referencias<\/strong><\/h4>\n\n\n\n<p>Arsuaga, G. M. (2023). El eufemismo y su uso en la prensa. En R. G. Rezakov (Ed.), <em>Big conference of the Moscow State Pedagogical University: collection of abstracts<\/em> (Vol. 3, pp. 315-318). Paradigma Publishing House. <a href=\"https:\/\/www.mgpu.ru\/wp-content\/uploads\/2023\/09\/BigConf_T3_fin-s-ispravleniem-Familii.pdf\">https:\/\/www.mgpu.ru\/wp-content\/uploads\/2023\/09\/BigConf_T3_fin-s-ispravleniem-Familii.pdf<\/a><\/p>\n\n\n\n<p>Brentari, D., &amp; Coppola, M. (2013). What sign language creation teaches us about language.&nbsp;<em>Wiley Interdisciplinary Reviews: Cognitive Science<\/em>,&nbsp;<em>4<\/em>(2), 201-211.<\/p>\n\n\n\n<p>Carta de Derechos de la Comunidad Escolar Sorda o con Impedimento Auditivo en Puerto Rico, Ley N\u00fam. 173 de 5 de agosto de 2018 (2018). <a href=\"https:\/\/bvirtualogp.pr.gov\/ogp\/Bvirtual\/leyesreferencia\/PDF\/173-2018.pdf\">https:\/\/bvirtualogp.pr.gov\/ogp\/Bvirtual\/leyesreferencia\/PDF\/173-2018.pdf<\/a><\/p>\n\n\n\n<p>Clark, J. G. (1981). Uses and abuses of hearing loss classification. <em>American Speech-Language-Hearing Association<\/em>, <em>23<\/em>, 493\u2013500. <a href=\"https:\/\/www.researchgate.net\/publication\/16145943_Uses_and_abuses_of_hearing_loss_classification\">https:\/\/www.researchgate.net\/publication\/16145943_Uses_and_abuses_of_hearing_loss_classification<\/a><\/p>\n\n\n\n<p>Herrero Blanco, \u00c1. (2006). Mudo, sordomudo, sordo: viejas p\u00f3cimas y nuevas denominaciones. En&nbsp;B. Gallardo, C. Hern\u00e1ndez &amp; V. Moreno (Eds.), <em>Actas del Primer Congreso Nacional de Ling\u00fc\u00edstica Cl\u00ednica <\/em>(Vol. 1, pp. 225-251). Universitat de Val\u00e8ncia. <a href=\"https:\/\/www.uv.es\/perla\/1%5b17%5d%20HerreroBlanco.pdf\">https:\/\/www.uv.es\/perla\/1[17]%20HerreroBlanco.pdf<\/a><\/p>\n\n\n\n<p>Leigh, I. W. (2010). <em>A lens on deaf identities<\/em>. Oxford University Press. <a href=\"https:\/\/doi.org\/10.1093\/acprof:oso\/9780195320664.001.0001\">https:\/\/doi.org\/10.1093\/acprof:oso\/9780195320664.001.0001<\/a><\/p>\n\n\n\n<p>National Institute on Deafness and Other Communication Disorders (NIDCD). (2022). <em>Hearing Aids<\/em>. <a href=\"https:\/\/www.nidcd.nih.gov\/health\/hearing-aids\">https:\/\/www.nidcd.nih.gov\/health\/hearing-aids<\/a><\/p>\n\n\n\n<p>National Institute on Deafness and Other Communication Disorders (NIDCD). (2024). <em>Cochlear Implants<\/em>. <a href=\"https:\/\/www.nidcd.nih.gov\/health\/cochlear-implants\">https:\/\/www.nidcd.nih.gov\/health\/cochlear-implants<\/a><\/p>\n\n\n\n<p>Padden, C. (s. f.). <em>La Comunidad Sorda y la Cultura de las Personas Sordas<\/em>. <a href=\"https:\/\/aulavirtual.ibero.edu.co\/repositorio\/Cursos-Matriz\/Licenciaturas\/LEPI\/Electiva-III-Lengua-Senas-Colombiana%20\/MD\/La%20Comunidad%20Sorda%20y%20Cultura_PADDEN.pdf\">https:\/\/aulavirtual.ibero.edu.co\/repositorio\/Cursos-Matriz\/Licenciaturas\/LEPI\/Electiva-III-Lengua-Senas-Colombiana%20\/MD\/La%20Comunidad%20Sorda%20y%20Cultura_PADDEN.pdf<\/a><\/p>\n\n\n\n<p>Real Academia Espa\u00f1ola. (s.f.). Vidente. En Diccionario de la lengua espa\u00f1ola. Recuperado el 30 de abril de 2025, de <a href=\"https:\/\/dle.rae.es\/vidente\">https:\/\/dle.rae.es\/vidente<\/a><\/p>\n\n\n\n<p>Simcock, P. (2017). One of society&#8217;s most vulnerable groups? A systematically conducted literature review exploring the vulnerability of deafblind people.&nbsp;<em>Health &amp; social care in the community<\/em>,&nbsp;<em>25<\/em>(3), 813-839. <a href=\"https:\/\/onlinelibrary.wiley.com\/doi\/pdf\/10.1111\/hsc.12317\">https:\/\/onlinelibrary.wiley.com\/doi\/pdf\/10.1111\/hsc.12317<\/a><\/p>\n\n\n\n<p><a>Wolsey, J. A. (2017). Perspectives and experiences of DeafBlind college students. <em>The Qualitative Report<\/em>, <em>22<\/em>(8), 2066-2089. <\/a><a href=\"https:\/\/nsuworks.nova.edu\/tqr\/vol22\/iss8\/1\">https:\/\/nsuworks.nova.edu\/tqr\/vol22\/iss8\/1<\/a><\/p>\n\n\n\n<p>Woodward, J., &amp; Horejes, T., P. (2016). deaf\/Deaf: Origins and usage. En G. Gertz &amp; P. Boudreault (Eds.), <em>The SAGE Deaf Studies Encyclopedia<\/em> (1ra ed.). Sage Publications. <a href=\"https:\/\/search.credoreference.com\/articles\/Qm9va0FydGljbGU6ODM3NjUw?aid=104940\">https:\/\/search.credoreference.com\/articles\/Qm9va0FydGljbGU6ODM3NjUw?aid=104940<\/a><\/p>\n\n\n\n<p><\/p>\n","protected":false},"excerpt":{"rendered":"<p>Sordo (con S may\u00fascula) Persona con alg\u00fan nivel de p\u00e9rdida auditiva, pero con una afiliaci\u00f3n a la comunidad Sorda. Es una clasificaci\u00f3n sociocultural. No es mutuamente excluyente con \u201csordo\u201d (Woodward &amp; Horejes, 2016). sordo (con s min\u00fascula) Persona con alg\u00fan nivel de p\u00e9rdida auditiva. Es una clasificaci\u00f3n m\u00e9dica (Woodward &amp; Horejes, 2016 Sordo parcial Persona con un nivel de p\u00e9rdida auditiva media (26-40 dB), moderada (41-55 dB) o moderada-severa (56-70 dB) que puede escuchar algo con o sin la asistencia<\/p>\n","protected":false},"author":2,"featured_media":0,"parent":0,"menu_order":0,"comment_status":"closed","ping_status":"closed","template":"template-fullwidth.php","meta":{"_eb_attr":"","_monsterinsights_skip_tracking":false,"_monsterinsights_sitenote_active":false,"_monsterinsights_sitenote_note":"","_monsterinsights_sitenote_category":0,"footnotes":""},"class_list":["post-229","page","type-page","status-publish","hentry"],"_links":{"self":[{"href":"https:\/\/humanidades.uprrp.edu\/lspr\/wp-json\/wp\/v2\/pages\/229","targetHints":{"allow":["GET"]}}],"collection":[{"href":"https:\/\/humanidades.uprrp.edu\/lspr\/wp-json\/wp\/v2\/pages"}],"about":[{"href":"https:\/\/humanidades.uprrp.edu\/lspr\/wp-json\/wp\/v2\/types\/page"}],"author":[{"embeddable":true,"href":"https:\/\/humanidades.uprrp.edu\/lspr\/wp-json\/wp\/v2\/users\/2"}],"replies":[{"embeddable":true,"href":"https:\/\/humanidades.uprrp.edu\/lspr\/wp-json\/wp\/v2\/comments?post=229"}],"version-history":[{"count":7,"href":"https:\/\/humanidades.uprrp.edu\/lspr\/wp-json\/wp\/v2\/pages\/229\/revisions"}],"predecessor-version":[{"id":241,"href":"https:\/\/humanidades.uprrp.edu\/lspr\/wp-json\/wp\/v2\/pages\/229\/revisions\/241"}],"wp:attachment":[{"href":"https:\/\/humanidades.uprrp.edu\/lspr\/wp-json\/wp\/v2\/media?parent=229"}],"curies":[{"name":"wp","href":"https:\/\/api.w.org\/{rel}","templated":true}]}}