{"id":131,"date":"2025-04-08T15:03:42","date_gmt":"2025-04-08T19:03:42","guid":{"rendered":"https:\/\/humanidades.uprrp.edu\/lspr\/?page_id=131"},"modified":"2025-05-16T10:02:04","modified_gmt":"2025-05-16T14:02:04","slug":"otros-proyectos-sobre-lspr","status":"publish","type":"page","link":"https:\/\/humanidades.uprrp.edu\/lspr\/otros-proyectos-sobre-lspr\/","title":{"rendered":"Otros proyectos sobre LSPR"},"content":{"rendered":"\n<p>El proyecto dirigido por Yarett Pi\u00f1eiro Rodr\u00edguez \u2014 parte del proyecto titulado Deaf Caribbean Academic Network (con fondos del UK Arts and Humanities Research Council) \u2014 recopila datos sobre la Lengua de Se\u00f1as de Puerto Rico entre se\u00f1antes Sordos. <\/p>\n\n\n\n<p>Puede encontrar m\u00e1s informaci\u00f3n en el siguiente enlace:<\/p>\n\n\n\n<figure class=\"wp-block-embed is-type-video is-provider-youtube wp-block-embed-youtube wp-embed-aspect-16-9 wp-has-aspect-ratio\"><div class=\"wp-block-embed__wrapper\">\n<iframe title=\"Deaf education in the Caribbean (Yarett Pineiro Rodriguez)\" width=\"785\" height=\"442\" src=\"https:\/\/www.youtube.com\/embed\/yQUrn-4sB5g?feature=oembed\" frameborder=\"0\" allow=\"accelerometer; autoplay; clipboard-write; encrypted-media; gyroscope; picture-in-picture; web-share\" referrerpolicy=\"strict-origin-when-cross-origin\" allowfullscreen><\/iframe>\n<\/div><\/figure>\n","protected":false},"excerpt":{"rendered":"<p>El proyecto dirigido por Yarett Pi\u00f1eiro Rodr\u00edguez \u2014 parte del proyecto titulado Deaf Caribbean Academic Network (con fondos del UK Arts and Humanities Research Council) \u2014 recopila datos sobre la Lengua de Se\u00f1as de Puerto Rico entre se\u00f1antes Sordos. Puede encontrar m\u00e1s informaci\u00f3n en el siguiente enlace:<\/p>\n","protected":false},"author":2,"featured_media":0,"parent":0,"menu_order":0,"comment_status":"closed","ping_status":"closed","template":"template-fullwidth.php","meta":{"_eb_attr":"","_monsterinsights_skip_tracking":false,"_monsterinsights_sitenote_active":false,"_monsterinsights_sitenote_note":"","_monsterinsights_sitenote_category":0,"footnotes":""},"class_list":["post-131","page","type-page","status-publish","hentry"],"_links":{"self":[{"href":"https:\/\/humanidades.uprrp.edu\/lspr\/wp-json\/wp\/v2\/pages\/131","targetHints":{"allow":["GET"]}}],"collection":[{"href":"https:\/\/humanidades.uprrp.edu\/lspr\/wp-json\/wp\/v2\/pages"}],"about":[{"href":"https:\/\/humanidades.uprrp.edu\/lspr\/wp-json\/wp\/v2\/types\/page"}],"author":[{"embeddable":true,"href":"https:\/\/humanidades.uprrp.edu\/lspr\/wp-json\/wp\/v2\/users\/2"}],"replies":[{"embeddable":true,"href":"https:\/\/humanidades.uprrp.edu\/lspr\/wp-json\/wp\/v2\/comments?post=131"}],"version-history":[{"count":3,"href":"https:\/\/humanidades.uprrp.edu\/lspr\/wp-json\/wp\/v2\/pages\/131\/revisions"}],"predecessor-version":[{"id":484,"href":"https:\/\/humanidades.uprrp.edu\/lspr\/wp-json\/wp\/v2\/pages\/131\/revisions\/484"}],"wp:attachment":[{"href":"https:\/\/humanidades.uprrp.edu\/lspr\/wp-json\/wp\/v2\/media?parent=131"}],"curies":[{"name":"wp","href":"https:\/\/api.w.org\/{rel}","templated":true}]}}