{"id":86,"date":"2024-09-10T16:19:12","date_gmt":"2024-09-10T20:19:12","guid":{"rendered":"https:\/\/humanidades.uprrp.edu\/literaturacomparada\/?page_id=86"},"modified":"2024-09-10T16:19:13","modified_gmt":"2024-09-10T20:19:13","slug":"recursos","status":"publish","type":"page","link":"https:\/\/humanidades.uprrp.edu\/literaturacomparada\/recursos\/","title":{"rendered":"Recursos"},"content":{"rendered":"\n<p>Seminario multidisciplinario Jos\u00e9 Emilio Gonz\u00e1lez- Posee una colecci\u00f3n de textos de teor\u00eda y literatura, as\u00ed como un servicio de textos digitalizados para el uso de nuestros estudiantes en los cursos.<\/p>\n","protected":false},"excerpt":{"rendered":"<p>Seminario multidisciplinario Jos\u00e9 Emilio Gonz\u00e1lez- Posee una colecci\u00f3n de textos de teor\u00eda y literatura, as\u00ed como un servicio de textos digitalizados para el uso de nuestros estudiantes en los cursos.<\/p>\n","protected":false},"author":2,"featured_media":0,"parent":0,"menu_order":0,"comment_status":"closed","ping_status":"closed","template":"","meta":{"_eb_attr":"","_monsterinsights_skip_tracking":false,"_monsterinsights_sitenote_active":false,"_monsterinsights_sitenote_note":"","_monsterinsights_sitenote_category":0,"footnotes":""},"class_list":["post-86","page","type-page","status-publish","hentry","column","twocol"],"_links":{"self":[{"href":"https:\/\/humanidades.uprrp.edu\/literaturacomparada\/wp-json\/wp\/v2\/pages\/86","targetHints":{"allow":["GET"]}}],"collection":[{"href":"https:\/\/humanidades.uprrp.edu\/literaturacomparada\/wp-json\/wp\/v2\/pages"}],"about":[{"href":"https:\/\/humanidades.uprrp.edu\/literaturacomparada\/wp-json\/wp\/v2\/types\/page"}],"author":[{"embeddable":true,"href":"https:\/\/humanidades.uprrp.edu\/literaturacomparada\/wp-json\/wp\/v2\/users\/2"}],"replies":[{"embeddable":true,"href":"https:\/\/humanidades.uprrp.edu\/literaturacomparada\/wp-json\/wp\/v2\/comments?post=86"}],"version-history":[{"count":1,"href":"https:\/\/humanidades.uprrp.edu\/literaturacomparada\/wp-json\/wp\/v2\/pages\/86\/revisions"}],"predecessor-version":[{"id":87,"href":"https:\/\/humanidades.uprrp.edu\/literaturacomparada\/wp-json\/wp\/v2\/pages\/86\/revisions\/87"}],"wp:attachment":[{"href":"https:\/\/humanidades.uprrp.edu\/literaturacomparada\/wp-json\/wp\/v2\/media?parent=86"}],"curies":[{"name":"wp","href":"https:\/\/api.w.org\/{rel}","templated":true}]}}