{"id":73,"date":"2024-09-10T15:59:49","date_gmt":"2024-09-10T19:59:49","guid":{"rendered":"https:\/\/humanidades.uprrp.edu\/literaturacomparada\/?page_id=73"},"modified":"2026-02-04T13:49:57","modified_gmt":"2026-02-04T17:49:57","slug":"programa-subgraduado","status":"publish","type":"page","link":"https:\/\/humanidades.uprrp.edu\/literaturacomparada\/programa-subgraduado\/","title":{"rendered":"Programa subgraduado"},"content":{"rendered":"<div class=\"wp-block-image\">\n<figure class=\"alignleft size-full is-resized\"><img fetchpriority=\"high\" decoding=\"async\" width=\"640\" height=\"480\" src=\"https:\/\/humanidades.uprrp.edu\/literaturacomparada\/wp-content\/uploads\/sites\/6\/2026\/02\/thumbnail_IMG_2705.jpg\" alt=\"\" class=\"wp-image-354\" style=\"width:350px;height:auto\" srcset=\"https:\/\/humanidades.uprrp.edu\/literaturacomparada\/wp-content\/uploads\/sites\/6\/2026\/02\/thumbnail_IMG_2705.jpg 640w, https:\/\/humanidades.uprrp.edu\/literaturacomparada\/wp-content\/uploads\/sites\/6\/2026\/02\/thumbnail_IMG_2705-300x225.jpg 300w, https:\/\/humanidades.uprrp.edu\/literaturacomparada\/wp-content\/uploads\/sites\/6\/2026\/02\/thumbnail_IMG_2705-332x249.jpg 332w, https:\/\/humanidades.uprrp.edu\/literaturacomparada\/wp-content\/uploads\/sites\/6\/2026\/02\/thumbnail_IMG_2705-600x450.jpg 600w\" sizes=\"(max-width: 640px) 100vw, 640px\" \/><\/figure>\n<\/div>\n\n\n<p>Bienvenides a la p\u00e1gina del Programa Subgraduado de Literatura Comparada.<\/p>\n\n\n\n<p>El Departamento de Literatura Comparada ofrece primera y segunda concentraci\u00f3n que constan de 30 cr\u00e9ditos en Literatura Comparada, m\u00e1s 9 cr\u00e9ditos en Lenguas Modernas.<\/p>\n\n\n\n<p>El bachillerato en Literatura Comparada est\u00e1 dise\u00f1ado para completarse, \u00f3ptimamente (i.e., estudio a tiempo completo), en un t\u00e9rmino de cuatro a\u00f1os.<\/p>\n\n\n\n<p>Nuestro programa forma estudiantes de mirada amplia, global, internacional, comprometidos con una visi\u00f3n inclusiva y expansiva de la historia de las tradiciones literarias y art\u00edsticas mundiales.<\/p>\n\n\n\n<p>Preparamos a nuestros estudiantes para entrar directamente al mundo laboral o para proseguir estudios postgraduados al equiparlos con destrezas anal\u00edticas, conceptuales, de redacci\u00f3n y de manejo de recursos investigativos.<\/p>\n\n\n\n<p>Algunos campos en los que nuestros estudiantes se pueden desempe\u00f1ar son:<\/p>\n\n\n\n<ul class=\"wp-block-list\">\n<li>Educaci\u00f3n<\/li>\n\n\n\n<li>Investigaci\u00f3n<\/li>\n\n\n\n<li>Comunicaciones<\/li>\n\n\n\n<li>Relaciones internacionales<\/li>\n\n\n\n<li>Derecho<\/li>\n\n\n\n<li>Traducci\u00f3n<\/li>\n\n\n\n<li>Ciencias y tecnolog\u00edas de la informaci\u00f3n<\/li>\n\n\n\n<li>Escritura creativa<\/li>\n\n\n\n<li>Redacci\u00f3n y narraci\u00f3n digital<\/li>\n\n\n\n<li>Periodismo<\/li>\n\n\n\n<li>Trabajos en casas editoriales<\/li>\n\n\n\n<li>Publicidad<\/li>\n<\/ul>\n\n\n\n<h2 class=\"wp-block-heading has-vivid-red-color has-text-color has-link-color wp-elements-087e6e948ee2b0345dbcd096ad6287be\">Curr\u00edculo<\/h2>\n\n\n\n<p>Nuestro programa subgraduado consiste de 3-4 cursos panor\u00e1micos que abarcan los periodos literarios desde la Antig\u00fcedad hasta el siglo XXI, 3 cursos medulares en teor\u00eda literaria, 3-4 seminarios avanzados especializados en literatura comparada y 3 semestres de un tercer idioma.<\/p>\n\n\n\n<p class=\"has-vivid-red-color has-text-color has-link-color wp-elements-1828e1efe387444db2240fbd4b6652dc\"><strong>Requisitos (y una secuencia sugerida)<\/strong><\/p>\n\n\n\n<p><strong>1.&nbsp;&nbsp;&nbsp;&nbsp;&nbsp;Cursos nivel 3000*<\/strong>&nbsp;\u2013 CUATRO cursos (12 cr\u00e9ditos)&nbsp;seleccionados entre las siguientes opciones:<\/p>\n\n\n\n<figure class=\"wp-block-table\"><table class=\"has-fixed-layout\"><tbody><tr><td>Literatura Moderna \u2013\u00a0<strong>LITE 3011<\/strong><\/td><td>Literatura Contempor\u00e1nea \u2013\u00a0<strong>LITE 3012<\/strong><\/td><\/tr><tr><td>Literatura Posguerra\u00a0<strong>\u2013 LITE 3013<\/strong><\/td><td>Literatura Caribe\u00f1a<strong>\u00a0\u2013 LITE 3014<\/strong><\/td><\/tr><tr><td>Literatura Medieval I \u2013&nbsp;<strong>LITE 3061<\/strong><\/td><td>Literatura Medieval II \u2013&nbsp;<strong>LITE 3062<\/strong><\/td><\/tr><tr><td>Literatura Cl\u00e1sica I \u2013&nbsp;<strong>LITE 3051<\/strong><\/td><td>Literatura Cl\u00e1sica II \u2013&nbsp;<strong>LITE 3052<\/strong><\/td><\/tr><\/tbody><\/table><\/figure>\n\n\n\n<p>*Estudiantes pueden tomar tres cursos a nivel 3000 y uno a nivel 4000 contando con la autorizaci\u00f3n de el\/la asesor\/a acad\u00e9mico o el\/la director\/a del Departamento de Literatura Comparada.\u00a0Para estudiantes de segunda concentraci\u00f3n es obligatorio tomar tres cursos a nivel 3000 y uno a nivel 4000 para satisfacer este requisito.<\/p>\n\n\n\n<p><strong>2.&nbsp;&nbsp;&nbsp;&nbsp;&nbsp;Introducci\u00f3n a la Literatura Comparada&nbsp;\u2013&nbsp;LITE 3045<\/strong><\/p>\n\n\n\n<p>El\/la estudiante debe haber aprobado DOS cursos de nivel 3000 antes de tomar LITE 3045<\/p>\n\n\n\n<p><strong>3.&nbsp;&nbsp;&nbsp;&nbsp;&nbsp;Teor\u00eda literaria I y II<\/strong><\/p>\n\n\n\n<p>LITE 3101&nbsp;\u2013 Teor\u00eda Literaria I&nbsp;&nbsp;<br>LITE 3102&nbsp;\u2013 Teor\u00eda Literaria II<\/p>\n\n\n\n<p>El\/la estudiante debe haber aprobado&nbsp;LITE 3045&nbsp;y DOS de los cursos nivel 3000 como pre-requisito para tomar teor\u00eda (deben tomarse en el orden correspondiente).<\/p>\n\n\n\n<p>&nbsp;<strong>4.&nbsp;&nbsp;&nbsp;&nbsp;&nbsp;Cursos Monogr\u00e1ficos nivel 4000\/5000&nbsp;<\/strong><\/p>\n\n\n\n<p>&nbsp; &nbsp; &nbsp; &nbsp;a.&nbsp; &nbsp; &nbsp;TRES cursos (9 cr\u00e9ditos).&nbsp;<\/p>\n\n\n\n<p>&nbsp;&nbsp; &nbsp;&nbsp;&nbsp;&nbsp;b.&nbsp;&nbsp;&nbsp;&nbsp;&nbsp;Los cursos var\u00edan todos los semestres y se anunciar\u00e1n durante el periodo de matr\u00edcula.<\/p>\n\n\n\n<p>&nbsp; &nbsp; &nbsp; &nbsp;c.&nbsp;&nbsp;&nbsp;&nbsp;&nbsp;El\/La estudiante deber\u00e1 escoger uno de estos cursos para escribir su TESINA.<\/p>\n\n\n\n<p>&nbsp;<strong>5.&nbsp;&nbsp;&nbsp;&nbsp;&nbsp;Idiomas:<\/strong>&nbsp;<\/p>\n\n\n\n<p><strong>El\/La estudiante completar\u00e1 TRES semestres (9 cr\u00e9ditos) de una misma lengua extranjera.*<\/strong><\/p>\n\n\n\n<p>*Los 6 cr\u00e9ditos de requisito que exige la Facultad de Humanidades cuentan para satisfacer los 9 cr\u00e9ditos de la concentraci\u00f3n (i.e. 9 cr\u00e9ditos son suficientes para satisfacer ambos requisitos).&nbsp;<br>**Estudiantes que entraron al bachillerato en Literatura Comparada antes de agosto 2022: el requisito del tercer idioma es cuatro semestres (12 cr\u00e9ditos).<\/p>\n\n\n\n<p>*** Estudiantes haciendo segunda concentraci\u00f3n que NO sean de la Facultad de Humanidades s\u00f3lo deber\u00e1n tomar 6 cr\u00e9ditos en Lenguas Modernas.&nbsp;<\/p>\n\n\n\n<p class=\"has-vivid-red-color has-text-color has-link-color wp-elements-addf35dd8b72dc5861a579e66bbcca25\"><strong>Secuencia curricular sugerida, a partir de agosto 2022<\/strong><\/p>\n\n\n\n<figure class=\"wp-block-table\"><table class=\"has-fixed-layout\"><tbody><tr><td>A\u00f1o<\/td><td>1er semestre<\/td><td>2ndo semestre<\/td><\/tr><tr><td>Primero<\/td><td>ESPA (EG, seg\u00fan nivel)<br>INGL (EG, seg\u00fan nivel)<br>HUMA (EG)<br>Pensamiento L\u00f3gico Matem\u00e1tico<br>LITE (nivel 3000)<\/td><td>ESPA (EG, seg\u00fan nivel)<br>INGL (EG, seg\u00fan nivel)<br>HUMA (EG)<br>HART o MUSI o TEAT<br>LITE (nivel 3000)<br>Electiva libre<\/td><\/tr><tr><td>Segundo*<\/td><td>LITE 3045<br>LENGUA I<br>ESPA (Estudios Hisp\u00e1nicos)<br>HIST<br>HART o MUSI o TEAT<br>Electiva libre<\/td><td>LITE (nivel 3000)<br>LENGUA II<br>ESPA (Estudios Hisp\u00e1nicos)<br>HIST<br>Electiva libre<br>LITE (nivel 3000)<\/td><\/tr><tr><td>Tercero**<\/td><td>LITE 3101<br>LENGUA III<br>INGL (Humanidades)<br>FILO<br>CISO 3121 (EG)<br>Electiva libre<\/td><td>LITE 3102<br>INGL (Humanidades)<br>FILO<br>CISO 3122 (EG)<br>Electiva Libre (Humanidades)<\/td><\/tr><tr><td>Cuarto ***<\/td><td>LITE 4000 o 5000<br>LITE 4000 o 5000<br>CIBI o CIFI (EG)<br>HART o MUSI o TEAT<br>Electiva Libre<\/td><td>LITE 4000 o 5000<br>CIBI o CIFI (EG)<br>Electiva Libre (Humanidades)<br>Electiva Libre<\/td><\/tr><\/tbody><\/table><\/figure>\n\n\n\n<p>(EG = Estudios Generales)<\/p>\n\n\n\n<p class=\"has-vivid-red-color has-text-color has-link-color wp-elements-207432932a80349320e507c64389d3ac\"><strong>Secuencia curricular sugerida<\/strong><\/p>\n\n\n\n<figure class=\"wp-block-table\"><table class=\"has-fixed-layout\"><tbody><tr><td>A\u00f1o<\/td><td>1er semestre<\/td><td>2ndo semestre<\/td><\/tr><tr><td>Primero<\/td><td>LITE 3000<\/td><td>LITE 3000<\/td><\/tr><tr><td>Segundo*<\/td><td>LITE 3045&nbsp;<br>LENGUA I<\/td><td>LITE 3000<br>LITE 3000<br>LENGUA II<\/td><\/tr><tr><td>Tercero**<\/td><td>LITE 3101<br>LENGUA III<\/td><td>LITE 3102<\/td><\/tr><tr><td>Cuarto ***<\/td><td>LITE 4000 o 5000<br>LITE 4000 o 5000<\/td><td>LITE 4000 o 5000<\/td><\/tr><\/tbody><\/table><\/figure>\n\n\n\n<p>*Si el\/la asesor\/a lo aprueba, puede tomar LITE 3045 mientras toma un segundo curso nivel 3000.<\/p>\n\n\n\n<p>** Despu\u00e9s de haber aprobado, por lo menos, dos de los cursos iniciales y el curso de Introducci\u00f3n a la Literatura Comparada, debe tomar los cursos de teor\u00eda literaria, en este orden: LITE 3101 y 3102.<\/p>\n\n\n\n<p>*** Los cursos monogr\u00e1ficos nivel 4000 o 5000 (podr\u00e1 convalidar cursos graduados nivel 6000 con la aprobaci\u00f3n del director del departamento) tienen como pre-requisito LITE 3101.&nbsp;<\/p>\n\n\n\n<p>**** Los tres semestres de lengua deben, idealmente, tomarse a partir del segundo a\u00f1o, de modo que al tomar los tres cursos monogr\u00e1ficos ya est\u00e9n preparados para leer algunos de los textos asignados en su lengua original.<\/p>\n\n\n\n<p>Documentos de inter\u00e9s<\/p>\n\n\n\n<p><a href=\"https:\/\/drive.google.com\/file\/d\/1XMO9DFKvghsKI6w9VX95pnmOjSmz0NeW\/view?usp=drive_link\" target=\"_blank\" rel=\"noreferrer noopener\">Hoja de evaluaci\u00f3n subgraduada<\/a><\/p>\n\n\n\n<p><\/p>\n","protected":false},"excerpt":{"rendered":"<p>Bienvenides a la p\u00e1gina del Programa Subgraduado de Literatura Comparada. El Departamento de Literatura Comparada ofrece primera y segunda concentraci\u00f3n que constan de 30 cr\u00e9ditos en Literatura Comparada, m\u00e1s 9 cr\u00e9ditos en Lenguas Modernas. El bachillerato en Literatura Comparada est\u00e1 dise\u00f1ado para completarse, \u00f3ptimamente (i.e., estudio a tiempo completo), en &#8230;<\/p>\n","protected":false},"author":2,"featured_media":0,"parent":0,"menu_order":0,"comment_status":"closed","ping_status":"closed","template":"template-full-width.php","meta":{"_eb_attr":"","_monsterinsights_skip_tracking":false,"_monsterinsights_sitenote_active":false,"_monsterinsights_sitenote_note":"","_monsterinsights_sitenote_category":0,"footnotes":""},"class_list":["post-73","page","type-page","status-publish","hentry","column","twocol"],"_links":{"self":[{"href":"https:\/\/humanidades.uprrp.edu\/literaturacomparada\/wp-json\/wp\/v2\/pages\/73","targetHints":{"allow":["GET"]}}],"collection":[{"href":"https:\/\/humanidades.uprrp.edu\/literaturacomparada\/wp-json\/wp\/v2\/pages"}],"about":[{"href":"https:\/\/humanidades.uprrp.edu\/literaturacomparada\/wp-json\/wp\/v2\/types\/page"}],"author":[{"embeddable":true,"href":"https:\/\/humanidades.uprrp.edu\/literaturacomparada\/wp-json\/wp\/v2\/users\/2"}],"replies":[{"embeddable":true,"href":"https:\/\/humanidades.uprrp.edu\/literaturacomparada\/wp-json\/wp\/v2\/comments?post=73"}],"version-history":[{"count":15,"href":"https:\/\/humanidades.uprrp.edu\/literaturacomparada\/wp-json\/wp\/v2\/pages\/73\/revisions"}],"predecessor-version":[{"id":357,"href":"https:\/\/humanidades.uprrp.edu\/literaturacomparada\/wp-json\/wp\/v2\/pages\/73\/revisions\/357"}],"wp:attachment":[{"href":"https:\/\/humanidades.uprrp.edu\/literaturacomparada\/wp-json\/wp\/v2\/media?parent=73"}],"curies":[{"name":"wp","href":"https:\/\/api.w.org\/{rel}","templated":true}]}}