{"id":60,"date":"2024-09-10T15:45:56","date_gmt":"2024-09-10T19:45:56","guid":{"rendered":"https:\/\/humanidades.uprrp.edu\/literaturacomparada\/?page_id=60"},"modified":"2025-10-15T16:20:31","modified_gmt":"2025-10-15T20:20:31","slug":"profesores-y-colaboradores-jubilados","status":"publish","type":"page","link":"https:\/\/humanidades.uprrp.edu\/literaturacomparada\/profesores-y-colaboradores-jubilados\/","title":{"rendered":"Profesores y colaboradores jubilados"},"content":{"rendered":"\n<p><strong>V\u00edctor Castro<\/strong>,&nbsp;PhD, Friedrich-Alexander Universit\u00e4t Erlangen-N\u00fcrnberg, 1992, Catedr\u00e1tico, Departamento de Lenguas Extranjeras y Departamento de Literatura Comparada. Lengua y literatura alemana, Siglo XVIII y XIX, literatura cl\u00e1sica.<\/p>\n\n\n\n<p><strong>Ana. H. Fern\u00e1ndez Sein<\/strong>, PhD, Harvard University, 1986, Catedr\u00e1tica. Gald\u00f3s; novela moderna; novela g\u00f3tica; narrativa de los siglos XVIII, XIX y XX.<\/p>\n\n\n\n<p><strong>Susan Homar<\/strong>, PhD, New York University, 1982, Catedr\u00e1tica. Narratolog\u00eda; literaturas caribe\u00f1as; novelas posmodernas; historia y teor\u00eda de la danza; danza y tecnolog\u00eda.<\/p>\n\n\n\n<p><a href=\"https:\/\/independent.academia.edu\/YolandaIzquierdo\"><strong>Yolanda Izquierdo<\/strong><\/a>,&nbsp;PhD, Universidad de Puerto Rico, R\u00edo Piedras, Catedr\u00e1tica, Departamento de Humanidades de Estudios Generales, Departamento de Estudios Hisp\u00e1nicos y Departamento de Literatura Comparada.&nbsp;Literatura latinoamericana, Cuba y Puerto Rico, literatura cl\u00e1sica, exilio y narrativa, literatura y ciudad.<\/p>\n\n\n\n<p><strong>Luce L\u00f3pez Baralt<\/strong>, PhD, Harvard University, 1974, Catedr\u00e1tica y Profesora Distinguida (2010), Departamento de Estudios Hisp\u00e1nicos y Departamento de Literatura Comparada. Literatura espa\u00f1ola del Siglo de Oro; m\u00edstica comparada; literatura hispano-\u00e1rabe e hispano-morisca.<\/p>\n\n\n\n<p><strong>Mar\u00eda Teresa Narv\u00e1ez C\u00f3rdova<\/strong>, PhD, Universidad de Puerto Rico, 1988, Catedr\u00e1tica del Departamento de Estudios Hisp\u00e1nicos. Literatura espa\u00f1ola y literatura aljamiada del Siglo de Oro, misticismo comparado.<\/p>\n\n\n\n<p><strong>Julio Ramos<\/strong>, PhD., Princeton University, 1985, Profesor Em\u00e9rito de Espa\u00f1ol y Portugu\u00e9s, UC Berkeley.<\/p>\n\n\n\n<p><strong>Rub\u00e9n R\u00edos-\u00c1vila<\/strong>, PhD, Cornell University, 1983, Departamento de Espa\u00f1ol y Portugu\u00e9s, NYU.&nbsp;Teor\u00eda literaria, literatura hispanoamericana, cine y literatura.<\/p>\n\n\n\n<p><strong>Mar\u00eda Elena Rodr\u00edguez Castro<\/strong>, PhD, Princeton University, 1988, Catedr\u00e1tica. Estudios culturales; literatura del Caribe hisp\u00e1nico; teor\u00eda literaria.<\/p>\n\n\n\n<p><strong>Eduardo (Lalo) Rodr\u00edguez<\/strong>&nbsp;&lt;<a href=\"mailto:eduardo.rodriguez7@upr.edu\">eduardo.rodriguez7@upr.edu<\/a>&gt;. M.A., Universit\u00e9 de Paris, 1987, Catedr\u00e1tico asociado.&nbsp;Literatura caribe\u00f1a, latinoamericana, moderna y contempor\u00e1nea. Escritor.<\/p>\n\n\n\n<p><strong>Ada M.&nbsp;Vilar<\/strong>&nbsp;&lt;<a href=\"mailto:ada.vilar@upr.edu\">ada.vilar@upr.edu<\/a>&gt;, DML, Middlebury College, Catedr\u00e1tica, jubilada del Departamento de Lenguas Extranjeras y el Departamento de Literatura Comparada.&nbsp;Literatura francesa, teor\u00eda literaria, narratolog\u00eda.<\/p>\n","protected":false},"excerpt":{"rendered":"<p>V\u00edctor Castro,&nbsp;PhD, Friedrich-Alexander Universit\u00e4t Erlangen-N\u00fcrnberg, 1992, Catedr\u00e1tico, Departamento de Lenguas Extranjeras y Departamento de Literatura Comparada. Lengua y literatura alemana, Siglo XVIII y XIX, literatura cl\u00e1sica. Ana. H. Fern\u00e1ndez Sein, PhD, Harvard University, 1986, Catedr\u00e1tica. Gald\u00f3s; novela moderna; novela g\u00f3tica; narrativa de los siglos XVIII, XIX y XX. Susan Homar, &#8230;<\/p>\n","protected":false},"author":2,"featured_media":0,"parent":0,"menu_order":0,"comment_status":"closed","ping_status":"closed","template":"","meta":{"_eb_attr":"","_monsterinsights_skip_tracking":false,"_monsterinsights_sitenote_active":false,"_monsterinsights_sitenote_note":"","_monsterinsights_sitenote_category":0,"footnotes":""},"class_list":["post-60","page","type-page","status-publish","hentry","column","twocol"],"_links":{"self":[{"href":"https:\/\/humanidades.uprrp.edu\/literaturacomparada\/wp-json\/wp\/v2\/pages\/60","targetHints":{"allow":["GET"]}}],"collection":[{"href":"https:\/\/humanidades.uprrp.edu\/literaturacomparada\/wp-json\/wp\/v2\/pages"}],"about":[{"href":"https:\/\/humanidades.uprrp.edu\/literaturacomparada\/wp-json\/wp\/v2\/types\/page"}],"author":[{"embeddable":true,"href":"https:\/\/humanidades.uprrp.edu\/literaturacomparada\/wp-json\/wp\/v2\/users\/2"}],"replies":[{"embeddable":true,"href":"https:\/\/humanidades.uprrp.edu\/literaturacomparada\/wp-json\/wp\/v2\/comments?post=60"}],"version-history":[{"count":3,"href":"https:\/\/humanidades.uprrp.edu\/literaturacomparada\/wp-json\/wp\/v2\/pages\/60\/revisions"}],"predecessor-version":[{"id":290,"href":"https:\/\/humanidades.uprrp.edu\/literaturacomparada\/wp-json\/wp\/v2\/pages\/60\/revisions\/290"}],"wp:attachment":[{"href":"https:\/\/humanidades.uprrp.edu\/literaturacomparada\/wp-json\/wp\/v2\/media?parent=60"}],"curies":[{"name":"wp","href":"https:\/\/api.w.org\/{rel}","templated":true}]}}