{"id":358,"date":"2026-02-04T14:43:12","date_gmt":"2026-02-04T18:43:12","guid":{"rendered":"https:\/\/humanidades.uprrp.edu\/literaturacomparada\/?page_id=358"},"modified":"2026-02-04T14:43:13","modified_gmt":"2026-02-04T18:43:13","slug":"egresados","status":"publish","type":"page","link":"https:\/\/humanidades.uprrp.edu\/literaturacomparada\/egresados\/","title":{"rendered":"Egresados"},"content":{"rendered":"\n<p><strong>\u00bfQu\u00e9 hago con un bachillerato o maestr\u00eda en Literatura Comparada?<\/strong><\/p>\n\n\n\n<p>Egresados de nuestros programas de Literatura Comparada tienen una variedad de opciones acad\u00e9micas y profesionales.<\/p>\n\n\n\n<p>Prosiguen estudios graduados en, por ejemplo, Programas de Estudios Hisp\u00e1nicos, Ingl\u00e9s, Literatura Comparada, Bibliotecolog\u00eda, Ciencias de la Informaci\u00f3n, Derecho, Traducci\u00f3n, Gesti\u00f3n Cultural, Historia de la Medicina y Estudios Culturales.<\/p>\n\n\n\n<p>Se desempe\u00f1an en diversas profesiones en Educaci\u00f3n, Investigaci\u00f3n, Narraci\u00f3n y Creaci\u00f3n Digital, Editoriales, Leyes, Comunicaciones, Gesti\u00f3n Cultural, Periodismo y Escritura Creativa, entre otras.<\/p>\n\n\n\n<p>\u00a1Celebramos nuestrxs egresadxs!<\/p>\n\n\n\n<figure class=\"wp-block-image size-large\"><img fetchpriority=\"high\" decoding=\"async\" width=\"1024\" height=\"576\" src=\"https:\/\/humanidades.uprrp.edu\/literaturacomparada\/wp-content\/uploads\/sites\/6\/2026\/02\/1.-Valeria-Acevedo-Arguelles-1024x576.jpg\" alt=\"\" class=\"wp-image-359\" srcset=\"https:\/\/humanidades.uprrp.edu\/literaturacomparada\/wp-content\/uploads\/sites\/6\/2026\/02\/1.-Valeria-Acevedo-Arguelles-1024x576.jpg 1024w, https:\/\/humanidades.uprrp.edu\/literaturacomparada\/wp-content\/uploads\/sites\/6\/2026\/02\/1.-Valeria-Acevedo-Arguelles-300x169.jpg 300w, https:\/\/humanidades.uprrp.edu\/literaturacomparada\/wp-content\/uploads\/sites\/6\/2026\/02\/1.-Valeria-Acevedo-Arguelles-768x432.jpg 768w, https:\/\/humanidades.uprrp.edu\/literaturacomparada\/wp-content\/uploads\/sites\/6\/2026\/02\/1.-Valeria-Acevedo-Arguelles-700x393.jpg 700w, https:\/\/humanidades.uprrp.edu\/literaturacomparada\/wp-content\/uploads\/sites\/6\/2026\/02\/1.-Valeria-Acevedo-Arguelles-332x187.jpg 332w, https:\/\/humanidades.uprrp.edu\/literaturacomparada\/wp-content\/uploads\/sites\/6\/2026\/02\/1.-Valeria-Acevedo-Arguelles-600x338.jpg 600w, https:\/\/humanidades.uprrp.edu\/literaturacomparada\/wp-content\/uploads\/sites\/6\/2026\/02\/1.-Valeria-Acevedo-Arguelles.jpg 1280w\" sizes=\"(max-width: 1024px) 100vw, 1024px\" \/><\/figure>\n\n\n\n<figure class=\"wp-block-image size-large\"><img decoding=\"async\" width=\"1024\" height=\"576\" src=\"https:\/\/humanidades.uprrp.edu\/literaturacomparada\/wp-content\/uploads\/sites\/6\/2026\/02\/3.-Jeanmary-Lugo-Gonzalez-1024x576.jpg\" alt=\"\" class=\"wp-image-360\" srcset=\"https:\/\/humanidades.uprrp.edu\/literaturacomparada\/wp-content\/uploads\/sites\/6\/2026\/02\/3.-Jeanmary-Lugo-Gonzalez-1024x576.jpg 1024w, https:\/\/humanidades.uprrp.edu\/literaturacomparada\/wp-content\/uploads\/sites\/6\/2026\/02\/3.-Jeanmary-Lugo-Gonzalez-300x169.jpg 300w, https:\/\/humanidades.uprrp.edu\/literaturacomparada\/wp-content\/uploads\/sites\/6\/2026\/02\/3.-Jeanmary-Lugo-Gonzalez-768x432.jpg 768w, https:\/\/humanidades.uprrp.edu\/literaturacomparada\/wp-content\/uploads\/sites\/6\/2026\/02\/3.-Jeanmary-Lugo-Gonzalez-700x393.jpg 700w, https:\/\/humanidades.uprrp.edu\/literaturacomparada\/wp-content\/uploads\/sites\/6\/2026\/02\/3.-Jeanmary-Lugo-Gonzalez-332x187.jpg 332w, https:\/\/humanidades.uprrp.edu\/literaturacomparada\/wp-content\/uploads\/sites\/6\/2026\/02\/3.-Jeanmary-Lugo-Gonzalez-600x338.jpg 600w, https:\/\/humanidades.uprrp.edu\/literaturacomparada\/wp-content\/uploads\/sites\/6\/2026\/02\/3.-Jeanmary-Lugo-Gonzalez.jpg 1280w\" sizes=\"(max-width: 1024px) 100vw, 1024px\" \/><\/figure>\n\n\n\n<figure class=\"wp-block-image size-large\"><img decoding=\"async\" width=\"1024\" height=\"576\" src=\"https:\/\/humanidades.uprrp.edu\/literaturacomparada\/wp-content\/uploads\/sites\/6\/2026\/02\/4.-Shirley-McPhaul-Castro-2-1024x576.jpg\" alt=\"\" class=\"wp-image-362\" srcset=\"https:\/\/humanidades.uprrp.edu\/literaturacomparada\/wp-content\/uploads\/sites\/6\/2026\/02\/4.-Shirley-McPhaul-Castro-2-1024x576.jpg 1024w, https:\/\/humanidades.uprrp.edu\/literaturacomparada\/wp-content\/uploads\/sites\/6\/2026\/02\/4.-Shirley-McPhaul-Castro-2-300x169.jpg 300w, https:\/\/humanidades.uprrp.edu\/literaturacomparada\/wp-content\/uploads\/sites\/6\/2026\/02\/4.-Shirley-McPhaul-Castro-2-768x432.jpg 768w, https:\/\/humanidades.uprrp.edu\/literaturacomparada\/wp-content\/uploads\/sites\/6\/2026\/02\/4.-Shirley-McPhaul-Castro-2-700x393.jpg 700w, https:\/\/humanidades.uprrp.edu\/literaturacomparada\/wp-content\/uploads\/sites\/6\/2026\/02\/4.-Shirley-McPhaul-Castro-2-332x187.jpg 332w, https:\/\/humanidades.uprrp.edu\/literaturacomparada\/wp-content\/uploads\/sites\/6\/2026\/02\/4.-Shirley-McPhaul-Castro-2-600x338.jpg 600w, https:\/\/humanidades.uprrp.edu\/literaturacomparada\/wp-content\/uploads\/sites\/6\/2026\/02\/4.-Shirley-McPhaul-Castro-2.jpg 1280w\" sizes=\"(max-width: 1024px) 100vw, 1024px\" \/><\/figure>\n\n\n\n<figure class=\"wp-block-image size-large\"><img loading=\"lazy\" decoding=\"async\" width=\"1024\" height=\"576\" src=\"https:\/\/humanidades.uprrp.edu\/literaturacomparada\/wp-content\/uploads\/sites\/6\/2026\/02\/5.-Nahir-OG-1024x576.jpg\" alt=\"\" class=\"wp-image-363\" srcset=\"https:\/\/humanidades.uprrp.edu\/literaturacomparada\/wp-content\/uploads\/sites\/6\/2026\/02\/5.-Nahir-OG-1024x576.jpg 1024w, https:\/\/humanidades.uprrp.edu\/literaturacomparada\/wp-content\/uploads\/sites\/6\/2026\/02\/5.-Nahir-OG-300x169.jpg 300w, https:\/\/humanidades.uprrp.edu\/literaturacomparada\/wp-content\/uploads\/sites\/6\/2026\/02\/5.-Nahir-OG-768x432.jpg 768w, https:\/\/humanidades.uprrp.edu\/literaturacomparada\/wp-content\/uploads\/sites\/6\/2026\/02\/5.-Nahir-OG-700x393.jpg 700w, https:\/\/humanidades.uprrp.edu\/literaturacomparada\/wp-content\/uploads\/sites\/6\/2026\/02\/5.-Nahir-OG-332x187.jpg 332w, https:\/\/humanidades.uprrp.edu\/literaturacomparada\/wp-content\/uploads\/sites\/6\/2026\/02\/5.-Nahir-OG-600x338.jpg 600w, https:\/\/humanidades.uprrp.edu\/literaturacomparada\/wp-content\/uploads\/sites\/6\/2026\/02\/5.-Nahir-OG.jpg 1280w\" sizes=\"(max-width: 1024px) 100vw, 1024px\" \/><\/figure>\n\n\n\n<figure class=\"wp-block-image size-large\"><img loading=\"lazy\" decoding=\"async\" width=\"1024\" height=\"576\" src=\"https:\/\/humanidades.uprrp.edu\/literaturacomparada\/wp-content\/uploads\/sites\/6\/2026\/02\/2.-Pat-Santalices-Torres-1024x576.jpg\" alt=\"\" class=\"wp-image-361\" srcset=\"https:\/\/humanidades.uprrp.edu\/literaturacomparada\/wp-content\/uploads\/sites\/6\/2026\/02\/2.-Pat-Santalices-Torres-1024x576.jpg 1024w, https:\/\/humanidades.uprrp.edu\/literaturacomparada\/wp-content\/uploads\/sites\/6\/2026\/02\/2.-Pat-Santalices-Torres-300x169.jpg 300w, https:\/\/humanidades.uprrp.edu\/literaturacomparada\/wp-content\/uploads\/sites\/6\/2026\/02\/2.-Pat-Santalices-Torres-768x432.jpg 768w, https:\/\/humanidades.uprrp.edu\/literaturacomparada\/wp-content\/uploads\/sites\/6\/2026\/02\/2.-Pat-Santalices-Torres-700x393.jpg 700w, https:\/\/humanidades.uprrp.edu\/literaturacomparada\/wp-content\/uploads\/sites\/6\/2026\/02\/2.-Pat-Santalices-Torres-332x187.jpg 332w, https:\/\/humanidades.uprrp.edu\/literaturacomparada\/wp-content\/uploads\/sites\/6\/2026\/02\/2.-Pat-Santalices-Torres-600x338.jpg 600w, https:\/\/humanidades.uprrp.edu\/literaturacomparada\/wp-content\/uploads\/sites\/6\/2026\/02\/2.-Pat-Santalices-Torres.jpg 1280w\" sizes=\"(max-width: 1024px) 100vw, 1024px\" \/><\/figure>\n","protected":false},"excerpt":{"rendered":"<p>\u00bfQu\u00e9 hago con un bachillerato o maestr\u00eda en Literatura Comparada? Egresados de nuestros programas de Literatura Comparada tienen una variedad de opciones acad\u00e9micas y profesionales. Prosiguen estudios graduados en, por ejemplo, Programas de Estudios Hisp\u00e1nicos, Ingl\u00e9s, Literatura Comparada, Bibliotecolog\u00eda, Ciencias de la Informaci\u00f3n, Derecho, Traducci\u00f3n, Gesti\u00f3n Cultural, Historia de la &#8230;<\/p>\n","protected":false},"author":2,"featured_media":0,"parent":0,"menu_order":0,"comment_status":"closed","ping_status":"closed","template":"","meta":{"_eb_attr":"","_monsterinsights_skip_tracking":false,"_monsterinsights_sitenote_active":false,"_monsterinsights_sitenote_note":"","_monsterinsights_sitenote_category":0,"footnotes":""},"class_list":["post-358","page","type-page","status-publish","hentry","column","twocol"],"_links":{"self":[{"href":"https:\/\/humanidades.uprrp.edu\/literaturacomparada\/wp-json\/wp\/v2\/pages\/358","targetHints":{"allow":["GET"]}}],"collection":[{"href":"https:\/\/humanidades.uprrp.edu\/literaturacomparada\/wp-json\/wp\/v2\/pages"}],"about":[{"href":"https:\/\/humanidades.uprrp.edu\/literaturacomparada\/wp-json\/wp\/v2\/types\/page"}],"author":[{"embeddable":true,"href":"https:\/\/humanidades.uprrp.edu\/literaturacomparada\/wp-json\/wp\/v2\/users\/2"}],"replies":[{"embeddable":true,"href":"https:\/\/humanidades.uprrp.edu\/literaturacomparada\/wp-json\/wp\/v2\/comments?post=358"}],"version-history":[{"count":1,"href":"https:\/\/humanidades.uprrp.edu\/literaturacomparada\/wp-json\/wp\/v2\/pages\/358\/revisions"}],"predecessor-version":[{"id":364,"href":"https:\/\/humanidades.uprrp.edu\/literaturacomparada\/wp-json\/wp\/v2\/pages\/358\/revisions\/364"}],"wp:attachment":[{"href":"https:\/\/humanidades.uprrp.edu\/literaturacomparada\/wp-json\/wp\/v2\/media?parent=358"}],"curies":[{"name":"wp","href":"https:\/\/api.w.org\/{rel}","templated":true}]}}