{"id":33,"date":"2024-09-10T11:31:36","date_gmt":"2024-09-10T15:31:36","guid":{"rendered":"https:\/\/humanidades.uprrp.edu\/literaturacomparada\/?page_id=33"},"modified":"2024-09-10T15:53:54","modified_gmt":"2024-09-10T19:53:54","slug":"mara-negron-in-memoriam","status":"publish","type":"page","link":"https:\/\/humanidades.uprrp.edu\/literaturacomparada\/mara-negron-in-memoriam\/","title":{"rendered":"Mara Negr\u00f3n: In Memoriam"},"content":{"rendered":"<div class=\"wp-block-image\">\n<figure class=\"aligncenter size-full\"><img fetchpriority=\"high\" decoding=\"async\" width=\"565\" height=\"377\" src=\"https:\/\/humanidades.uprrp.edu\/literaturacomparada\/wp-content\/uploads\/sites\/6\/2024\/09\/Mara-Negron-foto-por-por-Ricardo-Alcaraz.jpg\" alt=\"\" class=\"wp-image-67\" srcset=\"https:\/\/humanidades.uprrp.edu\/literaturacomparada\/wp-content\/uploads\/sites\/6\/2024\/09\/Mara-Negron-foto-por-por-Ricardo-Alcaraz.jpg 565w, https:\/\/humanidades.uprrp.edu\/literaturacomparada\/wp-content\/uploads\/sites\/6\/2024\/09\/Mara-Negron-foto-por-por-Ricardo-Alcaraz-300x200.jpg 300w, https:\/\/humanidades.uprrp.edu\/literaturacomparada\/wp-content\/uploads\/sites\/6\/2024\/09\/Mara-Negron-foto-por-por-Ricardo-Alcaraz-332x222.jpg 332w\" sizes=\"(max-width: 565px) 100vw, 565px\" \/><figcaption class=\"wp-element-caption\">El 20 de junio de 2019 se cumplen siete a\u00f1os de la partida de la Dra. Mara Negr\u00f3n,\u00a0querida amiga, colega, profesora, intelectual, escritora, pensadora. Siempre estar\u00e1s en nuestros pensamientos y corazones.<\/figcaption><\/figure>\n<\/div>\n\n\n<p><strong>Libros:<\/strong><\/p>\n\n\n\n<p><em>De<\/em>&nbsp;<em>la animalidad no hay salida\u2026: (ensayos sobre animalidad, cuerpo y ciudad)<\/em>. San Juan: Editorial Universidad de Puerto Rico, 2010.<\/p>\n\n\n\n<p><em>Cartago<\/em>, novela. San Juan: Editorial Tal cual, 2005.<\/p>\n\n\n\n<p><em>El porvenir de la profesi\u00f3n o la universidad sin condici\u00f3n<\/em>&nbsp;(Jacques Derrida), traducci\u00f3n, notas y pr\u00f3logo. San Juan:&nbsp;Editorial Postdata, 2002.<\/p>\n\n\n\n<p><em>Velos<\/em>, dos ensayos,&nbsp;<em>Sa(v)er<\/em>&nbsp;de H\u00e9l\u00e8ne Cixous&nbsp;<em>y Un verme de seda<\/em>&nbsp;de Jacques Derrida, traducci\u00f3n, notas y pr\u00f3logo. M\u00e9jico: Editorial Siglo Veintiuno, 2001.<\/p>\n\n\n\n<p><em>Las ciudades que (no) existen<\/em>, libro de relatos y poemas. San Juan: Editorial&nbsp;<\/p>\n\n\n\n<p>Postdata, 2001.<\/p>\n\n\n\n<p><em>Une gen\u00e8se au f\u00e9minin (Un g\u00e9nesis en femenino)<\/em>, (Estudio de&nbsp;<em>A ma\u00e7\u00e3 no Escuro<\/em>de Clarice Lispector), Prefacio de H\u00e9l\u00e8ne Cixous, Colecci\u00f3n Critical Studies, dirigida por Myriam D\u00edaz-Diocaretz. Ed. Rodopi, 1997.<\/p>\n\n\n\n<p><em>Lectures de la diff\u00e9rence sexuelle<\/em>(<em>Lecturas de la diferencia sexual<\/em>) (Actas vol. I), publicaci\u00f3n dirigida, presentada y editada por Mara Negr\u00f3n y Anne Berger, Actas del coloquio internacional e interdisciplinario&nbsp;<em>Lecturas de la diferencia sexual<\/em>, entre los autores : Jacques Derrida, H\u00e9l\u00e8ne Cixous, organizado por el Centro de Estudios Femeninos de la Universidad Par\u00eds-VIII y el Colegio Internacional de Filosof\u00eda, nov. 1993, edici\u00f3n&nbsp;<em>des femmes<\/em>, Par\u00eds, 1994.<br><br><br>Art\u00edculos por la Dra. Mara Negr\u00f3n en la revista electr\u00f3nica 80grados:<\/p>\n\n\n\n<ul class=\"wp-block-list\">\n<li><a href=\"http:\/\/80grados.us2.list-manage.com\/track\/click?u=5a02ea7fcd5efe0799856de44&amp;id=1f4b35b67a&amp;e=8ad0e6482e\" target=\"_blank\" rel=\"noreferrer noopener\">La biblioteca de los can\u00edbales<\/a><\/li>\n\n\n\n<li><a href=\"http:\/\/80grados.us2.list-manage.com\/track\/click?u=5a02ea7fcd5efe0799856de44&amp;id=0ee34445bb&amp;e=8ad0e6482e\" target=\"_blank\" rel=\"noreferrer noopener\">Las mujeres y las ansias de democracia<\/a><\/li>\n\n\n\n<li><a href=\"http:\/\/80grados.us2.list-manage.com\/track\/click?u=5a02ea7fcd5efe0799856de44&amp;id=f9192d4289&amp;e=8ad0e6482e\" target=\"_blank\" rel=\"noreferrer noopener\">El horror del mundo<\/a><\/li>\n\n\n\n<li><a href=\"http:\/\/80grados.us2.list-manage1.com\/track\/click?u=5a02ea7fcd5efe0799856de44&amp;id=f8879fd68c&amp;e=8ad0e6482e\" target=\"_blank\" rel=\"noreferrer noopener\">La dignidad de la indignaci\u00f3n<\/a><\/li>\n\n\n\n<li><a href=\"http:\/\/80grados.us2.list-manage.com\/track\/click?u=5a02ea7fcd5efe0799856de44&amp;id=1acb5263be&amp;e=8ad0e6482e\" target=\"_blank\" rel=\"noreferrer noopener\">Lo \u00e9tico es lo pol\u00edtico<\/a><\/li>\n\n\n\n<li><a href=\"http:\/\/80grados.us2.list-manage.com\/track\/click?u=5a02ea7fcd5efe0799856de44&amp;id=03ef846ebe&amp;e=8ad0e6482e\" target=\"_blank\" rel=\"noreferrer noopener\">El verbo descarnado o hacernos cargo de la violencia<\/a><\/li>\n<\/ul>\n\n\n\n<p><strong>A la memoria de Mara Negr\u00f3n en la revista electr\u00f3nica 80 grados:<\/strong><\/p>\n\n\n\n<ul class=\"wp-block-list\">\n<li><a href=\"http:\/\/80grados.us2.list-manage1.com\/track\/click?u=5a02ea7fcd5efe0799856de44&amp;id=c1433def44&amp;e=8ad0e6482e\" target=\"_blank\" rel=\"noreferrer noopener\">Mar\u00e1, \u00bfIn Memoriam?\u00a0<\/a>por\u00a0Agnes Lugo<\/li>\n\n\n\n<li><a href=\"http:\/\/80grados.us2.list-manage.com\/track\/click?u=5a02ea7fcd5efe0799856de44&amp;id=856ed87455&amp;e=8ad0e6482e\" target=\"_blank\" rel=\"noreferrer noopener\">Con Mara en Par\u00eds\u00a0<\/a>por\u00a0Maruja Garc\u00eda Padilla<\/li>\n\n\n\n<li><a href=\"http:\/\/80grados.us2.list-manage.com\/track\/click?u=5a02ea7fcd5efe0799856de44&amp;id=20dcc44516&amp;e=8ad0e6482e\" target=\"_blank\" rel=\"noreferrer noopener\">Mara Negr\u00f3n, el regalo de su rareza<\/a>\u00a0por\u00a0Nelson Rivera<\/li>\n\n\n\n<li><a href=\"http:\/\/80grados.us2.list-manage1.com\/track\/click?u=5a02ea7fcd5efe0799856de44&amp;id=f0f70d8329&amp;e=8ad0e6482e\" target=\"_blank\" rel=\"noreferrer noopener\">Por cierto que es extra\u00f1o no habitar m\u00e1s la tierra<\/a>\u00a0por\u00a0Claudia Becerra<\/li>\n\n\n\n<li><a href=\"http:\/\/80grados.us2.list-manage.com\/track\/click?u=5a02ea7fcd5efe0799856de44&amp;id=357720fbf1&amp;e=8ad0e6482e\" target=\"_blank\" rel=\"noreferrer noopener\">La promesa de Mara Negr\u00f3n<\/a>\u00a0a Isabel Qui\u00f1ones<\/li>\n\n\n\n<li><a href=\"http:\/\/80grados.us2.list-manage.com\/track\/click?u=5a02ea7fcd5efe0799856de44&amp;id=ecb74a1577&amp;e=8ad0e6482e\" target=\"_blank\" rel=\"noreferrer noopener\">\u00abLa necesidad de tus lecciones\u00bb<\/a>\u00a0Mabel Rodr\u00edguez Centeno<\/li>\n\n\n\n<li><a href=\"http:\/\/80grados.us2.list-manage1.com\/track\/click?u=5a02ea7fcd5efe0799856de44&amp;id=65ba147aa8&amp;e=8ad0e6482e\" target=\"_blank\" rel=\"noreferrer noopener\">Let\u2019s pretend \u201ccomo si\u201d estuvieras<\/a>\u00a0por\u00a0Bernat Tort<\/li>\n<\/ul>\n\n\n\n<p><a href=\"http:\/\/www.80grados.net\/despedida\/\">Despedida<\/a>\u00a0por Rub\u00e9n R\u00edos \u00c1vila<\/p>\n\n\n\n<p>Reflexiones adicionales se encuentran&nbsp;<a href=\"http:\/\/www.80grados.net\/category\/pais\/mara-negron-1915-2012\/\">aqu\u00ed<\/a>.<\/p>\n","protected":false},"excerpt":{"rendered":"<p>Libros: De&nbsp;la animalidad no hay salida\u2026: (ensayos sobre animalidad, cuerpo y ciudad). San Juan: Editorial Universidad de Puerto Rico, 2010. Cartago, novela. San Juan: Editorial Tal cual, 2005. El porvenir de la profesi\u00f3n o la universidad sin condici\u00f3n&nbsp;(Jacques Derrida), traducci\u00f3n, notas y pr\u00f3logo. San Juan:&nbsp;Editorial Postdata, 2002. Velos, dos ensayos,&nbsp;Sa(v)er&nbsp;de &#8230;<\/p>\n","protected":false},"author":2,"featured_media":0,"parent":0,"menu_order":0,"comment_status":"closed","ping_status":"closed","template":"","meta":{"_eb_attr":"","_monsterinsights_skip_tracking":false,"_monsterinsights_sitenote_active":false,"_monsterinsights_sitenote_note":"","_monsterinsights_sitenote_category":0,"footnotes":""},"class_list":["post-33","page","type-page","status-publish","hentry","column","twocol"],"_links":{"self":[{"href":"https:\/\/humanidades.uprrp.edu\/literaturacomparada\/wp-json\/wp\/v2\/pages\/33","targetHints":{"allow":["GET"]}}],"collection":[{"href":"https:\/\/humanidades.uprrp.edu\/literaturacomparada\/wp-json\/wp\/v2\/pages"}],"about":[{"href":"https:\/\/humanidades.uprrp.edu\/literaturacomparada\/wp-json\/wp\/v2\/types\/page"}],"author":[{"embeddable":true,"href":"https:\/\/humanidades.uprrp.edu\/literaturacomparada\/wp-json\/wp\/v2\/users\/2"}],"replies":[{"embeddable":true,"href":"https:\/\/humanidades.uprrp.edu\/literaturacomparada\/wp-json\/wp\/v2\/comments?post=33"}],"version-history":[{"count":2,"href":"https:\/\/humanidades.uprrp.edu\/literaturacomparada\/wp-json\/wp\/v2\/pages\/33\/revisions"}],"predecessor-version":[{"id":68,"href":"https:\/\/humanidades.uprrp.edu\/literaturacomparada\/wp-json\/wp\/v2\/pages\/33\/revisions\/68"}],"wp:attachment":[{"href":"https:\/\/humanidades.uprrp.edu\/literaturacomparada\/wp-json\/wp\/v2\/media?parent=33"}],"curies":[{"name":"wp","href":"https:\/\/api.w.org\/{rel}","templated":true}]}}