{"id":31,"date":"2024-09-10T11:30:47","date_gmt":"2024-09-10T15:30:47","guid":{"rendered":"https:\/\/humanidades.uprrp.edu\/literaturacomparada\/?page_id=31"},"modified":"2025-10-08T10:27:29","modified_gmt":"2025-10-08T14:27:29","slug":"programa-graduado","status":"publish","type":"page","link":"https:\/\/humanidades.uprrp.edu\/literaturacomparada\/programa-graduado\/","title":{"rendered":"Programa graduado"},"content":{"rendered":"\t\t<div data-elementor-type=\"wp-page\" data-elementor-id=\"31\" class=\"elementor elementor-31\">\n\t\t\t\t<div class=\"elementor-element elementor-element-1df7c16 e-flex e-con-boxed e-con e-parent\" data-id=\"1df7c16\" data-element_type=\"container\" data-e-type=\"container\">\n\t\t\t\t\t<div class=\"e-con-inner\">\n\t\t\t\t<div class=\"elementor-element elementor-element-2fb9286 elementor-widget elementor-widget-text-editor\" data-id=\"2fb9286\" data-element_type=\"widget\" data-e-type=\"widget\" data-widget_type=\"text-editor.default\">\n\t\t\t\t<div class=\"elementor-widget-container\">\n\t\t\t\t\t\t\t\t\t<p>Bienvenides a la p\u00e1gina del Programa Graduado de Literatura Comparada.<\/p><p>La Maestr\u00eda en Literatura Comparada est\u00e1 dise\u00f1ada para completarse, \u00f3ptimamente (i.e., estudio a tiempo completo), en un t\u00e9rmino de dos a\u00f1os.<\/p><p>A partir del primer semestre del a\u00f1o acad\u00e9mico 2024-2025, los estudiantes de nuevo ingreso iniciar\u00e1n la Nueva Secuencia Curricular del programa. Esta secuencia exige 30 cr\u00e9ditos de los cuales 24 cr\u00e9ditos deben completarse en cursos graduados y 6 cr\u00e9ditos corresponden al Proyecto Final de Grado.\u00a0El programa de maestr\u00eda tiene como requisito, adem\u00e1s, que el estudiante tenga conocimiento de un tercer idioma (por lo menos 6 cr\u00e9ditos o su equivalente). Favor de ver m\u00e1s abajo para los detalles de nuestras secuencias curriculares.<\/p><p><strong>Nuestros estudiantes<\/strong><\/p><p>Son amantes de la literatura que\u00a0provienen de diversas disciplinas (Comunicaciones, Derecho, Humanidades, Ciencias Sociales, Ciencias, Literatura Comparada, Historia, entre otras) y ven y analizan el quehacer literario desde una perspectiva interdisciplinaria y multicultural.\u00a0 Algunos son escritores o artistas, otros estudiosos de la\u00a0literatura y sus nexos con el cine, la historia, la filosof\u00eda, el arte, el derecho, entre otras.<\/p><p><strong>Oportunidades de Empleo<\/strong><\/p><p>Algunos de nuestros egresados son gestores culturales que crean sus propios empleos: productores, periodistas, editores, libreros, por ejemplo. Otros se dedican a la ense\u00f1anza como maestros de escuelas preparatorias o como profesores universitarios. Nuestros mejores estudiantes suelen ser aceptados para proseguir estudios a nivel doctoral en universidades de prestigio en Estados Unidos y Europa (University of Chicago, Cornell University, Columbia University, University of Pennsylvania, entre otras).<\/p><p>Cont\u00e1ctanos para m\u00e1s informaci\u00f3n o si tienen preguntas: <a href=\"mailto:literatura.rrp@upr.edu\">literatura.rrp@upr.edu<\/a>\u00a0<\/p>\t\t\t\t\t\t\t\t<\/div>\n\t\t\t\t<\/div>\n\t\t<div class=\"elementor-element elementor-element-8eac93d e-con-full e-flex e-con e-child\" data-id=\"8eac93d\" data-element_type=\"container\" data-e-type=\"container\">\n\t\t\t\t<div class=\"elementor-element elementor-element-d9c2380 elementor-widget elementor-widget-heading\" data-id=\"d9c2380\" data-element_type=\"widget\" data-e-type=\"widget\" data-widget_type=\"heading.default\">\n\t\t\t\t<div class=\"elementor-widget-container\">\n\t\t\t\t\t<h2 class=\"elementor-heading-title elementor-size-default\">Admisiones<\/h2>\t\t\t\t<\/div>\n\t\t\t\t<\/div>\n\t\t\t\t<\/div>\n\t\t\t\t\t<\/div>\n\t\t\t\t<\/div>\n\t\t<div class=\"elementor-element elementor-element-c13a1e4 e-grid e-con-boxed e-con e-parent\" data-id=\"c13a1e4\" data-element_type=\"container\" data-e-type=\"container\">\n\t\t\t\t\t<div class=\"e-con-inner\">\n\t\t\t\t<div class=\"elementor-element elementor-element-41af33c elementor-widget elementor-widget-text-editor\" data-id=\"41af33c\" data-element_type=\"widget\" data-e-type=\"widget\" data-widget_type=\"text-editor.default\">\n\t\t\t\t<div class=\"elementor-widget-container\">\n\t\t\t\t\t\t\t\t\t<p><strong>Requisitos Espec\u00edficos del Programa de Maestr\u00eda<\/strong><\/p><ul><li>Bachillerato en Literatura Comparada o en una disciplina af\u00edn (Estudios Hisp\u00e1nicos, Ingl\u00e9s, Escritura Creativa, Lenguas Modernas, entre otras) de una universidad reconocida. (Bachilleratos en otras concentraciones deber\u00e1n cumplir con requisitos establecidos por el Comit\u00e9 Graduado)<\/li><li>Dominio de los idiomas espa\u00f1ol e ingl\u00e9s.<\/li><li>\u00cdndice acad\u00e9mico general y de la concentraci\u00f3n de 3.00 puntos en escala de 4.00 puntos.<\/li><li>Dominio de una tercera lengua moderna (de no tenerse, el estudiante deber\u00e1 cumplir con este requisito una vez haya sido admitido al Programa).<\/li><li>Estudiantes provenientes de Bachilleratos en Artes Liberales u otras concentraciones podr\u00edan ser invitados a una entrevista junto a los miembros del Comit\u00e9 Graduado.<br \/><br \/><strong>Documentos Requeridos para la Solicitud de Admisi\u00f3n<\/strong><ul><li>Solicitud de Admisi\u00f3n a Estudios Graduados en l\u00ednea: <a href=\"http:\/\/solicitud.upr.edu\/\">upr.edu<\/a><\/li><li>Copia oficial de transcripciones de cr\u00e9dito.<\/li><li>Dos Recomendaciones para Estudios Graduados de profesores, preferiblemente de cursos de literatura<\/li><li>Ensayo o declaraci\u00f3n de prop\u00f3sito (\u00bfPor qu\u00e9 le interesa estudiar Literatura Comparada?)<\/li><li>Seg\u00fan discreci\u00f3n del Comit\u00e9 Graduado, se podr\u00eda requerir un ensayo cr\u00edtico basado en la lectura e interpretaci\u00f3n de un texto breve. El texto ser\u00e1 provisto por el Departamento de Literatura Comparada<\/li><li>Evidencia del dominio de una tercera lengua (deseable).<\/li><\/ul><\/li><\/ul><p><strong>Para solicitar:<\/strong>\u00a0<a href=\"https:\/\/solicitud.upr.edu\/\">Admissions (upr.edu)<\/a><\/p>\t\t\t\t\t\t\t\t<\/div>\n\t\t\t\t<\/div>\n\t\t\t\t<div class=\"elementor-element elementor-element-94fc44d elementor-widget elementor-widget-text-editor\" data-id=\"94fc44d\" data-element_type=\"widget\" data-e-type=\"widget\" data-widget_type=\"text-editor.default\">\n\t\t\t\t<div class=\"elementor-widget-container\">\n\t\t\t\t\t\t\t\t\t<p><strong><u>Secuencias curriculares MA<\/u><\/strong><\/p><p><strong>Nueva secuencia curricular sugerida<\/strong><\/p><table width=\"493\"><tbody><tr><td><p><strong>A\u00f1o<\/strong><\/p><\/td><td><p><strong>1er Semestre<\/strong><br \/><br \/><\/p><\/td><td><p><strong>2do Semestre<\/strong><\/p><\/td><\/tr><tr><td><p><strong>Primero<\/strong><\/p><\/td><td><p>9 cr\u00e9ditos<\/p><\/td><td><p>9 cr\u00e9ditos<\/p><\/td><\/tr><tr><td><p><strong>Segundo<\/strong><\/p><\/td><td><p>6 cr\u00e9ditos + Propuesta de Proyecto Final de Grado<\/p><\/td><td><p>\u00a0Proyecto Final de Grado<\/p><\/td><\/tr><tr><td><p>\u00a0<\/p><\/td><td><p>\u00a0<\/p><\/td><td><p>\u00a0<\/p><\/td><\/tr><\/tbody><\/table><p><strong>\u00a0<\/strong><\/p><p><strong>Secuencia curricular vigente hasta agosto 2024 (secuencia sugerida)<\/strong><\/p><table width=\"493\"><tbody><tr><td><p><strong>A\u00f1o<\/strong><\/p><\/td><td><p><strong>1er Semestre<\/strong><\/p><\/td><td><p><strong>2do Semestre<\/strong><\/p><\/td><\/tr><tr><td><p><strong>Primero<\/strong><\/p><\/td><td><p>9 cr\u00e9ditos<\/p><\/td><td><p>9 cr\u00e9ditos<\/p><\/td><\/tr><tr><td><p><strong>Segundo<\/strong><\/p><\/td><td><p>9 cr\u00e9ditos<\/p><\/td><td><p>3 cr\u00e9ditos + examen de grado<\/p><\/td><\/tr><tr><td><p><strong>Tercero<\/strong><\/p><\/td><td><p>Tesis<\/p><\/td><td><p><br \/><br \/><\/p><\/td><\/tr><\/tbody><\/table>\t\t\t\t\t\t\t\t<\/div>\n\t\t\t\t<\/div>\n\t\t\t\t\t<\/div>\n\t\t\t\t<\/div>\n\t\t<div class=\"elementor-element elementor-element-3fe2dea e-flex e-con-boxed e-con e-parent\" data-id=\"3fe2dea\" data-element_type=\"container\" data-e-type=\"container\">\n\t\t\t\t\t<div class=\"e-con-inner\">\n\t\t\t\t<div class=\"elementor-element elementor-element-24b1df7 elementor-widget elementor-widget-text-editor\" data-id=\"24b1df7\" data-element_type=\"widget\" data-e-type=\"widget\" data-widget_type=\"text-editor.default\">\n\t\t\t\t<div class=\"elementor-widget-container\">\n\t\t\t\t\t\t\t\t\t<p><strong>Otros detalles de la maestr\u00eda en Literatura Comparada<\/strong><\/p><p>El\/la estudiante que desee llevar a cabo sus estudios de maestr\u00eda a tiempo parcial podr\u00e1 dise\u00f1ar un plan de aprovechamiento acad\u00e9mico bajo la supervisi\u00f3n del\/la asesor\/a acad\u00e9mico. De acuerdo con la\u00a0<a href=\"https:\/\/senado.uprrp.edu\/cert\/cert2012-2013\/CSA-38-2012-2013.pdf\">Certificaci\u00f3n n\u00famero 38 (a\u00f1o 2012-13)<\/a>,\u00a0la\u00a0<a href=\"https:\/\/senado.uprrp.edu\/wp-content\/uploads\/2018\/11\/CSA-51-2017-2018-1.pdf\">Certificaci\u00f3n n\u00famero 51 (a\u00f1o 2017-2018)<\/a>\u00a0y la\u00a0<a href=\"https:\/\/senado.uprrp.edu\/wp-content\/uploads\/2020\/05\/CSA-95-2019-2020.pdf\">Certificaci\u00f3n n\u00famero 95 (a<\/a><a href=\"https:\/\/pgt.uprrp.edu\/images\/documentos\/pdf\/CSA-95-2019-2020.pdf\">\u00f1o 2019-2020)<\/a>\u00a0del Senado Acad\u00e9mico, el\/la estudiante debe culminar la maestr\u00eda en un l\u00edmite de cuatro (4) a\u00f1os a partir de la fecha de admisi\u00f3n al Programa para completar los requisitos del grado. Esto se debe a que consideramos que la Maestr\u00eda no debe exceder los l\u00edmites que corresponden a un grado intermedio entre el bachillerato y el doctorado y que, por lo tanto, el\/la estudiante no debe alargar el proceso innecesariamente.<br \/><br \/>Para estudiantes que entraron a la maestr\u00eda antes de agosto 2018, la pol\u00edtica de estudios graduados vigente es la\u00a0<a href=\"https:\/\/senado.uprrp.edu\/cert\/cert2012-2013\/CSA-38-2012-2013.pdf\">Certificaci\u00f3n n\u00famero 38 (a\u00f1o 2012-13)\u00a0<\/a>del Senado acad\u00e9mico.<br \/><br \/>Para estudiantes que entraron a la maestr\u00eda en o despu\u00e9s de agosto 2018, la pol\u00edtica de estudios graduados vigente es la\u00a0<a href=\"https:\/\/senado.uprrp.edu\/wp-content\/uploads\/2018\/11\/CSA-51-2017-2018-1.pdf\">Certificaci\u00f3n n\u00famero 51 (a\u00f1o 2017-2018)<\/a>\u00a0del Senado acad\u00e9mico.<\/p><p>Los estudiantes que reciben oferta de admisi\u00f3n a partir del a\u00f1o\u00a0acad\u00e9mico 2019-2020 est\u00e1n cobijados bajo la\u00a0\u00a0<a href=\"https:\/\/senado.uprrp.edu\/wp-content\/uploads\/2020\/05\/CSA-95-2019-2020.pdf\">Certificaci\u00f3n n\u00famero 95 (a<\/a><a href=\"https:\/\/pgt.uprrp.edu\/images\/documentos\/pdf\/CSA-95-2019-2020.pdf\">\u00f1o 2019-2020)<\/a>.<\/p><p><strong>Asesor\u00eda acad\u00e9mica<\/strong><\/p><p>El\/la Coordinador\/a del Programa Graduado sirve como asesor\/a acad\u00e9mico de los\/las estudiantes del Programa, quienes deben reunirse con dicho asesor\/a por lo menos una vez por semestre para discutir su programa de clases, progreso acad\u00e9mico, estudios independientes, examen de grado, tesis, pr\u00f3rrogas y cualquier otro asunto relacionado a sus estudios. La asesor\u00eda acad\u00e9mica es obligatoria.<strong>\u00a0<\/strong><\/p><p><strong>Requisitos de graduaci\u00f3n<\/strong><\/p><ol><li><strong>30 cr\u00e9ditos en cursos graduados <\/strong>de los cuales por lo menos 21 cr\u00e9ditos ser\u00e1n en cursos graduados de Literatura Comparada<ol><li>De entre los restantes 9 cr\u00e9ditos, se puede convalidar:<ol><li>hasta un m\u00e1ximo de 9 cr\u00e9ditos en cursos de otros programas graduados, debidamente aprobados por el\/la asesor\/a acad\u00e9mico del Programa Graduado de Literatura Comparada,\u00a0<u>o<\/u><\/li><li>hasta un m\u00e1ximo de 9 cr\u00e9ditos tomados en otras instituciones de educaci\u00f3n superior y convalidados por el Comit\u00e9 Graduado de Literatura Comparada.<\/li><\/ol><\/li><li>En la nueva secuencia (a partir de agosto 2024), 6 de los cr\u00e9ditos de cursos de Literatura Comparada correspondan a los dos semestres de Proyecto Final de Investigaci\u00f3n o Creaci\u00f3n, LITE 6885 y LITE 6886.<\/li><\/ol><\/li><li><strong>una tercera lengua<\/strong>. Las opciones para satisfacer este requisito son las siguientes:<ol><li><strong>dos semestres (6 cr\u00e9ditos) de un idioma\u00a0<\/strong>en la UPR-RP o su equivalencia en otras instituciones<\/li><li><strong>el examen de comprensi\u00f3n de lectura\u00a0<\/strong>que ofrece Lenguas Extranjeras. El Departamento de Lenguas Extranjeras ofrece este examen dos veces al a\u00f1o (cada semestre). Se debe solicitar el examen en la fecha establecida por Lenguas Extranjeras (usualmente a comienzos de octubre y marzo). Puede visitar el Departamento de Lenguas Extranjeras para m\u00e1s informaci\u00f3n.<\/li><\/ol><\/li><\/ol><p><strong>Solamente en la secuencia anterior (antes de agosto 2024):<\/strong><\/p><ol start=\"3\"><li><strong>un examen de grado<\/strong><\/li><li><strong>una propuesta de tesis<\/strong>, de aproximadamente 5 p\u00e1ginas, debidamente aprobada por el Comit\u00e9 Graduado<\/li><li><strong>la tesis de maestr\u00eda\u00a0<\/strong>y la defensa oral de la tesis ante un Comit\u00e9 Examinador compuesto por el\/la Director\/a de tesis y dos lectores<\/li><\/ol><p><strong>Documentos y enlaces de inter\u00e9s<\/strong>: \u00a0<\/p><p><a href=\"https:\/\/drive.google.com\/file\/d\/1WET-j6DtzUeqV7Y19Vu3ZywvZLLVZ1SY\/view?usp=sharing\">Cat\u00e1logo de cursos graduados<\/a><\/p><p><a href=\"https:\/\/graduados.uprrp.edu\/manual-de-estudiante-graduado\/\">Manual del estudiante graduado<\/a><\/p><p><br \/>Entrevista a estudiantes egresados:\u00a0<a href=\"https:\/\/www.blogger.com\/u\/1\/blog\/page\/edit\/2306865927199330707\/4837463738963938611\">http:\/\/www.80grados.net\/literatura-comparada\/<\/a><\/p>\t\t\t\t\t\t\t\t<\/div>\n\t\t\t\t<\/div>\n\t\t\t\t\t<\/div>\n\t\t\t\t<\/div>\n\t\t\t\t<\/div>\n\t\t","protected":false},"excerpt":{"rendered":"<p>Bienvenides a la p\u00e1gina del Programa Graduado de Literatura Comparada. La Maestr\u00eda en Literatura Comparada est\u00e1 dise\u00f1ada para completarse, \u00f3ptimamente (i.e., estudio a tiempo completo), en un t\u00e9rmino de dos a\u00f1os. A partir del primer semestre del a\u00f1o acad\u00e9mico 2024-2025, los estudiantes de nuevo ingreso iniciar\u00e1n la Nueva Secuencia Curricular &#8230;<\/p>\n","protected":false},"author":2,"featured_media":0,"parent":0,"menu_order":0,"comment_status":"closed","ping_status":"closed","template":"template-full-width.php","meta":{"_eb_attr":"","_monsterinsights_skip_tracking":false,"_monsterinsights_sitenote_active":false,"_monsterinsights_sitenote_note":"","_monsterinsights_sitenote_category":0,"footnotes":""},"class_list":["post-31","page","type-page","status-publish","hentry","column","twocol"],"_links":{"self":[{"href":"https:\/\/humanidades.uprrp.edu\/literaturacomparada\/wp-json\/wp\/v2\/pages\/31","targetHints":{"allow":["GET"]}}],"collection":[{"href":"https:\/\/humanidades.uprrp.edu\/literaturacomparada\/wp-json\/wp\/v2\/pages"}],"about":[{"href":"https:\/\/humanidades.uprrp.edu\/literaturacomparada\/wp-json\/wp\/v2\/types\/page"}],"author":[{"embeddable":true,"href":"https:\/\/humanidades.uprrp.edu\/literaturacomparada\/wp-json\/wp\/v2\/users\/2"}],"replies":[{"embeddable":true,"href":"https:\/\/humanidades.uprrp.edu\/literaturacomparada\/wp-json\/wp\/v2\/comments?post=31"}],"version-history":[{"count":55,"href":"https:\/\/humanidades.uprrp.edu\/literaturacomparada\/wp-json\/wp\/v2\/pages\/31\/revisions"}],"predecessor-version":[{"id":286,"href":"https:\/\/humanidades.uprrp.edu\/literaturacomparada\/wp-json\/wp\/v2\/pages\/31\/revisions\/286"}],"wp:attachment":[{"href":"https:\/\/humanidades.uprrp.edu\/literaturacomparada\/wp-json\/wp\/v2\/media?parent=31"}],"curies":[{"name":"wp","href":"https:\/\/api.w.org\/{rel}","templated":true}]}}