{"id":273,"date":"2025-05-07T10:12:14","date_gmt":"2025-05-07T14:12:14","guid":{"rendered":"https:\/\/humanidades.uprrp.edu\/literaturacomparada\/?page_id=273"},"modified":"2025-10-21T14:31:30","modified_gmt":"2025-10-21T18:31:30","slug":"programa-combinado-ba-y-ma","status":"publish","type":"page","link":"https:\/\/humanidades.uprrp.edu\/literaturacomparada\/programa-combinado-ba-y-ma\/","title":{"rendered":"Programa combinado BA y MA"},"content":{"rendered":"\n<p>Bienvenides a la p\u00e1gina del Grado combinado BA y MA en Literatura Comparada (ByMC).<\/p>\n\n\n\n<p>A partir de agosto 2025, ofrecemos una ruta acelerada para obtener los grados del bachillerato y de la maestr\u00eda en Literatura Comparada a la vez. Se completar\u00e1 los dos grados en un plazo ideal de cinco a\u00f1os, si se estudia a tiempo completo y cumple con la secuencia requerida.<\/p>\n\n\n\n<h4 class=\"wp-block-heading has-vivid-red-color has-text-color has-link-color wp-elements-906f4caf2a270e858c41183cbfc1eefb\"><strong>\u00bfC\u00f3mo solicitar?<\/strong><\/h4>\n\n\n\n<p><strong>Estudiante de escuela superior<\/strong>: solicita admisi\u00f3n regular al programa subgraduado (bachillerato en artes con concentraci\u00f3n en Literatura Comparada). Cuando hayas sido aceptado y hayas entrado al programa subgraduado, solicitar\u00e1s al grado combinado.<\/p>\n\n\n\n<p><strong>Estudiante que cursa actualmente un bachillerato en R\u00edo Piedras: <\/strong>Si ya eres estudiante en el programa subgraduado de Literatura Comparada u otro programa del recinto, debes escribirle un correo electr\u00f3nico a la directora (<a href=\"mailto:marian.polhill1@upr.edu\">marian.polhill1<\/a><a href=\"mailto:marian.polhill1@upr.edu\">@upr.edu<\/a>) con copia al Coordinador de estudios graduados (<a href=\"mailto:antoine.philippe@upr.edu\">antoine.philippe@upr.edu<\/a>) expresando tu inter\u00e9s en acogerse al Grado combinado BA y MA de Literatura Comparada (ByMC).<strong><\/strong><\/p>\n\n\n\n<figure class=\"wp-block-table\"><table><tbody><tr><td class=\"has-text-align-left\" data-align=\"left\"><strong>DISE\u00d1O CURRICULAR DEL BYMC<\/strong><\/td><td><strong>CR\u00c9DITOS<\/strong><\/td><\/tr><tr><td class=\"has-text-align-left\" data-align=\"left\">Cursos medulares<\/td><td>78<\/td><\/tr><tr><td class=\"has-text-align-left\" data-align=\"left\">Requisitos de educaci\u00f3n general BA<\/td><td>36<\/td><\/tr><tr><td class=\"has-text-align-left\" data-align=\"left\">Requisitos medulares de la Facultad de Humanidades BA<\/td><td>42<\/td><\/tr><tr><td class=\"has-text-align-left\" data-align=\"left\"><strong>Requisitos del programa combinado BYMC<\/strong><\/td><td><strong>6<\/strong><\/td><\/tr><tr><td class=\"has-text-align-left\" data-align=\"left\">Cursos medulares en Literatura Comparada LITE 3045, Introducci\u00f3n a la Literatura Comparada<\/td><td>3<\/td><\/tr><tr><td class=\"has-text-align-left\" data-align=\"left\">Curso medular en Literatura Comparada, LITE 3101, Teor\u00eda Literaria I<\/td><td>3<\/td><\/tr><tr><td class=\"has-text-align-left\" data-align=\"left\">&nbsp;<\/td><td><strong>21<\/strong><\/td><\/tr><tr><td class=\"has-text-align-left\" data-align=\"left\">Cursos de selecci\u00f3n dirigida nivel 3000 Ejemplos: LITE 3011, LITE 3012<\/td><td>12<\/td><\/tr><tr><td class=\"has-text-align-left\" data-align=\"left\">Cursos de selecci\u00f3n dirigida nivel 4000 o 5000 Ejemplos: LITE 4202, LITE 4303, LITE 5038, LITE 5305<\/td><td>&nbsp;9<\/td><\/tr><tr><td class=\"has-text-align-left\" data-align=\"left\"><strong>Cursos en un tercer idioma adicional al requisito de la Facultad<\/strong><\/td><td>3<\/td><\/tr><tr><td class=\"has-text-align-left\" data-align=\"left\">Cursos de la oferta del Departamento de Lenguas Extranjeras<\/td><td>3<\/td><\/tr><tr><td class=\"has-text-align-left\" data-align=\"left\"><strong>Los cr\u00e9ditos de electivas libres del Bachillerato se utilizar\u00e1n en el BYMC para tomar cursos en el nivel de Maestr\u00eda<\/strong><\/td><td>&nbsp;<\/td><\/tr><tr><td class=\"has-text-align-left\" data-align=\"left\"><strong>Subtotal de cr\u00e9ditos del Bachillerato<\/strong><\/td><td><strong>108<\/strong><\/td><\/tr><tr><td class=\"has-text-align-left\" data-align=\"left\"><strong>Cursos del BYMC: Medulares de Maestr\u00eda<\/strong><\/td><td><strong>9<\/strong><\/td><\/tr><tr><td class=\"has-text-align-left\" data-align=\"left\">LITE 6007, Seminario de Teor\u00eda e Investigaci\u00f3n en Literatura Comparada<\/td><td>3<\/td><\/tr><tr><td class=\"has-text-align-left\" data-align=\"left\">LITE 6885, Propuesta de proyecto de investigaci\u00f3n o creaci\u00f3n en Literatura Comparada<\/td><td>3<\/td><\/tr><tr><td class=\"has-text-align-left\" data-align=\"left\">LITE 6886, Proyecto de investigaci\u00f3n o creaci\u00f3n en Literatura Comparada<\/td><td>3<\/td><\/tr><tr><td class=\"has-text-align-left\" data-align=\"left\"><strong>Cursos de selecci\u00f3n dirigida en Literatura Comparada de Maestr\u00eda<\/strong><\/td><td><strong>12<\/strong><\/td><\/tr><tr><td class=\"has-text-align-left\" data-align=\"left\">Ejemplos: LITE 6021, LITE 6001, LITE 6997<\/td><td>&nbsp;<\/td><\/tr><tr><td class=\"has-text-align-left\" data-align=\"left\"><strong>Cursos del BYMC: Electivas de Maestr\u00eda<\/strong><\/td><td><strong>9<\/strong><\/td><\/tr><tr><td class=\"has-text-align-left\" data-align=\"left\">Electivas libres de nivel graduado<\/td><td>9<\/td><\/tr><tr><td class=\"has-text-align-left\" data-align=\"left\"><strong>Subtotal de cr\u00e9ditos de Maestr\u00eda<\/strong><\/td><td><strong>30<\/strong><\/td><\/tr><tr><td class=\"has-text-align-left\" data-align=\"left\">TOTAL BYMC<\/td><td>138<\/td><\/tr><\/tbody><\/table><\/figure>\n\n\n\n<p class=\"has-text-align-center has-vivid-red-color has-text-color has-link-color wp-elements-f2ab48acfc0380a775af5a6b26fafa6f\"><strong>Recinto de R\u00edo Piedras<\/strong><br><strong>GRADO COMBINADO DE BACHILLERATO Y MAESTR\u00cdA<\/strong> <strong>EN LITERATURA COMPARADA (ByMC)<\/strong><br><strong><em>Secuencia Curricular Sugerida<\/em><\/strong><\/p>\n\n\n\n<figure class=\"wp-block-table\"><table class=\"has-fixed-layout\"><tbody><tr><td colspan=\"4\"><strong>PRIMER A\u00d1O<\/strong><strong><\/strong><\/td><\/tr><tr><td colspan=\"2\"><strong>Primer Semestre<\/strong><strong><\/strong><\/td><td colspan=\"2\"><strong>Segundo Semestre<\/strong><strong><\/strong><\/td><\/tr><tr><td><strong>curso<\/strong><\/td><td><strong>crs.<\/strong><\/td><td><strong>curso<\/strong><\/td><td><strong>crs.<\/strong><\/td><\/tr><tr><td>LITE 3011<\/td><td>3<\/td><td>LITE 3012<\/td><td>3<\/td><\/tr><tr><td>INGL <sup>(EG)<\/sup><\/td><td>3<\/td><td>INGL <sup>(EG)<\/sup><\/td><td>3<\/td><\/tr><tr><td>HUMA <sup>(EG)<\/sup><\/td><td>3<\/td><td>HUMA <sup>(EG)<\/sup><\/td><td>3<\/td><\/tr><tr><td>ESPA <sup>(EG)<\/sup><\/td><td>3<\/td><td>ESPA <sup>(EG)<\/sup><\/td><td>3<\/td><\/tr><tr><td>CISO 3121 <sup>(EG)<\/sup><\/td><td>3<\/td><td>CISO 3122 <sup>(EG)<\/sup><\/td><td>3<\/td><\/tr><tr><td>MATE 3xxx<\/td><td>3<\/td><td><strong>ARTE<\/strong> o M\u00daSICA o TEATRO<a href=\"#_ftn1\" id=\"_ftnref1\">[1]<\/a><\/td><td>3<\/td><\/tr><tr><td><strong>Subtotal<\/strong><\/td><td><strong>18<\/strong><strong><\/strong><\/td><td><strong>Subtotal<\/strong><\/td><td><strong>18<\/strong><strong><\/strong><\/td><\/tr><tr><td colspan=\"4\"><strong>SEGUNDO A\u00d1O<\/strong><strong><\/strong><\/td><\/tr><tr><td>LITE 3xxx Pre Moderna (men\u00fa)<\/td><td>3<\/td><td>LITE 3045<\/td><td>3<\/td><\/tr><tr><td>LENG I (una misma lengua)<\/td><td>3<\/td><td>LENG II (una misma lengua)<\/td><td>3<\/td><\/tr><tr><td>INGL (huma)<\/td><td>3<\/td><td>INGL (huma)<\/td><td>3<\/td><\/tr><tr><td>HIST xxxx (historia)<\/td><td>3<\/td><td>HIST xxxx (historia)<\/td><td>3<\/td><\/tr><tr><td>ESHI xxxx<\/td><td>3<\/td><td>ESHI xxxx<\/td><td>3<\/td><\/tr><tr><td>CIBI o CIFI <sup>(EG)<\/sup><\/td><td>3<\/td><td>CIBI o CIFI <sup>(EG)<\/sup><\/td><td>3<\/td><\/tr><tr><td><strong>Subtotal<\/strong><\/td><td><strong>18<\/strong><strong><\/strong><\/td><td><strong>Subtotal<\/strong><\/td><td><strong>18<\/strong><strong><\/strong><\/td><\/tr><tr><td colspan=\"4\"><strong>TERCER A\u00d1O<\/strong><strong><\/strong><\/td><\/tr><tr><td>LITE 3101 (literatura comparada)<\/td><td>3<\/td><td>LITE 3xxx (literatura comparada)<\/td><td>3<\/td><\/tr><tr><td>FILO xxxx (filosof\u00eda)<\/td><td>3<\/td><td>FILO xxxx (filosof\u00eda)<\/td><td>3<\/td><\/tr><tr><td>LENG III (tercer semestre de LENG)<\/td><td>3<\/td><td>LITE 4xxx (curso monogr\u00e1fico<\/td><td>3<\/td><\/tr><tr><td>LITE 4xxx<\/td><td>3<\/td><td>Electiva libre en Facultad de Humanidades<\/td><td>3<\/td><\/tr><tr><td>LITE 4xxx<\/td><td>3<\/td><td>Electiva libre en Facultad de Humanidades<\/td><td>3<\/td><\/tr><tr><td>ARTE o <strong>M\u00daSICA<\/strong> o TEATRO<a href=\"#_ftn2\" id=\"_ftnref2\">[2]<\/a><\/td><td>3<\/td><td>ARTE o M\u00daSICA o <strong>TEATRO<\/strong><a href=\"#_ftn3\" id=\"_ftnref3\">[3]<\/a><\/td><td>3<\/td><\/tr><tr><td><strong>Subtotal<\/strong><\/td><td><strong>18<\/strong><strong><\/strong><\/td><td><strong>Subtotal<\/strong><\/td><td><strong>18<\/strong><strong><a href=\"#_ftn4\" id=\"_ftnref4\"><strong>[4]<\/strong><\/a><\/strong><\/td><\/tr><tr><td colspan=\"4\"><strong>CUARTO A\u00d1O <\/strong><strong><\/strong><\/td><\/tr><tr><td>LITE 6007 Seminario de Teor\u00eda e Investigaci\u00f3n<\/td><td>3<\/td><td>LITE 6xxx<\/td><td>3<\/td><\/tr><tr><td>LITE 6xxx<\/td><td>3<\/td><td>ELECTIVA 6xxx<\/td><td>3<\/td><\/tr><tr><td>LITE 6xxx<\/td><td>3<\/td><td>ELECTIVA 6xxx<\/td><td>3<\/td><\/tr><tr><td>LITE 6xxx<\/td><td>3<\/td><td>ELECTIVA 6xxx<\/td><td>3<\/td><\/tr><tr><td><strong>Subtotal<\/strong><\/td><td><strong>12<\/strong><\/td><td><strong>Subtotal<\/strong><\/td><td><strong>12<\/strong><\/td><\/tr><tr><td colspan=\"4\"><strong>QUINTO A\u00d1O<\/strong><\/td><\/tr><tr><td>LITE 6895 Proyecto Investigaci\u00f3n<\/td><td>3<\/td><td>LITE 6896 Proyecto Investigaci\u00f3n<\/td><td>3<\/td><\/tr><tr><td><strong>Subtotal<\/strong><\/td><td><strong>3<\/strong><\/td><td><strong>Subtotal<\/strong><\/td><td><strong>3<\/strong><\/td><\/tr><tr><td colspan=\"4\"><strong>Total, Cr\u00e9ditos del Programa: 138<\/strong><\/td><\/tr><\/tbody><\/table><\/figure>\n\n\n\n<p><a href=\"#_ftnref1\" id=\"_ftn1\">[1]<\/a> El estudiante tomar\u00e1 tres (3) cr\u00e9ditos en ARTE o HART; tres (3) en MUSI y tres (3) en TEAT, para un total de<strong> nueve (9)<\/strong> cr\u00e9ditos<br><a href=\"#_ftnref2\" id=\"_ftn2\">[2]<\/a> <em>Ibid<\/em>.<br><a href=\"#_ftnref3\" id=\"_ftn3\">[3]<\/a> <em>Ibid<\/em>.<br><a href=\"#_ftnref4\" id=\"_ftn4\">4]<\/a> En el segundo semestre del tercer a\u00f1o el estudiante deber\u00e1 someter solicitud de admisi\u00f3n al programa graduado.<\/p>\n","protected":false},"excerpt":{"rendered":"<p>Bienvenides a la p\u00e1gina del Grado combinado BA y MA en Literatura Comparada (ByMC). A partir de agosto 2025, ofrecemos una ruta acelerada para obtener los grados del bachillerato y de la maestr\u00eda en Literatura Comparada a la vez. Se completar\u00e1 los dos grados en un plazo ideal de cinco &#8230;<\/p>\n","protected":false},"author":2,"featured_media":0,"parent":0,"menu_order":0,"comment_status":"closed","ping_status":"closed","template":"","meta":{"_eb_attr":"","_monsterinsights_skip_tracking":false,"_monsterinsights_sitenote_active":false,"_monsterinsights_sitenote_note":"","_monsterinsights_sitenote_category":0,"footnotes":""},"class_list":["post-273","page","type-page","status-publish","hentry","column","twocol"],"_links":{"self":[{"href":"https:\/\/humanidades.uprrp.edu\/literaturacomparada\/wp-json\/wp\/v2\/pages\/273","targetHints":{"allow":["GET"]}}],"collection":[{"href":"https:\/\/humanidades.uprrp.edu\/literaturacomparada\/wp-json\/wp\/v2\/pages"}],"about":[{"href":"https:\/\/humanidades.uprrp.edu\/literaturacomparada\/wp-json\/wp\/v2\/types\/page"}],"author":[{"embeddable":true,"href":"https:\/\/humanidades.uprrp.edu\/literaturacomparada\/wp-json\/wp\/v2\/users\/2"}],"replies":[{"embeddable":true,"href":"https:\/\/humanidades.uprrp.edu\/literaturacomparada\/wp-json\/wp\/v2\/comments?post=273"}],"version-history":[{"count":6,"href":"https:\/\/humanidades.uprrp.edu\/literaturacomparada\/wp-json\/wp\/v2\/pages\/273\/revisions"}],"predecessor-version":[{"id":302,"href":"https:\/\/humanidades.uprrp.edu\/literaturacomparada\/wp-json\/wp\/v2\/pages\/273\/revisions\/302"}],"wp:attachment":[{"href":"https:\/\/humanidades.uprrp.edu\/literaturacomparada\/wp-json\/wp\/v2\/media?parent=273"}],"curies":[{"name":"wp","href":"https:\/\/api.w.org\/{rel}","templated":true}]}}