{"id":27,"date":"2024-09-10T11:29:25","date_gmt":"2024-09-10T15:29:25","guid":{"rendered":"https:\/\/humanidades.uprrp.edu\/literaturacomparada\/?page_id=27"},"modified":"2025-04-09T16:03:18","modified_gmt":"2025-04-09T20:03:18","slug":"sobre-nosotros","status":"publish","type":"page","link":"https:\/\/humanidades.uprrp.edu\/literaturacomparada\/sobre-nosotros\/","title":{"rendered":"Sobre nosotros"},"content":{"rendered":"\t\t<div data-elementor-type=\"wp-page\" data-elementor-id=\"27\" class=\"elementor elementor-27\">\n\t\t\t\t<div class=\"elementor-element elementor-element-3ea07e4b e-flex e-con-boxed e-con e-parent\" data-id=\"3ea07e4b\" data-element_type=\"container\" data-e-type=\"container\">\n\t\t\t\t\t<div class=\"e-con-inner\">\n\t\t\t\t<div class=\"elementor-element elementor-element-18bdad98 elementor-widget elementor-widget-text-editor\" data-id=\"18bdad98\" data-element_type=\"widget\" data-e-type=\"widget\" data-widget_type=\"text-editor.default\">\n\t\t\t\t<div class=\"elementor-widget-container\">\n\t\t\t\t\t\t\t\t\t<p><div class=\"wp-block-image\"><\/p>\n<figure class=\"alignleft size-large is-resized\"><img fetchpriority=\"high\" decoding=\"async\" width=\"791\" height=\"1024\" class=\"wp-image-170 alignleft\" style=\"width: 275px; height: auto;\" src=\"https:\/\/humanidades.uprrp.edu\/literaturacomparada\/wp-content\/uploads\/sites\/6\/2024\/10\/logo-literatura-comparada1b-grande-791x1024.png\" alt=\"\" srcset=\"https:\/\/humanidades.uprrp.edu\/literaturacomparada\/wp-content\/uploads\/sites\/6\/2024\/10\/logo-literatura-comparada1b-grande-791x1024.png 791w, https:\/\/humanidades.uprrp.edu\/literaturacomparada\/wp-content\/uploads\/sites\/6\/2024\/10\/logo-literatura-comparada1b-grande-232x300.png 232w, https:\/\/humanidades.uprrp.edu\/literaturacomparada\/wp-content\/uploads\/sites\/6\/2024\/10\/logo-literatura-comparada1b-grande-768x994.png 768w, https:\/\/humanidades.uprrp.edu\/literaturacomparada\/wp-content\/uploads\/sites\/6\/2024\/10\/logo-literatura-comparada1b-grande-1187x1536.png 1187w, https:\/\/humanidades.uprrp.edu\/literaturacomparada\/wp-content\/uploads\/sites\/6\/2024\/10\/logo-literatura-comparada1b-grande-1583x2048.png 1583w, https:\/\/humanidades.uprrp.edu\/literaturacomparada\/wp-content\/uploads\/sites\/6\/2024\/10\/logo-literatura-comparada1b-grande-700x906.png 700w, https:\/\/humanidades.uprrp.edu\/literaturacomparada\/wp-content\/uploads\/sites\/6\/2024\/10\/logo-literatura-comparada1b-grande-332x430.png 332w, https:\/\/humanidades.uprrp.edu\/literaturacomparada\/wp-content\/uploads\/sites\/6\/2024\/10\/logo-literatura-comparada1b-grande-600x776.png 600w\" sizes=\"(max-width: 791px) 100vw, 791px\" \/><p class=\"MsoNormal\" style=\"margin: 0in 0in 8pt; line-height: 15.6933px; font-size: 11pt; font-family: Calibri, sans-serif; color: rgb(0, 0, 0); font-style: normal; font-variant-ligatures: normal; font-variant-caps: normal; font-weight: 400;\"><span lang=\"ES\" style=\"font-size: 11.5pt; line-height: 16.4067px; font-family: Arial, sans-serif; color: rgb(127, 127, 127);\">Historia de nuestro departamento:<o:p><\/o:p><\/span><\/p><p class=\"has-text-align-left\" style=\"margin: 0in 0in 0.25in; font-size: 12pt; font-family: &quot;Times New Roman&quot;, serif; color: rgb(0, 0, 0); font-style: normal; font-variant-ligatures: normal; font-variant-caps: normal; font-weight: 400; background-image: initial; background-position: initial; background-size: initial; background-repeat: initial; background-attachment: initial; background-origin: initial; background-clip: initial;\"><span lang=\"ES\" style=\"font-size: 11.5pt; font-family: Arial, sans-serif; color: rgb(127, 127, 127);\">El Departamento de&nbsp;Literatura Comparada&nbsp;de la UPR-RP se constituye como departamento en el 1988, aunque exist\u00eda como una secci\u00f3n dentro del Departamento de Lenguas Modernas desde principios de los a\u00f1os setenta. Desde sus inicios, se ha esforzado por proveerle al estudiante una mirada de conjunto de la literatura a partir de los movimientos, g\u00e9neros, autores y textos fundamentales del canon occidental. Siguiendo el modelo t\u00edpico del campo seg\u00fan se fue gestando a partir de la segunda guerra mundial, sobre todo en Estados Unidos, nuestros cursos han favorecido una visi\u00f3n de la literatura que rebasa las constricciones ling\u00fc\u00edsticas t\u00edpicas de las literaturas nacionales. Nuestra visi\u00f3n se ha dirigido m\u00e1s bien a los grandes conjuntos hist\u00f3rico-sociales de la historia cultural europea, (el barroco, la ilustraci\u00f3n o el romanticismo, por ejemplo) organizada a partir de una base te\u00f3rica general que coloca el hecho literario como tal (su especificidad, pero tambi\u00e9n su relaci\u00f3n con otras artes, discursos y contextos) como foco principal de nuestra atenci\u00f3n.&nbsp;<o:p><\/o:p><\/span><\/p><p class=\"MsoNormal\" style=\"margin: 0in 0in 8pt; line-height: 15.6933px; font-size: 11pt; font-family: Calibri, sans-serif; color: rgb(0, 0, 0); font-style: normal; font-variant-ligatures: normal; font-variant-caps: normal; font-weight: 400;\"><span lang=\"ES\" style=\"font-size: 11.5pt; line-height: 16.4067px; font-family: Arial, sans-serif; color: rgb(127, 127, 127);\">Con el paso del tiempo, esta visi\u00f3n del campo ha ido evolucionando para darle cabida a las m\u00faltiples transformaciones que han afectado el \u00e1rea de los estudios literarios y culturales en general en los \u00faltimos treinta a\u00f1os. Conscientes de que somos un departamento de literatura en Puerto Rico, en el archipi\u00e9lago del Caribe, nuestra mirada particular a las grandes tradiciones literarias de occidente est\u00e1 hoy marcada tanto por su rica y variada ex \u2013centricidad como por su car\u00e1cter biling\u00fce. Es tambi\u00e9n desde la conciencia m\u00faltiple de distintas marginalidades (de g\u00e9nero, raciales, pol\u00edticas, econ\u00f3micas, culturales) que examinamos el variado y cambiante tapiz de las tradiciones literarias occidentales y mundiales.<br><br>El Departamento cuenta con un equipo de cinco profesores regulares y varios colaboradores permanentes, adem\u00e1s de un conjunto de colaboradores especialistas en las literaturas medieval y premoderna, moderna y contempor\u00e1nea, el Caribe, Latinoam\u00e9rica y Puerto Rico, nuestros cursos reflejan la rica gama de investigaciones que caracteriza nuestro equipo de profesores: la literatura post colonial y decolonial; el sicoan\u00e1lisis; el estudio del g\u00e9nero; literatura y escritura; el post estructuralismo; la literatura y el cine; literatura y ciudad; estudios culturales; cuerpo, memoria y escritura; vanguardias y posvanguardias; los estudios queer; la literatura aljamiada; el g\u00e9nero detectivesco; o el discurso cient\u00edfico medieval.<br><br><\/span><span lang=\"ES\"><o:p><\/o:p><\/span><\/p><p class=\"MsoNormal\" style=\"margin: 0in 0in 8pt; line-height: 15.6933px; font-size: 11pt; font-family: Calibri, sans-serif; color: rgb(0, 0, 0); font-style: normal; font-variant-ligatures: normal; font-variant-caps: normal; font-weight: 400;\"><span lang=\"ES\" style=\"font-size: 11.5pt; line-height: 16.4067px; font-family: Arial, sans-serif; color: rgb(122, 122, 122); background-image: initial; background-position: initial; background-size: initial; background-repeat: initial; background-attachment: initial; background-origin: initial; background-clip: initial;\">Queremos estudiantes interesados en el ejercicio de la lectura paciente y perspicaz, sensibles a la belleza de la palabra escrita, con curiosidad intelectual, interesados en explorar c\u00f3mo la literatura, m\u00e1s que un reflejo, es una invenci\u00f3n de mundos, una invitaci\u00f3n a la extra\u00f1eza y al asombro.<\/span><span lang=\"ES\"><o:p><\/o:p><\/span><\/p><p><\/p>\n<figcaption class=\"wp-element-caption\">\n<\/figcaption>\n<\/figure>\n<p><\/div><\/p>\n<p><\/p>\t\t\t\t\t\t\t\t<\/div>\n\t\t\t\t<\/div>\n\t\t\t\t\t<\/div>\n\t\t\t\t<\/div>\n\t\t<div class=\"elementor-element elementor-element-23c61f0 e-flex e-con-boxed e-con e-parent\" data-id=\"23c61f0\" data-element_type=\"container\" data-e-type=\"container\">\n\t\t\t\t\t<div class=\"e-con-inner\">\n\t\t<div class=\"elementor-element elementor-element-434b841 e-con-full e-flex e-con e-child\" data-id=\"434b841\" data-element_type=\"container\" data-e-type=\"container\">\n\t\t\t\t<\/div>\n\t\t<div class=\"elementor-element elementor-element-ab7ac59 e-con-full e-flex e-con e-child\" data-id=\"ab7ac59\" data-element_type=\"container\" data-e-type=\"container\">\n\t\t\t\t<div class=\"elementor-element elementor-element-d09c2e2 elementor-widget elementor-widget-image\" data-id=\"d09c2e2\" data-element_type=\"widget\" data-e-type=\"widget\" data-widget_type=\"image.default\">\n\t\t\t\t<div class=\"elementor-widget-container\">\n\t\t\t\t\t\t\t\t\t\t\t\t\t\t\t\t<a href=\"http:\/\/humanidades.uprrp.edu\">\n\t\t\t\t\t\t\t<img decoding=\"async\" width=\"1502\" height=\"1915\" src=\"https:\/\/humanidades.uprrp.edu\/literaturacomparada\/wp-content\/uploads\/sites\/6\/2024\/10\/logo-humanidades-clear.png\" class=\"attachment-full size-full wp-image-99\" alt=\"\" srcset=\"https:\/\/humanidades.uprrp.edu\/literaturacomparada\/wp-content\/uploads\/sites\/6\/2024\/10\/logo-humanidades-clear.png 1502w, https:\/\/humanidades.uprrp.edu\/literaturacomparada\/wp-content\/uploads\/sites\/6\/2024\/10\/logo-humanidades-clear-200x255.png 200w, https:\/\/humanidades.uprrp.edu\/literaturacomparada\/wp-content\/uploads\/sites\/6\/2024\/10\/logo-humanidades-clear-e1729022031382-80x102.png 80w, https:\/\/humanidades.uprrp.edu\/literaturacomparada\/wp-content\/uploads\/sites\/6\/2024\/10\/logo-humanidades-clear-118x150.png 118w, https:\/\/humanidades.uprrp.edu\/literaturacomparada\/wp-content\/uploads\/sites\/6\/2024\/10\/logo-humanidades-clear-78x100.png 78w\" sizes=\"(max-width: 1502px) 100vw, 1502px\" \/>\t\t\t\t\t\t\t\t<\/a>\n\t\t\t\t\t\t\t\t\t\t\t\t\t\t\t<\/div>\n\t\t\t\t<\/div>\n\t\t\t\t<\/div>\n\t\t<div class=\"elementor-element elementor-element-f7b5023 e-con-full e-flex e-con e-child\" data-id=\"f7b5023\" data-element_type=\"container\" data-e-type=\"container\">\n\t\t\t\t<div class=\"elementor-element elementor-element-28f9c39 elementor-widget elementor-widget-spacer\" data-id=\"28f9c39\" data-element_type=\"widget\" data-e-type=\"widget\" data-widget_type=\"spacer.default\">\n\t\t\t\t<div class=\"elementor-widget-container\">\n\t\t\t\t\t\t\t<div class=\"elementor-spacer\">\n\t\t\t<div class=\"elementor-spacer-inner\"><\/div>\n\t\t<\/div>\n\t\t\t\t\t\t<\/div>\n\t\t\t\t<\/div>\n\t\t\t\t<div class=\"elementor-element elementor-element-b07ee6b elementor-widget elementor-widget-image\" data-id=\"b07ee6b\" data-element_type=\"widget\" data-e-type=\"widget\" data-widget_type=\"image.default\">\n\t\t\t\t<div class=\"elementor-widget-container\">\n\t\t\t\t\t\t\t\t\t\t\t\t\t\t\t\t<a href=\"http:\/\/uprrp.edu\">\n\t\t\t\t\t\t\t<img decoding=\"async\" width=\"660\" height=\"135\" src=\"https:\/\/humanidades.uprrp.edu\/literaturacomparada\/wp-content\/uploads\/sites\/6\/2024\/10\/logo-letras-uprrp-rojas-y-negras-1024x210.png\" class=\"attachment-large size-large wp-image-100\" alt=\"\" srcset=\"https:\/\/humanidades.uprrp.edu\/literaturacomparada\/wp-content\/uploads\/sites\/6\/2024\/10\/logo-letras-uprrp-rojas-y-negras-1024x210.png 1024w, https:\/\/humanidades.uprrp.edu\/literaturacomparada\/wp-content\/uploads\/sites\/6\/2024\/10\/logo-letras-uprrp-rojas-y-negras-300x62.png 300w, https:\/\/humanidades.uprrp.edu\/literaturacomparada\/wp-content\/uploads\/sites\/6\/2024\/10\/logo-letras-uprrp-rojas-y-negras-768x158.png 768w, https:\/\/humanidades.uprrp.edu\/literaturacomparada\/wp-content\/uploads\/sites\/6\/2024\/10\/logo-letras-uprrp-rojas-y-negras-1536x316.png 1536w, https:\/\/humanidades.uprrp.edu\/literaturacomparada\/wp-content\/uploads\/sites\/6\/2024\/10\/logo-letras-uprrp-rojas-y-negras-700x144.png 700w, https:\/\/humanidades.uprrp.edu\/literaturacomparada\/wp-content\/uploads\/sites\/6\/2024\/10\/logo-letras-uprrp-rojas-y-negras-332x68.png 332w, https:\/\/humanidades.uprrp.edu\/literaturacomparada\/wp-content\/uploads\/sites\/6\/2024\/10\/logo-letras-uprrp-rojas-y-negras-600x123.png 600w, https:\/\/humanidades.uprrp.edu\/literaturacomparada\/wp-content\/uploads\/sites\/6\/2024\/10\/logo-letras-uprrp-rojas-y-negras-151x31.png 151w, https:\/\/humanidades.uprrp.edu\/literaturacomparada\/wp-content\/uploads\/sites\/6\/2024\/10\/logo-letras-uprrp-rojas-y-negras-e1729884689329.png 730w\" sizes=\"(max-width: 660px) 100vw, 660px\" \/>\t\t\t\t\t\t\t\t<\/a>\n\t\t\t\t\t\t\t\t\t\t\t\t\t\t\t<\/div>\n\t\t\t\t<\/div>\n\t\t\t\t<\/div>\n\t\t<div class=\"elementor-element elementor-element-766eec5 e-con-full e-flex e-con e-child\" data-id=\"766eec5\" data-element_type=\"container\" data-e-type=\"container\">\n\t\t\t\t<\/div>\n\t\t\t\t\t<\/div>\n\t\t\t\t<\/div>\n\t\t\t\t<\/div>\n\t\t","protected":false},"excerpt":{"rendered":"","protected":false},"author":2,"featured_media":0,"parent":0,"menu_order":0,"comment_status":"closed","ping_status":"closed","template":"template-content-sidebar.php","meta":{"_eb_attr":"","_monsterinsights_skip_tracking":false,"_monsterinsights_sitenote_active":false,"_monsterinsights_sitenote_note":"","_monsterinsights_sitenote_category":0,"footnotes":""},"class_list":["post-27","page","type-page","status-publish","hentry","column","twocol"],"_links":{"self":[{"href":"https:\/\/humanidades.uprrp.edu\/literaturacomparada\/wp-json\/wp\/v2\/pages\/27","targetHints":{"allow":["GET"]}}],"collection":[{"href":"https:\/\/humanidades.uprrp.edu\/literaturacomparada\/wp-json\/wp\/v2\/pages"}],"about":[{"href":"https:\/\/humanidades.uprrp.edu\/literaturacomparada\/wp-json\/wp\/v2\/types\/page"}],"author":[{"embeddable":true,"href":"https:\/\/humanidades.uprrp.edu\/literaturacomparada\/wp-json\/wp\/v2\/users\/2"}],"replies":[{"embeddable":true,"href":"https:\/\/humanidades.uprrp.edu\/literaturacomparada\/wp-json\/wp\/v2\/comments?post=27"}],"version-history":[{"count":36,"href":"https:\/\/humanidades.uprrp.edu\/literaturacomparada\/wp-json\/wp\/v2\/pages\/27\/revisions"}],"predecessor-version":[{"id":246,"href":"https:\/\/humanidades.uprrp.edu\/literaturacomparada\/wp-json\/wp\/v2\/pages\/27\/revisions\/246"}],"wp:attachment":[{"href":"https:\/\/humanidades.uprrp.edu\/literaturacomparada\/wp-json\/wp\/v2\/media?parent=27"}],"curies":[{"name":"wp","href":"https:\/\/api.w.org\/{rel}","templated":true}]}}