{"id":230,"date":"2025-04-09T15:43:14","date_gmt":"2025-04-09T19:43:14","guid":{"rendered":"https:\/\/humanidades.uprrp.edu\/literaturacomparada\/?page_id=230"},"modified":"2026-01-28T14:51:31","modified_gmt":"2026-01-28T18:51:31","slug":"inicio","status":"publish","type":"page","link":"https:\/\/humanidades.uprrp.edu\/literaturacomparada\/","title":{"rendered":"Departamento de Literatura Comparada"},"content":{"rendered":"\n<h4 class=\"wp-block-heading has-text-align-left has-vivid-red-color has-text-color has-link-color wp-elements-400e38a8954f1941600d75cdfaa53eb7\"><strong>Compara literaturas. Explora mundos. Crea nuevas realidades.<\/strong><\/h4>\n\n\n<div class=\"wp-block-image\">\n<figure class=\"alignleft size-medium\"><img fetchpriority=\"high\" decoding=\"async\" width=\"232\" height=\"300\" src=\"https:\/\/humanidades.uprrp.edu\/literaturacomparada\/wp-content\/uploads\/sites\/6\/2024\/10\/logo-literatura-comparada1b-grande-232x300.png\" alt=\"\" class=\"wp-image-170\" srcset=\"https:\/\/humanidades.uprrp.edu\/literaturacomparada\/wp-content\/uploads\/sites\/6\/2024\/10\/logo-literatura-comparada1b-grande-232x300.png 232w, https:\/\/humanidades.uprrp.edu\/literaturacomparada\/wp-content\/uploads\/sites\/6\/2024\/10\/logo-literatura-comparada1b-grande-791x1024.png 791w, https:\/\/humanidades.uprrp.edu\/literaturacomparada\/wp-content\/uploads\/sites\/6\/2024\/10\/logo-literatura-comparada1b-grande-768x994.png 768w, https:\/\/humanidades.uprrp.edu\/literaturacomparada\/wp-content\/uploads\/sites\/6\/2024\/10\/logo-literatura-comparada1b-grande-1187x1536.png 1187w, https:\/\/humanidades.uprrp.edu\/literaturacomparada\/wp-content\/uploads\/sites\/6\/2024\/10\/logo-literatura-comparada1b-grande-1583x2048.png 1583w, https:\/\/humanidades.uprrp.edu\/literaturacomparada\/wp-content\/uploads\/sites\/6\/2024\/10\/logo-literatura-comparada1b-grande-700x906.png 700w, https:\/\/humanidades.uprrp.edu\/literaturacomparada\/wp-content\/uploads\/sites\/6\/2024\/10\/logo-literatura-comparada1b-grande-332x430.png 332w, https:\/\/humanidades.uprrp.edu\/literaturacomparada\/wp-content\/uploads\/sites\/6\/2024\/10\/logo-literatura-comparada1b-grande-600x776.png 600w\" sizes=\"(max-width: 232px) 100vw, 232px\" \/><\/figure>\n<\/div>\n\n\n<p class=\"has-text-align-left\">La Literatura Comparada explora la producci\u00f3n literaria global rebasando fronteras nacionales, geogr\u00e1ficas, ling\u00fc\u00edsticas, de periodos hist\u00f3ricos y entre disciplinas. Nuestro departamento le ofrece al estudiante la oportunidad de estudiar sobre la literatura y su relaci\u00f3n con otras formas de expresi\u00f3n cultural atendiendo marcos cr\u00edticos con un car\u00e1cter interdisciplinario. Como un departamento de literatura en Puerto Rico, en el archipi\u00e9lago del Caribe, lanzamos nuestra mirada en apreciaci\u00f3n y en busca de establecer conexiones entre las diversas manifestaciones literarias y culturales del mundo.<\/p>\n\n\n\n<h4 class=\"wp-block-heading has-vivid-red-color has-text-color has-link-color wp-elements-ea74210fb00055b4cef66a3b902eb316\"><strong>Nuestros programas en Literatura Comparada<\/strong><\/h4>\n\n\n\n<p><strong><a href=\"https:\/\/humanidades.uprrp.edu\/literaturacomparada\/programa-subgraduado\/\">Bachillerato<\/a><\/strong>: cuatro a\u00f1os a tiempo completo<\/p>\n\n\n\n<p><a href=\"https:\/\/humanidades.uprrp.edu\/literaturacomparada\/programa-combinado-ba-y-ma\/\"><strong>Bachillerato y Maestr\u00eda<\/strong> (Grado combinado)<\/a>: \u00a1obt\u00e9n ambos grados en un programa acelerado!<\/p>\n\n\n\n<p><strong><a href=\"https:\/\/humanidades.uprrp.edu\/literaturacomparada\/programa-graduado\/\">Maestr\u00eda<\/a><\/strong>: dos a\u00f1os a tiempo completo<\/p>\n\n\n\n<h4 class=\"wp-block-heading has-vivid-red-color has-text-color has-link-color wp-elements-e529451d6284ab847f429c2536fc2f05\"><strong>\u00bfQu\u00e9 se estudia en Literatura Comparada?<\/strong><\/h4>\n\n\n\n<p>Se estudia narrativas escritas y orales de todo el mundo y de todas las \u00e9pocas hist\u00f3ricas.<\/p>\n\n\n\n<p>Analizamos manuscritos, poemas, obras teatrales, novelas, cuentos, pel\u00edculas, c\u00f3mics, blogs, novelas experimentales, <em>fan fiction<\/em>, novelas gr\u00e1ficas, ensayos, anime, textos de todo tipo y medio.<\/p>\n\n\n\n<h4 class=\"wp-block-heading has-vivid-red-color has-text-color has-link-color wp-elements-03088f84e61732edcffde96e4e4a60e8\"><strong>\u00bfPor qu\u00e9 estudiar Literatura Comparada?<\/strong><\/h4>\n\n\n\n<div class=\"wp-block-columns is-layout-flex wp-container-core-columns-is-layout-9d6595d7 wp-block-columns-is-layout-flex\">\n<div class=\"wp-block-column is-layout-flow wp-block-column-is-layout-flow\" style=\"flex-basis:100%\">\n<p>Se adquiere destrezas de pensamiento cr\u00edtico, an\u00e1lisis de textos y discursos, comunicaci\u00f3n escrita y oral, destrezas \u00fatiles en una variedad de disciplinas, tales como Derecho, Comunicaciones, Educaci\u00f3n, Escritura Creativa, Periodismo, Traducci\u00f3n, entre otras. Nuestros estudiantes se destacan en campos acad\u00e9micos, profesionales y creativos. Publican poemarios, cuentos, novelas, ensayos intelectuales y obras acad\u00e9micas y se desempe\u00f1an como gestores culturales, cr\u00edticos literarios y educadores, entre otras profesiones. Varios egresados de todos nuestros programas (nivel subgraduado y nivel graduado) prosiguen estudios doctorales en universidades prestigiosas de los EEUU, Europa y Am\u00e9rica Latina.&nbsp;<\/p>\n<\/div>\n<\/div>\n\n\n\n<figure class=\"wp-block-embed is-type-video is-provider-youtube wp-block-embed-youtube wp-embed-aspect-16-9 wp-has-aspect-ratio\"><div class=\"wp-block-embed__wrapper\">\n<iframe title=\"\u00bfPor qu\u00e9 estudiar Literatura Comparada?\" width=\"660\" height=\"371\" src=\"https:\/\/www.youtube.com\/embed\/krBsbDFM10E?feature=oembed\" frameborder=\"0\" allow=\"accelerometer; autoplay; clipboard-write; encrypted-media; gyroscope; picture-in-picture; web-share\" referrerpolicy=\"strict-origin-when-cross-origin\" allowfullscreen><\/iframe>\n<\/div><\/figure>\n\n\n\n<h4 class=\"wp-block-heading has-text-align-left has-vivid-red-color has-text-color has-link-color wp-elements-0bc3c91253358542d545f9aa43784609\"><strong>\u00bfC\u00f3mo solicitar?&nbsp;&nbsp; Se solicita a todos nuestros programas a trav\u00e9s de<\/strong> <strong><a href=\"https:\/\/solicitud.upr.edu\">https:\/\/solicitud.upr.edu<\/a><\/strong><\/h4>\n\n\n\n<p><strong>Programa subgraduado (Bachillerato en artes con concentraci\u00f3n en Literatura Comparada)<\/strong>:<\/p>\n\n\n\n<ul class=\"wp-block-list\">\n<li>Admisi\u00f3n nuevo ingreso (estudiantes de escuela superior, por promedio y examen de ingreso PAA o SAT): <a href=\"https:\/\/solicitud.upr.edu\/\"><strong>https:\/\/solicitud.upr.edu<\/strong><\/a><\/li>\n\n\n\n<li>Admisi\u00f3n v\u00eda la ruta no tradicional (ensayo, promedio 2.0 o m\u00e1s): <a href=\"https:\/\/solicitud.upr.edu\/\"><strong>https:\/\/solicitud.upr.edu<\/strong><\/a><\/li>\n\n\n\n<li>Traslado de otro recinto: favor de comunicarse con registradur\u00eda de su recinto<\/li>\n\n\n\n<li>Transferencia de otra universidad (o si ya cuenta con estudios universitarios): favor de seguir las instrucciones en: <a href=\"https:\/\/www.uprrp.edu\/admisiones\/\">https:\/\/www.uprrp.edu\/admisiones\/<\/a><\/li>\n\n\n\n<li>Cambio de concentraci\u00f3n o solicitud de segunda concentraci\u00f3n (estudiantes de la UPR-RP): se solicita a trav\u00e9s de su portal NEXT: <a href=\"https:\/\/services.portal.upr.edu\/\">https:\/\/services.portal.upr.edu\/<\/a><br><br>Para m\u00e1s informaci\u00f3n sobre admisiones a nivel subgraduado, favor de visitar <a href=\"https:\/\/www.uprrp.edu\/admisiones\/\">https:\/\/www.uprrp.edu\/admisiones\/<\/a> o comunicarse con nosotros: <a href=\"mailto:literatura.rrp@upr.edu\"><strong>literatura.rrp@upr.edu<\/strong><\/a> <\/li>\n<\/ul>\n\n\n\n<p><strong>Grado combinado (bachillerato y maestr\u00eda en Literatura Comparada)<\/strong>: solicita admisi\u00f3n al bachillerato (en artes con concentraci\u00f3n en Literatura Comparada). Cuando hayas sido aceptado y hayas entrado al programa subgraduado, solicitar\u00e1s al grado combinado.<\/p>\n\n\n\n<p><strong>Programa graduado<\/strong> (Maestro en Artes en Humanidades con Especialidad en Literatura Comparada): <a href=\"https:\/\/solicitud.upr.edu.\">https:\/\/solicitud.upr.edu<\/a>.<\/p>\n\n\n\n<h4 class=\"wp-block-heading has-text-align-left has-vivid-red-color has-text-color has-link-color wp-elements-db4fe4893da31fdd9ab645b016eb2b6a\"><strong>Para m\u00e1s informaci\u00f3n sobre el Departamento de Literatura Comparada y nuestros programas:<\/strong><\/h4>\n\n\n\n<p class=\"has-text-align-left\"><strong>Facebook:<\/strong> <a href=\"https:\/\/www.facebook.com\/LiteComparadaUPR?ref=embed_page\">Departamento de Literatura Comparada UPRRP<\/a><br><strong>Instagram:<\/strong> <a href=\"https:\/\/www.instagram.com\/literaturacomparadauprrp\">literaturacomparadauprrp<\/a><br><strong>P\u00e1gina Web:<\/strong> <a href=\"https:\/\/humanidades.uprrp.edu\/literaturacomparada\/\">https:\/\/humanidades.uprrp.edu\/literaturacomparada\/<\/a><br><strong>Blog:<\/strong> <a href=\"https:\/\/uprliteraturacomparada.blogspot.com\">https:\/\/uprliteraturacomparada.blogspot.com<\/a><\/p>\n\n\n\n<p class=\"has-text-align-left\">Si tienes preguntas o para m\u00e1s informaci\u00f3n, favor de escribirnos a: <strong><a href=\"mailto:literatura.rrp@upr.edu\">literatura.rrp@upr.edu<\/a><\/strong><\/p>\n\n\n\n<div class=\"wp-block-columns is-layout-flex wp-container-core-columns-is-layout-9d6595d7 wp-block-columns-is-layout-flex\">\n<div class=\"wp-block-column is-layout-flow wp-block-column-is-layout-flow\" style=\"flex-basis:50%\"><\/div>\n\n\n\n<div class=\"wp-block-column is-layout-flow wp-block-column-is-layout-flow\" style=\"flex-basis:50%\"><\/div>\n<\/div>\n\n\n\n<p><\/p>\n","protected":false},"excerpt":{"rendered":"<p>Compara literaturas. Explora mundos. Crea nuevas realidades. La Literatura Comparada explora la producci\u00f3n literaria global rebasando fronteras nacionales, geogr\u00e1ficas, ling\u00fc\u00edsticas, de periodos hist\u00f3ricos y entre disciplinas. Nuestro departamento le ofrece al estudiante la oportunidad de estudiar sobre la literatura y su relaci\u00f3n con otras formas de expresi\u00f3n cultural atendiendo marcos &#8230;<\/p>\n","protected":false},"author":2,"featured_media":0,"parent":0,"menu_order":0,"comment_status":"closed","ping_status":"closed","template":"","meta":{"_eb_attr":"","_monsterinsights_skip_tracking":false,"_monsterinsights_sitenote_active":false,"_monsterinsights_sitenote_note":"","_monsterinsights_sitenote_category":0,"footnotes":""},"class_list":["post-230","page","type-page","status-publish","hentry","column","twocol"],"_links":{"self":[{"href":"https:\/\/humanidades.uprrp.edu\/literaturacomparada\/wp-json\/wp\/v2\/pages\/230","targetHints":{"allow":["GET"]}}],"collection":[{"href":"https:\/\/humanidades.uprrp.edu\/literaturacomparada\/wp-json\/wp\/v2\/pages"}],"about":[{"href":"https:\/\/humanidades.uprrp.edu\/literaturacomparada\/wp-json\/wp\/v2\/types\/page"}],"author":[{"embeddable":true,"href":"https:\/\/humanidades.uprrp.edu\/literaturacomparada\/wp-json\/wp\/v2\/users\/2"}],"replies":[{"embeddable":true,"href":"https:\/\/humanidades.uprrp.edu\/literaturacomparada\/wp-json\/wp\/v2\/comments?post=230"}],"version-history":[{"count":27,"href":"https:\/\/humanidades.uprrp.edu\/literaturacomparada\/wp-json\/wp\/v2\/pages\/230\/revisions"}],"predecessor-version":[{"id":351,"href":"https:\/\/humanidades.uprrp.edu\/literaturacomparada\/wp-json\/wp\/v2\/pages\/230\/revisions\/351"}],"wp:attachment":[{"href":"https:\/\/humanidades.uprrp.edu\/literaturacomparada\/wp-json\/wp\/v2\/media?parent=230"}],"curies":[{"name":"wp","href":"https:\/\/api.w.org\/{rel}","templated":true}]}}