{"id":221,"date":"2025-01-28T16:16:03","date_gmt":"2025-01-28T20:16:03","guid":{"rendered":"https:\/\/humanidades.uprrp.edu\/literaturacomparada\/?page_id=221"},"modified":"2025-01-28T16:16:15","modified_gmt":"2025-01-28T20:16:15","slug":"asociacion-de-estudiantes-de-literatura-comparada","status":"publish","type":"page","link":"https:\/\/humanidades.uprrp.edu\/literaturacomparada\/asociacion-de-estudiantes-de-literatura-comparada\/","title":{"rendered":"Asociaci\u00f3n de estudiantes de Literatura Comparada"},"content":{"rendered":"\n<p>La Asociaci\u00f3n de Estudiantes de Literatura Comparada (AELC) organiza actividades intelectuales, acad\u00e9micas y sociales. Est\u00e1 compuesta de estudiantes subgraduados y graduados.<\/p>\n\n\n\n<figure class=\"wp-block-image size-large\"><img fetchpriority=\"high\" decoding=\"async\" width=\"1024\" height=\"576\" src=\"https:\/\/humanidades.uprrp.edu\/literaturacomparada\/wp-content\/uploads\/sites\/6\/2025\/01\/3-AELC_Casa-Abierta-1024x576.jpg\" alt=\"\" class=\"wp-image-224\" srcset=\"https:\/\/humanidades.uprrp.edu\/literaturacomparada\/wp-content\/uploads\/sites\/6\/2025\/01\/3-AELC_Casa-Abierta-1024x576.jpg 1024w, https:\/\/humanidades.uprrp.edu\/literaturacomparada\/wp-content\/uploads\/sites\/6\/2025\/01\/3-AELC_Casa-Abierta-300x169.jpg 300w, https:\/\/humanidades.uprrp.edu\/literaturacomparada\/wp-content\/uploads\/sites\/6\/2025\/01\/3-AELC_Casa-Abierta-768x432.jpg 768w, https:\/\/humanidades.uprrp.edu\/literaturacomparada\/wp-content\/uploads\/sites\/6\/2025\/01\/3-AELC_Casa-Abierta-700x393.jpg 700w, https:\/\/humanidades.uprrp.edu\/literaturacomparada\/wp-content\/uploads\/sites\/6\/2025\/01\/3-AELC_Casa-Abierta-332x187.jpg 332w, https:\/\/humanidades.uprrp.edu\/literaturacomparada\/wp-content\/uploads\/sites\/6\/2025\/01\/3-AELC_Casa-Abierta-600x338.jpg 600w, https:\/\/humanidades.uprrp.edu\/literaturacomparada\/wp-content\/uploads\/sites\/6\/2025\/01\/3-AELC_Casa-Abierta.jpg 1280w\" sizes=\"(max-width: 1024px) 100vw, 1024px\" \/><\/figure>\n\n\n\n<figure class=\"wp-block-image size-large\"><img decoding=\"async\" width=\"1024\" height=\"576\" src=\"https:\/\/humanidades.uprrp.edu\/literaturacomparada\/wp-content\/uploads\/sites\/6\/2025\/01\/2-AELC_Casa-Abierta-1024x576.jpg\" alt=\"\" class=\"wp-image-223\" srcset=\"https:\/\/humanidades.uprrp.edu\/literaturacomparada\/wp-content\/uploads\/sites\/6\/2025\/01\/2-AELC_Casa-Abierta-1024x576.jpg 1024w, https:\/\/humanidades.uprrp.edu\/literaturacomparada\/wp-content\/uploads\/sites\/6\/2025\/01\/2-AELC_Casa-Abierta-300x169.jpg 300w, https:\/\/humanidades.uprrp.edu\/literaturacomparada\/wp-content\/uploads\/sites\/6\/2025\/01\/2-AELC_Casa-Abierta-768x432.jpg 768w, https:\/\/humanidades.uprrp.edu\/literaturacomparada\/wp-content\/uploads\/sites\/6\/2025\/01\/2-AELC_Casa-Abierta-700x393.jpg 700w, https:\/\/humanidades.uprrp.edu\/literaturacomparada\/wp-content\/uploads\/sites\/6\/2025\/01\/2-AELC_Casa-Abierta-332x187.jpg 332w, https:\/\/humanidades.uprrp.edu\/literaturacomparada\/wp-content\/uploads\/sites\/6\/2025\/01\/2-AELC_Casa-Abierta-600x338.jpg 600w, https:\/\/humanidades.uprrp.edu\/literaturacomparada\/wp-content\/uploads\/sites\/6\/2025\/01\/2-AELC_Casa-Abierta.jpg 1280w\" sizes=\"(max-width: 1024px) 100vw, 1024px\" \/><\/figure>\n\n\n\n<figure class=\"wp-block-image size-large\"><img decoding=\"async\" width=\"1024\" height=\"576\" src=\"https:\/\/humanidades.uprrp.edu\/literaturacomparada\/wp-content\/uploads\/sites\/6\/2025\/01\/4-AELC_Casa-Abierta-1024x576.jpg\" alt=\"\" class=\"wp-image-222\" srcset=\"https:\/\/humanidades.uprrp.edu\/literaturacomparada\/wp-content\/uploads\/sites\/6\/2025\/01\/4-AELC_Casa-Abierta-1024x576.jpg 1024w, https:\/\/humanidades.uprrp.edu\/literaturacomparada\/wp-content\/uploads\/sites\/6\/2025\/01\/4-AELC_Casa-Abierta-300x169.jpg 300w, https:\/\/humanidades.uprrp.edu\/literaturacomparada\/wp-content\/uploads\/sites\/6\/2025\/01\/4-AELC_Casa-Abierta-768x432.jpg 768w, https:\/\/humanidades.uprrp.edu\/literaturacomparada\/wp-content\/uploads\/sites\/6\/2025\/01\/4-AELC_Casa-Abierta-700x393.jpg 700w, https:\/\/humanidades.uprrp.edu\/literaturacomparada\/wp-content\/uploads\/sites\/6\/2025\/01\/4-AELC_Casa-Abierta-332x187.jpg 332w, https:\/\/humanidades.uprrp.edu\/literaturacomparada\/wp-content\/uploads\/sites\/6\/2025\/01\/4-AELC_Casa-Abierta-600x338.jpg 600w, https:\/\/humanidades.uprrp.edu\/literaturacomparada\/wp-content\/uploads\/sites\/6\/2025\/01\/4-AELC_Casa-Abierta.jpg 1280w\" sizes=\"(max-width: 1024px) 100vw, 1024px\" \/><\/figure>\n","protected":false},"excerpt":{"rendered":"<p>La Asociaci\u00f3n de Estudiantes de Literatura Comparada (AELC) organiza actividades intelectuales, acad\u00e9micas y sociales. Est\u00e1 compuesta de estudiantes subgraduados y graduados.<\/p>\n","protected":false},"author":2,"featured_media":0,"parent":0,"menu_order":0,"comment_status":"closed","ping_status":"closed","template":"","meta":{"_eb_attr":"","_monsterinsights_skip_tracking":false,"_monsterinsights_sitenote_active":false,"_monsterinsights_sitenote_note":"","_monsterinsights_sitenote_category":0,"footnotes":""},"class_list":["post-221","page","type-page","status-publish","hentry","column","twocol"],"_links":{"self":[{"href":"https:\/\/humanidades.uprrp.edu\/literaturacomparada\/wp-json\/wp\/v2\/pages\/221","targetHints":{"allow":["GET"]}}],"collection":[{"href":"https:\/\/humanidades.uprrp.edu\/literaturacomparada\/wp-json\/wp\/v2\/pages"}],"about":[{"href":"https:\/\/humanidades.uprrp.edu\/literaturacomparada\/wp-json\/wp\/v2\/types\/page"}],"author":[{"embeddable":true,"href":"https:\/\/humanidades.uprrp.edu\/literaturacomparada\/wp-json\/wp\/v2\/users\/2"}],"replies":[{"embeddable":true,"href":"https:\/\/humanidades.uprrp.edu\/literaturacomparada\/wp-json\/wp\/v2\/comments?post=221"}],"version-history":[{"count":1,"href":"https:\/\/humanidades.uprrp.edu\/literaturacomparada\/wp-json\/wp\/v2\/pages\/221\/revisions"}],"predecessor-version":[{"id":225,"href":"https:\/\/humanidades.uprrp.edu\/literaturacomparada\/wp-json\/wp\/v2\/pages\/221\/revisions\/225"}],"wp:attachment":[{"href":"https:\/\/humanidades.uprrp.edu\/literaturacomparada\/wp-json\/wp\/v2\/media?parent=221"}],"curies":[{"name":"wp","href":"https:\/\/api.w.org\/{rel}","templated":true}]}}