{"id":73,"date":"2024-10-16T11:15:51","date_gmt":"2024-10-16T15:15:51","guid":{"rendered":"https:\/\/humanidades.uprrp.edu\/linguistica\/?page_id=73"},"modified":"2024-10-16T11:30:37","modified_gmt":"2024-10-16T15:30:37","slug":"estudiantado","status":"publish","type":"page","link":"https:\/\/humanidades.uprrp.edu\/linguistica\/estudiantado\/","title":{"rendered":"Estudiantado"},"content":{"rendered":"<div class=\"wp-block-image\">\n<figure class=\"alignleft size-full is-resized\"><img fetchpriority=\"high\" decoding=\"async\" width=\"1024\" height=\"768\" src=\"https:\/\/humanidades.uprrp.edu\/linguistica\/wp-content\/uploads\/sites\/13\/2024\/10\/TMBF8206.jpg\" alt=\"\" class=\"wp-image-80\" style=\"width:332px;height:auto\" srcset=\"https:\/\/humanidades.uprrp.edu\/linguistica\/wp-content\/uploads\/sites\/13\/2024\/10\/TMBF8206.jpg 1024w, https:\/\/humanidades.uprrp.edu\/linguistica\/wp-content\/uploads\/sites\/13\/2024\/10\/TMBF8206-300x225.jpg 300w, https:\/\/humanidades.uprrp.edu\/linguistica\/wp-content\/uploads\/sites\/13\/2024\/10\/TMBF8206-768x576.jpg 768w, https:\/\/humanidades.uprrp.edu\/linguistica\/wp-content\/uploads\/sites\/13\/2024\/10\/TMBF8206-700x525.jpg 700w, https:\/\/humanidades.uprrp.edu\/linguistica\/wp-content\/uploads\/sites\/13\/2024\/10\/TMBF8206-332x249.jpg 332w, https:\/\/humanidades.uprrp.edu\/linguistica\/wp-content\/uploads\/sites\/13\/2024\/10\/TMBF8206-600x450.jpg 600w\" sizes=\"(max-width: 1024px) 100vw, 1024px\" \/><\/figure>\n<\/div>\n\n\n<p>Lxs estudiantes de la MA del PGL podr\u00e1n solicitar el CLAE, podr\u00e1n completarlo de manera concurrente con la MA, y podr\u00e1n utilizar 12 de los 15 cr\u00e9ditos del CLAE (exceptuando el curso LING 6010 <em>Ling\u00fc\u00edstica General<\/em>) como parte de sus requisitos de graduaci\u00f3n en el componente de cursos electivos dirigidos. Adem\u00e1s, lxs estudiantes que completen el CLAE y sean admitidxs posteriormente a la MA del PGL, podr\u00e1n utilizar 12 de los 15 cr\u00e9ditos del CLAE (exceptuando el curso LING 6010 <em>Ling\u00fc\u00edstica General<\/em>) como parte de sus requisitos de graduaci\u00f3n en el componente de cursos electivos dirigidos. En este caso, los cr\u00e9ditos del CLAE caducar\u00e1n luego de 5 a\u00f1os.<\/p>\n\n\n\n<p>Lxs egresadxs del CLAE est\u00e1n mejor preparadxs para continuar estudios graduados en ling\u00fc\u00edstica o en otras ramas relacionadas. De hecho, muchxs de ellxs suelen solicitar admisi\u00f3n posteriormente a la MA en Ling\u00fc\u00edstica.<\/p>\n\n\n\n<p>Lxs egresadxs de la MA suelen continuar estudios doctorales en ling\u00fc\u00edstica u otras disciplinas en Puerto Rico, en los Estados Unidos y en el extranjero, trabajar en los campos de la ense\u00f1anza de idiomas y la planificaci\u00f3n ling\u00fc\u00edstica, la traducci\u00f3n, la edici\u00f3n y la creaci\u00f3n de contenido para diversas empresas, al igual que colaborar con la Academia de la Lengua Espa\u00f1ola, etc.<\/p>\n","protected":false},"excerpt":{"rendered":"<p>Lxs estudiantes de la MA del PGL podr\u00e1n solicitar el CLAE, podr\u00e1n completarlo de manera concurrente con la MA, y podr\u00e1n utilizar 12 de los 15 cr\u00e9ditos del CLAE (exceptuando el curso LING 6010 Ling\u00fc\u00edstica General) como parte de sus requisitos de graduaci\u00f3n en el componente de cursos electivos dirigidos. &#8230;<\/p>\n","protected":false},"author":2,"featured_media":0,"parent":0,"menu_order":0,"comment_status":"closed","ping_status":"closed","template":"","meta":{"_eb_attr":"","_monsterinsights_skip_tracking":false,"_monsterinsights_sitenote_active":false,"_monsterinsights_sitenote_note":"","_monsterinsights_sitenote_category":0,"footnotes":""},"class_list":["post-73","page","type-page","status-publish","hentry","column","twocol"],"_links":{"self":[{"href":"https:\/\/humanidades.uprrp.edu\/linguistica\/wp-json\/wp\/v2\/pages\/73","targetHints":{"allow":["GET"]}}],"collection":[{"href":"https:\/\/humanidades.uprrp.edu\/linguistica\/wp-json\/wp\/v2\/pages"}],"about":[{"href":"https:\/\/humanidades.uprrp.edu\/linguistica\/wp-json\/wp\/v2\/types\/page"}],"author":[{"embeddable":true,"href":"https:\/\/humanidades.uprrp.edu\/linguistica\/wp-json\/wp\/v2\/users\/2"}],"replies":[{"embeddable":true,"href":"https:\/\/humanidades.uprrp.edu\/linguistica\/wp-json\/wp\/v2\/comments?post=73"}],"version-history":[{"count":3,"href":"https:\/\/humanidades.uprrp.edu\/linguistica\/wp-json\/wp\/v2\/pages\/73\/revisions"}],"predecessor-version":[{"id":81,"href":"https:\/\/humanidades.uprrp.edu\/linguistica\/wp-json\/wp\/v2\/pages\/73\/revisions\/81"}],"wp:attachment":[{"href":"https:\/\/humanidades.uprrp.edu\/linguistica\/wp-json\/wp\/v2\/media?parent=73"}],"curies":[{"name":"wp","href":"https:\/\/api.w.org\/{rel}","templated":true}]}}