{"id":68,"date":"2024-10-16T11:11:56","date_gmt":"2024-10-16T15:11:56","guid":{"rendered":"https:\/\/humanidades.uprrp.edu\/linguistica\/?page_id=68"},"modified":"2024-10-16T11:11:57","modified_gmt":"2024-10-16T15:11:57","slug":"requisitos-de-graduacion-del-clae","status":"publish","type":"page","link":"https:\/\/humanidades.uprrp.edu\/linguistica\/requisitos-de-graduacion-del-clae\/","title":{"rendered":"Requisitos de graduaci\u00f3n del CLAE"},"content":{"rendered":"\n<p>El CLAE se compone de cinco cursos graduados (de nivel 6000).<\/p>\n\n\n\n<figure class=\"wp-block-table\"><table class=\"has-fixed-layout\"><tbody><tr><td><strong>Codificaci\u00f3n del curso<\/strong><strong><\/strong><\/td><td><strong>T\u00edtulo del curso<\/strong><strong><\/strong><\/td><td><strong>Cr\u00e9ditos <\/strong><strong><\/strong><\/td><\/tr><tr><td>LING 6010<\/td><td>Ling\u00fc\u00edstica General<\/td><td>3<\/td><\/tr><tr><td>LING 6540<\/td><td>Morfosintaxis del Espa\u00f1ol<\/td><td>3<\/td><\/tr><tr><td>LING 6005<\/td><td>L\u00e9xico y Sem\u00e1ntica del Espa\u00f1ol<\/td><td>3<\/td><\/tr><tr><td>LING 6500<\/td><td>Fon\u00e9tica y Fonolog\u00eda del Espa\u00f1ol<\/td><td>3<\/td><\/tr><tr><td>LING 6150<\/td><td>Ling\u00fc\u00edstica Aplicada<\/td><td>3<\/td><\/tr><tr><td colspan=\"2\">Total<\/td><td>15<\/td><\/tr><\/tbody><\/table><\/figure>\n\n\n\n<p>Para obtener el CLAE, lx estudiante debe:<\/p>\n\n\n\n<ul class=\"wp-block-list\">\n<li>haber aprobado los cinco cursos graduados con una calificaci\u00f3n final de A, B, o C,<\/li>\n\n\n\n<li>haber terminado cada semestre con un \u00edndice acad\u00e9mico no menor de 3.00 en la escala de 4.00.<\/li>\n<\/ul>\n\n\n\n<p>Todx estudiante deber\u00e1 solicitar graduaci\u00f3n para obtener el CLAE.<\/p>\n","protected":false},"excerpt":{"rendered":"<p>El CLAE se compone de cinco cursos graduados (de nivel 6000). Codificaci\u00f3n del curso T\u00edtulo del curso Cr\u00e9ditos LING 6010 Ling\u00fc\u00edstica General 3 LING 6540 Morfosintaxis del Espa\u00f1ol 3 LING 6005 L\u00e9xico y Sem\u00e1ntica del Espa\u00f1ol 3 LING 6500 Fon\u00e9tica y Fonolog\u00eda del Espa\u00f1ol 3 LING 6150 Ling\u00fc\u00edstica Aplicada 3 &#8230;<\/p>\n","protected":false},"author":2,"featured_media":0,"parent":0,"menu_order":0,"comment_status":"closed","ping_status":"closed","template":"","meta":{"_eb_attr":"","_monsterinsights_skip_tracking":false,"_monsterinsights_sitenote_active":false,"_monsterinsights_sitenote_note":"","_monsterinsights_sitenote_category":0,"footnotes":""},"class_list":["post-68","page","type-page","status-publish","hentry","column","twocol"],"_links":{"self":[{"href":"https:\/\/humanidades.uprrp.edu\/linguistica\/wp-json\/wp\/v2\/pages\/68","targetHints":{"allow":["GET"]}}],"collection":[{"href":"https:\/\/humanidades.uprrp.edu\/linguistica\/wp-json\/wp\/v2\/pages"}],"about":[{"href":"https:\/\/humanidades.uprrp.edu\/linguistica\/wp-json\/wp\/v2\/types\/page"}],"author":[{"embeddable":true,"href":"https:\/\/humanidades.uprrp.edu\/linguistica\/wp-json\/wp\/v2\/users\/2"}],"replies":[{"embeddable":true,"href":"https:\/\/humanidades.uprrp.edu\/linguistica\/wp-json\/wp\/v2\/comments?post=68"}],"version-history":[{"count":1,"href":"https:\/\/humanidades.uprrp.edu\/linguistica\/wp-json\/wp\/v2\/pages\/68\/revisions"}],"predecessor-version":[{"id":69,"href":"https:\/\/humanidades.uprrp.edu\/linguistica\/wp-json\/wp\/v2\/pages\/68\/revisions\/69"}],"wp:attachment":[{"href":"https:\/\/humanidades.uprrp.edu\/linguistica\/wp-json\/wp\/v2\/media?parent=68"}],"curies":[{"name":"wp","href":"https:\/\/api.w.org\/{rel}","templated":true}]}}