{"id":65,"date":"2024-10-16T11:09:12","date_gmt":"2024-10-16T15:09:12","guid":{"rendered":"https:\/\/humanidades.uprrp.edu\/linguistica\/?page_id=65"},"modified":"2024-10-16T11:12:33","modified_gmt":"2024-10-16T15:12:33","slug":"requisitos-de-admision-del-clae","status":"publish","type":"page","link":"https:\/\/humanidades.uprrp.edu\/linguistica\/requisitos-de-admision-del-clae\/","title":{"rendered":"Requisitos de admisi\u00f3n del CLAE"},"content":{"rendered":"\n<p>El CLAE puede ser \u00fatil para personas que tienen trabajos relacionados, de alguna manera, con el uso del lenguaje, como lxs maestrxs, lxs profesores de lengua, lxs traductores e int\u00e9rpretes, lxs editores y correctores, lxs pat\u00f3logxs del habla, lxs psic\u00f3logxs, lxs periodistas, lxs lexic\u00f3grafxs, lxs abogadxs entre otros. Adem\u00e1s de presentar conceptos y trasfondo te\u00f3rico sobre el lenguaje y el espa\u00f1ol, los cursos del CLAE presentan oportunidades para investigar y analizar las caracter\u00edsticas y los fen\u00f3menos ling\u00fc\u00edsticos del espa\u00f1ol, y entender c\u00f3mo dicho conocimiento puede aplicarse en diversas \u00e1reas de trabajo.<\/p>\n\n\n\n<p>El estudiantado de nuevo ingreso del CLAE debe poseer los atributos o destrezas detallados a continuaci\u00f3n.<\/p>\n\n\n\n<ol class=\"wp-block-list\">\n<li>un grado de bachiller, o un equivalente, de una universidad o colegio universitario reconocido<\/li>\n\n\n\n<li>un \u00edndice acad\u00e9mico general m\u00ednimo de 3.00 en la escala de 4.00<\/li>\n\n\n\n<li>dominio del espa\u00f1ol y el ingl\u00e9s para comprender lecturas acad\u00e9micas<\/li>\n\n\n\n<li>capacidad de an\u00e1lisis cr\u00edtico<\/li>\n<\/ol>\n\n\n\n<p>Como el CLAE propuesto se trata de un ofrecimiento en l\u00ednea, lxs solicitantes deben saber que, al momento de ser admitidxs, deben tener acceso a los siguientes recursos:<\/p>\n\n\n\n<ul class=\"wp-block-list\">\n<li>computadora con programados y\/o aplicaciones necesarias para los cursos, tales como un procesador de palabras, hojas de c\u00e1lculo, editor de presentaciones (e. g., paquete de Microsoft Office), Microsoft Teams, etc.<\/li>\n\n\n\n<li>acceso a internet estable, de alta velocidad y capacidad suficiente para acceder a material multimedio o un dispositivo m\u00f3vil con servicio de datos<\/li>\n\n\n\n<li>bocinas integradas a la computadora o externas<\/li>\n\n\n\n<li>c\u00e1mara web o m\u00f3vil con c\u00e1mara y micr\u00f3fono<\/li>\n<\/ul>\n\n\n\n<p>Adem\u00e1s, deben contar con las destrezas necesarias para utilizar la computadora, los programados o aplicaciones y el internet como herramientas de trabajo (i. e., deben tener <em>computer literacy<\/em>).<\/p>\n\n\n\n<p>Se requieren los siguientes documentos.<\/p>\n\n\n\n<ul class=\"wp-block-list\">\n<li>Solicitud de admisi\u00f3n a estudios graduados (debe llenarse y someterse en formato electr\u00f3nico).<\/li>\n\n\n\n<li>Dos&nbsp;copias&nbsp;oficiales&nbsp;(enviadas en papel a la direcci\u00f3n postal del Programa Graduado de Ling\u00fc\u00edstica) de las transcripciones de cr\u00e9ditos de todas las instituciones de las que lx solicitante haya obtenido un grado acad\u00e9mico (las copias oficiales se pueden sustituir con una copia de las transcripciones de cr\u00e9dito en formato electr\u00f3nico enviada a la direcci\u00f3n de correo electr\u00f3nico del Programa Graduado de Ling\u00fc\u00edstica, siempre y cuando incluya evidencia del grado acad\u00e9mico conferido).<\/li>\n\n\n\n<li>Un ensayo de entre 500 y 1000 palabras en el que lx solicitante justifique su inter\u00e9s en el CLAE, provea cualquier informaci\u00f3n pertinente sobre su trasfondo acad\u00e9mico o profesional, y detalle sus metas acad\u00e9micas y profesionales (debe someterse en formato electr\u00f3nico a trav\u00e9s de la solicitud de admisi\u00f3n).&nbsp;&nbsp;<\/li>\n\n\n\n<li>Una entrevista presencial o virtual (si es requerida por el comit\u00e9 evaluador de las solicitudes de admisi\u00f3n).<\/li>\n<\/ul>\n\n\n\n<h3 class=\"wp-block-heading\"><a href=\"https:\/\/humanidades.uprrp.edu\/linguistica\/requisitos-de-graduacion-del-clae\/\">Requisitos de graduaci\u00f3n del CLAE<\/a><\/h3>\n","protected":false},"excerpt":{"rendered":"<p>El CLAE puede ser \u00fatil para personas que tienen trabajos relacionados, de alguna manera, con el uso del lenguaje, como lxs maestrxs, lxs profesores de lengua, lxs traductores e int\u00e9rpretes, lxs editores y correctores, lxs pat\u00f3logxs del habla, lxs psic\u00f3logxs, lxs periodistas, lxs lexic\u00f3grafxs, lxs abogadxs entre otros. Adem\u00e1s de &#8230;<\/p>\n","protected":false},"author":2,"featured_media":0,"parent":0,"menu_order":0,"comment_status":"closed","ping_status":"closed","template":"","meta":{"_eb_attr":"","_monsterinsights_skip_tracking":false,"_monsterinsights_sitenote_active":false,"_monsterinsights_sitenote_note":"","_monsterinsights_sitenote_category":0,"footnotes":""},"class_list":["post-65","page","type-page","status-publish","hentry","column","twocol"],"_links":{"self":[{"href":"https:\/\/humanidades.uprrp.edu\/linguistica\/wp-json\/wp\/v2\/pages\/65","targetHints":{"allow":["GET"]}}],"collection":[{"href":"https:\/\/humanidades.uprrp.edu\/linguistica\/wp-json\/wp\/v2\/pages"}],"about":[{"href":"https:\/\/humanidades.uprrp.edu\/linguistica\/wp-json\/wp\/v2\/types\/page"}],"author":[{"embeddable":true,"href":"https:\/\/humanidades.uprrp.edu\/linguistica\/wp-json\/wp\/v2\/users\/2"}],"replies":[{"embeddable":true,"href":"https:\/\/humanidades.uprrp.edu\/linguistica\/wp-json\/wp\/v2\/comments?post=65"}],"version-history":[{"count":2,"href":"https:\/\/humanidades.uprrp.edu\/linguistica\/wp-json\/wp\/v2\/pages\/65\/revisions"}],"predecessor-version":[{"id":70,"href":"https:\/\/humanidades.uprrp.edu\/linguistica\/wp-json\/wp\/v2\/pages\/65\/revisions\/70"}],"wp:attachment":[{"href":"https:\/\/humanidades.uprrp.edu\/linguistica\/wp-json\/wp\/v2\/media?parent=65"}],"curies":[{"name":"wp","href":"https:\/\/api.w.org\/{rel}","templated":true}]}}