{"id":62,"date":"2024-10-16T11:07:18","date_gmt":"2024-10-16T15:07:18","guid":{"rendered":"https:\/\/humanidades.uprrp.edu\/linguistica\/?page_id=62"},"modified":"2024-10-16T11:11:03","modified_gmt":"2024-10-16T15:11:03","slug":"certificado-post-bachillerato-en-linguistica-aplicada-al-espanol-clae-en-linea","status":"publish","type":"page","link":"https:\/\/humanidades.uprrp.edu\/linguistica\/certificado-post-bachillerato-en-linguistica-aplicada-al-espanol-clae-en-linea\/","title":{"rendered":"Certificado Post Bachillerato en Ling\u00fc\u00edstica Aplicada al Espa\u00f1ol (CLAE) en l\u00ednea"},"content":{"rendered":"\n<p>El Certificado Post Bachillerato en Ling\u00fc\u00edstica Aplicada al Espa\u00f1ol consiste en un programa de estudios enfocado en asuntos relacionados con el lenguaje, en particular el espa\u00f1ol, tal y como se utiliza en diversos contextos del diario vivir, incluyendo la adquisici\u00f3n del lenguaje, la ense\u00f1anza de la lengua, el aval\u00fao del dominio ling\u00fc\u00edstico, el an\u00e1lisis del discurso y la pol\u00edtica y planificaci\u00f3n ling\u00fc\u00edsticas. Los cursos del CLAE incluyen componentes orientados a la ling\u00fc\u00edstica te\u00f3rica, que sirven de fundamento para otros componentes que cubren aspectos aplicados, tales como la adquisici\u00f3n, el aprendizaje y la ense\u00f1anza de lenguas, la relaci\u00f3n entre el uso del lenguaje y la cognici\u00f3n, la cultura y la identidad.<\/p>\n\n\n\n<p>El CLAE provee al estudiantado una experiencia de aprendizaje sobre el lenguaje y la ling\u00fc\u00edstica dentro de un marco interdisciplinario, con un enfoque en el espa\u00f1ol y en la aplicaci\u00f3n de los conceptos te\u00f3ricos a diversos \u00e1mbitos profesionales afines al lenguaje, fomentando el desarrollo de la curiosidad intelectual y las destrezas de an\u00e1lisis cr\u00edtico, e integrando m\u00e9todos de investigaci\u00f3n y herramientas tecnol\u00f3gicas.<\/p>\n\n\n\n<h3 class=\"wp-block-heading\"><a href=\"https:\/\/humanidades.uprrp.edu\/linguistica\/requisitos-de-admision-del-clae\/\">Requisitos de admisi\u00f3n del CLAE<\/a><\/h3>\n","protected":false},"excerpt":{"rendered":"<p>El Certificado Post Bachillerato en Ling\u00fc\u00edstica Aplicada al Espa\u00f1ol consiste en un programa de estudios enfocado en asuntos relacionados con el lenguaje, en particular el espa\u00f1ol, tal y como se utiliza en diversos contextos del diario vivir, incluyendo la adquisici\u00f3n del lenguaje, la ense\u00f1anza de la lengua, el aval\u00fao del &#8230;<\/p>\n","protected":false},"author":2,"featured_media":0,"parent":0,"menu_order":0,"comment_status":"closed","ping_status":"closed","template":"","meta":{"_eb_attr":"","_monsterinsights_skip_tracking":false,"_monsterinsights_sitenote_active":false,"_monsterinsights_sitenote_note":"","_monsterinsights_sitenote_category":0,"footnotes":""},"class_list":["post-62","page","type-page","status-publish","hentry","column","twocol"],"_links":{"self":[{"href":"https:\/\/humanidades.uprrp.edu\/linguistica\/wp-json\/wp\/v2\/pages\/62","targetHints":{"allow":["GET"]}}],"collection":[{"href":"https:\/\/humanidades.uprrp.edu\/linguistica\/wp-json\/wp\/v2\/pages"}],"about":[{"href":"https:\/\/humanidades.uprrp.edu\/linguistica\/wp-json\/wp\/v2\/types\/page"}],"author":[{"embeddable":true,"href":"https:\/\/humanidades.uprrp.edu\/linguistica\/wp-json\/wp\/v2\/users\/2"}],"replies":[{"embeddable":true,"href":"https:\/\/humanidades.uprrp.edu\/linguistica\/wp-json\/wp\/v2\/comments?post=62"}],"version-history":[{"count":3,"href":"https:\/\/humanidades.uprrp.edu\/linguistica\/wp-json\/wp\/v2\/pages\/62\/revisions"}],"predecessor-version":[{"id":67,"href":"https:\/\/humanidades.uprrp.edu\/linguistica\/wp-json\/wp\/v2\/pages\/62\/revisions\/67"}],"wp:attachment":[{"href":"https:\/\/humanidades.uprrp.edu\/linguistica\/wp-json\/wp\/v2\/media?parent=62"}],"curies":[{"name":"wp","href":"https:\/\/api.w.org\/{rel}","templated":true}]}}