{"id":47,"date":"2024-10-16T11:02:38","date_gmt":"2024-10-16T15:02:38","guid":{"rendered":"https:\/\/humanidades.uprrp.edu\/linguistica\/?page_id=47"},"modified":"2024-10-16T11:02:39","modified_gmt":"2024-10-16T15:02:39","slug":"requisitos-de-graduacion-de-la-maestria-en-linguistica","status":"publish","type":"page","link":"https:\/\/humanidades.uprrp.edu\/linguistica\/requisitos-de-graduacion-de-la-maestria-en-linguistica\/","title":{"rendered":"Requisitos de graduaci\u00f3n de la Maestr\u00eda en Ling\u00fc\u00edstica"},"content":{"rendered":"\n<p>Para obtener la maestr\u00eda en Ling\u00fc\u00edstica, se deben completar 30 cr\u00e9ditos graduados (12 cr\u00e9ditos de cursos medulares y 18 cr\u00e9ditos de cursos electivos dirigidos). Tambi\u00e9n se debe aprobar un examen de grado escrito y una monograf\u00eda final de investigaci\u00f3n, la cual se completa bajo la mentor\u00eda de un comit\u00e9 de tres miembros especialistas en Ling\u00fc\u00edstica.<\/p>\n\n\n\n<figure class=\"wp-block-table\"><table class=\"has-fixed-layout\"><tbody><tr><td colspan=\"3\"><strong>Cursos medulares<\/strong><\/td><\/tr><tr><td><strong>Codificaci\u00f3n del curso<\/strong><strong><\/strong><\/td><td><strong>T\u00edtulo del curso<\/strong><strong><\/strong><\/td><td><strong>Cr\u00e9ditos<\/strong><strong><\/strong><\/td><\/tr><tr><td>LING 6020<\/td><td>M\u00e9todos de Investigaci\u00f3n en la Ling\u00fc\u00edstica Moderna<\/td><td>3<\/td><\/tr><tr><td>LING 6040<\/td><td>Fonolog\u00eda<\/td><td>3<\/td><\/tr><tr><td>LING 6050<\/td><td>Morfosintaxis<\/td><td>3<\/td><\/tr><tr><td>LING 6060<\/td><td>Teor\u00eda Sem\u00e1ntica<\/td><td>3<\/td><\/tr><tr><td colspan=\"2\">Total cr\u00e9ditos medulares<\/td><td>12<\/td><\/tr><tr><td colspan=\"3\"><strong>Cursos electivos dirigidos<\/strong><\/td><\/tr><tr><td colspan=\"2\">Cursos graduados en materia de ling\u00fc\u00edstica, con un m\u00e1ximo de 9 cr\u00e9ditos en otros departamentos y programas<\/td><td>18<\/td><\/tr><tr><td colspan=\"3\"><strong>Requisitos adicionales<\/strong><\/td><\/tr><tr><td><strong>Codificaci\u00f3n del curso<\/strong><\/td><td><strong>T\u00edtulo del curso<\/strong><\/td><td><strong>Cr\u00e9ditos<\/strong><\/td><\/tr><tr><td>LING 6920<\/td><td>Examen de Grado<\/td><td>0<\/td><\/tr><tr><td>LING 6895<\/td><td>Tesis (Monograf\u00eda de investigaci\u00f3n)<\/td><td>0<\/td><\/tr><tr><td>LING 6896<\/td><td>Continuaci\u00f3n de Tesis (Monograf\u00eda de investigaci\u00f3n)<\/td><td>0<\/td><\/tr><tr><td colspan=\"2\">Total<\/td><td>30<\/td><\/tr><\/tbody><\/table><\/figure>\n\n\n\n<p>Para obtener el grado de MA, lx estudiante debe:<\/p>\n\n\n\n<ul class=\"wp-block-list\">\n<li>haber aprobado los cursos graduados con una calificaci\u00f3n final de A, B, o C,<\/li>\n\n\n\n<li>haber terminado cada semestre con un \u00edndice acad\u00e9mico no menor de 3.00 en la escala de 4.00.<\/li>\n<\/ul>\n\n\n\n<p>Todx estudiante deber\u00e1 solicitar graduaci\u00f3n para obtener el grado de MA.<\/p>\n","protected":false},"excerpt":{"rendered":"<p>Para obtener la maestr\u00eda en Ling\u00fc\u00edstica, se deben completar 30 cr\u00e9ditos graduados (12 cr\u00e9ditos de cursos medulares y 18 cr\u00e9ditos de cursos electivos dirigidos). Tambi\u00e9n se debe aprobar un examen de grado escrito y una monograf\u00eda final de investigaci\u00f3n, la cual se completa bajo la mentor\u00eda de un comit\u00e9 de &#8230;<\/p>\n","protected":false},"author":2,"featured_media":0,"parent":0,"menu_order":0,"comment_status":"closed","ping_status":"closed","template":"","meta":{"_eb_attr":"","_monsterinsights_skip_tracking":false,"_monsterinsights_sitenote_active":false,"_monsterinsights_sitenote_note":"","_monsterinsights_sitenote_category":0,"footnotes":""},"class_list":["post-47","page","type-page","status-publish","hentry","column","twocol"],"_links":{"self":[{"href":"https:\/\/humanidades.uprrp.edu\/linguistica\/wp-json\/wp\/v2\/pages\/47","targetHints":{"allow":["GET"]}}],"collection":[{"href":"https:\/\/humanidades.uprrp.edu\/linguistica\/wp-json\/wp\/v2\/pages"}],"about":[{"href":"https:\/\/humanidades.uprrp.edu\/linguistica\/wp-json\/wp\/v2\/types\/page"}],"author":[{"embeddable":true,"href":"https:\/\/humanidades.uprrp.edu\/linguistica\/wp-json\/wp\/v2\/users\/2"}],"replies":[{"embeddable":true,"href":"https:\/\/humanidades.uprrp.edu\/linguistica\/wp-json\/wp\/v2\/comments?post=47"}],"version-history":[{"count":1,"href":"https:\/\/humanidades.uprrp.edu\/linguistica\/wp-json\/wp\/v2\/pages\/47\/revisions"}],"predecessor-version":[{"id":48,"href":"https:\/\/humanidades.uprrp.edu\/linguistica\/wp-json\/wp\/v2\/pages\/47\/revisions\/48"}],"wp:attachment":[{"href":"https:\/\/humanidades.uprrp.edu\/linguistica\/wp-json\/wp\/v2\/media?parent=47"}],"curies":[{"name":"wp","href":"https:\/\/api.w.org\/{rel}","templated":true}]}}