{"id":45,"date":"2024-10-16T11:01:34","date_gmt":"2024-10-16T15:01:34","guid":{"rendered":"https:\/\/humanidades.uprrp.edu\/linguistica\/?page_id=45"},"modified":"2024-10-16T11:03:10","modified_gmt":"2024-10-16T15:03:10","slug":"requisitos-de-admision-a-la-maestria-en-linguistica","status":"publish","type":"page","link":"https:\/\/humanidades.uprrp.edu\/linguistica\/requisitos-de-admision-a-la-maestria-en-linguistica\/","title":{"rendered":"Requisitos de admisi\u00f3n a la Maestr\u00eda en Ling\u00fc\u00edstica"},"content":{"rendered":"\n<p>Se requieren los siguientes documentos.<\/p>\n\n\n\n<ul class=\"wp-block-list\">\n<li>Solicitud de admisi\u00f3n a estudios graduados (debe llenarse y someterse en formato electr\u00f3nico).<\/li>\n\n\n\n<li>Dos&nbsp;cartas de recomendaci\u00f3n redactadas por personas que guarden una relaci\u00f3n acad\u00e9mica con lx solicitante&nbsp;y que discutan el desempe\u00f1o de lx solicitante, su capacidad de an\u00e1lisis cr\u00edtico y su potencial para llevar a cabo investigaciones acad\u00e9micas y para completar estudios graduados exitosamente (deben someterse en formato electr\u00f3nico a trav\u00e9s de la solicitud de admisi\u00f3n o&nbsp;enviarse en&nbsp;papel a la direcci\u00f3n postal del Programa Graduado de Ling\u00fc\u00edstica).<\/li>\n\n\n\n<li>Dos&nbsp;copias&nbsp;oficiales&nbsp;(enviadas en papel a la direcci\u00f3n postal del Programa Graduado de Ling\u00fc\u00edstica) de las transcripciones de cr\u00e9ditos de todas las instituciones de las que lx solicitante haya obtenido un grado acad\u00e9mico (las copias oficiales se pueden sustituir con una copia de las transcripciones de cr\u00e9dito en formato electr\u00f3nico enviada a la direcci\u00f3n de correo electr\u00f3nico del Programa Graduado de Ling\u00fc\u00edstica, siempre y cuando incluya evidencia del grado acad\u00e9mico conferido).<\/li>\n\n\n\n<li>Un ensayo de entre 500 y 1000 palabras en el que lx solicitante describa su trasfondo acad\u00e9mico o profesional en \u00e1reas relacionadas con la Ling\u00fc\u00edstica, justifique su inter\u00e9s en la Maestr\u00eda en Ling\u00fc\u00edstica y su compromiso con la investigaci\u00f3n,&nbsp;y detalle sus metas acad\u00e9micas y profesionales (debe someterse en formato electr\u00f3nico a trav\u00e9s de la solicitud de admisi\u00f3n).&nbsp;&nbsp;<\/li>\n\n\n\n<li>Una muestra de un trabajo acad\u00e9mico (e. g., un art\u00edculo acad\u00e9mico, un cap\u00edtulo de una tesis o de un libro, un ensayo o una monograf\u00eda de alg\u00fan curso, etc.) de entre 10 y 20 p\u00e1ginas, de autor\u00eda propia y \u00fanica de lx solicitante, y lo m\u00e1s relacionada posible con el \u00e1rea de la Ling\u00fc\u00edstica (recomendado, pero no obligatorio; debe someterse en formato electr\u00f3nico como adjunto de la solicitud de admisi\u00f3n).<\/li>\n\n\n\n<li>Una entrevista presencial o virtual (si es requerida por el comit\u00e9 evaluador de las solicitudes de admisi\u00f3n).<\/li>\n<\/ul>\n\n\n\n<h3 class=\"wp-block-heading\"><a href=\"https:\/\/humanidades.uprrp.edu\/linguistica\/requisitos-de-graduacion-de-la-maestria-en-linguistica\/\">Requisitos de graduaci\u00f3n de la Maestr\u00eda en Ling\u00fc\u00edstica<\/a><\/h3>\n","protected":false},"excerpt":{"rendered":"<p>Se requieren los siguientes documentos. Requisitos de graduaci\u00f3n de la Maestr\u00eda en Ling\u00fc\u00edstica<\/p>\n","protected":false},"author":2,"featured_media":0,"parent":0,"menu_order":0,"comment_status":"closed","ping_status":"closed","template":"","meta":{"_eb_attr":"","_monsterinsights_skip_tracking":false,"_monsterinsights_sitenote_active":false,"_monsterinsights_sitenote_note":"","_monsterinsights_sitenote_category":0,"footnotes":""},"class_list":["post-45","page","type-page","status-publish","hentry","column","twocol"],"_links":{"self":[{"href":"https:\/\/humanidades.uprrp.edu\/linguistica\/wp-json\/wp\/v2\/pages\/45","targetHints":{"allow":["GET"]}}],"collection":[{"href":"https:\/\/humanidades.uprrp.edu\/linguistica\/wp-json\/wp\/v2\/pages"}],"about":[{"href":"https:\/\/humanidades.uprrp.edu\/linguistica\/wp-json\/wp\/v2\/types\/page"}],"author":[{"embeddable":true,"href":"https:\/\/humanidades.uprrp.edu\/linguistica\/wp-json\/wp\/v2\/users\/2"}],"replies":[{"embeddable":true,"href":"https:\/\/humanidades.uprrp.edu\/linguistica\/wp-json\/wp\/v2\/comments?post=45"}],"version-history":[{"count":2,"href":"https:\/\/humanidades.uprrp.edu\/linguistica\/wp-json\/wp\/v2\/pages\/45\/revisions"}],"predecessor-version":[{"id":49,"href":"https:\/\/humanidades.uprrp.edu\/linguistica\/wp-json\/wp\/v2\/pages\/45\/revisions\/49"}],"wp:attachment":[{"href":"https:\/\/humanidades.uprrp.edu\/linguistica\/wp-json\/wp\/v2\/media?parent=45"}],"curies":[{"name":"wp","href":"https:\/\/api.w.org\/{rel}","templated":true}]}}